{"id":966,"date":"2013-07-17T15:00:05","date_gmt":"2013-07-17T15:00:05","guid":{"rendered":"http:\/\/www.buscroatia.com\/it\/?page_id=966"},"modified":"2013-11-06T16:21:44","modified_gmt":"2013-11-06T16:21:44","slug":"trasporto-pubblico-a-spalato","status":"publish","type":"page","link":"https:\/\/www.buscroatia.com\/it\/trasporto-pubblico-a-spalato\/","title":{"rendered":"Trasporto pubblico a Spalato"},"content":{"rendered":"<p><a href=\"https:\/\/www.buscroatia.com\/it\/wp-content\/uploads\/2013\/07\/City-bus-Split.jpg\" rel=\"lightbox[966]\"><img decoding=\"async\" loading=\"lazy\" class=\"alignleft size-medium wp-image-972\" alt=\"Bus pubblico Spalato\" src=\"https:\/\/www.buscroatia.com\/it\/wp-content\/uploads\/2013\/07\/City-bus-Split-300x225.jpg\" width=\"300\" height=\"225\" srcset=\"https:\/\/www.buscroatia.com\/it\/wp-content\/uploads\/2013\/07\/City-bus-Split-300x225.jpg 300w, https:\/\/www.buscroatia.com\/it\/wp-content\/uploads\/2013\/07\/City-bus-Split.jpg 1024w\" sizes=\"(max-width: 300px) 100vw, 300px\" \/><\/a>Spalato ha un <b>ottimo sistema di trasporto pubblico<\/b> che \u00e8 gestito dalla <b>societ\u00e0 Promet Split<\/b>. Il centro \u00e8 molto ben collegato con le parti esterne della citt\u00e0. Il trasporto pubblico locale in autobus \u00e8 in ogni caso il modo pi\u00f9 economico di trasporto.<\/p>\n<p>Un <b>biglietto per gli autobus locali pu\u00f2 essere acquistato direttamente dall&#8217;autista<\/b> o nella maggioranza dei chioschi a Spalato (la maggior parte dei chioschi di TISAK e Slobodna Dalmacija). Se si acquista un biglietto al chiosco, si deve mostrare all&#8217;autista che la annulla con un timbro. Nella sua rete, Promet Split <b>ha molti autobus moderni con aria condizionata<\/b>, ma tenete a mente che ci sono anche molto autobus vecchi che non sono molto piacevoli. <a title=\"Percorsi bus pubblici\" href=\"http:\/\/www.promet-split.hr\/sadrzaj\/linije\/Promet%20Split-Mreza%20gradskih%20linija.pdf\">Qui<\/a> potete vedere la mappa dei percorsi delle linee di autobus pubblici.<\/p>\n<p><b><span style=\"text-decoration: underline;\">Collegamenti autobus tra Spalato e le citt\u00e0 circostanti<\/span><\/b><\/p>\n<p>Il sistema dei bus pubblici di Spalato <b>\u00e8 diviso in quattro zone<\/b>. La prima (<b>zona 1<\/b>) comprende la citt\u00e0 di Spalato, <b>zona 2<\/b> comprende le citt\u00e0 di Solin, Stobrec, Podstrana e Klis, <b>zona 3<\/b> comprende Kastela, Dugopolje e l&#8217;area lungo la costa fino a Dugi Rat. L&#8217;ultima zona (<b>zona 4<\/b>) comprende le citt\u00e0 di Trogir e Omis.<\/p>\n<p><b><span style=\"text-decoration: underline;\">I pi\u00f9 popolari autobus zona periferica<\/span><\/b><\/p>\n<p>Se si tratta di trasporto suburbano con autobus locali, le <b>linee pi\u00f9 popolari vanno verso Omis e Trogir.<\/b> L&#8217;autobus per Omis \u00e8 il numero 60 e per Trogir \u00e8 37. Entrambi gli autobus vanno dalla <b>stazione Sukoisan<\/b> che si trova a 1 km dal centro della citt\u00e0. (sull&#8217;autobus 60 \u00e8 anche possibile salire accanto al mercato verde).<\/p>\n<p>Qui abbiamo elencato alcune delle linee pi\u00f9 popolari, clicca sulle icone per vedere l&#8217;orario.<\/p>\n<p>Tutti gli orari di Promet Split si possono trovare <a title=\"Orari bus\" href=\"http:\/\/www.promet-split.hr\/index.php?option=com_content&amp;task=view&amp;id=20&amp;Itemid=30\">qui<\/a>.<\/p>\n<p><script type=\"text\/javascript\">\/\/ <![CDATA[\ngoogle_ad_client = \"\"; \/* Bus728-it *\/ google_ad_slot = \"7714325818\"; google_ad_width = 728; google_ad_height = 90;\n\/\/ ]]><\/script><br \/>\n<script type=\"text\/javascript\" src=\"https:\/\/pagead2.googlesyndication.com\/pagead\/show_ads.js\">\/\/ <![CDATA[\n\n\/\/ ]]><\/script><\/p>\n<p><b><span style=\"text-decoration: underline;\">Stazioni principali dei bus pubblici<\/span><\/b><\/p>\n<p>Ci sono <b>alcune stazioni principali degli autobus pubblici<\/b> nella citt\u00e0 di Spalato. Come gi\u00e0 accennato, la principale stazione degli autobus urbani \u00e8 Sukoisan che \u00e8 accanto alla strada principale, Domovinskog rata. Da Sukoisan, la stazione degli autobus pi\u00f9 vicina \u00e8 Opcina, a 300 m di distanza. Altri importanti stazioni degli autobus sono <b>Trznica<\/b> (mercato verde), Hrvatsko Narodno Kazali\u0161te (Teatro Nazionale Croato), la riva occidentale (dalla chiesa di San Francesco) e al porto (proprio accanto alla stazione ferroviaria e alla stazione principale degli autobus interurbani e internazionali).<\/p>\n<p><b><span style=\"text-decoration: underline;\">Prezzi dei biglietti autobus per il trasporto locale a Spalato<\/span><\/b><\/p>\n<p>Come abbiamo gi\u00e0 detto, i biglietti dell&#8217;autobus sono <b>acquistati direttamente dall&#8217;autista<\/b> o nella maggioranza dei chioschi. Tenete a mente che se si acquista un biglietto sul bus, il <b>pagamento \u00e8 possibile solo in contanti<\/b>. Prezzo del biglietto di sola andata per un adulto \u00e8 11 kn (zona 1), 13 kn (zona 2), 17 kn (zona 3), 21 kn (zona 4). Il prezzo del biglietto per i bambini da 6 &#8211; 11 \u00e8 5 kn per tutte le zone.<\/p>\n<p>I bambini sotto i 6 anni non pagano il biglietto. Se siete in un <b>autobus locale e portate i bagagli<\/b>, un pagamento supplementare \u00e8 richiesto per l&#8217;importo di 5 kn per bagaglio.<\/p>\n<p>Se vi trovate in citt\u00e0 per un <b>periodo pi\u00f9 lungo<\/b> e avete intenzione di utilizzare i mezzi pubblici pi\u00f9 spesso, \u00e8 possibile acquistare i cosiddetti <b>biglietti Karnet<\/b> (biglietti a due vie) che costano 17 kn. Si possono acquistare solo in un chiosco in un blocco di 5 o 10 biglietti.<\/p>\n<p>\u00c8 importante sapere che ogni biglietto \u00e8 valido solo per una direzione e il tempo \u00e8 limitato, per la prima zona a 45 minuti, zona 2- 65 minuti, zona 3- 85 minuti e 105 minuti per la zona 4.<\/p>\n<p><b><span style=\"text-decoration: underline;\">Multe per corsa senza biglietti<\/span><\/b><\/p>\n<p>Si deve sapere che i <b>controlli dei biglietti sono frequenti<\/b> e non avere biglietto dell&#8217;autobus non \u00e8 raccomandato. Se siete senza biglietto, la <b>multa \u00e8 50 kn<\/b> e deve essere pagata immediatamente in contanti.<\/p>\n\n\t\t<style type=\"text\/css\">\n\t\t\t#gallery-1 {\n\t\t\t\tmargin: auto;\n\t\t\t}\n\t\t\t#gallery-1 .gallery-item {\n\t\t\t\tfloat: left;\n\t\t\t\tmargin-top: 10px;\n\t\t\t\ttext-align: center;\n\t\t\t\twidth: 25%;\n\t\t\t}\n\t\t\t#gallery-1 img {\n\t\t\t\tborder: 2px solid #cfcfcf;\n\t\t\t}\n\t\t\t#gallery-1 .gallery-caption {\n\t\t\t\tmargin-left: 0;\n\t\t\t}\n\t\t\t\/* see gallery_shortcode() in wp-includes\/media.php *\/\n\t\t<\/style>\n\t\t<div id='gallery-1' class='gallery galleryid-966 gallery-columns-4 gallery-size-thumbnail'><dl class='gallery-item'>\n\t\t\t<dt class='gallery-icon landscape'>\n\t\t\t\t<a href='https:\/\/www.buscroatia.com\/it\/trasporto-pubblico-a-spalato\/pazar\/'><img width=\"150\" height=\"150\" src=\"https:\/\/www.buscroatia.com\/it\/wp-content\/uploads\/2013\/07\/Pazar-150x150.jpg\" class=\"attachment-thumbnail size-thumbnail\" alt=\"\" decoding=\"async\" loading=\"lazy\" \/><\/a>\n\t\t\t<\/dt><\/dl><dl class='gallery-item'>\n\t\t\t<dt class='gallery-icon landscape'>\n\t\t\t\t<a href='https:\/\/www.buscroatia.com\/it\/trasporto-pubblico-a-spalato\/stazione-bus-principale-2\/'><img width=\"150\" height=\"150\" src=\"https:\/\/www.buscroatia.com\/it\/wp-content\/uploads\/2013\/07\/Stazione-bus-principale1-150x150.jpg\" class=\"attachment-thumbnail size-thumbnail\" alt=\"\" decoding=\"async\" loading=\"lazy\" \/><\/a>\n\t\t\t<\/dt><\/dl><dl class='gallery-item'>\n\t\t\t<dt class='gallery-icon landscape'>\n\t\t\t\t<a href='https:\/\/www.buscroatia.com\/it\/trasporto-pubblico-a-spalato\/stazione-bus-trznica\/'><img width=\"150\" height=\"150\" src=\"https:\/\/www.buscroatia.com\/it\/wp-content\/uploads\/2013\/07\/Stazione-bus-trznica-150x150.jpg\" class=\"attachment-thumbnail size-thumbnail\" alt=\"\" decoding=\"async\" loading=\"lazy\" \/><\/a>\n\t\t\t<\/dt><\/dl><dl class='gallery-item'>\n\t\t\t<dt class='gallery-icon landscape'>\n\t\t\t\t<a href='https:\/\/www.buscroatia.com\/it\/trasporto-pubblico-a-spalato\/san-doimo\/'><img width=\"150\" height=\"150\" src=\"https:\/\/www.buscroatia.com\/it\/wp-content\/uploads\/2013\/07\/San-Doimo-150x150.jpg\" class=\"attachment-thumbnail size-thumbnail\" alt=\"\" decoding=\"async\" loading=\"lazy\" \/><\/a>\n\t\t\t<\/dt><\/dl><br style=\"clear: both\" \/><dl class='gallery-item'>\n\t\t\t<dt class='gallery-icon landscape'>\n\t\t\t\t<a href='https:\/\/www.buscroatia.com\/it\/trasporto-pubblico-a-spalato\/bacvice-split\/'><img width=\"150\" height=\"150\" src=\"https:\/\/www.buscroatia.com\/it\/wp-content\/uploads\/2013\/07\/Bacvice-Split-150x150.jpg\" class=\"attachment-thumbnail size-thumbnail\" alt=\"\" decoding=\"async\" loading=\"lazy\" \/><\/a>\n\t\t\t<\/dt><\/dl><dl class='gallery-item'>\n\t\t\t<dt class='gallery-icon landscape'>\n\t\t\t\t<a href='https:\/\/www.buscroatia.com\/it\/trasporto-pubblico-a-spalato\/cattedrale\/'><img width=\"150\" height=\"150\" src=\"https:\/\/www.buscroatia.com\/it\/wp-content\/uploads\/2013\/07\/cattedrale-150x150.jpg\" class=\"attachment-thumbnail size-thumbnail\" alt=\"\" decoding=\"async\" loading=\"lazy\" \/><\/a>\n\t\t\t<\/dt><\/dl><dl class='gallery-item'>\n\t\t\t<dt class='gallery-icon landscape'>\n\t\t\t\t<a href='https:\/\/www.buscroatia.com\/it\/trasporto-pubblico-a-spalato\/mercato-verde\/'><img width=\"150\" height=\"150\" src=\"https:\/\/www.buscroatia.com\/it\/wp-content\/uploads\/2013\/07\/Mercato-verde-150x150.jpg\" class=\"attachment-thumbnail size-thumbnail\" alt=\"\" decoding=\"async\" loading=\"lazy\" \/><\/a>\n\t\t\t<\/dt><\/dl><dl class='gallery-item'>\n\t\t\t<dt class='gallery-icon portrait'>\n\t\t\t\t<a href='https:\/\/www.buscroatia.com\/it\/trasporto-pubblico-a-spalato\/natura-spalato\/'><img width=\"150\" height=\"150\" src=\"https:\/\/www.buscroatia.com\/it\/wp-content\/uploads\/2013\/07\/Natura-Spalato-150x150.jpg\" class=\"attachment-thumbnail size-thumbnail\" alt=\"\" decoding=\"async\" loading=\"lazy\" \/><\/a>\n\t\t\t<\/dt><\/dl><br style=\"clear: both\" \/>\n\t\t<\/div>\n\n","protected":false},"excerpt":{"rendered":"<p>Spalato ha un ottimo sistema di trasporto pubblico che \u00e8 gestito dalla societ\u00e0 Promet Split. Il centro \u00e8 molto ben collegato con le parti esterne della citt\u00e0. Il trasporto pubblico locale in autobus \u00e8 in ogni caso il modo pi\u00f9 economico di trasporto. Un biglietto per gli autobus locali pu\u00f2 essere acquistato direttamente dall&#8217;autista o [&hellip;]<\/p>\n","protected":false},"author":2,"featured_media":0,"parent":0,"menu_order":0,"comment_status":"open","ping_status":"open","template":"","meta":[],"aioseo_notices":[],"_links":{"self":[{"href":"https:\/\/www.buscroatia.com\/it\/wp-json\/wp\/v2\/pages\/966"}],"collection":[{"href":"https:\/\/www.buscroatia.com\/it\/wp-json\/wp\/v2\/pages"}],"about":[{"href":"https:\/\/www.buscroatia.com\/it\/wp-json\/wp\/v2\/types\/page"}],"author":[{"embeddable":true,"href":"https:\/\/www.buscroatia.com\/it\/wp-json\/wp\/v2\/users\/2"}],"replies":[{"embeddable":true,"href":"https:\/\/www.buscroatia.com\/it\/wp-json\/wp\/v2\/comments?post=966"}],"version-history":[{"count":6,"href":"https:\/\/www.buscroatia.com\/it\/wp-json\/wp\/v2\/pages\/966\/revisions"}],"predecessor-version":[{"id":1109,"href":"https:\/\/www.buscroatia.com\/it\/wp-json\/wp\/v2\/pages\/966\/revisions\/1109"}],"wp:attachment":[{"href":"https:\/\/www.buscroatia.com\/it\/wp-json\/wp\/v2\/media?parent=966"}],"curies":[{"name":"wp","href":"https:\/\/api.w.org\/{rel}","templated":true}]}}