{"id":957,"date":"2013-07-16T17:44:03","date_gmt":"2013-07-16T17:44:03","guid":{"rendered":"http:\/\/www.buscroatia.com\/it\/?page_id=957"},"modified":"2013-07-18T11:02:47","modified_gmt":"2013-07-18T11:02:47","slug":"prezzi-bus-croazia","status":"publish","type":"page","link":"https:\/\/www.buscroatia.com\/it\/prezzi-bus-croazia\/","title":{"rendered":"Prezzi bus Croazia"},"content":{"rendered":"<p>Se avete <b>intenzione di viaggiare in Croazia in autobus<\/b>, sicuramente sarete interessati a conoscere i prezzi di biglietto dell&#8217;autobus. Purtroppo, l&#8217;unico posto dove al momento troverete un elenco dettagliato dei prezzi sono le stazioni degli autobus locali. Ma <b>per renderlo un po&#8217; pi\u00f9 facile, abbiamo fatto una lista di prezzi <\/b>per le linee di autobus pi\u00f9 popolari che si trovano pi\u00f9 in basso su questa pagina. Conoscendo questi prezzi dovreste essere in grado di stimare i prezzi all&#8217;incirca per le rotte che non abbiamo menzionato.<\/p>\n<p><b>Cosa dovreste sapere prima di vedere la lista prezzi<\/b><\/p>\n<ol start=\"1\">\n<li>I prezzi sono indicati in una gamma; <b>la ragione per questo \u00e8 che i percorsi sono spesso gestiti<\/b> \/ <b>offerti da diverse compagnie di autobus private<\/b>. Ciascuno di loro ha un sistema di prezzo diverso che riflette la gamma. La variazione dei prezzi dei biglietti pu\u00f2 anche essere correlata al tempo di partenza e il giorno della settimana.<\/li>\n<\/ol>\n<p><script type=\"text\/javascript\"><!--\ngoogle_ad_client = \"\";\n\/* Bus728-it *\/\ngoogle_ad_slot = \"7714325818\";\ngoogle_ad_width = 728;\ngoogle_ad_height = 90;\n\/\/-->\n<\/script><br \/>\n<script type=\"text\/javascript\"\nsrc=\"https:\/\/pagead2.googlesyndication.com\/pagead\/show_ads.js\">\n<\/script><\/p>\n<ol start=\"2\">\n<li>Se si <b>acquista un biglietto per un percorso specifico, ad esempio Zagabria a Spalato<\/b> dalla societ\u00e0 A, il biglietto \u00e8 valido solo per gli autobus della societ\u00e0 A. Sulle principali rotte la maggior parte delle aziende ha alcune partenze al giorno.<\/li>\n<\/ol>\n<ol start=\"3\">\n<li>L&#8217;acquisto e la prenotazione dei biglietti non \u00e8 possibile <b>al momento, <\/b>dovrete comprare il biglietto alla stazione bus. Se avete bisogno di salire su un autobus alla fermata di un bus pi\u00f9 piccola dove non c&#8217;\u00e8 la stazione degli autobus (Autobusni Kolodvor) \u00e8 possibile acquistare il biglietto sul bus. <b>Cercate di ottenere il biglietto<\/b> (nella maggior parte dei casi sono elettroniche) una volta che avete pagato.<\/li>\n<\/ol>\n<ol start=\"4\">\n<li>Oltre al prezzo del biglietto, potreste dover pagare una <b>piccola tassa per la prenotazione<\/b> e una <b>tassa della stazione degli autobus<\/b>; di solito varia tra 5-10 kune per un biglietto.<\/li>\n<\/ol>\n<ol start=\"5\">\n<li>Se avete i bagagli, dovrete pagare circa 7 kune per pezzo.<\/li>\n<\/ol>\n<p><b>NOTA<\/b>: la distanza che abbiamo segnato in tabella \u00e8 la <b>distanza tra le due citt\u00e0 seguendo il percorso pi\u00f9 veloce<\/b>, che non \u00e8 necessario il percorso che segue il bus.<\/p>\n\n<table id=\"tablepress-3\" class=\"tablepress tablepress-id-3\">\n<thead>\n<tr class=\"row-1 odd\">\n\t<th class=\"column-1\">Partenza<\/th><th class=\"column-2\">Arrivo<\/th><th class=\"column-3\">Distanza<\/th><th class=\"column-4\">Prezzo<\/th><th class=\"column-5\">Gita disponibile<\/th>\n<\/tr>\n<\/thead>\n<tbody class=\"row-hover\">\n<tr class=\"row-2 even\">\n\t<td class=\"column-1\">Spalato<\/td><td class=\"column-2\">Ragusa<\/td><td class=\"column-3\">227 Km<\/td><td class=\"column-4\">100-140 kn<\/td><td class=\"column-5\"><a href=\"http:\/\/www.buscroatia.com\/it\/escursione-split\/\">Prenota qui<\/a><\/td>\n<\/tr>\n<tr class=\"row-3 odd\">\n\t<td class=\"column-1\">Spalato<\/td><td class=\"column-2\">Sibenecok<\/td><td class=\"column-3\">87 Km<\/td><td class=\"column-4\">55-80 kn<\/td><td class=\"column-5\"><\/td>\n<\/tr>\n<tr class=\"row-4 even\">\n\t<td class=\"column-1\">Spalato<\/td><td class=\"column-2\">Zara<\/td><td class=\"column-3\">158 Km<\/td><td class=\"column-4\">80-145 kn<\/td><td class=\"column-5\"><\/td>\n<\/tr>\n<tr class=\"row-5 odd\">\n\t<td class=\"column-1\">Spalato<\/td><td class=\"column-2\">Mostar<\/td><td class=\"column-3\">163 Km<\/td><td class=\"column-4\">130-150 kn<\/td><td class=\"column-5\"><a href=\"http:\/\/www.buscroatia.com\/it\/escursione-split\/\">Prenota qui<\/a><\/td>\n<\/tr>\n<tr class=\"row-6 even\">\n\t<td class=\"column-1\">Spalato<\/td><td class=\"column-2\">Medjugorje<\/td><td class=\"column-3\">139 Km<\/td><td class=\"column-4\">130-150 kn<\/td><td class=\"column-5\"><a href=\"http:\/\/www.buscroatia.com\/it\/escursione-split\/\">Prenota qui<\/a><\/td>\n<\/tr>\n<tr class=\"row-7 odd\">\n\t<td class=\"column-1\">Spalato<\/td><td class=\"column-2\">Zagabria<\/td><td class=\"column-3\">411 Km<\/td><td class=\"column-4\">150-220 kn<\/td><td class=\"column-5\"><\/td>\n<\/tr>\n<tr class=\"row-8 even\">\n\t<td class=\"column-1\">Spalato<\/td><td class=\"column-2\">Fiume<\/td><td class=\"column-3\">366 Km<\/td><td class=\"column-4\">290-350 kn<\/td><td class=\"column-5\"><\/td>\n<\/tr>\n<tr class=\"row-9 odd\">\n\t<td class=\"column-1\">Spalato<\/td><td class=\"column-2\">Pola<\/td><td class=\"column-3\">470 Km<\/td><td class=\"column-4\">400 kn<\/td><td class=\"column-5\"><\/td>\n<\/tr>\n<tr class=\"row-10 even\">\n\t<td class=\"column-1\">Spalato<\/td><td class=\"column-2\">Plitvice<\/td><td class=\"column-3\">276 Km<\/td><td class=\"column-4\">130-160 kn<\/td><td class=\"column-5\"><a href=\"http:\/\/www.buscroatia.com\/it\/escursione-split\/\">Prenota qui<\/a><\/td>\n<\/tr>\n<tr class=\"row-11 odd\">\n\t<td class=\"column-1\">Spalato<\/td><td class=\"column-2\">Transporto Pubblico<\/td><td class=\"column-3\"><\/td><td class=\"column-4\"><a href=\"http:\/\/www.buscroatia.com\/it\/trasporto-pubblico-a-spalato\/\">Info qui<\/a><\/td><td class=\"column-5\"><\/td>\n<\/tr>\n<tr class=\"row-12 even\">\n\t<td class=\"column-1\">Ragusa<\/td><td class=\"column-2\">Spalato<\/td><td class=\"column-3\">227 Km<\/td><td class=\"column-4\">100-140 kn<\/td><td class=\"column-5\"><a href=\"http:\/\/www.buscroatia.com\/it\/escursione-ragusa\/\">Prenota qui<\/a><\/td>\n<\/tr>\n<tr class=\"row-13 odd\">\n\t<td class=\"column-1\">Ragusa<\/td><td class=\"column-2\">Budva<\/td><td class=\"column-3\">115 Km<\/td><td class=\"column-4\">100 kn<\/td><td class=\"column-5\"><a href=\"http:\/\/www.buscroatia.com\/it\/escursione-ragusa\/\">Prenota qui<\/a><\/td>\n<\/tr>\n<tr class=\"row-14 even\">\n\t<td class=\"column-1\">Ragusa<\/td><td class=\"column-2\">Kotor<\/td><td class=\"column-3\">93 Km<\/td><td class=\"column-4\">80 kn<\/td><td class=\"column-5\"><a href=\"http:\/\/www.buscroatia.com\/it\/escursione-ragusa\/\">Prenota qui<\/a><\/td>\n<\/tr>\n<tr class=\"row-15 odd\">\n\t<td class=\"column-1\">Ragusa<\/td><td class=\"column-2\">Zagabria<\/td><td class=\"column-3\">599 Km<\/td><td class=\"column-4\">155-250 kn<\/td><td class=\"column-5\"><\/td>\n<\/tr>\n<tr class=\"row-16 even\">\n\t<td class=\"column-1\">Ragusa<\/td><td class=\"column-2\">Zara<\/td><td class=\"column-3\">346 Km<\/td><td class=\"column-4\">190-270 kn<\/td><td class=\"column-5\"><\/td>\n<\/tr>\n<tr class=\"row-17 odd\">\n\t<td class=\"column-1\">Ragusa<\/td><td class=\"column-2\">Pola<\/td><td class=\"column-3\">658 Km<\/td><td class=\"column-4\">550-600 kn<\/td><td class=\"column-5\"><\/td>\n<\/tr>\n<tr class=\"row-18 even\">\n\t<td class=\"column-1\">Ragusa<\/td><td class=\"column-2\">Fiume<\/td><td class=\"column-3\">554 Km<\/td><td class=\"column-4\">400-520 kn<\/td><td class=\"column-5\"><\/td>\n<\/tr>\n<tr class=\"row-19 odd\">\n\t<td class=\"column-1\">Ragusa<\/td><td class=\"column-2\">Makarska<\/td><td class=\"column-3\">152 Km<\/td><td class=\"column-4\">100-120 kn<\/td><td class=\"column-5\"><\/td>\n<\/tr>\n<tr class=\"row-20 even\">\n\t<td class=\"column-1\">Ragusa<\/td><td class=\"column-2\">Mostar<\/td><td class=\"column-3\">125 Km<\/td><td class=\"column-4\">90-100 kn<\/td><td class=\"column-5\"><a href=\"http:\/\/www.buscroatia.com\/it\/escursione-ragusa\/\">Prenota qui<\/a><\/td>\n<\/tr>\n<tr class=\"row-21 odd\">\n\t<td class=\"column-1\">Ragusa<\/td><td class=\"column-2\">Medjugorje<\/td><td class=\"column-3\">130 Km<\/td><td class=\"column-4\">90-100 kn<\/td><td class=\"column-5\"><a href=\"http:\/\/www.buscroatia.com\/it\/escursione-ragusa\/\">Prenota qui<\/a><\/td>\n<\/tr>\n<tr class=\"row-22 even\">\n\t<td class=\"column-1\">Ragusa<\/td><td class=\"column-2\">Transporto Pubblico<\/td><td class=\"column-3\"><\/td><td class=\"column-4\"><a href=\"http:\/\/www.buscroatia.com\/it\/trasporto-pubblico-a-ragusa\/\">Info qui<\/a><\/td><td class=\"column-5\"><\/td>\n<\/tr>\n<tr class=\"row-23 odd\">\n\t<td class=\"column-1\">Zara<\/td><td class=\"column-2\">Plitvice<\/td><td class=\"column-3\">152 Km<\/td><td class=\"column-4\">85-105 kn<\/td><td class=\"column-5\"><a href=\"http:\/\/www.buscroatia.com\/it\/escursioni-zara\/\">Prenota qui<\/a><\/td>\n<\/tr>\n<tr class=\"row-24 even\">\n\t<td class=\"column-1\">Zara<\/td><td class=\"column-2\">Spalato<\/td><td class=\"column-3\">158 Km<\/td><td class=\"column-4\">80-145 kn<\/td><td class=\"column-5\"><\/td>\n<\/tr>\n<tr class=\"row-25 odd\">\n\t<td class=\"column-1\">Zara<\/td><td class=\"column-2\">Ragusa<\/td><td class=\"column-3\">346 Km<\/td><td class=\"column-4\">190-270 kn<\/td><td class=\"column-5\"><\/td>\n<\/tr>\n<tr class=\"row-26 even\">\n\t<td class=\"column-1\">Zara<\/td><td class=\"column-2\">Zagabria<\/td><td class=\"column-3\">287 Km<\/td><td class=\"column-4\">100-150 kn<\/td><td class=\"column-5\"><\/td>\n<\/tr>\n<tr class=\"row-27 odd\">\n\t<td class=\"column-1\">Zara<\/td><td class=\"column-2\">Fiume<\/td><td class=\"column-3\">242 Km<\/td><td class=\"column-4\">150-200 kn<\/td><td class=\"column-5\"><\/td>\n<\/tr>\n<tr class=\"row-28 even\">\n\t<td class=\"column-1\">Zara<\/td><td class=\"column-2\">Sibenecok<\/td><td class=\"column-3\">88 Km<\/td><td class=\"column-4\">45-60 kn<\/td><td class=\"column-5\"><\/td>\n<\/tr>\n<tr class=\"row-29 odd\">\n\t<td class=\"column-1\">Zara<\/td><td class=\"column-2\">Transporto Pubblico<\/td><td class=\"column-3\"><\/td><td class=\"column-4\"><a href=\"http:\/\/www.buscroatia.com\/it\/trasporto-pubblico-zara\/\">Info qui<\/a><\/td><td class=\"column-5\"><\/td>\n<\/tr>\n<tr class=\"row-30 even\">\n\t<td class=\"column-1\">Fiume<\/td><td class=\"column-2\">Pola<\/td><td class=\"column-3\">108 Km<\/td><td class=\"column-4\">100-110 kn<\/td><td class=\"column-5\"><\/td>\n<\/tr>\n<tr class=\"row-31 odd\">\n\t<td class=\"column-1\">Fiume<\/td><td class=\"column-2\">Parenco<\/td><td class=\"column-3\">89 Km<\/td><td class=\"column-4\">70-90 kn<\/td><td class=\"column-5\"><\/td>\n<\/tr>\n<tr class=\"row-32 even\">\n\t<td class=\"column-1\">Fiume<\/td><td class=\"column-2\">Rovigno<\/td><td class=\"column-3\">91 Km<\/td><td class=\"column-4\">90-120 kn<\/td><td class=\"column-5\"><\/td>\n<\/tr>\n<tr class=\"row-33 odd\">\n\t<td class=\"column-1\">Fiume<\/td><td class=\"column-2\">Zagabria<\/td><td class=\"column-3\">166 Km<\/td><td class=\"column-4\">85-155 kn<\/td><td class=\"column-5\"><\/td>\n<\/tr>\n<tr class=\"row-34 even\">\n\t<td class=\"column-1\">Fiume<\/td><td class=\"column-2\">Zara<\/td><td class=\"column-3\">242 Km<\/td><td class=\"column-4\">180-220 kn<\/td><td class=\"column-5\"><\/td>\n<\/tr>\n<tr class=\"row-35 odd\">\n\t<td class=\"column-1\">Fiume<\/td><td class=\"column-2\">Spalato<\/td><td class=\"column-3\">366 Km<\/td><td class=\"column-4\">290-350 kn<\/td><td class=\"column-5\"><\/td>\n<\/tr>\n<tr class=\"row-36 even\">\n\t<td class=\"column-1\">Fiume<\/td><td class=\"column-2\">Ragusa<\/td><td class=\"column-3\">554 Km<\/td><td class=\"column-4\">400-520 kn<\/td><td class=\"column-5\"><\/td>\n<\/tr>\n<tr class=\"row-37 odd\">\n\t<td class=\"column-1\">Fiume<\/td><td class=\"column-2\">Transporto Pubblico<\/td><td class=\"column-3\"><\/td><td class=\"column-4\"><a href=\"http:\/\/www.buscroatia.com\/it\/trasporto-pubblico-fiume\/\">Info qui<\/a><\/td><td class=\"column-5\"><\/td>\n<\/tr>\n<tr class=\"row-38 even\">\n\t<td class=\"column-1\">Zagabria<\/td><td class=\"column-2\">Spalato<\/td><td class=\"column-3\">411 Km<\/td><td class=\"column-4\">150-220 kn<\/td><td class=\"column-5\"><\/td>\n<\/tr>\n<tr class=\"row-39 odd\">\n\t<td class=\"column-1\">Zagabria<\/td><td class=\"column-2\">Ragusa<\/td><td class=\"column-3\">599 Km<\/td><td class=\"column-4\">155-250 kn<\/td><td class=\"column-5\"><\/td>\n<\/tr>\n<tr class=\"row-40 even\">\n\t<td class=\"column-1\">Zagabria<\/td><td class=\"column-2\">Zara<\/td><td class=\"column-3\">287 Km<\/td><td class=\"column-4\">120-145 kn<\/td><td class=\"column-5\"><\/td>\n<\/tr>\n<tr class=\"row-41 odd\">\n\t<td class=\"column-1\">Zagabria<\/td><td class=\"column-2\">Fiume<\/td><td class=\"column-3\">166 Km<\/td><td class=\"column-4\">85-155 kn<\/td><td class=\"column-5\"><\/td>\n<\/tr>\n<tr class=\"row-42 even\">\n\t<td class=\"column-1\">Zagabria<\/td><td class=\"column-2\">Pola<\/td><td class=\"column-3\">267 Km<\/td><td class=\"column-4\">150-195 kn<\/td><td class=\"column-5\"><\/td>\n<\/tr>\n<tr class=\"row-43 odd\">\n\t<td class=\"column-1\">Zagabria<\/td><td class=\"column-2\">Parenco<\/td><td class=\"column-3\">248 Km<\/td><td class=\"column-4\">145-215 kn<\/td><td class=\"column-5\"><\/td>\n<\/tr>\n<tr class=\"row-44 even\">\n\t<td class=\"column-1\">Zagabria<\/td><td class=\"column-2\">Rovigno<\/td><td class=\"column-3\">250 Km<\/td><td class=\"column-4\">150-195 kn<\/td><td class=\"column-5\"><\/td>\n<\/tr>\n<tr class=\"row-45 odd\">\n\t<td class=\"column-1\">Zagabria<\/td><td class=\"column-2\">Sibenecok<\/td><td class=\"column-3\">339 Km<\/td><td class=\"column-4\">135-165 kn<\/td><td class=\"column-5\"><\/td>\n<\/tr>\n<tr class=\"row-46 even\">\n\t<td class=\"column-1\">Zagabria<\/td><td class=\"column-2\">Plitvice<\/td><td class=\"column-3\">137 km<\/td><td class=\"column-4\">90-105 kn<\/td><td class=\"column-5\"><\/td>\n<\/tr>\n<tr class=\"row-47 odd\">\n\t<td class=\"column-1\">Zagabria<\/td><td class=\"column-2\">Belgrade<\/td><td class=\"column-3\">395 Km<\/td><td class=\"column-4\">215-220 kn<\/td><td class=\"column-5\"><\/td>\n<\/tr>\n<tr class=\"row-48 even\">\n\t<td class=\"column-1\">Zagabria<\/td><td class=\"column-2\">Venezia<\/td><td class=\"column-3\">376 Km<\/td><td class=\"column-4\">320 kn<\/td><td class=\"column-5\"><\/td>\n<\/tr>\n<tr class=\"row-49 odd\">\n\t<td class=\"column-1\">Pola<\/td><td class=\"column-2\">Venezia<\/td><td class=\"column-3\">284 Km<\/td><td class=\"column-4\">180-220 kn<\/td><td class=\"column-5\"><a href=\"http:\/\/www.buscroatia.com\/it\/escursioni-pola\/\">Prenota qui<\/a><\/td>\n<\/tr>\n<tr class=\"row-50 even\">\n\t<td class=\"column-1\">Pola<\/td><td class=\"column-2\">Trst<\/td><td class=\"column-3\">122 Km<\/td><td class=\"column-4\">80-120 kn<\/td><td class=\"column-5\"><a href=\"http:\/\/www.buscroatia.com\/it\/escursioni-pola\/\">Prenota qui<\/a><\/td>\n<\/tr>\n<tr class=\"row-51 odd\">\n\t<td class=\"column-1\">Pola<\/td><td class=\"column-2\">Rovigno<\/td><td class=\"column-3\">36 Km<\/td><td class=\"column-4\">35-45 kn<\/td><td class=\"column-5\"><\/td>\n<\/tr>\n<tr class=\"row-52 even\">\n\t<td class=\"column-1\">Pola<\/td><td class=\"column-2\">Parenco<\/td><td class=\"column-3\">60 Km<\/td><td class=\"column-4\">50-70 kn<\/td><td class=\"column-5\"><\/td>\n<\/tr>\n<tr class=\"row-53 odd\">\n\t<td class=\"column-1\">Pola<\/td><td class=\"column-2\">Umag<\/td><td class=\"column-3\">86 Km<\/td><td class=\"column-4\">70-80 kn<\/td><td class=\"column-5\"><\/td>\n<\/tr>\n<tr class=\"row-54 even\">\n\t<td class=\"column-1\">Pola<\/td><td class=\"column-2\">Ljubljana<\/td><td class=\"column-3\">204 Km<\/td><td class=\"column-4\">160-180 kn<\/td><td class=\"column-5\"><\/td>\n<\/tr>\n<tr class=\"row-55 odd\">\n\t<td class=\"column-1\">Pola<\/td><td class=\"column-2\">Milan<\/td><td class=\"column-3\">540 Km<\/td><td class=\"column-4\">400-450 kn<\/td><td class=\"column-5\"><\/td>\n<\/tr>\n<tr class=\"row-56 even\">\n\t<td class=\"column-1\">Pola<\/td><td class=\"column-2\">Transporto Pubblico<\/td><td class=\"column-3\"><\/td><td class=\"column-4\"><a href=\"http:\/\/www.buscroatia.com\/it\/trasporto-pubblico-pola\/\">Info qui<\/a><\/td><td class=\"column-5\"><\/td>\n<\/tr>\n<tr class=\"row-57 odd\">\n\t<td class=\"column-1\">Airport Spalato<\/td><td class=\"column-2\">Spalato<\/td><td class=\"column-3\">24 Km<\/td><td class=\"column-4\"><a href=\"http:\/\/www.buscroatia.com\/it\/trasporto-dallaeroporto-di-spalato\/\">Info qui<\/a><\/td><td class=\"column-5\"><\/td>\n<\/tr>\n<tr class=\"row-58 even\">\n\t<td class=\"column-1\">Airport Ragusa<\/td><td class=\"column-2\">Ragusa<\/td><td class=\"column-3\">21 Km<\/td><td class=\"column-4\"><a href=\"http:\/\/www.buscroatia.com\/it\/da-ragusa-allaeroporto-di-ragusa\/\">Info qui<\/a><\/td><td class=\"column-5\"><\/td>\n<\/tr>\n<tr class=\"row-59 odd\">\n\t<td class=\"column-1\">Airport Zara<\/td><td class=\"column-2\">Zara<\/td><td class=\"column-3\">12 Km<\/td><td class=\"column-4\"><a href=\"http:\/\/www.buscroatia.com\/it\/trasporto-dallaeroporto-di-zara\/\">Info qui<\/a><\/td><td class=\"column-5\"><\/td>\n<\/tr>\n<tr class=\"row-60 even\">\n\t<td class=\"column-1\">Airport Zagabria<\/td><td class=\"column-2\">Zagabria<\/td><td class=\"column-3\">17 Km<\/td><td class=\"column-4\"><a href=\"http:\/\/www.buscroatia.com\/it\/trasporto-dallaeroporto-di-zagabria\/\">Info qui<\/a><\/td><td class=\"column-5\"><\/td>\n<\/tr>\n<tr class=\"row-61 odd\">\n\t<td class=\"column-1\">Airport Krk<\/td><td class=\"column-2\">Fiume<\/td><td class=\"column-3\">30 Km<\/td><td class=\"column-4\"><a href=\"http:\/\/www.buscroatia.com\/it\/trasporto-dallaeroporto-di-fiume\/\">Info qui<\/a><\/td><td class=\"column-5\"><\/td>\n<\/tr>\n<tr class=\"row-62 even\">\n\t<td class=\"column-1\">Airport Pola<\/td><td class=\"column-2\">Pola<\/td><td class=\"column-3\">8 Km<\/td><td class=\"column-4\"><a href=\"http:\/\/www.buscroatia.com\/it\/trasporto-dallaeroporto-di-pola\/\">Info qui<\/a><\/td><td class=\"column-5\"><\/td>\n<\/tr>\n<\/tbody>\n<\/table>\n<!-- #tablepress-3 from cache -->\n","protected":false},"excerpt":{"rendered":"<p>Se avete intenzione di viaggiare in Croazia in autobus, sicuramente sarete interessati a conoscere i prezzi di biglietto dell&#8217;autobus. Purtroppo, l&#8217;unico posto dove al momento troverete un elenco dettagliato dei prezzi sono le stazioni degli autobus locali. Ma per renderlo un po&#8217; pi\u00f9 facile, abbiamo fatto una lista di prezzi per le linee di autobus [&hellip;]<\/p>\n","protected":false},"author":2,"featured_media":0,"parent":0,"menu_order":0,"comment_status":"open","ping_status":"open","template":"","meta":[],"aioseo_notices":[],"_links":{"self":[{"href":"https:\/\/www.buscroatia.com\/it\/wp-json\/wp\/v2\/pages\/957"}],"collection":[{"href":"https:\/\/www.buscroatia.com\/it\/wp-json\/wp\/v2\/pages"}],"about":[{"href":"https:\/\/www.buscroatia.com\/it\/wp-json\/wp\/v2\/types\/page"}],"author":[{"embeddable":true,"href":"https:\/\/www.buscroatia.com\/it\/wp-json\/wp\/v2\/users\/2"}],"replies":[{"embeddable":true,"href":"https:\/\/www.buscroatia.com\/it\/wp-json\/wp\/v2\/comments?post=957"}],"version-history":[{"count":5,"href":"https:\/\/www.buscroatia.com\/it\/wp-json\/wp\/v2\/pages\/957\/revisions"}],"predecessor-version":[{"id":994,"href":"https:\/\/www.buscroatia.com\/it\/wp-json\/wp\/v2\/pages\/957\/revisions\/994"}],"wp:attachment":[{"href":"https:\/\/www.buscroatia.com\/it\/wp-json\/wp\/v2\/media?parent=957"}],"curies":[{"name":"wp","href":"https:\/\/api.w.org\/{rel}","templated":true}]}}