{"id":938,"date":"2013-05-31T15:59:50","date_gmt":"2013-05-31T15:59:50","guid":{"rendered":"http:\/\/www.buscroatia.com\/it\/?page_id=938"},"modified":"2013-11-06T17:46:29","modified_gmt":"2013-11-06T17:46:29","slug":"escursioni-abbazia","status":"publish","type":"page","link":"https:\/\/www.buscroatia.com\/it\/escursioni-abbazia\/","title":{"rendered":"Escursioni Abbazia"},"content":{"rendered":"<p>Abbazia \u00e8 una delle pi\u00f9 popolari destinazioni turistiche sul mare Adriatico la cui tradizione turistica ha iniziato nel 1944. \u00c8 conosciuta come la &#8220;Perla dell&#8217;Adriatico&#8221; e &#8220;Regina del turismo.&#8221; Questa piccola citt\u00e0 ha il maggior numero di hotel rispetto alla popolazione e possiamo tranquillamente dire che ad Abbazia la stagione dura tutto l&#8217;anno.<\/p>\n<p>Grazie alla sua <b>favorevole posizione geografica, Abbazia \u00e8 una destinazione ideale<\/b> per la pianificazione di <b>gite di un giorno o di mezza giornata<\/b>. L&#8217;offerta escursioni \u00e8 davvero grande e in grado di soddisfare anche gli ospiti pi\u00f9 esigenti. Quindi, da Abbazia vengono organizzate gite di un giorno che includono tour delle pi\u00f9 belle citt\u00e0 d&#8217;Istria: Pola, Rovigno e Parenzo. A Pula si pu\u00f2 vedere l&#8217;anfiteatro romano di 2000 anni, tempio di Augusto e altre meraviglie architettoniche di epoche diverse. Rovigno, una piccola citt\u00e0 che \u00e8 conosciuta come &#8220;il paradiso degli artisti&#8221;, situata su una piccola penisola ed \u00e8 probabilmente la citt\u00e0 pi\u00f9 romantiche dell&#8217;Istria.<\/p>\n<p>Se vi piaciono i tour di bellezze naturali allora <b>vi consigliamo vivamente una visita al Parco Nazionale dei Laghi di Plitvice<\/b>, che \u00e8 uno dei parchi pi\u00f9 belli di questa parte d&#8217;Europa.<\/p>\n<p>I Laghi di Plitvice sono sotto la protezione dell&#8217;UNESCO e si compongono di 16 laghi collegati da cascate che lasciano i visitatori senza fiato.<\/p>\n<p>Inoltre, da <b>Abbazia gite di un giorno alle Grotte di Postumia in Slovenia sono organizzate<\/b>; sono tra le grotte pi\u00f9 famose del mondo. Negli ultimi 200 anni le Grotte di Postumia sono state visitate da oltre 34 milioni di turisti.<\/p>\n<p>Da Abbazia <b>gite di un giorno in autobus a Trieste vengono anche organizzate<\/b> e comprendono un tour della citt\u00e0 e una visita al romantico castello di Miramare situato sulle ripide scogliere vicino al mare.<\/p>\n<p>Se vi trovate ad Abbazia per un lungo periodo <b>si consiglia una visita a Venezia<\/b>, una delle citt\u00e0 pi\u00f9 romantiche del mondo.<\/p>\n","protected":false},"excerpt":{"rendered":"<p>Abbazia \u00e8 una delle pi\u00f9 popolari destinazioni turistiche sul mare Adriatico la cui tradizione turistica ha iniziato nel 1944. \u00c8 conosciuta come la &#8220;Perla dell&#8217;Adriatico&#8221; e &#8220;Regina del turismo.&#8221; Questa piccola citt\u00e0 ha il maggior numero di hotel rispetto alla popolazione e possiamo tranquillamente dire che ad Abbazia la stagione dura tutto l&#8217;anno. Grazie alla [&hellip;]<\/p>\n","protected":false},"author":2,"featured_media":0,"parent":0,"menu_order":0,"comment_status":"open","ping_status":"open","template":"pages-templates\/excursions-results.php","meta":[],"aioseo_notices":[],"_links":{"self":[{"href":"https:\/\/www.buscroatia.com\/it\/wp-json\/wp\/v2\/pages\/938"}],"collection":[{"href":"https:\/\/www.buscroatia.com\/it\/wp-json\/wp\/v2\/pages"}],"about":[{"href":"https:\/\/www.buscroatia.com\/it\/wp-json\/wp\/v2\/types\/page"}],"author":[{"embeddable":true,"href":"https:\/\/www.buscroatia.com\/it\/wp-json\/wp\/v2\/users\/2"}],"replies":[{"embeddable":true,"href":"https:\/\/www.buscroatia.com\/it\/wp-json\/wp\/v2\/comments?post=938"}],"version-history":[{"count":3,"href":"https:\/\/www.buscroatia.com\/it\/wp-json\/wp\/v2\/pages\/938\/revisions"}],"predecessor-version":[{"id":1116,"href":"https:\/\/www.buscroatia.com\/it\/wp-json\/wp\/v2\/pages\/938\/revisions\/1116"}],"wp:attachment":[{"href":"https:\/\/www.buscroatia.com\/it\/wp-json\/wp\/v2\/media?parent=938"}],"curies":[{"name":"wp","href":"https:\/\/api.w.org\/{rel}","templated":true}]}}