{"id":936,"date":"2013-05-31T15:57:56","date_gmt":"2013-05-31T15:57:56","guid":{"rendered":"http:\/\/www.buscroatia.com\/it\/?page_id=936"},"modified":"2013-06-11T12:38:04","modified_gmt":"2013-06-11T12:38:04","slug":"escursioni-novigrad","status":"publish","type":"page","link":"https:\/\/www.buscroatia.com\/it\/escursioni-novigrad\/","title":{"rendered":"Escursioni Novigrad"},"content":{"rendered":"<p>L&#8217;escursione pi\u00f9 popolare da Novigrad (Cittanova) \u00e8 <b>gita di un giorno a Venezia<\/b>, che \u00e8 una combinazione di tour in autobus e in catamarano.\u00a0 Anche il <b>picnic di pesce con skipper locale<\/b> \u00e8 molto popolare, come anche il tour vela sul fiordo di Lim.<\/p>\n<p>Per coloro che sono in visita di <b>Novigrad e l&#8217;Istria per la prima volta<\/b>, consigliamo il viaggio per le colline di Istria dove si visitano alcuni dei centri storici come Montona, Colmo e Grisignana.<\/p>\n<p>Da Novigrad \u00e8 anche possibile unire <b>escursione al Parco Nazionale di Plitvice e il Parco nazionale di Brioni<\/b>, entrambe le escursioni della durata di un giorno intero.<\/p>\n<p>Si consiglia inoltre di visitare le <b>citt\u00e0 come Pola, Parenzo e Rovigno<\/b>, questo si pu\u00f2 fare facilmente da soli, non importa se si viaggia in auto o autobus pubblico.<\/p>\n","protected":false},"excerpt":{"rendered":"<p>L&#8217;escursione pi\u00f9 popolare da Novigrad (Cittanova) \u00e8 gita di un giorno a Venezia, che \u00e8 una combinazione di tour in autobus e in catamarano.\u00a0 Anche il picnic di pesce con skipper locale \u00e8 molto popolare, come anche il tour vela sul fiordo di Lim. Per coloro che sono in visita di Novigrad e l&#8217;Istria per [&hellip;]<\/p>\n","protected":false},"author":2,"featured_media":0,"parent":0,"menu_order":0,"comment_status":"open","ping_status":"open","template":"pages-templates\/excursions-results.php","meta":[],"aioseo_notices":[],"_links":{"self":[{"href":"https:\/\/www.buscroatia.com\/it\/wp-json\/wp\/v2\/pages\/936"}],"collection":[{"href":"https:\/\/www.buscroatia.com\/it\/wp-json\/wp\/v2\/pages"}],"about":[{"href":"https:\/\/www.buscroatia.com\/it\/wp-json\/wp\/v2\/types\/page"}],"author":[{"embeddable":true,"href":"https:\/\/www.buscroatia.com\/it\/wp-json\/wp\/v2\/users\/2"}],"replies":[{"embeddable":true,"href":"https:\/\/www.buscroatia.com\/it\/wp-json\/wp\/v2\/comments?post=936"}],"version-history":[{"count":2,"href":"https:\/\/www.buscroatia.com\/it\/wp-json\/wp\/v2\/pages\/936\/revisions"}],"predecessor-version":[{"id":946,"href":"https:\/\/www.buscroatia.com\/it\/wp-json\/wp\/v2\/pages\/936\/revisions\/946"}],"wp:attachment":[{"href":"https:\/\/www.buscroatia.com\/it\/wp-json\/wp\/v2\/media?parent=936"}],"curies":[{"name":"wp","href":"https:\/\/api.w.org\/{rel}","templated":true}]}}