{"id":829,"date":"2013-03-18T18:03:32","date_gmt":"2013-03-18T18:03:32","guid":{"rendered":"http:\/\/www.buscroatia.com\/it\/?page_id=829"},"modified":"2014-09-03T16:39:30","modified_gmt":"2014-09-03T16:39:30","slug":"trasporto-pubblico-pola","status":"publish","type":"page","link":"https:\/\/www.buscroatia.com\/it\/trasporto-pubblico-pola\/","title":{"rendered":"Trasporto pubblico Pola"},"content":{"rendered":"<p><a href=\"https:\/\/www.buscroatia.com\/it\/wp-content\/uploads\/2013\/03\/Arena-Pula.jpg\" rel=\"lightbox[829]\"><img decoding=\"async\" loading=\"lazy\" class=\"alignleft size-medium wp-image-835\" src=\"https:\/\/www.buscroatia.com\/it\/wp-content\/uploads\/2013\/03\/Arena-Pula-300x225.jpg\" alt=\"Arena-Pula\" width=\"300\" height=\"225\" srcset=\"https:\/\/www.buscroatia.com\/it\/wp-content\/uploads\/2013\/03\/Arena-Pula-300x225.jpg 300w, https:\/\/www.buscroatia.com\/it\/wp-content\/uploads\/2013\/03\/Arena-Pula.jpg 1024w\" sizes=\"(max-width: 300px) 100vw, 300px\" \/><\/a>Il <b>trasporto pubblico a<\/b><b> Pola<\/b> \u00e8 gestito dalla societ\u00e0 Pulapromet. Il centro della citt\u00e0 \u00e8 molto ben collegato tramite autobus con le altre parti della citt\u00e0. Il <b>trasporto pubblico<\/b><b> <\/b><b>\u00e8 diviso in<\/b><b> <\/b><b>4 zone<\/b>. La prima zona comprende la citt\u00e0 di Pola, la seconda zona comprende Medolino, Dignano, Loznjan, Premantura e Peroj. La terza zona va fino a Barbariga.<\/p>\n<p>Il trasporto pubblico a Pola \u00e8 organizzato con 8 linee di autobus. Possiamo dire che le 3 linee di autobus pi\u00f9 importanti sono:<\/p>\n<p>&#8211;\u00a0 linea 1 dal capolinea degli autobus a Stoja<br \/>\n&#8211; linea 2 dalla stazione degli autobus a Verudela<br \/>\n&#8211; linea 3 da Sijanska suma a Verudela<\/p>\n<p><a title=\"Orario bus\" href=\"http:\/\/www.pulapromet.com\/dokumenti\/grad.pdf\"><strong><span style=\"color: #ff0000;\">Qui<\/span><\/strong><\/a> potete vedere <b>l&#8217;orario bus urbani<\/b> e <a title=\"Mappa dei bus\" href=\"http:\/\/pulapromet.com\/portfolio\/gradske-linije\/\"><strong><span style=\"color: #ff0000;\">qui<\/span><\/strong><\/a> la mappa dei percorsi bus urbani.<\/p>\n<p><b><span style=\"text-decoration: underline;\">Prezzi dei biglietti per trasporto pubblico a Pola<\/span><\/b><\/p>\n<p>Un biglietto pu\u00f2 essere acquistato direttamente dall&#8217;autista e il prezzo \u00e8 di 11 kn. Il biglietto \u00e8 di sola andata ed \u00e8 valido per un&#8217;ora. La compagnia di autobus Pulapromet, dieci anni fa, ha introdotto un <b>sistema<\/b><b> di biglietti senza contatto<\/b>. In pratica, si tratta di una carta che sembra una carta di credito e si paga per questo 75 kn la prima volta (il prezzo include la tariffa di 35 kn per il biglietto e una tariffa per una corsa di 40 kn).<\/p>\n<p><script>\/\/ <![CDATA[\ngoogle_ad_client = \"\"; \/* Buscroatia-728-it *\/ google_ad_slot = \"4981847577\"; google_ad_width = 728; google_ad_height = 90;\n\/\/ ]]><\/script><br \/>\n<script src=\"https:\/\/pagead2.googlesyndication.com\/pagead\/show_ads.js\">\/\/ <![CDATA[\n\n\n\/\/ ]]><\/script><\/p>\n<p>Se avete intenzione di rimanere a Pola per un periodo di tempo pi\u00f9 lungo e usare spesso i mezzi pubblici, allora <b>vale sicuramente la pena acquistare questa carta<\/b> perch\u00e9 il prezzo della corsa in una direzione \u00e8 quindi solo 7 kn.<\/p>\n<p>Il <b>prezzo del biglietto<\/b><b> per la zona 2<\/b> \u00e8 15 kn se si acquistano i biglietti sul bus, e il prezzo del biglietto senza contatto \u00e8 11,00 kn. Il <b>biglietto per la<\/b><b> terza zona<\/b> costa 25 kn sul \u200b\u200bbus e 17 kn se si acquista un biglietto senza contatto. In zona 4, i prezzi sono 25\/23 kn. I bambini sotto i 6 anni accompagnati da un adulto non pagano il biglietto.<\/p>\n<p>\u00c8 necessario entrare nel bus alla porta d&#8217;ingresso e mostrare il biglietto all&#8217;autista. Se vi prendono senza biglietto dovete pagare per il biglietto pi\u00f9 una sanzione pecuniaria di 50 kn.<\/p>\n<p>Potete vedere <a title=\"Mappa dei bus\" href=\"http:\/\/pulapromet.com\/portfolio\/prigradske-linije\/\"><strong><span style=\"color: #ff0000;\">qui<\/span><\/strong><\/a> la mappa dei bus di periferia e <a title=\"Orario bus\" href=\"http:\/\/www.pulapromet.com\/dokumenti\/prigrad.pdf\"><strong><span style=\"color: #ff0000;\">qui<\/span><\/strong><\/a> <b>l&#8217;orario per i bus di periferia<\/b>.<\/p>\n<p><b><span style=\"text-decoration: underline;\">Dove comprare i bliglietti senza contatto<\/span><\/b><\/p>\n<p>Come abbiamo gi\u00e0 detto, per un <b>soggiorno pi\u00f9 lungo<\/b><b> a Pola<\/b> la cosa migliore da fare \u00e8 quella di utilizzare le carte senza contatto che costano 75 kn per la prima volta (35 kn per il biglietto + 40 kn tariffa per la guida). Una volta consumato, il credito sulla carta pu\u00f2 essere ricaricato con importi di 20, 40, 60 e 100 kn.<\/p>\n\n\t\t<style type=\"text\/css\">\n\t\t\t#gallery-1 {\n\t\t\t\tmargin: auto;\n\t\t\t}\n\t\t\t#gallery-1 .gallery-item {\n\t\t\t\tfloat: left;\n\t\t\t\tmargin-top: 10px;\n\t\t\t\ttext-align: center;\n\t\t\t\twidth: 25%;\n\t\t\t}\n\t\t\t#gallery-1 img {\n\t\t\t\tborder: 2px solid #cfcfcf;\n\t\t\t}\n\t\t\t#gallery-1 .gallery-caption {\n\t\t\t\tmargin-left: 0;\n\t\t\t}\n\t\t\t\/* see gallery_shortcode() in wp-includes\/media.php *\/\n\t\t<\/style>\n\t\t<div id='gallery-1' class='gallery galleryid-829 gallery-columns-4 gallery-size-thumbnail'><dl class='gallery-item'>\n\t\t\t<dt class='gallery-icon landscape'>\n\t\t\t\t<a href='https:\/\/www.buscroatia.com\/it\/trasporto-pubblico-pola\/beach-pula-2\/'><img width=\"150\" height=\"150\" src=\"https:\/\/www.buscroatia.com\/it\/wp-content\/uploads\/2013\/03\/Beach-Pula1-150x150.jpg\" class=\"attachment-thumbnail size-thumbnail\" alt=\"\" decoding=\"async\" loading=\"lazy\" \/><\/a>\n\t\t\t<\/dt><\/dl><dl class='gallery-item'>\n\t\t\t<dt class='gallery-icon landscape'>\n\t\t\t\t<a href='https:\/\/www.buscroatia.com\/it\/trasporto-pubblico-pola\/pula-james-joyce\/'><img width=\"150\" height=\"150\" src=\"https:\/\/www.buscroatia.com\/it\/wp-content\/uploads\/2013\/03\/Pula-James-Joyce-150x150.jpg\" class=\"attachment-thumbnail size-thumbnail\" alt=\"\" decoding=\"async\" loading=\"lazy\" \/><\/a>\n\t\t\t<\/dt><\/dl><dl class='gallery-item'>\n\t\t\t<dt class='gallery-icon portrait'>\n\t\t\t\t<a href='https:\/\/www.buscroatia.com\/it\/trasporto-pubblico-pola\/amphitheather-pula\/'><img width=\"150\" height=\"150\" src=\"https:\/\/www.buscroatia.com\/it\/wp-content\/uploads\/2013\/03\/Amphitheather-Pula-150x150.jpg\" class=\"attachment-thumbnail size-thumbnail\" alt=\"\" decoding=\"async\" loading=\"lazy\" \/><\/a>\n\t\t\t<\/dt><\/dl><dl class='gallery-item'>\n\t\t\t<dt class='gallery-icon portrait'>\n\t\t\t\t<a href='https:\/\/www.buscroatia.com\/it\/trasporto-pubblico-pola\/arch-of-sergei\/'><img width=\"150\" height=\"150\" src=\"https:\/\/www.buscroatia.com\/it\/wp-content\/uploads\/2013\/03\/Arch-of-Sergei-150x150.jpg\" class=\"attachment-thumbnail size-thumbnail\" alt=\"\" decoding=\"async\" loading=\"lazy\" \/><\/a>\n\t\t\t<\/dt><\/dl><br style=\"clear: both\" \/>\n\t\t<\/div>\n\n<p><b>\u00c8 possibile ricaricare i<\/b><b> <\/b><b>biglietti autobus<\/b><b> <\/b><b>a<\/b><b> <\/b><b>luoghi<\/b>:<\/p>\n<p>&#8211; Edicola I NOVINE &#8211; Giardini bb, Pula<br \/>\n&#8211; Edicola Glas Istre &#8211; Giardini bb, Pula<br \/>\n&#8211; Edicola Glas Istre &#8211; Piazza del Popolo 1, Pula<br \/>\n&#8211; Edicola Glas Istre &#8211; Koparska strada, Pula<br \/>\n&#8211; Edicola Glas Istre &#8211; Via Belvedere, Pula<br \/>\n&#8211; Fazana &#8211; Via V.GORTANA bb<br \/>\n&#8211; Medulin &#8211; Mudina 18<br \/>\n&#8211; Vodnjan \u2013 Ulica trgova\u010dka 143<br \/>\n&#8211; Filiale Pulapromet &#8211; Centro Sitnjan<\/p>\n","protected":false},"excerpt":{"rendered":"<p>Il trasporto pubblico a Pola \u00e8 gestito dalla societ\u00e0 Pulapromet. Il centro della citt\u00e0 \u00e8 molto ben collegato tramite autobus con le altre parti della citt\u00e0. Il trasporto pubblico \u00e8 diviso in 4 zone. La prima zona comprende la citt\u00e0 di Pola, la seconda zona comprende Medolino, Dignano, Loznjan, Premantura e Peroj. La terza zona [&hellip;]<\/p>\n","protected":false},"author":2,"featured_media":0,"parent":0,"menu_order":0,"comment_status":"open","ping_status":"open","template":"","meta":[],"aioseo_notices":[],"_links":{"self":[{"href":"https:\/\/www.buscroatia.com\/it\/wp-json\/wp\/v2\/pages\/829"}],"collection":[{"href":"https:\/\/www.buscroatia.com\/it\/wp-json\/wp\/v2\/pages"}],"about":[{"href":"https:\/\/www.buscroatia.com\/it\/wp-json\/wp\/v2\/types\/page"}],"author":[{"embeddable":true,"href":"https:\/\/www.buscroatia.com\/it\/wp-json\/wp\/v2\/users\/2"}],"replies":[{"embeddable":true,"href":"https:\/\/www.buscroatia.com\/it\/wp-json\/wp\/v2\/comments?post=829"}],"version-history":[{"count":3,"href":"https:\/\/www.buscroatia.com\/it\/wp-json\/wp\/v2\/pages\/829\/revisions"}],"predecessor-version":[{"id":2096,"href":"https:\/\/www.buscroatia.com\/it\/wp-json\/wp\/v2\/pages\/829\/revisions\/2096"}],"wp:attachment":[{"href":"https:\/\/www.buscroatia.com\/it\/wp-json\/wp\/v2\/media?parent=829"}],"curies":[{"name":"wp","href":"https:\/\/api.w.org\/{rel}","templated":true}]}}