{"id":775,"date":"2013-03-18T16:55:35","date_gmt":"2013-03-18T16:55:35","guid":{"rendered":"http:\/\/www.buscroatia.com\/it\/?page_id=775"},"modified":"2013-03-18T16:55:35","modified_gmt":"2013-03-18T16:55:35","slug":"trasporto-pubblico-a-ragusa","status":"publish","type":"page","link":"https:\/\/www.buscroatia.com\/it\/trasporto-pubblico-a-ragusa\/","title":{"rendered":"Trasporto pubblico a Ragusa"},"content":{"rendered":"<p><a href=\"https:\/\/www.buscroatia.com\/it\/wp-content\/uploads\/2013\/03\/Pile-porta-Ragusa.jpg\" rel=\"lightbox[775]\"><img decoding=\"async\" loading=\"lazy\" class=\"alignleft size-medium wp-image-784\" alt=\"Pile-porta-Ragusa\" src=\"https:\/\/www.buscroatia.com\/it\/wp-content\/uploads\/2013\/03\/Pile-porta-Ragusa-300x225.jpg\" width=\"300\" height=\"225\" srcset=\"https:\/\/www.buscroatia.com\/it\/wp-content\/uploads\/2013\/03\/Pile-porta-Ragusa-300x225.jpg 300w, https:\/\/www.buscroatia.com\/it\/wp-content\/uploads\/2013\/03\/Pile-porta-Ragusa.jpg 1024w\" sizes=\"(max-width: 300px) 100vw, 300px\" \/><\/a>Se siete alla ricerca di un <b>trasporto<\/b><b> economico ed affidabile<\/b> durante il soggiorno a Ragusa, gli autobus urbani sono la soluzione giusta. Il <b>trasporto pubblico<\/b><b> a Ragusa<\/b> \u00e8 <b>gestito<\/b><b> dalla societ\u00e0 Libertas<\/b>. Ci sono 10 linee di autobus a Ragusa che collegano tutte le parti della citt\u00e0. Il centro \u00e8 molto ben collegato con tutte le altre parti della citt\u00e0. <b>Il punto dove si volta l&#8217;autobus \u00e8 la parte della citt\u00e0 chiamata Pile<\/b> che si trova accanto all&#8217;ingresso delle mura della citt\u00e0 vecchia.<\/p>\n<p><b>Verso<\/b><b> Lapad e Babin Kuk<\/b>, dove si trovano la maggior parte degli alberghi e alloggi privati\u200b\u200b, corre numero 4 (Lapad)\u00a0 6 (Babin Kuk) che va da Pile ogni 15 minuti. Potete vedere <a title=\"Mappa dei bus\" href=\"http:\/\/www.libertasdubrovnik.com\/gradska.swf\"><strong><span style=\"color: #ff0000;\">qui<\/span><\/strong><\/a> la mappa di tutti i bus urbani e <a title=\"Orario bus\" href=\"http:\/\/www.libertasdubrovnik.com\/gradski.pdf\"><strong><span style=\"color: #ff0000;\">qui<\/span><\/strong><\/a> l&#8217;orario di tutti i bus.<\/p>\n<p><b><span style=\"text-decoration: underline;\">Prezzi<\/span><\/b><b><span style=\"text-decoration: underline;\"> dei biglietti autobus per il trasporto pubblico a Ragusa<\/span><\/b><\/p>\n<p>I <b>biglietti<\/b><b> per il trasporto pubblico<\/b> possono essere acquistati direttamente dal autista o presso i <b>chioschi<\/b><b> della Libertas<\/b> che si possono trovare nelle parti della citt\u00e0 Pile, Lapad, Gruz o Mokosica. Se si acquista il biglietto dal conducente, il <b>prezzo<\/b><b> \u00e8 15 kn<\/b>, ma se lo si compra al chiosco il prezzo \u00e8 12 kn. \u00c8 possibile <b>pagare il biglietto<\/b><b> solo in contanti<\/b>. Il biglietto \u00e8 valido 59 minuti dall&#8217;annullamento e pu\u00f2 essere utilizzato in tutte le direzioni.<\/p>\n<p><script type=\"text\/javascript\">\/\/ <![CDATA[\ngoogle_ad_client = \"\"; \/* Buscroatia-728-it *\/ google_ad_slot = \"4981847577\"; google_ad_width = 728; google_ad_height = 90;\n\/\/ ]]><\/script><br \/>\n<script type=\"text\/javascript\" src=\"https:\/\/pagead2.googlesyndication.com\/pagead\/show_ads.js\">\/\/ <![CDATA[\n\n\/\/ ]]><\/script><\/p>\n<p>Il trasporto pubblico non \u00e8 organizzato come in altre citt\u00e0 lungo la costa cio\u00e8 <b>utilizzare il biglietto<\/b><b> in una sola direzione<\/b>. Quindi, se dovete andare dal centro di Babin Kuk e ritorno, lo si pu\u00f2 fare con lo stesso biglietto <b>fino a quando il<\/b><b> viaggio in entrambe le direzioni dura 59 minuti.<\/b> A Ragusa hanno anche biglietti giornalieri che durano 24 ore dalla prima cancellazione e <b>non c&#8217;\u00e8<\/b><b> limite al numero di viaggi<\/b>. Prezzo del biglietto giornaliero \u00e8 30 kn e pu\u00f2 essere acquistato presso i chioschi Libertas sopramenzionati. Bambini fino a 6 anni accompagnati da un adulto non devono pagare per il trasporto pubblico.<\/p>\n<p><b><span style=\"text-decoration: underline;\">Ulteriori<\/span><\/b><b><span style=\"text-decoration: underline;\"> consigli su come utilizzare i mezzi pubblici a Ragusa<\/span><\/b><\/p>\n<p>\u00c8 necessario entrare nell&#8217;autobus alla porta d&#8217;ingresso, <b>mostrare il biglietto<\/b><b> al conducente ed annullarla nel dispositivo appropriato<\/b> che di solito \u00e8 dietro l&#8217;autista. Si dovrebbe anche sapere che i <b>controlli<\/b><b> sono molto frequenti<\/b> e, su richiesta di un funzionario \u00e8 necessario mostrare il biglietto. Se non si dispone di un biglietto o se il bilglietto non \u00e8 correttamente cancellato, immediatamente si paga una <b>sanzione pecuniaria<\/b><b> di 100 kn<\/b>. Il trasporto pubblico a Ragusa va dalle 05:00 alle 24.00.<\/p>\n<p>L&#8217;<b>azienda Libertas<\/b><b> <\/b>dispone anche di un <b>numero verde<\/b><b> 0800 1910<\/b> a cui si possono fare tutte le richieste o reclami relativi ai mezzi di trasporto pubblico.<\/p>\n\n\t\t<style type=\"text\/css\">\n\t\t\t#gallery-1 {\n\t\t\t\tmargin: auto;\n\t\t\t}\n\t\t\t#gallery-1 .gallery-item {\n\t\t\t\tfloat: left;\n\t\t\t\tmargin-top: 10px;\n\t\t\t\ttext-align: center;\n\t\t\t\twidth: 25%;\n\t\t\t}\n\t\t\t#gallery-1 img {\n\t\t\t\tborder: 2px solid #cfcfcf;\n\t\t\t}\n\t\t\t#gallery-1 .gallery-caption {\n\t\t\t\tmargin-left: 0;\n\t\t\t}\n\t\t\t\/* see gallery_shortcode() in wp-includes\/media.php *\/\n\t\t<\/style>\n\t\t<div id='gallery-1' class='gallery galleryid-775 gallery-columns-4 gallery-size-thumbnail'><dl class='gallery-item'>\n\t\t\t<dt class='gallery-icon landscape'>\n\t\t\t\t<a href='https:\/\/www.buscroatia.com\/it\/trasporto-pubblico-a-ragusa\/nozze-ragusa\/'><img width=\"150\" height=\"150\" src=\"https:\/\/www.buscroatia.com\/it\/wp-content\/uploads\/2013\/03\/Nozze-Ragusa-150x150.jpg\" class=\"attachment-thumbnail size-thumbnail\" alt=\"\" decoding=\"async\" loading=\"lazy\" \/><\/a>\n\t\t\t<\/dt><\/dl><dl class='gallery-item'>\n\t\t\t<dt class='gallery-icon landscape'>\n\t\t\t\t<a href='https:\/\/www.buscroatia.com\/it\/trasporto-pubblico-a-ragusa\/mura-ragusa\/'><img width=\"150\" height=\"150\" src=\"https:\/\/www.buscroatia.com\/it\/wp-content\/uploads\/2013\/03\/Mura-Ragusa-150x150.jpg\" class=\"attachment-thumbnail size-thumbnail\" alt=\"\" decoding=\"async\" loading=\"lazy\" \/><\/a>\n\t\t\t<\/dt><\/dl><dl class='gallery-item'>\n\t\t\t<dt class='gallery-icon landscape'>\n\t\t\t\t<a href='https:\/\/www.buscroatia.com\/it\/trasporto-pubblico-a-ragusa\/marina-ragusa\/'><img width=\"150\" height=\"150\" src=\"https:\/\/www.buscroatia.com\/it\/wp-content\/uploads\/2013\/03\/Marina-Ragusa-150x150.jpg\" class=\"attachment-thumbnail size-thumbnail\" alt=\"\" decoding=\"async\" loading=\"lazy\" \/><\/a>\n\t\t\t<\/dt><\/dl><dl class='gallery-item'>\n\t\t\t<dt class='gallery-icon landscape'>\n\t\t\t\t<a href='https:\/\/www.buscroatia.com\/it\/trasporto-pubblico-a-ragusa\/ragusa-fortezza\/'><img width=\"150\" height=\"150\" src=\"https:\/\/www.buscroatia.com\/it\/wp-content\/uploads\/2013\/03\/Ragusa-fortezza-150x150.jpg\" class=\"attachment-thumbnail size-thumbnail\" alt=\"\" decoding=\"async\" loading=\"lazy\" \/><\/a>\n\t\t\t<\/dt><\/dl><br style=\"clear: both\" \/><dl class='gallery-item'>\n\t\t\t<dt class='gallery-icon landscape'>\n\t\t\t\t<a href='https:\/\/www.buscroatia.com\/it\/trasporto-pubblico-a-ragusa\/cattedrale-ragusa\/'><img width=\"150\" height=\"150\" src=\"https:\/\/www.buscroatia.com\/it\/wp-content\/uploads\/2013\/03\/cattedrale-Ragusa-150x150.jpg\" class=\"attachment-thumbnail size-thumbnail\" alt=\"\" decoding=\"async\" loading=\"lazy\" \/><\/a>\n\t\t\t<\/dt><\/dl><dl class='gallery-item'>\n\t\t\t<dt class='gallery-icon landscape'>\n\t\t\t\t<a href='https:\/\/www.buscroatia.com\/it\/trasporto-pubblico-a-ragusa\/citta-storica-ragusa\/'><img width=\"150\" height=\"150\" src=\"https:\/\/www.buscroatia.com\/it\/wp-content\/uploads\/2013\/03\/Citta-storica-Ragusa-150x150.jpg\" class=\"attachment-thumbnail size-thumbnail\" alt=\"\" decoding=\"async\" loading=\"lazy\" \/><\/a>\n\t\t\t<\/dt><\/dl><dl class='gallery-item'>\n\t\t\t<dt class='gallery-icon landscape'>\n\t\t\t\t<a href='https:\/\/www.buscroatia.com\/it\/trasporto-pubblico-a-ragusa\/hilton-dubrovnik\/'><img width=\"150\" height=\"150\" src=\"https:\/\/www.buscroatia.com\/it\/wp-content\/uploads\/2013\/03\/Hilton-Dubrovnik-150x150.jpg\" class=\"attachment-thumbnail size-thumbnail\" alt=\"\" decoding=\"async\" loading=\"lazy\" \/><\/a>\n\t\t\t<\/dt><\/dl><dl class='gallery-item'>\n\t\t\t<dt class='gallery-icon landscape'>\n\t\t\t\t<a href='https:\/\/www.buscroatia.com\/it\/trasporto-pubblico-a-ragusa\/ponte-ragusa\/'><img width=\"150\" height=\"150\" src=\"https:\/\/www.buscroatia.com\/it\/wp-content\/uploads\/2013\/03\/Ponte-Ragusa-150x150.jpg\" class=\"attachment-thumbnail size-thumbnail\" alt=\"\" decoding=\"async\" loading=\"lazy\" \/><\/a>\n\t\t\t<\/dt><\/dl><br style=\"clear: both\" \/>\n\t\t<\/div>\n\n<p><b><span style=\"text-decoration: underline;\">Trasporto pubblico di perfieria di Ragusa<\/span><\/b><\/p>\n<p>Il trasporto pubblico \u00e8 previsto anche per i luoghi di periferia. Il pi\u00f9 popolare <b>collegamento<\/b><b> di periferia \u00e8 a Cavtat<\/b>. L&#8217;autobus numero 10 corre a Cavtat ogni 45 a 60 minuti e il punto di partenza \u00e8 da Gruz a Ragusa. Guidare verso Cavtat dura 25 minuti e il prezzo del biglietto \u00e8 25 kn. Ragusa \u00e8 da linee di periferia legati ai luoghi Slano, Ston, Molunat, Plat, Srebreno&#8230; <a title=\"Orario bus\" href=\"http:\/\/www.libertasdubrovnik.com\/prigradski.pdf\"><strong><span style=\"color: #ff0000;\">Qui<\/span><\/strong><\/a> potete vedere <b>l&#8217;orario dei bus di periferia<\/b> e <a title=\"Mappa dei bus\" href=\"http:\/\/www.libertasdubrovnik.com\/prigradskaistok.swf\"><strong><span style=\"color: #ff0000;\">qui<\/span><\/strong><\/a> la mappa dei percorsi disponibili da Ragusa.<\/p>\n","protected":false},"excerpt":{"rendered":"<p>Se siete alla ricerca di un trasporto economico ed affidabile durante il soggiorno a Ragusa, gli autobus urbani sono la soluzione giusta. Il trasporto pubblico a Ragusa \u00e8 gestito dalla societ\u00e0 Libertas. Ci sono 10 linee di autobus a Ragusa che collegano tutte le parti della citt\u00e0. Il centro \u00e8 molto ben collegato con tutte [&hellip;]<\/p>\n","protected":false},"author":2,"featured_media":0,"parent":0,"menu_order":0,"comment_status":"open","ping_status":"open","template":"","meta":[],"aioseo_notices":[],"_links":{"self":[{"href":"https:\/\/www.buscroatia.com\/it\/wp-json\/wp\/v2\/pages\/775"}],"collection":[{"href":"https:\/\/www.buscroatia.com\/it\/wp-json\/wp\/v2\/pages"}],"about":[{"href":"https:\/\/www.buscroatia.com\/it\/wp-json\/wp\/v2\/types\/page"}],"author":[{"embeddable":true,"href":"https:\/\/www.buscroatia.com\/it\/wp-json\/wp\/v2\/users\/2"}],"replies":[{"embeddable":true,"href":"https:\/\/www.buscroatia.com\/it\/wp-json\/wp\/v2\/comments?post=775"}],"version-history":[{"count":1,"href":"https:\/\/www.buscroatia.com\/it\/wp-json\/wp\/v2\/pages\/775\/revisions"}],"predecessor-version":[{"id":785,"href":"https:\/\/www.buscroatia.com\/it\/wp-json\/wp\/v2\/pages\/775\/revisions\/785"}],"wp:attachment":[{"href":"https:\/\/www.buscroatia.com\/it\/wp-json\/wp\/v2\/media?parent=775"}],"curies":[{"name":"wp","href":"https:\/\/api.w.org\/{rel}","templated":true}]}}