{"id":56,"date":"2012-07-23T19:30:42","date_gmt":"2012-07-23T19:30:42","guid":{"rendered":"http:\/\/www.buscroatia.com\/it\/?page_id=56"},"modified":"2014-09-26T12:52:24","modified_gmt":"2014-09-26T12:52:24","slug":"stazione-bus-sebenico","status":"publish","type":"page","link":"https:\/\/www.buscroatia.com\/it\/stazione-bus-sebenico\/","title":{"rendered":"Sebenico"},"content":{"rendered":"<p>La stazione autobus a Sebenico \u00e8 situata a Draga, 300 m dalla riva.<\/p>\n<p><strong><span style=\"text-decoration: underline;\">Servizi offerti da<\/span><\/strong><strong><span style=\"text-decoration: underline;\">stazione autobus Sebenico<\/span><\/strong><\/p>\n<p>La sala d&#8217;attesa si trova all&#8217;interno dell&#8217;edificio della stazione autobus e in alternativa c&#8217;\u00e8 un bar nelle vicinanze. All&#8217;esterno dell&#8217;edificio stazione autobus c&#8217;\u00e8 un ristorante fast food che offre panini, pizze e simili. C&#8217;\u00e8 anche un chiosco in cui \u00e8 possibile comprare l&#8217;acqua.<br \/>\n<script>\/\/ <![CDATA[\ngoogle_ad_client = \"\";\n\/* Bus728-it *\/\ngoogle_ad_slot = \"7714325818\";\ngoogle_ad_width = 728;\ngoogle_ad_height = 90;\n\/\/ ]]><\/script><br \/>\n<script src=\"https:\/\/pagead2.googlesyndication.com\/pagead\/show_ads.js\">\/\/ <![CDATA[\n\n\n\/\/ ]]><\/script><\/p>\n<p>\n\t\t<style type=\"text\/css\">\n\t\t\t#gallery-1 {\n\t\t\t\tmargin: auto;\n\t\t\t}\n\t\t\t#gallery-1 .gallery-item {\n\t\t\t\tfloat: left;\n\t\t\t\tmargin-top: 10px;\n\t\t\t\ttext-align: center;\n\t\t\t\twidth: 25%;\n\t\t\t}\n\t\t\t#gallery-1 img {\n\t\t\t\tborder: 2px solid #cfcfcf;\n\t\t\t}\n\t\t\t#gallery-1 .gallery-caption {\n\t\t\t\tmargin-left: 0;\n\t\t\t}\n\t\t\t\/* see gallery_shortcode() in wp-includes\/media.php *\/\n\t\t<\/style>\n\t\t<div id='gallery-1' class='gallery galleryid-56 gallery-columns-4 gallery-size-thumbnail'><dl class='gallery-item'>\n\t\t\t<dt class='gallery-icon landscape'>\n\t\t\t\t<a href='https:\/\/www.buscroatia.com\/it\/wp-content\/uploads\/2012\/07\/Bus-Sebenico.jpg' rel=\"lightbox[56]\"><img width=\"150\" height=\"150\" src=\"https:\/\/www.buscroatia.com\/it\/wp-content\/uploads\/2012\/07\/Bus-Sebenico-150x150.jpg\" class=\"attachment-thumbnail size-thumbnail\" alt=\"Bus Sebenico\" decoding=\"async\" loading=\"lazy\" \/><\/a>\n\t\t\t<\/dt><\/dl><dl class='gallery-item'>\n\t\t\t<dt class='gallery-icon landscape'>\n\t\t\t\t<a href='https:\/\/www.buscroatia.com\/it\/wp-content\/uploads\/2012\/07\/Sebenico-stazione-Bus.jpg' rel=\"lightbox[56]\"><img width=\"150\" height=\"150\" src=\"https:\/\/www.buscroatia.com\/it\/wp-content\/uploads\/2012\/07\/Sebenico-stazione-Bus-150x150.jpg\" class=\"attachment-thumbnail size-thumbnail\" alt=\"Bus stazione Sebenico\" decoding=\"async\" loading=\"lazy\" \/><\/a>\n\t\t\t<\/dt><\/dl><dl class='gallery-item'>\n\t\t\t<dt class='gallery-icon landscape'>\n\t\t\t\t<a href='https:\/\/www.buscroatia.com\/it\/wp-content\/uploads\/2012\/07\/Sebenico.jpg' rel=\"lightbox[56]\"><img width=\"150\" height=\"150\" src=\"https:\/\/www.buscroatia.com\/it\/wp-content\/uploads\/2012\/07\/Sebenico-150x150.jpg\" class=\"attachment-thumbnail size-thumbnail\" alt=\"Sebenico Autobus\" decoding=\"async\" loading=\"lazy\" \/><\/a>\n\t\t\t<\/dt><\/dl><dl class='gallery-item'>\n\t\t\t<dt class='gallery-icon landscape'>\n\t\t\t\t<a href='https:\/\/www.buscroatia.com\/it\/wp-content\/uploads\/2012\/07\/Stazione-Bus-Sebenico.jpg' rel=\"lightbox[56]\"><img width=\"150\" height=\"150\" src=\"https:\/\/www.buscroatia.com\/it\/wp-content\/uploads\/2012\/07\/Stazione-Bus-Sebenico-150x150.jpg\" class=\"attachment-thumbnail size-thumbnail\" alt=\"Stazione Bus Sebenico\" decoding=\"async\" loading=\"lazy\" \/><\/a>\n\t\t\t<\/dt><\/dl><br style=\"clear: both\" \/>\n\t\t<\/div>\n<br \/>\n<strong><span style=\"text-decoration: underline;\">Linee di bus pi\u00f9 richieste dalla stazione bus Sebenico<\/span><\/strong><\/p>\n<table border=\"1\" width=\"700\" cellspacing=\"1\" cellpadding=\"1\">\n<tbody>\n<tr>\n<td style=\"text-align: center;\" valign=\"top\" width=\"233\"><span style=\"text-decoration: underline; color: #0000ff;\">Bus Nazionali<\/span><\/td>\n<td style=\"text-align: center;\" valign=\"top\" width=\"233\"><span style=\"text-decoration: underline; color: #0000ff;\">Bus Regionali<\/span><\/td>\n<td style=\"text-align: center;\" valign=\"top\" width=\"233\"><span style=\"text-decoration: underline;\"><span style=\"color: #0000ff; text-decoration: underline;\">Bus Internazionali<\/span><\/span><\/td>\n<\/tr>\n<tr>\n<td style=\"text-align: center;\" valign=\"top\" width=\"233\"><a href=\"https:\/\/www.buscroatia.com\/it\/sebenico-zagabria\/\" target=\"_blank\">Sebenico\u00a0&#8211; Zagabria<\/a><\/td>\n<td style=\"text-align: center;\" valign=\"top\" width=\"233\">\u00a0<a href=\"https:\/\/www.buscroatia.com\/it\/sebenico-skradin\/\" target=\"_blank\">Sebenico &#8211; Krka<\/a><\/td>\n<td style=\"text-align: center;\" valign=\"top\" width=\"233\">\u00a0<a href=\"https:\/\/www.buscroatia.com\/it\/sebenico-mostar\/\" target=\"_blank\">Sebenico &#8211; Mostar<\/a><\/td>\n<\/tr>\n<tr>\n<td style=\"text-align: center;\" valign=\"top\" width=\"233\"><a href=\"https:\/\/www.buscroatia.com\/it\/sebenico-zara\/\" target=\"_blank\">Sebenico\u00a0&#8211; Zara<\/a><\/td>\n<td style=\"text-align: center;\" valign=\"top\" width=\"233\">\u00a0<a href=\"https:\/\/www.buscroatia.com\/it\/sebenico-vodice\/\" target=\"_blank\">Sebenico &#8211; Vodice<\/a><\/td>\n<td style=\"text-align: center;\" valign=\"top\" width=\"233\">\u00a0<a href=\"https:\/\/www.buscroatia.com\/it\/ricerca-percorsi\/?dS=1302&amp;aS=1608&amp;dSn=Sebenico+%28HR%29+Bus+terminal&amp;aSn=Medjugorje+%28BA%29+Bus+terminal&amp;d=&amp;t=\">Sebenico &#8211; Medjugorje<\/a><\/td>\n<\/tr>\n<tr>\n<td style=\"text-align: center;\" valign=\"top\" width=\"233\"><a href=\"https:\/\/www.buscroatia.com\/it\/sebenico-spalato\/\" target=\"_blank\">Sebenico\u00a0&#8211; Spalato<\/a><\/td>\n<td style=\"text-align: center;\" valign=\"top\" width=\"233\"><\/td>\n<td style=\"text-align: center;\" valign=\"top\" width=\"233\">\u00a0<a href=\"https:\/\/www.buscroatia.com\/it\/sebenico-sarajevo\/\" target=\"_blank\">Sebenico &#8211; Sarajevo<\/a><\/td>\n<\/tr>\n<tr>\n<td style=\"text-align: center;\" valign=\"top\" width=\"233\"><a href=\"https:\/\/www.buscroatia.com\/it\/sebenico-pola\/\" target=\"_blank\">Sebenico\u00a0&#8211; Pula<\/a><\/td>\n<td style=\"text-align: center;\" valign=\"top\" width=\"233\"><\/td>\n<td style=\"text-align: center;\" valign=\"top\" width=\"233\"><\/td>\n<\/tr>\n<\/tbody>\n<\/table>\n<p><span style=\"text-decoration: underline;\"><strong>Localit\u00e0 della stazione autobus<\/strong><\/span><\/p>\n<p><iframe loading=\"lazy\" src=\"https:\/\/maps.google.co.uk\/maps\/ms?msid=208501521610253693382.0004b91ad8c7e3bd42fc0&amp;msa=0&amp;ie=UTF8&amp;t=h&amp;ll=43.73481,15.890951&amp;spn=0.006977,0.014999&amp;z=16&amp;output=embed\" width=\"700\" height=\"450\" frameborder=\"0\" marginwidth=\"0\" marginheight=\"0\" scrolling=\"no\"><\/iframe><br \/>\n<small>View <a style=\"color: #0000ff; text-align: left;\" href=\"https:\/\/maps.google.co.uk\/maps\/ms?msid=208501521610253693382.0004b91ad8c7e3bd42fc0&amp;msa=0&amp;ie=UTF8&amp;t=h&amp;ll=43.73481,15.890951&amp;spn=0.006977,0.014999&amp;z=16&amp;source=embed\">Bus Station Sibenik<\/a> in a larger map<\/small><\/p>\n<p><strong><span style=\"text-decoration: underline;\">Indirizzo della stazione autobus<\/span><\/strong><\/p>\n<p>Draga 14<br \/>\n22000 \u0160ibenik<br \/>\n060\/368368<\/p>\n","protected":false},"excerpt":{"rendered":"<p>La stazione autobus a Sebenico \u00e8 situata a Draga, 300 m dalla riva. Servizi offerti dastazione autobus Sebenico La sala d&#8217;attesa si trova all&#8217;interno dell&#8217;edificio della stazione autobus e in alternativa c&#8217;\u00e8 un bar nelle vicinanze. All&#8217;esterno dell&#8217;edificio stazione autobus c&#8217;\u00e8 un ristorante fast food che offre panini, pizze e simili. C&#8217;\u00e8 anche un chiosco [&hellip;]<\/p>\n","protected":false},"author":1,"featured_media":0,"parent":0,"menu_order":0,"comment_status":"open","ping_status":"open","template":"pages-templates\/bus-station.php","meta":[],"aioseo_notices":[],"_links":{"self":[{"href":"https:\/\/www.buscroatia.com\/it\/wp-json\/wp\/v2\/pages\/56"}],"collection":[{"href":"https:\/\/www.buscroatia.com\/it\/wp-json\/wp\/v2\/pages"}],"about":[{"href":"https:\/\/www.buscroatia.com\/it\/wp-json\/wp\/v2\/types\/page"}],"author":[{"embeddable":true,"href":"https:\/\/www.buscroatia.com\/it\/wp-json\/wp\/v2\/users\/1"}],"replies":[{"embeddable":true,"href":"https:\/\/www.buscroatia.com\/it\/wp-json\/wp\/v2\/comments?post=56"}],"version-history":[{"count":16,"href":"https:\/\/www.buscroatia.com\/it\/wp-json\/wp\/v2\/pages\/56\/revisions"}],"predecessor-version":[{"id":2715,"href":"https:\/\/www.buscroatia.com\/it\/wp-json\/wp\/v2\/pages\/56\/revisions\/2715"}],"wp:attachment":[{"href":"https:\/\/www.buscroatia.com\/it\/wp-json\/wp\/v2\/media?parent=56"}],"curies":[{"name":"wp","href":"https:\/\/api.w.org\/{rel}","templated":true}]}}