{"id":389,"date":"2012-12-14T17:03:05","date_gmt":"2012-12-14T17:03:05","guid":{"rendered":"http:\/\/www.buscroatia.com\/it\/?page_id=389"},"modified":"2014-09-04T08:11:02","modified_gmt":"2014-09-04T08:11:02","slug":"trasporto-dallaeroporto-di-spalato","status":"publish","type":"page","link":"https:\/\/www.buscroatia.com\/it\/trasporto-dallaeroporto-di-spalato\/","title":{"rendered":"Trasporto dall&#8217;aeroporto di Spalato"},"content":{"rendered":"<p><a href=\"https:\/\/www.buscroatia.com\/it\/trasporto-dallaeroporto-di-spalato\/airport-split\/\" rel=\"attachment wp-att-390\"><img decoding=\"async\" loading=\"lazy\" class=\"alignleft size-medium wp-image-390\" src=\"https:\/\/www.buscroatia.com\/it\/wp-content\/uploads\/2012\/12\/Airport-Split-300x225.jpg\" alt=\"Aeroporto-Spalato\" width=\"300\" height=\"225\" srcset=\"https:\/\/www.buscroatia.com\/it\/wp-content\/uploads\/2012\/12\/Airport-Split-300x225.jpg 300w, https:\/\/www.buscroatia.com\/it\/wp-content\/uploads\/2012\/12\/Airport-Split.jpg 1024w\" sizes=\"(max-width: 300px) 100vw, 300px\" \/><\/a>L&#8217;aeroporto di Spalato si trova a <b>24 km<\/b><b> al di fuori del centro<\/b> <b>della citt\u00e0<\/b> in direzione di Trogir. Dall&#8217;aeroporto al centro della citt\u00e0 di Trogir ci sono circa 6 km. Nella mappa qui sotto potete vedere i percorsi possibili di guida dall&#8217;aeroporto.<\/p>\n<p><strong><span style=\"text-decoration: underline;\">Da e per l\u2019aeroporto di Spalato<\/span><\/strong><\/p>\n<p>Trasferimento privato o condiviso: se volete il ritiro all&#8217;aeroporto, \u00e8 possibile prenotare in anticipo un trasferimento. L&#8217;autista vi quindi aspetter\u00e0 all&#8217;aeroporto tenendo un cartello con il vostro nome. Il trasferimento prenotato in anticipo dall&#8217;aeroporto a Spalato costa circa 35 euro per 1-3 persone e 45 euro per un massimo di 8 persone. <a href=\"https:\/\/www.buscroatia.com\/it\/transfer-taxi\" target=\"_blank\"><strong><span style=\"color: #ff0000;\">Qui<\/span><\/strong><\/a> potete vedere i <strong>prezzi e prenotare in anticipo<\/strong> il trasferimento. Se andate verso altre destinazioni in Croazia, <a href=\"https:\/\/www.buscroatia.com\/it\/transfer-taxi\" target=\"_blank\"><strong><span style=\"color: #ff0000;\">qui<\/span><\/strong><\/a> potete vedere l&#8217;offerta del trasporto<strong>. <\/strong><\/p>\n<p><strong>Rent-a-car<\/strong><strong>: i<\/strong>n aeroporto si ha possibilit\u00e0 di affittare una macchina da compagnie locali e internazionali di autonoleggio. <strong>Qui<\/strong> potete trovare le offerte autonoleggio a Spalato.<br \/>\n<script>\/\/ <![CDATA[\ngoogle_ad_client = \"\";\n\/* Bus728-it *\/\ngoogle_ad_slot = \"7714325818\";\ngoogle_ad_width = 728;\ngoogle_ad_height = 90;\n\/\/ ]]><\/script><br \/>\n<script src=\"https:\/\/pagead2.googlesyndication.com\/pagead\/show_ads.js\">\/\/ <![CDATA[\n\n\n\/\/ ]]><\/script><\/p>\n<p><b>Alloggi a Spalato e Trogir<\/b>: l&#8217;offerta di alloggio a Spalato varia da ostelli economici da alberghi di lusso. Se non avete ancora trovato il vostro alloggio a Spalato, potete trovare un&#8217;ampia selezione di alberghi, ostelli e bad&amp;breakfast <a href=\"https:\/\/www.buscroatia.com\/it\/ostelli-spalato\" target=\"_blank\"><strong><span style=\"color: #ff0000;\">qui<\/span><\/strong><\/a> e <a href=\"https:\/\/www.buscroatia.com\/it\/hotel-spalato\" target=\"_blank\"><strong><span style=\"color: #ff0000;\">qui<\/span><\/strong><\/a>. Se siete in cerca di alloggi a prezzi convenienti a Trogir, potete cercare <a href=\"http:\/\/www.appartamenticroazia24.com\/trogir-it\"><strong><span style=\"color: #ff0000;\">qui<\/span><\/strong><\/a>.<\/p>\n<p><b>Bus dall&#8217;aeroporto di Spalato<\/b>: se viaggiate dall&#8217;aeroporto a Spalato, il bus lo troverete proprio davanti al terminal. <a href=\"https:\/\/www.buscroatia.com\/it\/ricerca-percorsi\/?dS=1613&amp;aS=1217&amp;dSn=Spalato%20%28aeroporto%29%20%20%28HR%29&amp;aSn=Spalato%20%28HR%29%20Bus%20terminal&amp;d&amp;t\" target=\"_blank\"><strong><span style=\"color: #ff0000;\">Qui<\/span><\/strong><\/a> potete trovare le partenze dall&#8217;aeroporto a Spalato.<\/p>\n<p>Dalla fine del <b>lungomare<\/b> (Riva) a Spalato, c&#8217;\u00e8 un&#8217;<strong>autobus dell&#8217;aeroporto<\/strong> che va per l&#8217;aeroporto senza fermarsi lungo la strada. <a href=\"https:\/\/www.buscroatia.com\/it\/ricerca-percorsi\/?dS=1217&amp;aS=1613&amp;dSn=Spalato%20%28HR%29%20Bus%20terminal&amp;aSn=Spalato%20%28aeroporto%29%20%20%28HR%29&amp;d&amp;t\" target=\"_blank\"><strong><span style=\"color: #ff0000;\">Qui<\/span><\/strong><\/a> potete vedere le partenze dal centro citt\u00e0 all&#8217;aeroporto.<\/p>\n<p><b>NOTA<\/b>: alcune delle partenze sono stagionali e alcune si riferiscono solo ai giorni feriali specifici. Quindi, ricordatevi di aggiungere la <b>data esatta del vostro viaggio<\/b> quando cercate nell&#8217;orario.<\/p>\n<p>Il <b>prezzo<\/b> per un biglietto di sola andata da o per l&#8217;aeroporto \u00e8 30 kuna; i biglietti si possoon comprare in autobus.<\/p>\n<table border=\"0\" width=\"720\" cellspacing=\"2\" cellpadding=\"2\">\n<tbody>\n<tr>\n<td align=\"center\" width=\"240\">\n<p align=\"center\"><a href=\"https:\/\/www.buscroatia.com\/it\/appartamenti-split\" target=\"_blank\"><img decoding=\"async\" style=\"margin: 0px 1px 1px;\" src=\"https:\/\/www.buscroatia.com\/wp-content\/uploads\/info\/Appartamenti.jpg\" alt=\"\" \/><\/a><\/p>\n<p align=\"center\"><strong><span style=\"color: #000000; font-size: large;\">Split<\/span><\/strong><\/p>\n<\/td>\n<td align=\"center\" width=\"240\">\n<p align=\"center\"><a href=\"https:\/\/www.buscroatia.com\/it\/hotel-spalato\" target=\"_blank\"><img decoding=\"async\" style=\"margin: 0px 1px 1px;\" src=\"https:\/\/www.buscroatia.com\/wp-content\/uploads\/2012\/08\/Icon-hotel.jpg\" alt=\"\" \/><\/a><\/p>\n<p align=\"center\"><strong><span style=\"color: #000000; font-size: large;\"><strong>Split<\/strong><\/span><\/strong><\/p>\n<\/td>\n<td align=\"center\" width=\"240\">\n<p align=\"center\"><a href=\"https:\/\/www.buscroatia.com\/it\/ostelli-spalato\" target=\"_blank\"><img decoding=\"async\" style=\"margin: 0px 1px 1px;\" src=\"https:\/\/www.buscroatia.com\/wp-content\/uploads\/2012\/08\/Icon-hostel.jpg\" alt=\"\" \/><\/a><\/p>\n<p align=\"center\"><strong><span style=\"color: #000000; font-size: large;\"><strong>Split<\/strong><\/span><\/strong><\/p>\n<\/td>\n<\/tr>\n<\/tbody>\n<\/table>\n<p><b>Altri bus per l&#8217;aeroporto<\/b>: se il bus dell&#8217;aeroporto non corrisponde al vostro orario del viaggio, avete la possibilit\u00e0 di prender il bus regionale 37 che va tra Spalato e Trogir. L&#8217;autobus parte dalla <b>strada principale di fronte all&#8217;aeroporto<\/b> che \u00e8 circa 150 metri a piedi dal terminal principale. Se viaggiate da Spalato, tenete in mente che l&#8217;autobus parte dalla stazione bus SUKOISAN (non la <a title=\"Spalato\" href=\"https:\/\/www.buscroatia.com\/it\/stazione-bus-spalato\/\"><strong><span style=\"color: #ff0000;\">stazione principale<\/span><\/strong><\/a>) che dista circa 1 km dal centro. Il bus 37 guida ogni 20 \u2013 30 minuti, a seconda del tempo di viaggio e il giorno. Potete vedere <a href=\"http:\/\/www.promet-split.hr\/index.php?option=com_content&amp;task=view&amp;id=94&amp;Itemid=187\" target=\"_blank\"><strong><span style=\"color: #ff0000;\">qui<\/span><\/strong><\/a> l&#8217;orario per il bus 37 e <a href=\"http:\/\/www.promet-split.hr\/index.php?option=com_content&amp;task=view&amp;id=93&amp;Itemid=188\" target=\"_blank\"><strong><span style=\"color: #ff0000;\">qui<\/span><\/strong><\/a> l&#8217;orario in direzione opposta.<\/p>\n<p><b>NOTA<\/b>: il bus 37 si ferma parecchie volte lungo la strada e durante la stagione alta l&#8217;autobus \u00e8 a volte affollato. Quindi, se portate molti bagagli, potreste prendere in considerazione altri mezzi di trasporto.<\/p>\n<p><b>Taxi<\/b>: il posteggio dei taxi principale di Spalato si trova vicino al lungomare (lo stesso posto da cui parte l&#8217;autobus dell&#8217;aeroporto). Altri posteggi dei taxi si trovano vicino alla stazione principale degli autobus e la stazione ferroviaria, nonch\u00e9 sul lato opposto del lungomare. Il prezzo per un taxi tra l&#8217;aeroporto e il centro citt\u00e0 di Spalato \u00e8 circa 40-50 euro.<\/p>\n<p><span style=\"text-decoration: underline;\"><strong>Mappa del percorso Spalato &#8211; aeroporto<\/strong><\/span><\/p>\n<p><iframe loading=\"lazy\" src=\"https:\/\/maps.google.co.uk\/maps\/ms?msid=208501521610253693382.0004cb7620b9c064f1fe2&amp;msa=0&amp;ie=UTF8&amp;t=h&amp;ll=43.531874,16.394691&amp;spn=0.112008,0.239983&amp;z=12&amp;output=embed\" width=\"700\" height=\"450\" frameborder=\"0\" marginwidth=\"0\" marginheight=\"0\" scrolling=\"no\"><\/iframe><br \/>\n<small>View <a style=\"color: #0000ff; text-align: left;\" href=\"https:\/\/maps.google.co.uk\/maps\/ms?msid=208501521610253693382.0004cb7620b9c064f1fe2&amp;msa=0&amp;ie=UTF8&amp;t=h&amp;ll=43.531874,16.394691&amp;spn=0.112008,0.239983&amp;z=12&amp;source=embed\">From Split airport to Split<\/a> in a larger map<\/small><\/p>\n","protected":false},"excerpt":{"rendered":"<p>L&#8217;aeroporto di Spalato si trova a 24 km al di fuori del centro della citt\u00e0 in direzione di Trogir. Dall&#8217;aeroporto al centro della citt\u00e0 di Trogir ci sono circa 6 km. Nella mappa qui sotto potete vedere i percorsi possibili di guida dall&#8217;aeroporto. Da e per l\u2019aeroporto di Spalato Trasferimento privato o condiviso: se volete [&hellip;]<\/p>\n","protected":false},"author":2,"featured_media":0,"parent":0,"menu_order":0,"comment_status":"open","ping_status":"open","template":"","meta":[],"aioseo_notices":[],"_links":{"self":[{"href":"https:\/\/www.buscroatia.com\/it\/wp-json\/wp\/v2\/pages\/389"}],"collection":[{"href":"https:\/\/www.buscroatia.com\/it\/wp-json\/wp\/v2\/pages"}],"about":[{"href":"https:\/\/www.buscroatia.com\/it\/wp-json\/wp\/v2\/types\/page"}],"author":[{"embeddable":true,"href":"https:\/\/www.buscroatia.com\/it\/wp-json\/wp\/v2\/users\/2"}],"replies":[{"embeddable":true,"href":"https:\/\/www.buscroatia.com\/it\/wp-json\/wp\/v2\/comments?post=389"}],"version-history":[{"count":21,"href":"https:\/\/www.buscroatia.com\/it\/wp-json\/wp\/v2\/pages\/389\/revisions"}],"predecessor-version":[{"id":185678,"href":"https:\/\/www.buscroatia.com\/it\/wp-json\/wp\/v2\/pages\/389\/revisions\/185678"}],"wp:attachment":[{"href":"https:\/\/www.buscroatia.com\/it\/wp-json\/wp\/v2\/media?parent=389"}],"curies":[{"name":"wp","href":"https:\/\/api.w.org\/{rel}","templated":true}]}}