{"id":36,"date":"2012-07-23T18:56:08","date_gmt":"2012-07-23T18:56:08","guid":{"rendered":"http:\/\/www.buscroatia.com\/it\/?page_id=36"},"modified":"2014-01-13T15:13:07","modified_gmt":"2014-01-13T15:13:07","slug":"stazione-bus-makarska","status":"publish","type":"page","link":"https:\/\/www.buscroatia.com\/it\/stazione-bus-makarska\/","title":{"rendered":"Stazione bus Makarska"},"content":{"rendered":"<p><a href=\"https:\/\/www.buscroatia.com\/it\/wp-content\/uploads\/2012\/07\/Makarska.jpg\" rel=\"lightbox[36]\"><img decoding=\"async\" loading=\"lazy\" class=\"alignright size-medium wp-image-48\" title=\"Makarska\" alt=\"Makarska\" src=\"https:\/\/www.buscroatia.com\/it\/wp-content\/uploads\/2012\/07\/Makarska-300x225.jpg\" width=\"300\" height=\"225\" srcset=\"https:\/\/www.buscroatia.com\/it\/wp-content\/uploads\/2012\/07\/Makarska-300x225.jpg 300w, https:\/\/www.buscroatia.com\/it\/wp-content\/uploads\/2012\/07\/Makarska.jpg 1024w\" sizes=\"(max-width: 300px) 100vw, 300px\" \/><\/a>La stazione bus di Makarska si trova all&#8217;incrocio della strada di Matije Gupca e dr. Mate Ujevi\u0107a che \u00e8 meno di 1 km di distanza dal lungomare. Vi consigliamo di acquistare i biglietti in tempo, soprattutto durante l&#8217;estate.<\/p>\n<p><strong><span style=\"text-decoration: underline;\">Servizi offerti da<\/span><\/strong><strong><span style=\"text-decoration: underline;\">stazione autobus Makarska<br \/>\n<\/span><\/strong><\/p>\n<p>Informazioni e ufficio vendite, un chiosco di vendita, bar &#8230;<\/p>\n<p><b><span style=\"text-decoration: underline;\">Alloggio vicino alla stazione bus Makarska<\/span><\/b><\/p>\n<p>Siccome la stazione autobus a Makarska \u00e8centrale nella citt\u00e0, vi \u00e8 abbondanza di <b>alloggi<\/b><b> a pochi passi<\/b>. Se non avete molti bagagli, potete raggiungere a piedi tutte le parti della citt\u00e0. Tutti gli <b>alberghi pi\u00f9 grandi<\/b><b> si trovano lungo la passeggiata lu<\/b>ngomare, appartamenti, ostelli e bed and breakfast sono sparsi in tutta la citt\u00e0. \u00c8 possibile vedere le offerte attuali di alloggio a Makarska qui:<\/p>\n<table width=\"720\" border=\"0\" cellspacing=\"2\" cellpadding=\"2\">\n<tbody>\n<tr>\n<td align=\"center\" width=\"240\">\n<p align=\"center\"><a href=\"https:\/\/www.buscroatia.com\/it\/appartamenti-makarska\" target=\"_blank\"><img decoding=\"async\" style=\"margin: 0px 1px 1px;\" alt=\"\" src=\"https:\/\/www.buscroatia.com\/wp-content\/uploads\/info\/Appartamenti.jpg\" \/><\/a><\/p>\n<p align=\"center\"><strong><span style=\"color: #000000; font-size: large;\">Makarska<\/span><\/strong><\/p>\n<\/td>\n<td align=\"center\" width=\"240\">\n<p align=\"center\"><a href=\"https:\/\/www.buscroatia.com\/it\/hotel-makarska\" target=\"_blank\"><img decoding=\"async\" style=\"margin: 0px 1px 1px;\" alt=\"\" src=\"https:\/\/www.buscroatia.com\/wp-content\/uploads\/2012\/08\/Icon-hotel.jpg\" \/><\/a><\/p>\n<p align=\"center\"><strong><span style=\"color: #000000; font-size: large;\"><strong><strong>Makarska<\/strong><\/strong><\/span><\/strong><\/p>\n<\/td>\n<td align=\"center\" width=\"240\">\n<p align=\"center\"><a href=\"https:\/\/www.buscroatia.com\/it\/ostelli-makarska\" target=\"_blank\"><img decoding=\"async\" style=\"margin: 0px 1px 1px;\" alt=\"\" src=\"https:\/\/www.buscroatia.com\/wp-content\/uploads\/2012\/08\/Icon-hostel.jpg\" \/><\/a><\/p>\n<p align=\"center\"><strong><span style=\"color: #000000; font-size: large;\"><strong><strong>Makarska<\/strong><\/strong><\/span><\/strong><\/p>\n<\/td>\n<\/tr>\n<\/tbody>\n<\/table>\n<p><b><span style=\"text-decoration: underline;\">Autonoleggio Makarska<\/span><\/b><\/p>\n<p>Non c&#8217;\u00e8 nessun&#8217;agenzia autonoleggio presso la stazione degli autobus e al momento nessuna delle <b>marche &#8220;globali<\/b><b>&#8221; di autonoleggio<\/b> non ha sede a Makarska. Questo non significa naturalmente che non si pu\u00f2 noleggiare un&#8217;auto. Se si vuole fare una gita ad esempio a Mostar, Medjugorje, Ragusa o avete bisogno di noleggiare un&#8217;auto per un periodo pi\u00f9 lungo, troverete agenzie di viaggio al lungomare a Makarska dove \u00e8 possibile noleggiare vari tipi di automobili. In alternativa, si potrebbero anche trovare le offerte adeguate su internet.<br \/>\n<script type=\"text\/javascript\">\/\/ <![CDATA[\ngoogle_ad_client = \"\"; \/* Bus728-it *\/ google_ad_slot = \"7714325818\"; google_ad_width = 728; google_ad_height = 90;\n\/\/ ]]><\/script><br \/>\n<script type=\"text\/javascript\" src=\"https:\/\/pagead2.googlesyndication.com\/pagead\/show_ads.js\">\/\/ <![CDATA[\n\n\n\/\/ ]]><\/script><\/p>\n<p>Qui di seguito abbiamo elencato alcune delle <b>destinazioni<\/b><b> pi\u00f9 famose <span style=\"color: #0000ff;\">nazionali e internazionali <\/span><\/b>da Makarska. Se avete intenzione di viaggiare verso destinazioni pi\u00f9 distante, ad esempio Zara, avrete pi\u00f9 opzioni di viaggio se lo <span style=\"color: #0000ff;\"><b>dividete<\/b><b> in due tappe<\/b><\/span>: prima tappa sarebbe <b>Makarska<\/b><b> a Spalato<\/b>, la seconda tappa <b>Spalato<\/b><b> a Zara<\/b>.<\/p>\n<p><strong><span style=\"text-decoration: underline;\">Linee di bus pi\u00f9 richieste dalla stazione bus Makarska<br \/>\n<\/span><\/strong><\/p>\n<table width=\"700\" border=\"1\" cellspacing=\"1\" cellpadding=\"1\">\n<tbody>\n<tr>\n<td style=\"text-align: center;\" valign=\"top\" width=\"233\"><span style=\"text-decoration: underline; color: #0000ff;\">Bus Nazionali<\/span><\/td>\n<td style=\"text-align: center;\" valign=\"top\" width=\"233\"><span style=\"text-decoration: underline; color: #0000ff;\">Bus Regionali<\/span><\/td>\n<td style=\"text-align: center;\" valign=\"top\" width=\"233\"><span style=\"text-decoration: underline;\"><span style=\"color: #0000ff; text-decoration: underline;\">Bus Internazionali<\/span><\/span><\/td>\n<\/tr>\n<tr>\n<td style=\"text-align: center;\" valign=\"top\" width=\"233\"><a title=\"Makarska \u2013 Spalato\" href=\"https:\/\/www.buscroatia.com\/it\/makarska-spalato\/\" target=\"_blank\">Makarska &#8211; Spalato<\/a><\/td>\n<td style=\"text-align: center;\" valign=\"top\" width=\"233\">\u00a0<a title=\"Makarska \u2013 Brela\" href=\"https:\/\/www.buscroatia.com\/it\/makarska-brela\/\" target=\"_blank\">Makarska &#8211; Brela<\/a><\/td>\n<td style=\"text-align: center;\" valign=\"top\" width=\"233\"><a title=\"Makarska \u2013 Mostar\" href=\"https:\/\/www.buscroatia.com\/it\/makarska-mostar\/\" target=\"_blank\">Makarska &#8211; Mostar<\/a><\/td>\n<\/tr>\n<tr>\n<td style=\"text-align: center;\" valign=\"top\" width=\"233\"><a title=\"Makarska \u2013 Ragusa\" href=\"https:\/\/www.buscroatia.com\/it\/makarska-ragusa\/\" target=\"_blank\">Makarska &#8211; Ragusa<\/a><\/td>\n<td style=\"text-align: center;\" valign=\"top\" width=\"233\">\u00a0<a title=\"Makarska \u2013 Baska Voda\" href=\"https:\/\/www.buscroatia.com\/it\/makarska-baska-voda\/\" target=\"_blank\">Makarska &#8211; Baska Voda<\/a><\/td>\n<td style=\"text-align: center;\" valign=\"top\" width=\"233\"><a title=\"Makarska \u2013 Medjugorje\" href=\"https:\/\/www.buscroatia.com\/it\/makarska-medjugorje\/\" target=\"_blank\">Makarska &#8211; Medjugorje<\/a><\/td>\n<\/tr>\n<tr>\n<td style=\"text-align: center;\" valign=\"top\" width=\"233\"><a title=\"Makarska \u2013 Zara\" href=\"https:\/\/www.buscroatia.com\/it\/makarska-zara\/\" target=\"_blank\">Makarska &#8211; Zara<\/a><\/td>\n<td style=\"text-align: center;\" valign=\"top\" width=\"233\"><a title=\"Makarska \u2013 Omis\" href=\"https:\/\/www.buscroatia.com\/it\/makarska-omis\/\" target=\"_blank\">Makarska &#8211; Omis<\/a><\/td>\n<td style=\"text-align: center;\" valign=\"top\" width=\"233\"><a title=\"Makarska \u2013 Sarajevo\" href=\"https:\/\/www.buscroatia.com\/it\/makarska-sarajevo\/\" target=\"_blank\">Makarska &#8211; Sarajevo<\/a><\/td>\n<\/tr>\n<tr>\n<td style=\"text-align: center;\" valign=\"top\" width=\"233\"><a title=\"Makarska \u2013 Zagabria\" href=\"https:\/\/www.buscroatia.com\/it\/makarska-zagabria\/\" target=\"_blank\">Makarska &#8211; Zagabria<\/a><\/td>\n<td style=\"text-align: center;\" valign=\"top\" width=\"233\"><\/td>\n<td style=\"text-align: center;\" valign=\"top\" width=\"233\"><\/td>\n<\/tr>\n<tr>\n<td style=\"text-align: center;\" valign=\"top\" width=\"233\"><a title=\"Makarska \u2013 Plitvice\" href=\"https:\/\/www.buscroatia.com\/it\/makarska-plitvice\/\">Makarska &#8211; Plitvice<\/a><\/td>\n<td style=\"text-align: center;\" valign=\"top\" width=\"233\"><\/td>\n<td style=\"text-align: center;\" valign=\"top\" width=\"233\"><\/td>\n<\/tr>\n<\/tbody>\n<\/table>\n<p><span style=\"text-decoration: underline;\"><strong>Localit\u00e0 della stazione autobus<\/strong><\/span><\/p>\n<p><iframe loading=\"lazy\" src=\"https:\/\/maps.google.co.uk\/maps\/ms?msid=208501521610253693382.0004b91ad658d80a015e7&amp;msa=0&amp;ie=UTF8&amp;t=h&amp;ll=43.299884,17.021255&amp;spn=0.028109,0.059996&amp;z=14&amp;output=embed\" height=\"450\" width=\"700\" frameborder=\"0\" marginwidth=\"0\" marginheight=\"0\" scrolling=\"no\"><\/iframe><br \/>\n<small>View <a style=\"color: #0000ff; text-align: left;\" href=\"https:\/\/maps.google.co.uk\/maps\/ms?msid=208501521610253693382.0004b91ad658d80a015e7&amp;msa=0&amp;ie=UTF8&amp;t=h&amp;ll=43.299884,17.021255&amp;spn=0.028109,0.059996&amp;z=14&amp;source=embed\">Bus station Makarska<\/a> in a larger map<\/small><\/p>\n","protected":false},"excerpt":{"rendered":"<p>La stazione bus di Makarska si trova all&#8217;incrocio della strada di Matije Gupca e dr. Mate Ujevi\u0107a che \u00e8 meno di 1 km di distanza dal lungomare. Vi consigliamo di acquistare i biglietti in tempo, soprattutto durante l&#8217;estate. Servizi offerti dastazione autobus Makarska Informazioni e ufficio vendite, un chiosco di vendita, bar &#8230; Alloggio vicino [&hellip;]<\/p>\n","protected":false},"author":1,"featured_media":0,"parent":0,"menu_order":0,"comment_status":"open","ping_status":"open","template":"pages-templates\/bus-station.php","meta":[],"aioseo_notices":[],"_links":{"self":[{"href":"https:\/\/www.buscroatia.com\/it\/wp-json\/wp\/v2\/pages\/36"}],"collection":[{"href":"https:\/\/www.buscroatia.com\/it\/wp-json\/wp\/v2\/pages"}],"about":[{"href":"https:\/\/www.buscroatia.com\/it\/wp-json\/wp\/v2\/types\/page"}],"author":[{"embeddable":true,"href":"https:\/\/www.buscroatia.com\/it\/wp-json\/wp\/v2\/users\/1"}],"replies":[{"embeddable":true,"href":"https:\/\/www.buscroatia.com\/it\/wp-json\/wp\/v2\/comments?post=36"}],"version-history":[{"count":25,"href":"https:\/\/www.buscroatia.com\/it\/wp-json\/wp\/v2\/pages\/36\/revisions"}],"predecessor-version":[{"id":40,"href":"https:\/\/www.buscroatia.com\/it\/wp-json\/wp\/v2\/pages\/36\/revisions\/40"}],"wp:attachment":[{"href":"https:\/\/www.buscroatia.com\/it\/wp-json\/wp\/v2\/media?parent=36"}],"curies":[{"name":"wp","href":"https:\/\/api.w.org\/{rel}","templated":true}]}}