{"id":2703,"date":"2014-09-25T16:47:20","date_gmt":"2014-09-25T16:47:20","guid":{"rendered":"http:\/\/www.buscroatia.com\/it\/?page_id=2703"},"modified":"2014-09-25T16:47:43","modified_gmt":"2014-09-25T16:47:43","slug":"sebenico-sarajevo","status":"publish","type":"page","link":"https:\/\/www.buscroatia.com\/it\/sebenico-sarajevo\/","title":{"rendered":"Sebenico-Sarajevo"},"content":{"rendered":"<p><strong>Da Sebenico a Sarajevo nella Bosnia<\/strong> c&#8217;\u00e8 una distanza di 310 km; se si viaggia in auto ci vogliono 4 ore e 30 minuti per raggiungere Sarajevo se non c&#8217;\u00e8 molto traffico al valico di frontiera con la Bosnia.<\/p>\n<p><strong>Non esistono linee bus dirette da sebenico a Sarajevo<\/strong>. \u00c8 necessario viaggiare <strong>da Sebenico a Spalato<\/strong> da dove vi sono alcune partenze per Sarajevo. Il viaggio da Spalato a Sarajevo in bus dura circa 8 ore. <a href=\"https:\/\/www.buscroatia.com\/routes-search\/?dS=1217&amp;aS=1602&amp;dSn=Split%20%28HR%29%20Bus%20terminal&amp;aSn=Sarajevo%20%28BA%29%20Bus%20terminal&amp;d&amp;t\"><span style=\"color: #ff0000;\"><strong>Qui<\/strong><\/span><\/a> potete vedere ulteriori <strong>informazioni sulle linee da Spalato a Sarajevo<\/strong> e <a href=\"https:\/\/www.buscroatia.com\/it\/ricerca-percorsi\/?dS=1602&amp;aS=1217&amp;dSn=Sarajevo++%28BA%29+Bus+terminal&amp;aSn=Spalato+%28HR%29+Bus+terminal&amp;d=&amp;t=\"><span style=\"color: #ff0000;\"><strong>qui<\/strong><\/span><\/a> in direzione opposta.<\/p>\n<p>Gli <strong>orari bus da Sebenico a Spalato<\/strong> si possono vedere <a href=\"https:\/\/www.buscroatia.com\/it\/ricerca-percorsi\/?dS=1302&amp;aS=1217&amp;dSn=Sebenico+%28HR%29+Bus+terminal&amp;aSn=Spalato+%28HR%29+Bus+terminal&amp;d=&amp;t=\"><strong><span style=\"color: #ff0000;\">qui<\/span><\/strong><\/a>, mentre <a href=\"https:\/\/www.buscroatia.com\/it\/ricerca-percorsi\/?dS=1217&amp;aS=1302&amp;dSn=Spalato+%28HR%29+Bus+terminal&amp;aSn=Sebenico+%28HR%29+Bus+terminal&amp;d=&amp;t=\"><strong><span style=\"color: #ff0000;\">qui<\/span><\/strong><\/a> si possono vedere gli orari in direzione opposta.<\/p>\n<p>&nbsp;<\/p>\n","protected":false},"excerpt":{"rendered":"<p>Da Sebenico a Sarajevo nella Bosnia c&#8217;\u00e8 una distanza di 310 km; se si viaggia in auto ci vogliono 4 ore e 30 minuti per raggiungere Sarajevo se non c&#8217;\u00e8 molto traffico al valico di frontiera con la Bosnia. Non esistono linee bus dirette da sebenico a Sarajevo. \u00c8 necessario viaggiare da Sebenico a Spalato [&hellip;]<\/p>\n","protected":false},"author":2,"featured_media":0,"parent":0,"menu_order":0,"comment_status":"closed","ping_status":"closed","template":"","meta":[],"aioseo_notices":[],"_links":{"self":[{"href":"https:\/\/www.buscroatia.com\/it\/wp-json\/wp\/v2\/pages\/2703"}],"collection":[{"href":"https:\/\/www.buscroatia.com\/it\/wp-json\/wp\/v2\/pages"}],"about":[{"href":"https:\/\/www.buscroatia.com\/it\/wp-json\/wp\/v2\/types\/page"}],"author":[{"embeddable":true,"href":"https:\/\/www.buscroatia.com\/it\/wp-json\/wp\/v2\/users\/2"}],"replies":[{"embeddable":true,"href":"https:\/\/www.buscroatia.com\/it\/wp-json\/wp\/v2\/comments?post=2703"}],"version-history":[{"count":2,"href":"https:\/\/www.buscroatia.com\/it\/wp-json\/wp\/v2\/pages\/2703\/revisions"}],"predecessor-version":[{"id":2705,"href":"https:\/\/www.buscroatia.com\/it\/wp-json\/wp\/v2\/pages\/2703\/revisions\/2705"}],"wp:attachment":[{"href":"https:\/\/www.buscroatia.com\/it\/wp-json\/wp\/v2\/media?parent=2703"}],"curies":[{"name":"wp","href":"https:\/\/api.w.org\/{rel}","templated":true}]}}