{"id":2291,"date":"2014-09-11T16:36:08","date_gmt":"2014-09-11T16:36:08","guid":{"rendered":"http:\/\/www.buscroatia.com\/it\/?page_id=2291"},"modified":"2014-09-11T16:36:08","modified_gmt":"2014-09-11T16:36:08","slug":"stazione-bus-slavonski-brod","status":"publish","type":"page","link":"https:\/\/www.buscroatia.com\/it\/stazione-bus-slavonski-brod\/","title":{"rendered":"Stazione bus Slavonski Brod"},"content":{"rendered":"<p>La <strong>stazione bus a Slavonski Brod<\/strong> si trova nel centro della citt\u00e0, accanto alla stazione ferroviaria. Alla stazione c&#8217;\u00e8 la sala d&#8217;attesa, un&#8217;edicola e altri negozi.<\/p>\n<p>Vi sono collegamenti <strong>bus frequenti da Slavonski Brod alle citt\u00e0 vicine<\/strong> come anche i <strong>collegamenti bus a lunga distanza<\/strong> per le citt\u00e0 maggiori della Croazia. Vi sono anche alcuni collegamenti internazionali.<\/p>\n<p><span style=\"text-decoration: underline;\"><strong>Indirizzo della stazione bus Slavonski Brod<\/strong><\/span><\/p>\n<ul>\n<li>Trg hrvatskog proljeca bb<\/li>\n<li>35000 Slavonski Brod<\/li>\n<li>Tel: +385 60 310 310<\/li>\n<\/ul>\n","protected":false},"excerpt":{"rendered":"<p>La stazione bus a Slavonski Brod si trova nel centro della citt\u00e0, accanto alla stazione ferroviaria. Alla stazione c&#8217;\u00e8 la sala d&#8217;attesa, un&#8217;edicola e altri negozi. Vi sono collegamenti bus frequenti da Slavonski Brod alle citt\u00e0 vicine come anche i collegamenti bus a lunga distanza per le citt\u00e0 maggiori della Croazia. Vi sono anche alcuni [&hellip;]<\/p>\n","protected":false},"author":2,"featured_media":0,"parent":0,"menu_order":0,"comment_status":"open","ping_status":"open","template":"pages-templates\/bus-station.php","meta":[],"aioseo_notices":[],"_links":{"self":[{"href":"https:\/\/www.buscroatia.com\/it\/wp-json\/wp\/v2\/pages\/2291"}],"collection":[{"href":"https:\/\/www.buscroatia.com\/it\/wp-json\/wp\/v2\/pages"}],"about":[{"href":"https:\/\/www.buscroatia.com\/it\/wp-json\/wp\/v2\/types\/page"}],"author":[{"embeddable":true,"href":"https:\/\/www.buscroatia.com\/it\/wp-json\/wp\/v2\/users\/2"}],"replies":[{"embeddable":true,"href":"https:\/\/www.buscroatia.com\/it\/wp-json\/wp\/v2\/comments?post=2291"}],"version-history":[{"count":1,"href":"https:\/\/www.buscroatia.com\/it\/wp-json\/wp\/v2\/pages\/2291\/revisions"}],"predecessor-version":[{"id":2292,"href":"https:\/\/www.buscroatia.com\/it\/wp-json\/wp\/v2\/pages\/2291\/revisions\/2292"}],"wp:attachment":[{"href":"https:\/\/www.buscroatia.com\/it\/wp-json\/wp\/v2\/media?parent=2291"}],"curies":[{"name":"wp","href":"https:\/\/api.w.org\/{rel}","templated":true}]}}