{"id":2285,"date":"2014-09-11T16:30:58","date_gmt":"2014-09-11T16:30:58","guid":{"rendered":"http:\/\/www.buscroatia.com\/it\/?page_id=2285"},"modified":"2014-09-11T16:30:58","modified_gmt":"2014-09-11T16:30:58","slug":"stazione-bus-samobor","status":"publish","type":"page","link":"https:\/\/www.buscroatia.com\/it\/stazione-bus-samobor\/","title":{"rendered":"Stazione bus Samobor"},"content":{"rendered":"<p>La <strong>stazione bus a Samobor<\/strong> dista circa 1.2 km dal centro storico di Samobor. Alla stazione bus, che \u00e8 abbastanza grande e moderna, c&#8217;\u00e8 la biglietteria, la sala d&#8217;attesa e un bar.<\/p>\n<p>Dalla stazione bus a Samobor <strong>partono i bus per Zagabria<\/strong> e le citt\u00e0 vicine come anche i bus per le citt\u00e0 pi\u00f9 grandi della Croazia e <strong>alcuni collegamenti internazionali<\/strong>. Utilizzate il modulo di ricerca sopra per trovare gli orari bus da e a Samobor.<\/p>\n<p><span style=\"text-decoration: underline;\"><strong>Indirizzo della stazione bus Samobor<\/strong><\/span><\/p>\n<ul>\n<li>151 samoborske brigade HV 1<\/li>\n<li>10430 Samobor<\/li>\n<li>Tel: +385 3367 276<\/li>\n<\/ul>\n","protected":false},"excerpt":{"rendered":"<p>La stazione bus a Samobor dista circa 1.2 km dal centro storico di Samobor. Alla stazione bus, che \u00e8 abbastanza grande e moderna, c&#8217;\u00e8 la biglietteria, la sala d&#8217;attesa e un bar. Dalla stazione bus a Samobor partono i bus per Zagabria e le citt\u00e0 vicine come anche i bus per le citt\u00e0 pi\u00f9 grandi [&hellip;]<\/p>\n","protected":false},"author":2,"featured_media":0,"parent":0,"menu_order":0,"comment_status":"open","ping_status":"open","template":"pages-templates\/bus-station.php","meta":[],"aioseo_notices":[],"_links":{"self":[{"href":"https:\/\/www.buscroatia.com\/it\/wp-json\/wp\/v2\/pages\/2285"}],"collection":[{"href":"https:\/\/www.buscroatia.com\/it\/wp-json\/wp\/v2\/pages"}],"about":[{"href":"https:\/\/www.buscroatia.com\/it\/wp-json\/wp\/v2\/types\/page"}],"author":[{"embeddable":true,"href":"https:\/\/www.buscroatia.com\/it\/wp-json\/wp\/v2\/users\/2"}],"replies":[{"embeddable":true,"href":"https:\/\/www.buscroatia.com\/it\/wp-json\/wp\/v2\/comments?post=2285"}],"version-history":[{"count":1,"href":"https:\/\/www.buscroatia.com\/it\/wp-json\/wp\/v2\/pages\/2285\/revisions"}],"predecessor-version":[{"id":2286,"href":"https:\/\/www.buscroatia.com\/it\/wp-json\/wp\/v2\/pages\/2285\/revisions\/2286"}],"wp:attachment":[{"href":"https:\/\/www.buscroatia.com\/it\/wp-json\/wp\/v2\/media?parent=2285"}],"curies":[{"name":"wp","href":"https:\/\/api.w.org\/{rel}","templated":true}]}}