{"id":2281,"date":"2014-09-11T16:27:37","date_gmt":"2014-09-11T16:27:37","guid":{"rendered":"http:\/\/www.buscroatia.com\/it\/?page_id=2281"},"modified":"2014-09-11T16:27:37","modified_gmt":"2014-09-11T16:27:37","slug":"stazione-bus-pozega","status":"publish","type":"page","link":"https:\/\/www.buscroatia.com\/it\/stazione-bus-pozega\/","title":{"rendered":"Stazione bus Pozega"},"content":{"rendered":"<p>La <strong>stazione bus a Pozega<\/strong> si trova nella parte settentrionale della citt\u00e0, 1 km dal centro. La <strong>stazione ferroviaria a Pozega<\/strong> dista qualche centinaia di metri dalla stazione bus.<\/p>\n<p>Da Pozega <strong>partono ogni giorno i bus per le citt\u00e0 pi\u00f9 grandi<\/strong> della Croazia nonch\u00e9 quelle piccole nella regione di Pozega. Utilizzate il modulo di ricerca sopra per trovare gli orari bus da e a Pozega.<\/p>\n<p><span style=\"text-decoration: underline;\"><strong>Indirizzo della stazione bus Pozega<\/strong><\/span><\/p>\n<ul>\n<li>Industrijska 14<\/li>\n<li>34000 Pozega<\/li>\n<li>Tel: +385 34 273 133<\/li>\n<\/ul>\n","protected":false},"excerpt":{"rendered":"<p>La stazione bus a Pozega si trova nella parte settentrionale della citt\u00e0, 1 km dal centro. La stazione ferroviaria a Pozega dista qualche centinaia di metri dalla stazione bus. Da Pozega partono ogni giorno i bus per le citt\u00e0 pi\u00f9 grandi della Croazia nonch\u00e9 quelle piccole nella regione di Pozega. Utilizzate il modulo di ricerca [&hellip;]<\/p>\n","protected":false},"author":2,"featured_media":0,"parent":0,"menu_order":0,"comment_status":"open","ping_status":"open","template":"pages-templates\/bus-station.php","meta":[],"aioseo_notices":[],"_links":{"self":[{"href":"https:\/\/www.buscroatia.com\/it\/wp-json\/wp\/v2\/pages\/2281"}],"collection":[{"href":"https:\/\/www.buscroatia.com\/it\/wp-json\/wp\/v2\/pages"}],"about":[{"href":"https:\/\/www.buscroatia.com\/it\/wp-json\/wp\/v2\/types\/page"}],"author":[{"embeddable":true,"href":"https:\/\/www.buscroatia.com\/it\/wp-json\/wp\/v2\/users\/2"}],"replies":[{"embeddable":true,"href":"https:\/\/www.buscroatia.com\/it\/wp-json\/wp\/v2\/comments?post=2281"}],"version-history":[{"count":1,"href":"https:\/\/www.buscroatia.com\/it\/wp-json\/wp\/v2\/pages\/2281\/revisions"}],"predecessor-version":[{"id":2282,"href":"https:\/\/www.buscroatia.com\/it\/wp-json\/wp\/v2\/pages\/2281\/revisions\/2282"}],"wp:attachment":[{"href":"https:\/\/www.buscroatia.com\/it\/wp-json\/wp\/v2\/media?parent=2281"}],"curies":[{"name":"wp","href":"https:\/\/api.w.org\/{rel}","templated":true}]}}