{"id":2270,"date":"2014-09-11T16:16:22","date_gmt":"2014-09-11T16:16:22","guid":{"rendered":"http:\/\/www.buscroatia.com\/it\/?page_id=2270"},"modified":"2014-09-11T16:16:22","modified_gmt":"2014-09-11T16:16:22","slug":"stazione-bus-novska","status":"publish","type":"page","link":"https:\/\/www.buscroatia.com\/it\/stazione-bus-novska\/","title":{"rendered":"Stazione bus Novska"},"content":{"rendered":"<p><strong>La stazione bus a Novska<\/strong> si trova nella parte meridionale della citt\u00e0, accanto alla <strong>stazione ferroviaria a Novska<\/strong>. Il centro della citt\u00e0 dista circa 1.5 km dalla stazione bus.<\/p>\n<p>Da Novska <strong>partono i bus per Kutina e Zagabria<\/strong> e le citt\u00e0 nella regione. Utilizzate il modulo di ricerca sopra per trovare gli orari bus da e a Novska.<\/p>\n<p><span style=\"text-decoration: underline;\"><strong>Indirizzo della stazione bus Novska<\/strong><\/span><\/p>\n<ul>\n<li>Kralja Zvonimira 103<\/li>\n<li>44330 Novska<\/li>\n<li>Tel: +385 44 600 360<\/li>\n<\/ul>\n","protected":false},"excerpt":{"rendered":"<p>La stazione bus a Novska si trova nella parte meridionale della citt\u00e0, accanto alla stazione ferroviaria a Novska. Il centro della citt\u00e0 dista circa 1.5 km dalla stazione bus. Da Novska partono i bus per Kutina e Zagabria e le citt\u00e0 nella regione. Utilizzate il modulo di ricerca sopra per trovare gli orari bus da [&hellip;]<\/p>\n","protected":false},"author":2,"featured_media":0,"parent":0,"menu_order":0,"comment_status":"open","ping_status":"open","template":"pages-templates\/bus-station.php","meta":[],"aioseo_notices":[],"_links":{"self":[{"href":"https:\/\/www.buscroatia.com\/it\/wp-json\/wp\/v2\/pages\/2270"}],"collection":[{"href":"https:\/\/www.buscroatia.com\/it\/wp-json\/wp\/v2\/pages"}],"about":[{"href":"https:\/\/www.buscroatia.com\/it\/wp-json\/wp\/v2\/types\/page"}],"author":[{"embeddable":true,"href":"https:\/\/www.buscroatia.com\/it\/wp-json\/wp\/v2\/users\/2"}],"replies":[{"embeddable":true,"href":"https:\/\/www.buscroatia.com\/it\/wp-json\/wp\/v2\/comments?post=2270"}],"version-history":[{"count":1,"href":"https:\/\/www.buscroatia.com\/it\/wp-json\/wp\/v2\/pages\/2270\/revisions"}],"predecessor-version":[{"id":2271,"href":"https:\/\/www.buscroatia.com\/it\/wp-json\/wp\/v2\/pages\/2270\/revisions\/2271"}],"wp:attachment":[{"href":"https:\/\/www.buscroatia.com\/it\/wp-json\/wp\/v2\/media?parent=2270"}],"curies":[{"name":"wp","href":"https:\/\/api.w.org\/{rel}","templated":true}]}}