{"id":2257,"date":"2014-09-11T16:07:06","date_gmt":"2014-09-11T16:07:06","guid":{"rendered":"http:\/\/www.buscroatia.com\/it\/?page_id=2257"},"modified":"2014-09-11T16:07:27","modified_gmt":"2014-09-11T16:07:27","slug":"2257-2","status":"publish","type":"page","link":"https:\/\/www.buscroatia.com\/it\/2257-2\/","title":{"rendered":"Stazione bus Krizevci"},"content":{"rendered":"<p>La <strong>stazione bus a Krizevci<\/strong> nel centro della citt\u00e0 \u00e8 in realt\u00e0 una fermata che \u00e8 integrata nello spazio esterno del grande supermercato di Mercator, non c&#8217;\u00e8 il terminal n\u00e9 i servizi.<\/p>\n<p>Da Krizevci vi sono <strong>collegamenti bus per le citt\u00e0 nella regione<\/strong> nonch\u00e9 i <strong>bus per Zagabria e Koprivnica<\/strong>. Utilizzate il modulo di ricerca sopra per trovare gli orari bus da e a Krizevci.<\/p>\n<p><span style=\"text-decoration: underline;\"><strong>Indirizzo della stazione bus Krizevci<\/strong><\/span><\/p>\n<ul>\n<li>Petra Zrinskog 15<\/li>\n<li>48260 Krizevci<\/li>\n<li>Tel: +385 48 681 966<\/li>\n<\/ul>\n","protected":false},"excerpt":{"rendered":"<p>La stazione bus a Krizevci nel centro della citt\u00e0 \u00e8 in realt\u00e0 una fermata che \u00e8 integrata nello spazio esterno del grande supermercato di Mercator, non c&#8217;\u00e8 il terminal n\u00e9 i servizi. Da Krizevci vi sono collegamenti bus per le citt\u00e0 nella regione nonch\u00e9 i bus per Zagabria e Koprivnica. Utilizzate il modulo di ricerca [&hellip;]<\/p>\n","protected":false},"author":2,"featured_media":0,"parent":0,"menu_order":0,"comment_status":"open","ping_status":"open","template":"","meta":[],"aioseo_notices":[],"_links":{"self":[{"href":"https:\/\/www.buscroatia.com\/it\/wp-json\/wp\/v2\/pages\/2257"}],"collection":[{"href":"https:\/\/www.buscroatia.com\/it\/wp-json\/wp\/v2\/pages"}],"about":[{"href":"https:\/\/www.buscroatia.com\/it\/wp-json\/wp\/v2\/types\/page"}],"author":[{"embeddable":true,"href":"https:\/\/www.buscroatia.com\/it\/wp-json\/wp\/v2\/users\/2"}],"replies":[{"embeddable":true,"href":"https:\/\/www.buscroatia.com\/it\/wp-json\/wp\/v2\/comments?post=2257"}],"version-history":[{"count":2,"href":"https:\/\/www.buscroatia.com\/it\/wp-json\/wp\/v2\/pages\/2257\/revisions"}],"predecessor-version":[{"id":2259,"href":"https:\/\/www.buscroatia.com\/it\/wp-json\/wp\/v2\/pages\/2257\/revisions\/2259"}],"wp:attachment":[{"href":"https:\/\/www.buscroatia.com\/it\/wp-json\/wp\/v2\/media?parent=2257"}],"curies":[{"name":"wp","href":"https:\/\/api.w.org\/{rel}","templated":true}]}}