{"id":2251,"date":"2014-09-11T16:02:46","date_gmt":"2014-09-11T16:02:46","guid":{"rendered":"http:\/\/www.buscroatia.com\/it\/?page_id=2251"},"modified":"2014-09-11T16:02:46","modified_gmt":"2014-09-11T16:02:46","slug":"stazione-bus-koprivnica","status":"publish","type":"page","link":"https:\/\/www.buscroatia.com\/it\/stazione-bus-koprivnica\/","title":{"rendered":"Stazione bus Koprivnica"},"content":{"rendered":"<p>La <strong>stazione bus a Koprivnica<\/strong> si trova nella parte occidentale della citt\u00e0, accanto alla <strong>stazione ferroviaria<\/strong>. Il centro della citt\u00e0 dista 1 km a piedi dalla stazione.<\/p>\n<p>Dalla stazione bus a Koprivnica ci sono <strong>collegamenti per le citt\u00e0 piccole nella regione<\/strong> nonch\u00e9 alcuni collegamenti per le <strong>citt\u00e0 pi\u00f9 grandi come Varazdin, Zagabria e Bjelovar<\/strong>. Utilizzate il modulo di ricerca sopra per trovare gli orari bus da e a Koprivnica.<\/p>\n<p><span style=\"text-decoration: underline;\"><strong>Indirizzo della stazione bus Koprivnica<\/strong><\/span><\/p>\n<ul>\n<li>Kolodvorska 31<\/li>\n<li>48000 Koprivnica<\/li>\n<li>Tel: +385 60 305 040<\/li>\n<\/ul>\n","protected":false},"excerpt":{"rendered":"<p>La stazione bus a Koprivnica si trova nella parte occidentale della citt\u00e0, accanto alla stazione ferroviaria. Il centro della citt\u00e0 dista 1 km a piedi dalla stazione. Dalla stazione bus a Koprivnica ci sono collegamenti per le citt\u00e0 piccole nella regione nonch\u00e9 alcuni collegamenti per le citt\u00e0 pi\u00f9 grandi come Varazdin, Zagabria e Bjelovar. Utilizzate [&hellip;]<\/p>\n","protected":false},"author":2,"featured_media":0,"parent":0,"menu_order":0,"comment_status":"open","ping_status":"open","template":"pages-templates\/bus-station.php","meta":[],"aioseo_notices":[],"_links":{"self":[{"href":"https:\/\/www.buscroatia.com\/it\/wp-json\/wp\/v2\/pages\/2251"}],"collection":[{"href":"https:\/\/www.buscroatia.com\/it\/wp-json\/wp\/v2\/pages"}],"about":[{"href":"https:\/\/www.buscroatia.com\/it\/wp-json\/wp\/v2\/types\/page"}],"author":[{"embeddable":true,"href":"https:\/\/www.buscroatia.com\/it\/wp-json\/wp\/v2\/users\/2"}],"replies":[{"embeddable":true,"href":"https:\/\/www.buscroatia.com\/it\/wp-json\/wp\/v2\/comments?post=2251"}],"version-history":[{"count":1,"href":"https:\/\/www.buscroatia.com\/it\/wp-json\/wp\/v2\/pages\/2251\/revisions"}],"predecessor-version":[{"id":2252,"href":"https:\/\/www.buscroatia.com\/it\/wp-json\/wp\/v2\/pages\/2251\/revisions\/2252"}],"wp:attachment":[{"href":"https:\/\/www.buscroatia.com\/it\/wp-json\/wp\/v2\/media?parent=2251"}],"curies":[{"name":"wp","href":"https:\/\/api.w.org\/{rel}","templated":true}]}}