{"id":2249,"date":"2014-09-11T16:01:20","date_gmt":"2014-09-11T16:01:20","guid":{"rendered":"http:\/\/www.buscroatia.com\/it\/?page_id=2249"},"modified":"2014-09-11T16:01:20","modified_gmt":"2014-09-11T16:01:20","slug":"stazione-bus-karlovac","status":"publish","type":"page","link":"https:\/\/www.buscroatia.com\/it\/stazione-bus-karlovac\/","title":{"rendered":"Stazione bus Karlovac"},"content":{"rendered":"<p>La <strong>stazione bus a Karlovac<\/strong> si trova vicino il centro della citt\u00e0 e dista circa 1 km dalla <strong>stazione ferroviaria a Karlovac<\/strong>. Alla stazione bus Karlovac c&#8217;\u00e8 la sala d&#8217;attesa, un&#8217;edicola e alcuni altri negozi. Dalla stazione \u00e8 possibile raggiugere tutte le <strong>parti della citt\u00e0 in bus pubblici<\/strong>.<\/p>\n<p>Dalla stazione bus a Karlovac \u00e8 possibile <strong>raggiungere pi\u00f9 o meno tutte le citt\u00e0 in Croazia<\/strong>. Per le maggiori citt\u00e0 in Croazia come <strong>Zagabria<\/strong>, <strong>Fiume<\/strong>, <strong>Spalato<\/strong>,<a href=\"https:\/\/www.buscroatia.com\/it\/stazione-bus-zara\/\"><strong> Zara <\/strong><\/a>e <a href=\"https:\/\/www.buscroatia.com\/it\/stazione-bus-ragusa\/\"><strong>Ragusa<\/strong><\/a>, ci sono alcuni collegamenti al giorno. Utilizzate il modulo di ricerca sopra per trovare gli orari bus da e a Karlovac.<\/p>\n<p>Se viaggiate dall&#8217;Istria e volete visitare i <strong>laghi di Plitvice<\/strong>, Karlovac \u00e8 la stazione bus che dovete utilizzare.<\/p>\n<p><span style=\"text-decoration: underline;\"><strong>Indirizzo della stazione bus Karlovac<\/strong><\/span><\/p>\n<ul>\n<li>Tadije Smiciklasa 21<\/li>\n<li>47000 Karlovac<\/li>\n<li>Tel: +385 47 423 036<\/li>\n<\/ul>\n","protected":false},"excerpt":{"rendered":"<p>La stazione bus a Karlovac si trova vicino il centro della citt\u00e0 e dista circa 1 km dalla stazione ferroviaria a Karlovac. Alla stazione bus Karlovac c&#8217;\u00e8 la sala d&#8217;attesa, un&#8217;edicola e alcuni altri negozi. Dalla stazione \u00e8 possibile raggiugere tutte le parti della citt\u00e0 in bus pubblici. Dalla stazione bus a Karlovac \u00e8 possibile [&hellip;]<\/p>\n","protected":false},"author":2,"featured_media":0,"parent":0,"menu_order":0,"comment_status":"open","ping_status":"open","template":"pages-templates\/bus-station.php","meta":[],"aioseo_notices":[],"_links":{"self":[{"href":"https:\/\/www.buscroatia.com\/it\/wp-json\/wp\/v2\/pages\/2249"}],"collection":[{"href":"https:\/\/www.buscroatia.com\/it\/wp-json\/wp\/v2\/pages"}],"about":[{"href":"https:\/\/www.buscroatia.com\/it\/wp-json\/wp\/v2\/types\/page"}],"author":[{"embeddable":true,"href":"https:\/\/www.buscroatia.com\/it\/wp-json\/wp\/v2\/users\/2"}],"replies":[{"embeddable":true,"href":"https:\/\/www.buscroatia.com\/it\/wp-json\/wp\/v2\/comments?post=2249"}],"version-history":[{"count":1,"href":"https:\/\/www.buscroatia.com\/it\/wp-json\/wp\/v2\/pages\/2249\/revisions"}],"predecessor-version":[{"id":2250,"href":"https:\/\/www.buscroatia.com\/it\/wp-json\/wp\/v2\/pages\/2249\/revisions\/2250"}],"wp:attachment":[{"href":"https:\/\/www.buscroatia.com\/it\/wp-json\/wp\/v2\/media?parent=2249"}],"curies":[{"name":"wp","href":"https:\/\/api.w.org\/{rel}","templated":true}]}}