{"id":2245,"date":"2014-09-11T15:56:07","date_gmt":"2014-09-11T15:56:07","guid":{"rendered":"http:\/\/www.buscroatia.com\/it\/?page_id=2245"},"modified":"2014-09-11T15:56:07","modified_gmt":"2014-09-11T15:56:07","slug":"stazione-bus-grubisno-polje","status":"publish","type":"page","link":"https:\/\/www.buscroatia.com\/it\/stazione-bus-grubisno-polje\/","title":{"rendered":"Stazione bus Grubisno Polje"},"content":{"rendered":"<p>La <strong>stazione bus a Grubisno Polje<\/strong> si trova nel centro della citt\u00e0; tutte le parti della citt\u00e0 si possono raggiungere a piedi dalla stazione bus.<\/p>\n<p>Dalla stazione bus a Grubisno Polje vi sono <strong>dei bus per le citt\u00e0 vicine<\/strong> nonch\u00e9 alcune atre citt\u00e0 pi\u00f9 distanti. Utilizzate il modulo di ricerca per trovare gli orari bus da e a Grubisno Polje.<\/p>\n<p><span style=\"text-decoration: underline;\"><strong>Indirizzo della stazione bus Grubisno Polje<\/strong><\/span><\/p>\n<ul>\n<li>Kolodvorska 3<\/li>\n<li>43290 Grubisno Polje<\/li>\n<li>Tel: +385 43 485 230<\/li>\n<\/ul>\n","protected":false},"excerpt":{"rendered":"<p>La stazione bus a Grubisno Polje si trova nel centro della citt\u00e0; tutte le parti della citt\u00e0 si possono raggiungere a piedi dalla stazione bus. Dalla stazione bus a Grubisno Polje vi sono dei bus per le citt\u00e0 vicine nonch\u00e9 alcune atre citt\u00e0 pi\u00f9 distanti. Utilizzate il modulo di ricerca per trovare gli orari bus [&hellip;]<\/p>\n","protected":false},"author":2,"featured_media":0,"parent":0,"menu_order":0,"comment_status":"open","ping_status":"open","template":"pages-templates\/bus-station.php","meta":[],"aioseo_notices":[],"_links":{"self":[{"href":"https:\/\/www.buscroatia.com\/it\/wp-json\/wp\/v2\/pages\/2245"}],"collection":[{"href":"https:\/\/www.buscroatia.com\/it\/wp-json\/wp\/v2\/pages"}],"about":[{"href":"https:\/\/www.buscroatia.com\/it\/wp-json\/wp\/v2\/types\/page"}],"author":[{"embeddable":true,"href":"https:\/\/www.buscroatia.com\/it\/wp-json\/wp\/v2\/users\/2"}],"replies":[{"embeddable":true,"href":"https:\/\/www.buscroatia.com\/it\/wp-json\/wp\/v2\/comments?post=2245"}],"version-history":[{"count":1,"href":"https:\/\/www.buscroatia.com\/it\/wp-json\/wp\/v2\/pages\/2245\/revisions"}],"predecessor-version":[{"id":2246,"href":"https:\/\/www.buscroatia.com\/it\/wp-json\/wp\/v2\/pages\/2245\/revisions\/2246"}],"wp:attachment":[{"href":"https:\/\/www.buscroatia.com\/it\/wp-json\/wp\/v2\/media?parent=2245"}],"curies":[{"name":"wp","href":"https:\/\/api.w.org\/{rel}","templated":true}]}}