{"id":2241,"date":"2014-09-11T15:52:45","date_gmt":"2014-09-11T15:52:45","guid":{"rendered":"http:\/\/www.buscroatia.com\/it\/?page_id=2241"},"modified":"2014-09-11T15:52:45","modified_gmt":"2014-09-11T15:52:45","slug":"stazione-bus-djurdjevac","status":"publish","type":"page","link":"https:\/\/www.buscroatia.com\/it\/stazione-bus-djurdjevac\/","title":{"rendered":"Stazione bus Djurdjevac"},"content":{"rendered":"<p>La <strong>stazione bus a Durdevac<\/strong> dista 1.2 km dal centro citt\u00e0 e circa <strong>200 metri dalla stazione ferroviaria<\/strong> a Durdevac. Alla stazione bus c&#8217;\u00e8 un&#8217;edicola, la sala d&#8217;attesa e dietro la stazione c&#8217;\u00e8 il supermercato Lidl.<\/p>\n<p>Dalla stazione bus a Durdevac ci sono <strong>alcune partenze al giorno per Koprivnica <\/strong>e<strong> Bjelovar<\/strong>. Utilizzate il modulo di ricerca per trovare gli orari bus da e a Durdevac.<\/p>\n<p><span style=\"text-decoration: underline;\"><strong>Indirizzo della stazione bus Durdevac<\/strong><\/span><\/p>\n<ul>\n<li>Stjepana Radi\u0107a 110 a<\/li>\n<li>48350 Durdevac<\/li>\n<li>Tel: +385 48 812 002<\/li>\n<\/ul>\n","protected":false},"excerpt":{"rendered":"<p>La stazione bus a Durdevac dista 1.2 km dal centro citt\u00e0 e circa 200 metri dalla stazione ferroviaria a Durdevac. Alla stazione bus c&#8217;\u00e8 un&#8217;edicola, la sala d&#8217;attesa e dietro la stazione c&#8217;\u00e8 il supermercato Lidl. Dalla stazione bus a Durdevac ci sono alcune partenze al giorno per Koprivnica e Bjelovar. Utilizzate il modulo di [&hellip;]<\/p>\n","protected":false},"author":2,"featured_media":0,"parent":0,"menu_order":0,"comment_status":"open","ping_status":"open","template":"pages-templates\/bus-station.php","meta":[],"aioseo_notices":[],"_links":{"self":[{"href":"https:\/\/www.buscroatia.com\/it\/wp-json\/wp\/v2\/pages\/2241"}],"collection":[{"href":"https:\/\/www.buscroatia.com\/it\/wp-json\/wp\/v2\/pages"}],"about":[{"href":"https:\/\/www.buscroatia.com\/it\/wp-json\/wp\/v2\/types\/page"}],"author":[{"embeddable":true,"href":"https:\/\/www.buscroatia.com\/it\/wp-json\/wp\/v2\/users\/2"}],"replies":[{"embeddable":true,"href":"https:\/\/www.buscroatia.com\/it\/wp-json\/wp\/v2\/comments?post=2241"}],"version-history":[{"count":1,"href":"https:\/\/www.buscroatia.com\/it\/wp-json\/wp\/v2\/pages\/2241\/revisions"}],"predecessor-version":[{"id":2242,"href":"https:\/\/www.buscroatia.com\/it\/wp-json\/wp\/v2\/pages\/2241\/revisions\/2242"}],"wp:attachment":[{"href":"https:\/\/www.buscroatia.com\/it\/wp-json\/wp\/v2\/media?parent=2241"}],"curies":[{"name":"wp","href":"https:\/\/api.w.org\/{rel}","templated":true}]}}