{"id":2233,"date":"2014-09-11T15:43:41","date_gmt":"2014-09-11T15:43:41","guid":{"rendered":"http:\/\/www.buscroatia.com\/it\/?page_id=2233"},"modified":"2014-09-11T15:43:41","modified_gmt":"2014-09-11T15:43:41","slug":"stazione-bus-cazma","status":"publish","type":"page","link":"https:\/\/www.buscroatia.com\/it\/stazione-bus-cazma\/","title":{"rendered":"Stazione bus Cazma"},"content":{"rendered":"<p>La <strong>stazione bus a Cazma<\/strong> si trova nel centro della citt\u00e0. Dato che la citt\u00e0 \u00e8 piuttosto piccola, \u00e8 possibile raggiungere a piedi qualsiasi posto all&#8217;interno della citt\u00e0.<\/p>\n<p>Dalla stazione autobus a Cazma ci sono <strong>collegamenti frequenti per Zagabria<\/strong>, Bjelovar e Ivanic Grad. Utilizzate il modulo qui sopra per trovare gli orari autobus da e a Cazma.<\/p>\n<p><span style=\"text-decoration: underline;\"><strong>Indirizzo della stazione bus Cazma<\/strong><\/span><strong>\u00a0<\/strong><\/p>\n<ul>\n<li>Novacica Milana 10<\/li>\n<li>43240 Cazma<\/li>\n<li>Tel: +385 43 277 555<\/li>\n<\/ul>\n","protected":false},"excerpt":{"rendered":"<p>La stazione bus a Cazma si trova nel centro della citt\u00e0. Dato che la citt\u00e0 \u00e8 piuttosto piccola, \u00e8 possibile raggiungere a piedi qualsiasi posto all&#8217;interno della citt\u00e0. Dalla stazione autobus a Cazma ci sono collegamenti frequenti per Zagabria, Bjelovar e Ivanic Grad. Utilizzate il modulo qui sopra per trovare gli orari autobus da e [&hellip;]<\/p>\n","protected":false},"author":2,"featured_media":0,"parent":0,"menu_order":0,"comment_status":"open","ping_status":"open","template":"pages-templates\/bus-station.php","meta":[],"aioseo_notices":[],"_links":{"self":[{"href":"https:\/\/www.buscroatia.com\/it\/wp-json\/wp\/v2\/pages\/2233"}],"collection":[{"href":"https:\/\/www.buscroatia.com\/it\/wp-json\/wp\/v2\/pages"}],"about":[{"href":"https:\/\/www.buscroatia.com\/it\/wp-json\/wp\/v2\/types\/page"}],"author":[{"embeddable":true,"href":"https:\/\/www.buscroatia.com\/it\/wp-json\/wp\/v2\/users\/2"}],"replies":[{"embeddable":true,"href":"https:\/\/www.buscroatia.com\/it\/wp-json\/wp\/v2\/comments?post=2233"}],"version-history":[{"count":1,"href":"https:\/\/www.buscroatia.com\/it\/wp-json\/wp\/v2\/pages\/2233\/revisions"}],"predecessor-version":[{"id":2234,"href":"https:\/\/www.buscroatia.com\/it\/wp-json\/wp\/v2\/pages\/2233\/revisions\/2234"}],"wp:attachment":[{"href":"https:\/\/www.buscroatia.com\/it\/wp-json\/wp\/v2\/media?parent=2233"}],"curies":[{"name":"wp","href":"https:\/\/api.w.org\/{rel}","templated":true}]}}