{"id":2229,"date":"2014-09-11T15:40:02","date_gmt":"2014-09-11T15:40:02","guid":{"rendered":"http:\/\/www.buscroatia.com\/it\/?page_id=2229"},"modified":"2014-09-11T15:40:02","modified_gmt":"2014-09-11T15:40:02","slug":"stazione-bus-bjelovar","status":"publish","type":"page","link":"https:\/\/www.buscroatia.com\/it\/stazione-bus-bjelovar\/","title":{"rendered":"Stazione bus Bjelovar"},"content":{"rendered":"<p>La <strong>stazione bus a Bjelovar<\/strong> si trova nella parte sud-occidentale della citt\u00e0, circa 600 metri dal centro. La <strong>stazione ferroviaria<\/strong> si trova accanto alla stazione bus.<\/p>\n<p>Dalla stazione bus a Bjelovar vi sono <strong>partenze bus frequenti per le citt\u00e0 nella regione<\/strong> e alcune partenze per le <strong>citt\u00e0 pi\u00f9 grandi come Zagabria<\/strong>, <a href=\"https:\/\/www.buscroatia.com\/it\/stazione-bus-spalato\/\"><strong>Spalato<\/strong><\/a> e <strong>Fiume<\/strong>. Utilizzate il modulo di ricerca sopra per trovare gli orari bus da e a Bjelovar.<\/p>\n<p><span style=\"text-decoration: underline;\"><strong>Indirizzo della stazione bus a Bjelovar<\/strong><\/span><\/p>\n<ul>\n<li>Velike sredice 33<\/li>\n<li>43000 Bjelovar<\/li>\n<li>Tel: +385 60 304 080<\/li>\n<\/ul>\n","protected":false},"excerpt":{"rendered":"<p>La stazione bus a Bjelovar si trova nella parte sud-occidentale della citt\u00e0, circa 600 metri dal centro. La stazione ferroviaria si trova accanto alla stazione bus. Dalla stazione bus a Bjelovar vi sono partenze bus frequenti per le citt\u00e0 nella regione e alcune partenze per le citt\u00e0 pi\u00f9 grandi come Zagabria, Spalato e Fiume. Utilizzate [&hellip;]<\/p>\n","protected":false},"author":2,"featured_media":0,"parent":0,"menu_order":0,"comment_status":"open","ping_status":"open","template":"pages-templates\/bus-station.php","meta":[],"aioseo_notices":[],"_links":{"self":[{"href":"https:\/\/www.buscroatia.com\/it\/wp-json\/wp\/v2\/pages\/2229"}],"collection":[{"href":"https:\/\/www.buscroatia.com\/it\/wp-json\/wp\/v2\/pages"}],"about":[{"href":"https:\/\/www.buscroatia.com\/it\/wp-json\/wp\/v2\/types\/page"}],"author":[{"embeddable":true,"href":"https:\/\/www.buscroatia.com\/it\/wp-json\/wp\/v2\/users\/2"}],"replies":[{"embeddable":true,"href":"https:\/\/www.buscroatia.com\/it\/wp-json\/wp\/v2\/comments?post=2229"}],"version-history":[{"count":1,"href":"https:\/\/www.buscroatia.com\/it\/wp-json\/wp\/v2\/pages\/2229\/revisions"}],"predecessor-version":[{"id":2230,"href":"https:\/\/www.buscroatia.com\/it\/wp-json\/wp\/v2\/pages\/2229\/revisions\/2230"}],"wp:attachment":[{"href":"https:\/\/www.buscroatia.com\/it\/wp-json\/wp\/v2\/media?parent=2229"}],"curies":[{"name":"wp","href":"https:\/\/api.w.org\/{rel}","templated":true}]}}