{"id":2227,"date":"2014-09-11T15:37:58","date_gmt":"2014-09-11T15:37:58","guid":{"rendered":"http:\/\/www.buscroatia.com\/it\/?page_id=2227"},"modified":"2014-09-11T15:37:58","modified_gmt":"2014-09-11T15:37:58","slug":"stazione-bus-belisce","status":"publish","type":"page","link":"https:\/\/www.buscroatia.com\/it\/stazione-bus-belisce\/","title":{"rendered":"Stazione bus Belisce"},"content":{"rendered":"<p>La stazione bus a Belisce <strong>dista 500 metri di cammino dal centro<\/strong> e 1.4 km dalla stazione ferroviaria.<\/p>\n<p>Vi sono <strong>collegamenti bus da Belisce per i luoghi piccoli della regione<\/strong> nonch\u00e9 i <strong>collegamenti frequenti per Osijek<\/strong> da cui ci sono collegamenti per le <strong>citt\u00e0 pi\u00f9 grandi della Croazia<\/strong>. Utilizzate il modulo di ricerca sopra per trovare gli orari bus da e a Belisce.<\/p>\n<p>Al momento non vi sono treni che si fermano alla stazione di Belisce.<\/p>\n<p><strong>Indirizzo della stazione bus Belisce<\/strong><\/p>\n<ul>\n<li>Vij. Gutmanna S.H. bb<\/li>\n<li>31551 Belisce<\/li>\n<li>Tel: +385 60 390 060<\/li>\n<\/ul>\n","protected":false},"excerpt":{"rendered":"<p>La stazione bus a Belisce dista 500 metri di cammino dal centro e 1.4 km dalla stazione ferroviaria. Vi sono collegamenti bus da Belisce per i luoghi piccoli della regione nonch\u00e9 i collegamenti frequenti per Osijek da cui ci sono collegamenti per le citt\u00e0 pi\u00f9 grandi della Croazia. Utilizzate il modulo di ricerca sopra per [&hellip;]<\/p>\n","protected":false},"author":2,"featured_media":0,"parent":0,"menu_order":0,"comment_status":"open","ping_status":"open","template":"pages-templates\/bus-station.php","meta":[],"aioseo_notices":[],"_links":{"self":[{"href":"https:\/\/www.buscroatia.com\/it\/wp-json\/wp\/v2\/pages\/2227"}],"collection":[{"href":"https:\/\/www.buscroatia.com\/it\/wp-json\/wp\/v2\/pages"}],"about":[{"href":"https:\/\/www.buscroatia.com\/it\/wp-json\/wp\/v2\/types\/page"}],"author":[{"embeddable":true,"href":"https:\/\/www.buscroatia.com\/it\/wp-json\/wp\/v2\/users\/2"}],"replies":[{"embeddable":true,"href":"https:\/\/www.buscroatia.com\/it\/wp-json\/wp\/v2\/comments?post=2227"}],"version-history":[{"count":1,"href":"https:\/\/www.buscroatia.com\/it\/wp-json\/wp\/v2\/pages\/2227\/revisions"}],"predecessor-version":[{"id":2228,"href":"https:\/\/www.buscroatia.com\/it\/wp-json\/wp\/v2\/pages\/2227\/revisions\/2228"}],"wp:attachment":[{"href":"https:\/\/www.buscroatia.com\/it\/wp-json\/wp\/v2\/media?parent=2227"}],"curies":[{"name":"wp","href":"https:\/\/api.w.org\/{rel}","templated":true}]}}