{"id":2086,"date":"2014-09-02T11:18:30","date_gmt":"2014-09-02T11:18:30","guid":{"rendered":"http:\/\/www.buscroatia.com\/it\/?page_id=2086"},"modified":"2014-09-23T15:12:21","modified_gmt":"2014-09-23T15:12:21","slug":"quarnero","status":"publish","type":"page","link":"https:\/\/www.buscroatia.com\/it\/quarnero\/","title":{"rendered":"Quarnero"},"content":{"rendered":"<p>Se viaggiate attraverso il Quarnero e volete sapere dove trovare le stazioni bus in diverse parti della regione, potete usare la lista delle stazioni bus che si trova sotto; cliccate sul nome della citt\u00e0 per vedere l&#8217;indirizzo e altre informazioni sulla stazione bus.<\/p>\n<table border=\"0\" width=\"700\" cellspacing=\"1\" cellpadding=\"1\">\n<tbody>\n<tr>\n<td valign=\"top\" width=\"175\">Cres (citt\u00e0)<\/td>\n<td valign=\"top\" width=\"175\">Krk (citt\u00e0)<\/td>\n<td valign=\"top\" width=\"175\">Oto\u010dac<\/td>\n<td valign=\"top\" width=\"175\">Palit<\/td>\n<\/tr>\n<tr>\n<td valign=\"top\" width=\"175\"><a title=\"Stazione bus Crikvenica\" href=\"https:\/\/www.buscroatia.com\/it\/stazione-bus-crikvenica\/\">Crikvenica<\/a><\/td>\n<td valign=\"top\" width=\"175\">Mali Lo\u0161inj<\/td>\n<td valign=\"top\" width=\"175\"><a title=\"Fiume\" href=\"https:\/\/www.buscroatia.com\/it\/stazione-bus-fiume\/\">Rijeka<\/a><\/td>\n<td valign=\"top\" width=\"175\">Rab<\/td>\n<\/tr>\n<tr>\n<td valign=\"top\" width=\"175\">Delnice<\/td>\n<td valign=\"top\" width=\"175\">Novi Vinodolski<\/td>\n<td valign=\"top\" width=\"175\">Senj<\/td>\n<td valign=\"top\" width=\"175\"><\/td>\n<\/tr>\n<tr>\n<td valign=\"top\" width=\"175\">Gospi\u0107<\/td>\n<td valign=\"top\" width=\"175\">Opatija<\/td>\n<td valign=\"top\" width=\"175\">Vrbovsko<\/td>\n<td valign=\"top\" width=\"175\"><\/td>\n<\/tr>\n<\/tbody>\n<\/table>\n","protected":false},"excerpt":{"rendered":"<p>Se viaggiate attraverso il Quarnero e volete sapere dove trovare le stazioni bus in diverse parti della regione, potete usare la lista delle stazioni bus che si trova sotto; cliccate sul nome della citt\u00e0 per vedere l&#8217;indirizzo e altre informazioni sulla stazione bus. Cres (citt\u00e0) Krk (citt\u00e0) Oto\u010dac Palit Crikvenica Mali Lo\u0161inj Rijeka Rab Delnice [&hellip;]<\/p>\n","protected":false},"author":2,"featured_media":0,"parent":0,"menu_order":0,"comment_status":"open","ping_status":"open","template":"","meta":[],"aioseo_notices":[],"_links":{"self":[{"href":"https:\/\/www.buscroatia.com\/it\/wp-json\/wp\/v2\/pages\/2086"}],"collection":[{"href":"https:\/\/www.buscroatia.com\/it\/wp-json\/wp\/v2\/pages"}],"about":[{"href":"https:\/\/www.buscroatia.com\/it\/wp-json\/wp\/v2\/types\/page"}],"author":[{"embeddable":true,"href":"https:\/\/www.buscroatia.com\/it\/wp-json\/wp\/v2\/users\/2"}],"replies":[{"embeddable":true,"href":"https:\/\/www.buscroatia.com\/it\/wp-json\/wp\/v2\/comments?post=2086"}],"version-history":[{"count":4,"href":"https:\/\/www.buscroatia.com\/it\/wp-json\/wp\/v2\/pages\/2086\/revisions"}],"predecessor-version":[{"id":2622,"href":"https:\/\/www.buscroatia.com\/it\/wp-json\/wp\/v2\/pages\/2086\/revisions\/2622"}],"wp:attachment":[{"href":"https:\/\/www.buscroatia.com\/it\/wp-json\/wp\/v2\/media?parent=2086"}],"curies":[{"name":"wp","href":"https:\/\/api.w.org\/{rel}","templated":true}]}}