{"id":2082,"date":"2014-09-02T10:46:35","date_gmt":"2014-09-02T10:46:35","guid":{"rendered":"http:\/\/www.buscroatia.com\/it\/?page_id=2082"},"modified":"2014-09-11T17:12:24","modified_gmt":"2014-09-11T17:12:24","slug":"croazia-continentale","status":"publish","type":"page","link":"https:\/\/www.buscroatia.com\/it\/croazia-continentale\/","title":{"rendered":"Croazia continentale"},"content":{"rendered":"<p>La parte continentale della Croazia \u00e8 la regione pi\u00f9 popolata del paese ed \u00e8 quindi una delle pi\u00f9 importanti quando si parla del trasporto autobus.<\/p>\n<p>Sotto \u00e8 possibile trovare una lista delle stazioni bus nella Croazia continentale; cliccate sul nome della citt\u00e0 se volete sapere ulteriori informazioni di una delle stazioni bus.<\/p>\n<table border=\"0\" width=\"700\" cellspacing=\"1\" cellpadding=\"1\">\n<tbody>\n<tr>\n<td valign=\"top\" width=\"175\"><a title=\"Stazione bus Beli Manastir\" href=\"https:\/\/www.buscroatia.com\/it\/stazione-bus-beli-manastir\/\">Beli Manastir<\/a><\/td>\n<td valign=\"top\" width=\"175\"><a title=\"Stazione bus Ivanic Grad\" href=\"https:\/\/www.buscroatia.com\/it\/stazione-bus-ivanic-grad\/\">Ivani\u0107 Grad<\/a><\/td>\n<td valign=\"top\" width=\"175\"><a title=\"Stazione bus Pakrac\" href=\"https:\/\/www.buscroatia.com\/it\/stazione-bus-pakrac\/\">Pakrac<\/a><\/td>\n<td valign=\"top\" width=\"175\">Vara\u017edinske Toplice<\/td>\n<\/tr>\n<tr>\n<td valign=\"top\" width=\"175\"><a title=\"Stazione bus Belisce\" href=\"https:\/\/www.buscroatia.com\/it\/stazione-bus-belisce\/\">Beli\u0161\u0107e<\/a><\/td>\n<td valign=\"top\" width=\"175\"><a title=\"Stazione bus Karlovac\" href=\"https:\/\/www.buscroatia.com\/it\/stazione-bus-karlovac\/\"><span style=\"color: #0000ff;\"><span style=\"color: #0000ff;\">Karlovac<\/span><\/span><\/a><\/td>\n<td valign=\"top\" width=\"175\"><a title=\"Stazione bus Petrinja\" href=\"https:\/\/www.buscroatia.com\/it\/stazione-bus-petrinja\/\">Petrinja<\/a><\/td>\n<td valign=\"top\" width=\"175\"><a title=\"Stazione bus Vinkovci\" href=\"https:\/\/www.buscroatia.com\/it\/stazione-bus-vinkovci\/\">Vinkovci<\/a><\/td>\n<\/tr>\n<tr>\n<td valign=\"top\" width=\"175\"><a title=\"Stazione bus Bjelovar\" href=\"https:\/\/www.buscroatia.com\/it\/stazione-bus-bjelovar\/\"><span style=\"color: #0000ff;\"><span style=\"color: #0000ff;\">Bjelovar<\/span><\/span><\/a><\/td>\n<td valign=\"top\" width=\"175\"><a title=\"Stazione bus Koprivnica\" href=\"https:\/\/www.buscroatia.com\/it\/stazione-bus-koprivnica\/\">Koprivnica<\/a><\/td>\n<td valign=\"top\" width=\"175\"><a href=\"https:\/\/www.buscroatia.com\/it\/plitvice\/\"><span style=\"color: #0000ff;\"><span style=\"color: #0000ff;\">Plitvice Lakes<\/span><\/span><\/a><\/td>\n<td valign=\"top\" width=\"175\"><a title=\"Stazione bus Virovitica\" href=\"https:\/\/www.buscroatia.com\/it\/stazione-bus-virovitica\/\">Virovitica<\/a><\/td>\n<\/tr>\n<tr>\n<td valign=\"top\" width=\"175\"><a title=\"Stazione bus Cakovec\" href=\"https:\/\/www.buscroatia.com\/it\/stazione-bus-cakovec\/\">\u010cakovec<\/a><\/td>\n<td valign=\"top\" width=\"175\"><a title=\"Stazione bus Krapina\" href=\"https:\/\/www.buscroatia.com\/it\/stazione-bus-krapina\/\">Krapina<\/a><\/td>\n<td valign=\"top\" width=\"175\"><a title=\"Stazione bus Pozega\" href=\"https:\/\/www.buscroatia.com\/it\/stazione-bus-pozega\/\">Po\u017eega<\/a><\/td>\n<td valign=\"top\" width=\"175\"><a title=\"Stazione bus Vojnic\" href=\"https:\/\/www.buscroatia.com\/it\/stazione-bus-vojnic\/\">Vojni\u0107<\/a><\/td>\n<\/tr>\n<tr>\n<td valign=\"top\" width=\"175\"><a title=\"Stazione bus Cazma\" href=\"https:\/\/www.buscroatia.com\/it\/stazione-bus-cazma\/\"><span style=\"color: #0000ff;\"><span style=\"color: #0000ff;\">\u010cazma<\/span><\/span><\/a><\/td>\n<td valign=\"top\" width=\"175\"><a title=\"Stazione bus Krizevci\" href=\"https:\/\/www.buscroatia.com\/it\/2257-2\/\">Kri\u017eevci<\/a><\/td>\n<td valign=\"top\" width=\"175\"><a title=\"Stazione bus Pregrada\" href=\"https:\/\/www.buscroatia.com\/it\/stazione-bus-pregrada\/\">Pregrada<\/a><\/td>\n<td valign=\"top\" width=\"175\"><a title=\"Stazione bus Vrbovec\" href=\"https:\/\/www.buscroatia.com\/it\/stazione-bus-vrbovec\/\">Vrbovec<\/a><\/td>\n<\/tr>\n<tr>\n<td valign=\"top\" width=\"175\"><a title=\"Stazione bus Djakovo\" href=\"https:\/\/www.buscroatia.com\/it\/stazione-bus-djakovo\/\">\u0110akovo<\/a><\/td>\n<td valign=\"top\" width=\"175\"><a title=\"Stazione bus Kutina\" href=\"https:\/\/www.buscroatia.com\/it\/stazione-bus-kutina\/\">Kutina<\/a><\/td>\n<td valign=\"top\" width=\"175\"><a title=\"Stazione bus Samobor\" href=\"https:\/\/www.buscroatia.com\/it\/stazione-bus-samobor\/\"><span style=\"color: #0000ff;\"><span style=\"color: #0000ff;\">Samobor<\/span><\/span><\/a><\/td>\n<td valign=\"top\" width=\"175\"><a title=\"Stazione bus Vukovar\" href=\"https:\/\/www.buscroatia.com\/it\/stazione-bus-vukovar\/\"><span style=\"color: #0000ff;\"><span style=\"color: #0000ff;\">Vukovar<\/span><\/span><\/a><\/td>\n<\/tr>\n<tr>\n<td valign=\"top\" width=\"175\"><a title=\"Stazione bus Daruvar\" href=\"https:\/\/www.buscroatia.com\/it\/stazione-bus-daruvar\/\">Daruvar<\/a><\/td>\n<td valign=\"top\" width=\"175\"><a title=\"Stazione bus Ludbreg\" href=\"https:\/\/www.buscroatia.com\/it\/stazione-bus-ludbreg\/\">Ludbreg<\/a><\/td>\n<td valign=\"top\" width=\"175\"><a title=\"Stazione bus Sisak\" href=\"https:\/\/www.buscroatia.com\/it\/stazione-bus-sisak\/\">Sisak<\/a><\/td>\n<td valign=\"top\" width=\"175\"><a title=\"Stazione bus Zabok\" href=\"https:\/\/www.buscroatia.com\/it\/stazione-bus-zabok\/\">Zabok<\/a><\/td>\n<\/tr>\n<tr>\n<td valign=\"top\" width=\"175\"><a title=\"Stazione bus Donji Miholjac\" href=\"https:\/\/www.buscroatia.com\/it\/stazione-bus-donji-miholjac\/\">Donji Miholjac<\/a><\/td>\n<td valign=\"top\" width=\"175\"><a title=\"Stazione bus Nasice\" href=\"https:\/\/www.buscroatia.com\/it\/stazione-bus-nasice\/\">Na\u0161ice<\/a><\/td>\n<td valign=\"top\" width=\"175\"><a title=\"Stazione bus Slatina\" href=\"https:\/\/www.buscroatia.com\/it\/stazione-bus-slatina\/\">Slatina<\/a><\/td>\n<td valign=\"top\" width=\"175\"><a href=\"https:\/\/www.buscroatia.com\/it\/stazione-bus-zagabria\/\"><span style=\"color: #0000ff;\"><span style=\"color: #0000ff;\">Zagreb<\/span><\/span><\/a><\/td>\n<\/tr>\n<tr>\n<td valign=\"top\" width=\"175\">Dugo Selo<\/td>\n<td valign=\"top\" width=\"175\"><a title=\"Stazione bus Nova Gradiska\" href=\"https:\/\/www.buscroatia.com\/it\/stazione-bus-nova-gradiska\/\">Nova Gradi\u0161ka<\/a><\/td>\n<td valign=\"top\" width=\"175\"><a title=\"Stazione bus Slavonski Brod\" href=\"https:\/\/www.buscroatia.com\/it\/stazione-bus-slavonski-brod\/\"><span style=\"color: #0000ff;\"><span style=\"color: #0000ff;\">Slavonski Brod<\/span><\/span><\/a><\/td>\n<td valign=\"top\" width=\"175\"><a title=\"Stazione bus Zlatar\" href=\"https:\/\/www.buscroatia.com\/it\/stazione-bus-zlatar\/\">Zlatar<\/a><\/td>\n<\/tr>\n<tr>\n<td valign=\"top\" width=\"175\"><a title=\"Stazione bus Djurdjevac\" href=\"https:\/\/www.buscroatia.com\/it\/stazione-bus-djurdjevac\/\">\u0110ur\u0111evac<\/a><\/td>\n<td valign=\"top\" width=\"175\"><a title=\"Stazione bus Novi Marof\" href=\"https:\/\/www.buscroatia.com\/it\/stazione-bus-novi-marof\/\">Novi Marof<\/a><\/td>\n<td valign=\"top\" width=\"175\">Stubi\u010dke Toplice<\/td>\n<td valign=\"top\" width=\"175\"><a title=\"Stazione bus Zupanja\" href=\"https:\/\/www.buscroatia.com\/it\/stazione-bus-zupanja\/\">\u017dupanja<\/a><\/td>\n<\/tr>\n<tr>\n<td valign=\"top\" width=\"175\">Gare\u0161nica<\/td>\n<td valign=\"top\" width=\"175\"><a title=\"Stazione bus Novska\" href=\"https:\/\/www.buscroatia.com\/it\/stazione-bus-novska\/\">Novska<\/a><\/td>\n<td valign=\"top\" width=\"175\">Sveti Ivan Zelina<\/td>\n<td valign=\"top\" width=\"175\">Ogulin<\/td>\n<\/tr>\n<tr>\n<td valign=\"top\" width=\"175\"><a title=\"Stazione bus Glina\" href=\"https:\/\/www.buscroatia.com\/it\/stazione-bus-glina\/\">Glina<\/a><\/td>\n<td valign=\"top\" width=\"175\"><a title=\"Stazione bus Orahovica\" href=\"https:\/\/www.buscroatia.com\/it\/stazione-bus-orahovica\/\">Orahovica<\/a><\/td>\n<td valign=\"top\" width=\"175\"><a title=\"Stazione bus Valpovo\" href=\"https:\/\/www.buscroatia.com\/it\/stazione-bus-valpovo\/\">Valpovo<\/a><\/td>\n<td valign=\"top\" width=\"175\">Jastrebarsko<\/td>\n<\/tr>\n<tr>\n<td valign=\"top\" width=\"175\"><a title=\"Stazione bus Grubisno Polje\" href=\"https:\/\/www.buscroatia.com\/it\/stazione-bus-grubisno-polje\/\">Grubi\u0161no Polje<\/a><\/td>\n<td valign=\"top\" width=\"175\"><a title=\"Stazione bus Osijek\" href=\"https:\/\/www.buscroatia.com\/it\/stazione-bus-osijek\/\"><span style=\"color: #0000ff;\"><span style=\"color: #0000ff;\">Osijek<\/span><\/span><\/a><\/td>\n<td valign=\"top\" width=\"175\"><a title=\"Stazione bus Varazdin\" href=\"https:\/\/www.buscroatia.com\/it\/stazione-bus-varazdin\/\"><span style=\"color: #0000ff;\"><span style=\"color: #0000ff;\">Vara\u017edin<\/span><\/span><\/a><\/td>\n<td valign=\"top\" width=\"175\"><\/td>\n<\/tr>\n<\/tbody>\n<\/table>\n<p>&nbsp;<\/p>\n","protected":false},"excerpt":{"rendered":"<p>La parte continentale della Croazia \u00e8 la regione pi\u00f9 popolata del paese ed \u00e8 quindi una delle pi\u00f9 importanti quando si parla del trasporto autobus. Sotto \u00e8 possibile trovare una lista delle stazioni bus nella Croazia continentale; cliccate sul nome della citt\u00e0 se volete sapere ulteriori informazioni di una delle stazioni bus. Beli Manastir Ivani\u0107 [&hellip;]<\/p>\n","protected":false},"author":2,"featured_media":0,"parent":0,"menu_order":0,"comment_status":"open","ping_status":"open","template":"","meta":[],"aioseo_notices":[],"_links":{"self":[{"href":"https:\/\/www.buscroatia.com\/it\/wp-json\/wp\/v2\/pages\/2082"}],"collection":[{"href":"https:\/\/www.buscroatia.com\/it\/wp-json\/wp\/v2\/pages"}],"about":[{"href":"https:\/\/www.buscroatia.com\/it\/wp-json\/wp\/v2\/types\/page"}],"author":[{"embeddable":true,"href":"https:\/\/www.buscroatia.com\/it\/wp-json\/wp\/v2\/users\/2"}],"replies":[{"embeddable":true,"href":"https:\/\/www.buscroatia.com\/it\/wp-json\/wp\/v2\/comments?post=2082"}],"version-history":[{"count":9,"href":"https:\/\/www.buscroatia.com\/it\/wp-json\/wp\/v2\/pages\/2082\/revisions"}],"predecessor-version":[{"id":2322,"href":"https:\/\/www.buscroatia.com\/it\/wp-json\/wp\/v2\/pages\/2082\/revisions\/2322"}],"wp:attachment":[{"href":"https:\/\/www.buscroatia.com\/it\/wp-json\/wp\/v2\/media?parent=2082"}],"curies":[{"name":"wp","href":"https:\/\/api.w.org\/{rel}","templated":true}]}}