{"id":2079,"date":"2014-09-02T10:43:47","date_gmt":"2014-09-02T10:43:47","guid":{"rendered":"http:\/\/www.buscroatia.com\/it\/?page_id=2079"},"modified":"2014-09-23T11:18:36","modified_gmt":"2014-09-23T11:18:36","slug":"stazioni-istria","status":"publish","type":"page","link":"https:\/\/www.buscroatia.com\/it\/stazioni-istria\/","title":{"rendered":"Istria"},"content":{"rendered":"<p>La maggior parte delle citt\u00e0 turistiche ben note della penisola istriana ha una stazione autobus che si trova abbastanza vicino al centro della citt\u00e0. Se cliccate sui nomi di citt\u00e0 qui sotto potete vedere ulteriori informazioni sulla determinata stazione autobus.<\/p>\n<table border=\"0\" width=\"700\" cellspacing=\"1\" cellpadding=\"1\">\n<tbody>\n<tr>\n<td valign=\"top\" width=\"175\"><a title=\"Stazione bus Buzet\" href=\"https:\/\/www.buscroatia.com\/it\/stazione-bus-buzet\/\">Buzet<\/a><\/td>\n<td valign=\"top\" width=\"175\"><a href=\"https:\/\/www.buscroatia.com\/it\/pazin\/\">Pazin<\/a><\/td>\n<td valign=\"top\" width=\"175\"><a href=\"https:\/\/www.buscroatia.com\/it\/stazione-bus-pola\/\">Pula<\/a><\/td>\n<td valign=\"top\" width=\"175\"><a href=\"https:\/\/www.buscroatia.com\/it\/umag\/\">Umag<\/a><\/td>\n<\/tr>\n<tr>\n<td valign=\"top\" width=\"175\"><a title=\"Stazione bus Labin\" href=\"https:\/\/www.buscroatia.com\/it\/stazione-bus-labin\/\">Labin<\/a><\/td>\n<td valign=\"top\" width=\"175\"><a href=\"https:\/\/www.buscroatia.com\/it\/stazione-bus-parenzo\/\">Porec<\/a><\/td>\n<td valign=\"top\" width=\"175\"><a href=\"https:\/\/www.buscroatia.com\/it\/stazione-bus-rovigno\/\">Rovinj<\/a><\/td>\n<td valign=\"top\" width=\"175\"><a href=\"https:\/\/www.buscroatia.com\/it\/orsera\/\">Vrsar<\/a><\/td>\n<\/tr>\n<tr>\n<td valign=\"top\" width=\"175\"><a title=\"Stazione bus Cittanova\" href=\"https:\/\/www.buscroatia.com\/it\/cittanova\/\">Novigrad<\/a><\/td>\n<td valign=\"top\" width=\"175\"><\/td>\n<td valign=\"top\" width=\"175\"><\/td>\n<td valign=\"top\" width=\"175\"><\/td>\n<\/tr>\n<\/tbody>\n<\/table>\n<p><script>\/\/ <![CDATA[\ngoogle_ad_client = \"\"; \/* Bus728-en *\/ google_ad_slot = \"1946993811\"; google_ad_width = 728; google_ad_height = 90;\n\/\/ ]]><\/script><br \/>\n<script src=\"https:\/\/pagead2.googlesyndication.com\/pagead\/show_ads.js\">\/\/ <![CDATA[\n\n\/\/ ]]><\/script><\/p>\n<p>Tra le citt\u00e0 ci sono molte partenze bus al giorno e le distanze sono brevi, quindi \u00e8 possibile senza problemi affidarsi sul trasporto pubblico durante la vostra vacanza in Istria.<\/p>\n<p>Raggiungere l&#8217;Istria in bus \u00e8 molto facile; vi sono molti collegamenti nazionali ed internazionali per alcune citt\u00e0. Qui potete vedere collegamenti bus per <strong><span style=\"color: #ff0000;\"><a href=\"https:\/\/www.buscroatia.com\/it\/come-arrivare-a-parenzo\/\"><span style=\"color: #ff0000;\">Parenzo<\/span><\/a><\/span><\/strong>, qui per <a href=\"https:\/\/www.buscroatia.com\/it\/come-arrivare-a-rovigno\/\"><strong><span style=\"color: #ff0000;\">Rovigno<\/span><\/strong><\/a> e qui i collegamenti internazionali per <a href=\"https:\/\/www.buscroatia.com\/it\/come-arrivare-a-pola\/\"><strong><span style=\"color: #ff0000;\">Pola<\/span><\/strong><\/a>.<\/p>\n","protected":false},"excerpt":{"rendered":"<p>La maggior parte delle citt\u00e0 turistiche ben note della penisola istriana ha una stazione autobus che si trova abbastanza vicino al centro della citt\u00e0. Se cliccate sui nomi di citt\u00e0 qui sotto potete vedere ulteriori informazioni sulla determinata stazione autobus. Buzet Pazin Pula Umag Labin Porec Rovinj Vrsar Novigrad Tra le citt\u00e0 ci sono molte [&hellip;]<\/p>\n","protected":false},"author":2,"featured_media":0,"parent":0,"menu_order":0,"comment_status":"open","ping_status":"open","template":"","meta":[],"aioseo_notices":[],"_links":{"self":[{"href":"https:\/\/www.buscroatia.com\/it\/wp-json\/wp\/v2\/pages\/2079"}],"collection":[{"href":"https:\/\/www.buscroatia.com\/it\/wp-json\/wp\/v2\/pages"}],"about":[{"href":"https:\/\/www.buscroatia.com\/it\/wp-json\/wp\/v2\/types\/page"}],"author":[{"embeddable":true,"href":"https:\/\/www.buscroatia.com\/it\/wp-json\/wp\/v2\/users\/2"}],"replies":[{"embeddable":true,"href":"https:\/\/www.buscroatia.com\/it\/wp-json\/wp\/v2\/comments?post=2079"}],"version-history":[{"count":7,"href":"https:\/\/www.buscroatia.com\/it\/wp-json\/wp\/v2\/pages\/2079\/revisions"}],"predecessor-version":[{"id":2574,"href":"https:\/\/www.buscroatia.com\/it\/wp-json\/wp\/v2\/pages\/2079\/revisions\/2574"}],"wp:attachment":[{"href":"https:\/\/www.buscroatia.com\/it\/wp-json\/wp\/v2\/media?parent=2079"}],"curies":[{"name":"wp","href":"https:\/\/api.w.org\/{rel}","templated":true}]}}