{"id":144,"date":"2012-07-23T21:46:34","date_gmt":"2012-07-23T21:46:34","guid":{"rendered":"http:\/\/www.buscroatia.com\/it\/?page_id=144"},"modified":"2014-10-10T12:47:27","modified_gmt":"2014-10-10T12:47:27","slug":"stazione-bus-pola","status":"publish","type":"page","link":"https:\/\/www.buscroatia.com\/it\/stazione-bus-pola\/","title":{"rendered":"Pola"},"content":{"rendered":"<p><a href=\"https:\/\/www.buscroatia.com\/it\/wp-content\/uploads\/2012\/07\/Pola.jpg\" rel=\"lightbox[144]\"><img decoding=\"async\" loading=\"lazy\" class=\"alignright size-medium wp-image-174\" title=\"Pola\" src=\"https:\/\/www.buscroatia.com\/it\/wp-content\/uploads\/2012\/07\/Pola-300x225.jpg\" alt=\"Pola\" width=\"300\" height=\"225\" srcset=\"https:\/\/www.buscroatia.com\/it\/wp-content\/uploads\/2012\/07\/Pola-300x225.jpg 300w, https:\/\/www.buscroatia.com\/it\/wp-content\/uploads\/2012\/07\/Pola.jpg 1024w\" sizes=\"(max-width: 300px) 100vw, 300px\" \/><\/a>La stazione autobus a Pola \u00e8 situata a 1.2 km dal centro della citt\u00e0 e a circa 800 metri dall&#8217;Arena di Pola. Circa 500 m dalla stazione autobus c&#8217;\u00e8 collegamento alle isole. La stazione ferroviaria di Pola si trova a Kolodvorska 5 che dista circa 1 km o 10 minuti a piedi dalla stazione autobus.<\/p>\n<p><span style=\"text-decoration: underline;\"><strong>Servizi offerti da stazione autobus Pola<\/strong><\/span><\/p>\n<p>Alla stazione autobus abbastanza nuova a Pola c&#8217;\u00e8 un chiosco, un bancomat e un bar caff\u00e8. L&#8217;hotel pi\u00f9 vicino dista circa 500 metri dalla stazione degli autobus.<\/p>\n<p><script>\/\/ <![CDATA[\ngoogle_ad_client = \"\"; \/* Bus728-it *\/ google_ad_slot = \"7714325818\"; google_ad_width = 728; google_ad_height = 90;\n\/\/ ]]><\/script><br \/>\n<script src=\"https:\/\/pagead2.googlesyndication.com\/pagead\/show_ads.js\">\/\/ <![CDATA[\n\n\n\/\/ ]]><\/script><br \/>\n<b><span style=\"text-decoration: underline;\">Alloggio vicino alla stazione bus Pola<\/span><\/b><\/p>\n<p>Come gi\u00e0 detto, la <b>stazione autobus<\/b><b> \u00e8 situata un po&#8217; pi\u00f9 di 1 km dal centro della citt\u00e0<\/b>, ma siccome tutti i tipi di alloggio sono sparsi nella citt\u00e0 non dovrebbe essere un problema trovare un appartamento privato o un ostello a pochi passi dalla stazione autobus. \u00c8 possibile trovare la maggior parte degli <span style=\"color: #0000ff;\"><b>appartamenti<\/b><\/span><b>, <span style=\"color: #0000ff;\">hotel e ostelli a Pola<\/span><\/b> qui:<\/p>\n<table border=\"0\" width=\"720\" cellspacing=\"2\" cellpadding=\"2\">\n<tbody>\n<tr>\n<td align=\"center\" width=\"240\">\n<p align=\"center\"><a href=\"https:\/\/www.buscroatia.com\/it\/appartamenti-pula\"><img decoding=\"async\" style=\"margin: 0px 1px 1px;\" src=\"https:\/\/www.buscroatia.com\/wp-content\/uploads\/info\/Appartamenti.jpg\" alt=\"\" \/><\/a><\/p>\n<p align=\"center\"><strong><span style=\"color: #000000; font-size: large;\">Pola<\/span><\/strong><\/p>\n<\/td>\n<td align=\"center\" width=\"240\">\n<p align=\"center\"><a href=\"https:\/\/www.buscroatia.com\/it\/hotel-pola\" target=\"_blank\"><img decoding=\"async\" style=\"margin: 0px 1px 1px;\" src=\"https:\/\/www.buscroatia.com\/wp-content\/uploads\/2012\/08\/Icon-hotel.jpg\" alt=\"\" \/><\/a><\/p>\n<p align=\"center\"><strong><span style=\"color: #000000; font-size: large;\"><strong><strong>Pola<\/strong><\/strong><\/span><\/strong><\/p>\n<\/td>\n<td align=\"center\" width=\"240\">\n<p align=\"center\"><a href=\"https:\/\/www.buscroatia.com\/it\/ostelli-pola\" target=\"_blank\"><img decoding=\"async\" style=\"margin: 0px 1px 1px;\" src=\"https:\/\/www.buscroatia.com\/wp-content\/uploads\/2012\/08\/Icon-hostel.jpg\" alt=\"\" \/><\/a><\/p>\n<p align=\"center\"><strong><span style=\"color: #000000; font-size: large;\"><strong><strong>Pola<\/strong><\/strong><\/span><\/strong><\/p>\n<\/td>\n<\/tr>\n<\/tbody>\n<\/table>\n<p><b><span style=\"text-decoration: underline;\">Autonoleggio Pola<\/span><\/b><\/p>\n<p>Non vi \u00e8 <b>nessun&#8217;agenzia autonoleggio<\/b><b> direttamente alla stazione<\/b> autobus di Pola, ma nel centro della citt\u00e0 ci sono diverse agenzie di viaggio che affittano le automobili. Se siete in viaggio per l&#8217;<b>aeroporto di<\/b><b> Pola<\/b>, potrebbe essere pi\u00f9 economico di noleggiare un&#8217;auto da l\u00ec perch\u00e9 si ha una maggiore concorrenza. \u00c8 possibile vedere <b>l&#8217;offerta attuale autonoleggio<\/b> a Pola <a title=\"Autonoleggio Pola\" href=\"https:\/\/www.buscroatia.com\/it\/ricerca-auto\" target=\"_blank\"><span style=\"color: #ff0000;\"><strong>qui<\/strong><\/span><\/a>.<\/p>\n<p>Se viaggiate per <b>destinazioni nella<\/b><b> Dalmazia o nella parte orientale della Croazia<\/b>, avrete pi\u00f9 collegamenti se prima <span style=\"color: #0000ff;\"><b>viaggiate<\/b><b> da Pola a Fiume<\/b> <\/span>e poi da l\u00ec verso la vostra destinazione finale.<\/p>\n<p><strong><span style=\"text-decoration: underline;\">Linee di bus pi\u00f9 richieste dalla stazione bus Pola<\/span><\/strong><\/p>\n<table border=\"1\" width=\"700\" cellspacing=\"1\" cellpadding=\"1\">\n<tbody>\n<tr>\n<td style=\"text-align: center;\" valign=\"top\" width=\"233\"><span style=\"text-decoration: underline; color: #0000ff;\">Bus Nazionali<\/span><\/td>\n<td style=\"text-align: center;\" valign=\"top\" width=\"233\"><span style=\"text-decoration: underline; color: #0000ff;\">Bus Regionali<\/span><\/td>\n<td style=\"text-align: center;\" valign=\"top\" width=\"233\"><span style=\"text-decoration: underline;\"><span style=\"color: #0000ff; text-decoration: underline;\">Bus Internazionali<\/span><\/span><\/td>\n<\/tr>\n<tr>\n<td style=\"text-align: center;\" valign=\"top\" width=\"233\"><a title=\"Pola \u2013 Zagabria\" href=\"https:\/\/www.buscroatia.com\/it\/pola-zagabria\/\" target=\"_blank\">Pola &#8211; Zagabria<\/a><\/td>\n<td style=\"text-align: center;\" valign=\"top\" width=\"233\"><a title=\"Trasporto dall\u2019aeroporto di Pola\" href=\"https:\/\/www.buscroatia.com\/it\/trasporto-dallaeroporto-di-pola\/\" target=\"_blank\">\u00a0Aeroporto Pola<\/a><\/td>\n<td style=\"text-align: center;\" valign=\"top\" width=\"233\"><a title=\"Da Pola a Venezia\" href=\"https:\/\/www.buscroatia.com\/it\/da-pola-a-venezia\/\" target=\"_blank\">Pola &#8211; Venezia<\/a><\/td>\n<\/tr>\n<tr>\n<td style=\"text-align: center;\" valign=\"top\" width=\"233\"><a title=\"Pola \u2013 Zara\" href=\"https:\/\/www.buscroatia.com\/it\/pola-zara\/\" target=\"_blank\">Pola\u00a0&#8211; Zara<\/a><\/td>\n<td style=\"text-align: center;\" valign=\"top\" width=\"233\">\u00a0<a title=\"Da Pola a Parenzo\" href=\"https:\/\/www.buscroatia.com\/it\/da-pola-a-parenzo\/\" target=\"_blank\">Pola &#8211; Parenzo<\/a><\/td>\n<td style=\"text-align: center;\" valign=\"top\" width=\"233\"><a title=\"Da Pola a Trieste\" href=\"https:\/\/www.buscroatia.com\/it\/da-pola-a-trieste\/\" target=\"_blank\">Pola &#8211; Trieste<\/a><\/td>\n<\/tr>\n<tr>\n<td style=\"text-align: center;\" valign=\"top\" width=\"233\"><a title=\"Pola \u2013 Spalato\" href=\"https:\/\/www.buscroatia.com\/it\/pola-spalato\/\" target=\"_blank\">Pola\u00a0&#8211; Spalato<\/a><\/td>\n<td style=\"text-align: center;\" valign=\"top\" width=\"233\"><a title=\"Da Pola a Rovigno\" href=\"https:\/\/www.buscroatia.com\/it\/da-pola-a-rovigno\/\" target=\"_blank\">Pola &#8211; Rovigno <\/a><\/td>\n<td style=\"text-align: center;\" valign=\"top\" width=\"233\"><\/td>\n<\/tr>\n<tr>\n<td style=\"text-align: center;\" valign=\"top\" width=\"233\"><a title=\"Pola \u2013 Fiume\" href=\"https:\/\/www.buscroatia.com\/it\/pola-fiume\/\" target=\"_blank\">Pola\u00a0&#8211; Fiume<\/a><\/td>\n<td style=\"text-align: center;\" valign=\"top\" width=\"233\">\u00a0<a title=\"Da Pola a Umago\" href=\"https:\/\/www.buscroatia.com\/it\/da-pola-a-umago\/\" target=\"_blank\">Pola &#8211; Umago<\/a><\/td>\n<td style=\"text-align: center;\" valign=\"top\" width=\"233\"><\/td>\n<\/tr>\n<tr>\n<td style=\"text-align: center;\" valign=\"top\" width=\"233\">\u00a0<a title=\"Pola \u2013 Plitvice\" href=\"https:\/\/www.buscroatia.com\/it\/pola-plitvice\/\" target=\"_blank\">Pola &#8211; Plitvice<\/a><\/td>\n<td style=\"text-align: center;\" valign=\"top\" width=\"233\"><a title=\"Trasporto pubblico Pola\" href=\"https:\/\/www.buscroatia.com\/it\/trasporto-pubblico-pola\/\" target=\"_blank\">Transporto pubblico Pola<\/a><\/td>\n<td style=\"text-align: center;\" valign=\"top\" width=\"233\"><\/td>\n<\/tr>\n<\/tbody>\n<\/table>\n<p><span style=\"text-decoration: underline;\"><strong>Localit\u00e0 della stazione autobus<\/strong><\/span><\/p>\n<p><iframe loading=\"lazy\" src=\"https:\/\/maps.google.co.uk\/maps\/ms?msid=208501521610253693382.0004b91ad7ea4dfcdd4cc&amp;msa=0&amp;ie=UTF8&amp;t=h&amp;ll=44.873435,13.850048&amp;spn=0.010644,0.014999&amp;z=16&amp;output=embed\" width=\"700\" height=\"700\" frameborder=\"0\" marginwidth=\"0\" marginheight=\"0\" scrolling=\"no\"><\/iframe><br \/>\n<small>View <a style=\"color: #0000ff; text-align: left;\" href=\"https:\/\/maps.google.co.uk\/maps\/ms?msid=208501521610253693382.0004b91ad7ea4dfcdd4cc&amp;msa=0&amp;ie=UTF8&amp;t=h&amp;ll=44.873435,13.850048&amp;spn=0.010644,0.014999&amp;z=16&amp;source=embed\">Bus Station Pula<\/a> in a larger map<\/small><\/p>\n<p><span style=\"text-decoration: underline;\"><strong>Indirizzo della stazione autobus<\/strong><\/span><\/p>\n<p>Trg I. Istarske brigade bb<br \/>\nPula<\/p>\n","protected":false},"excerpt":{"rendered":"<p>La stazione autobus a Pola \u00e8 situata a 1.2 km dal centro della citt\u00e0 e a circa 800 metri dall&#8217;Arena di Pola. Circa 500 m dalla stazione autobus c&#8217;\u00e8 collegamento alle isole. La stazione ferroviaria di Pola si trova a Kolodvorska 5 che dista circa 1 km o 10 minuti a piedi dalla stazione autobus. [&hellip;]<\/p>\n","protected":false},"author":1,"featured_media":0,"parent":0,"menu_order":0,"comment_status":"open","ping_status":"open","template":"pages-templates\/bus-station.php","meta":[],"aioseo_notices":[],"_links":{"self":[{"href":"https:\/\/www.buscroatia.com\/it\/wp-json\/wp\/v2\/pages\/144"}],"collection":[{"href":"https:\/\/www.buscroatia.com\/it\/wp-json\/wp\/v2\/pages"}],"about":[{"href":"https:\/\/www.buscroatia.com\/it\/wp-json\/wp\/v2\/types\/page"}],"author":[{"embeddable":true,"href":"https:\/\/www.buscroatia.com\/it\/wp-json\/wp\/v2\/users\/1"}],"replies":[{"embeddable":true,"href":"https:\/\/www.buscroatia.com\/it\/wp-json\/wp\/v2\/comments?post=144"}],"version-history":[{"count":21,"href":"https:\/\/www.buscroatia.com\/it\/wp-json\/wp\/v2\/pages\/144\/revisions"}],"predecessor-version":[{"id":2923,"href":"https:\/\/www.buscroatia.com\/it\/wp-json\/wp\/v2\/pages\/144\/revisions\/2923"}],"wp:attachment":[{"href":"https:\/\/www.buscroatia.com\/it\/wp-json\/wp\/v2\/media?parent=144"}],"curies":[{"name":"wp","href":"https:\/\/api.w.org\/{rel}","templated":true}]}}