{"id":141,"date":"2012-07-23T21:45:09","date_gmt":"2012-07-23T21:45:09","guid":{"rendered":"http:\/\/www.buscroatia.com\/it\/?page_id=141"},"modified":"2014-10-09T11:50:45","modified_gmt":"2014-10-09T11:50:45","slug":"stazione-bus-fiume","status":"publish","type":"page","link":"https:\/\/www.buscroatia.com\/it\/stazione-bus-fiume\/","title":{"rendered":"Fiume"},"content":{"rendered":"<p>Fiume \u00e8 collegata con tutte le grandi citt\u00e0 in Croazia e in Europa per mezzo di linee di autobus internazionali e nazionali. La stazione autobus \u00e8 situata a Zabica, il centro della citt\u00e0. Il piano \u00e8 quello di costruire un nuovo terminal, &#8221; Zabica occidentale &#8220;, che sar\u00e0 situato ad ovest della piazza eponima. Ci vorr\u00e0 lo spazio del &#8220;Palazzo delle Ferrovie&#8221;.<\/p>\n<p><strong><span style=\"text-decoration: underline;\">Servizi offerti da stazione autobus Fiume<\/span><\/strong><\/p>\n<p>La sala d&#8217;attesa \u00e8 all&#8217;interno dell&#8217;edificio della stazione autobus. Ci sono alcuni ristoranti fast food nelle vicinanze che offrono i panini, le pizze e simile. Inoltre, ci sono diversi chioschi in cui \u00e8 possibile acquistare l&#8217;acqua per il viaggio.<br \/>\n<script>\/\/ <![CDATA[\ngoogle_ad_client = \"\"; \/* Bus728-it *\/ google_ad_slot = \"7714325818\"; google_ad_width = 728; google_ad_height = 90;\n\/\/ ]]><\/script><br \/>\n<script src=\"https:\/\/pagead2.googlesyndication.com\/pagead\/show_ads.js\">\/\/ <![CDATA[\n\n\/\/ ]]><\/script><br \/>\n<strong><span style=\"text-decoration: underline;\">Linee di bus pi\u00f9 richieste dalla stazione bus Fiume<\/span><\/strong><\/p>\n<table border=\"1\" width=\"700\" cellspacing=\"1\" cellpadding=\"1\">\n<tbody>\n<tr>\n<td style=\"text-align: center;\" valign=\"top\" width=\"233\"><span style=\"text-decoration: underline; color: #0000ff;\">Bus Nazionali<\/span><\/td>\n<td style=\"text-align: center;\" valign=\"top\" width=\"233\"><span style=\"text-decoration: underline; color: #0000ff;\">Bus Regionali<\/span><\/td>\n<td style=\"text-align: center;\" valign=\"top\" width=\"233\"><span style=\"text-decoration: underline;\"><span style=\"color: #0000ff; text-decoration: underline;\">Bus Internazionali<\/span><\/span><\/td>\n<\/tr>\n<tr>\n<td style=\"text-align: center;\" valign=\"top\" width=\"233\"><a title=\"Fiume \u2013 Zagabria\" href=\"https:\/\/www.buscroatia.com\/it\/fiume-zagabria\/\" target=\"_blank\">Fiume &#8211; Zagabria<\/a><\/td>\n<td style=\"text-align: center;\" valign=\"top\" width=\"233\"><a title=\"Trasporto dall\u2019aeroporto di Fiume\" href=\"https:\/\/www.buscroatia.com\/it\/trasporto-dallaeroporto-di-fiume\/\">Aeroporto Fiume <\/a><\/td>\n<td style=\"text-align: center;\" valign=\"top\" width=\"233\">\u00a0<a title=\"Fiume \u2013 Trieste\" href=\"https:\/\/www.buscroatia.com\/it\/fiume-trieste\/\">Fiume &#8211; Trieste<\/a><\/td>\n<\/tr>\n<tr>\n<td style=\"text-align: center;\" valign=\"top\" width=\"233\"><a title=\"Fiume \u2013 Zara\" href=\"https:\/\/www.buscroatia.com\/it\/fiume-zara\/\" target=\"_blank\">Fiume &#8211; Zara<\/a><\/td>\n<td style=\"text-align: center;\" valign=\"top\" width=\"233\"><a title=\"Trasporto pubblico Fiume\" href=\"https:\/\/www.buscroatia.com\/it\/trasporto-pubblico-fiume\/\">Transporto pubblico Fiume<\/a><\/td>\n<td style=\"text-align: center;\" valign=\"top\" width=\"233\"><\/td>\n<\/tr>\n<tr>\n<td style=\"text-align: center;\" valign=\"top\" width=\"233\"><a title=\"Fiume \u2013 Spalato\" href=\"https:\/\/www.buscroatia.com\/it\/fiume-spalato\/\" target=\"_blank\">Fiume &#8211; Spalato<\/a><\/td>\n<td style=\"text-align: center;\" valign=\"top\" width=\"233\">\u00a0<a href=\"https:\/\/www.buscroatia.com\/it\/fiume-krk\/\" target=\"_blank\">Fiume &#8211; Krk<\/a><\/td>\n<td style=\"text-align: center;\" valign=\"top\" width=\"233\"><\/td>\n<\/tr>\n<tr>\n<td style=\"text-align: center;\" valign=\"top\" width=\"233\"><a title=\"Fiume \u2013 Pola\" href=\"https:\/\/www.buscroatia.com\/it\/fiume-pola\/\" target=\"_blank\">Fiume &#8211; Pola<\/a><\/td>\n<td style=\"text-align: center;\" valign=\"top\" width=\"233\"><\/td>\n<td style=\"text-align: center;\" valign=\"top\" width=\"233\"><\/td>\n<\/tr>\n<tr>\n<td style=\"text-align: center;\" valign=\"top\" width=\"233\"><a title=\"Fiume \u2013 Plitvice\" href=\"https:\/\/www.buscroatia.com\/it\/fiume-plitvice\/\" target=\"_blank\">\u00a0Fiume &#8211; Plitvice<\/a><\/td>\n<td style=\"text-align: center;\" valign=\"top\" width=\"233\"><\/td>\n<td style=\"text-align: center;\" valign=\"top\" width=\"233\"><\/td>\n<\/tr>\n<tr>\n<td style=\"text-align: center;\" valign=\"top\" width=\"233\">\u00a0<a title=\"Fiume \u2013 Karlovac\" href=\"https:\/\/www.buscroatia.com\/it\/fiume-karlovac\/\">Fiume &#8211; Karlovac<\/a><\/td>\n<td style=\"text-align: center;\" valign=\"top\" width=\"233\"><\/td>\n<td style=\"text-align: center;\" valign=\"top\" width=\"233\"><\/td>\n<\/tr>\n<tr>\n<td style=\"text-align: center;\" valign=\"top\" width=\"233\">\u00a0<a href=\"https:\/\/www.buscroatia.com\/it\/fiume-cres\/\" target=\"_blank\">Fiume &#8211; Cres<\/a><\/td>\n<td style=\"text-align: center;\" valign=\"top\" width=\"233\"><\/td>\n<td style=\"text-align: center;\" valign=\"top\" width=\"233\"><\/td>\n<\/tr>\n<\/tbody>\n<\/table>\n<p><strong><span style=\"text-decoration: underline;\">Localit\u00e0 della stazione<\/span><\/strong><\/p>\n<p><iframe loading=\"lazy\" src=\"https:\/\/maps.google.co.uk\/maps\/ms?msid=208501521610253693382.0004b91ad47452eb1962a&amp;msa=0&amp;ie=UTF8&amp;t=h&amp;ll=45.327953,14.436979&amp;spn=0.02112,0.029998&amp;z=15&amp;output=embed\" width=\"700\" height=\"700\" frameborder=\"0\" marginwidth=\"0\" marginheight=\"0\" scrolling=\"no\"><\/iframe><br \/>\n<small>View <a style=\"color: #0000ff; text-align: left;\" href=\"https:\/\/maps.google.co.uk\/maps\/ms?msid=208501521610253693382.0004b91ad47452eb1962a&amp;msa=0&amp;ie=UTF8&amp;t=h&amp;ll=45.327953,14.436979&amp;spn=0.02112,0.029998&amp;z=15&amp;source=embed\">Bus Station Rijeka<\/a> in a larger map<\/small><\/p>\n<p><strong><span style=\"text-decoration: underline;\">Indirizzo della stazione autobus<br \/>\n<\/span><\/strong><\/p>\n<p>Trg \u017dabica 1<br \/>\nHR-51000 \u00a0Rijeka<br \/>\ntel: +385 51 660 300<br \/>\ne-mail: <a href=\"http:\/\/www.autobusni-kolodvor.com\/prijevoznik.aspx?p=65\">autotrans@ri.t-com.hr<\/a><\/p>\n","protected":false},"excerpt":{"rendered":"<p>Fiume \u00e8 collegata con tutte le grandi citt\u00e0 in Croazia e in Europa per mezzo di linee di autobus internazionali e nazionali. La stazione autobus \u00e8 situata a Zabica, il centro della citt\u00e0. Il piano \u00e8 quello di costruire un nuovo terminal, &#8221; Zabica occidentale &#8220;, che sar\u00e0 situato ad ovest della piazza eponima. Ci [&hellip;]<\/p>\n","protected":false},"author":1,"featured_media":0,"parent":0,"menu_order":0,"comment_status":"open","ping_status":"open","template":"pages-templates\/bus-station.php","meta":[],"aioseo_notices":[],"_links":{"self":[{"href":"https:\/\/www.buscroatia.com\/it\/wp-json\/wp\/v2\/pages\/141"}],"collection":[{"href":"https:\/\/www.buscroatia.com\/it\/wp-json\/wp\/v2\/pages"}],"about":[{"href":"https:\/\/www.buscroatia.com\/it\/wp-json\/wp\/v2\/types\/page"}],"author":[{"embeddable":true,"href":"https:\/\/www.buscroatia.com\/it\/wp-json\/wp\/v2\/users\/1"}],"replies":[{"embeddable":true,"href":"https:\/\/www.buscroatia.com\/it\/wp-json\/wp\/v2\/comments?post=141"}],"version-history":[{"count":16,"href":"https:\/\/www.buscroatia.com\/it\/wp-json\/wp\/v2\/pages\/141\/revisions"}],"predecessor-version":[{"id":2884,"href":"https:\/\/www.buscroatia.com\/it\/wp-json\/wp\/v2\/pages\/141\/revisions\/2884"}],"wp:attachment":[{"href":"https:\/\/www.buscroatia.com\/it\/wp-json\/wp\/v2\/media?parent=141"}],"curies":[{"name":"wp","href":"https:\/\/api.w.org\/{rel}","templated":true}]}}