{"id":14,"date":"2012-07-23T14:23:11","date_gmt":"2012-07-23T14:23:11","guid":{"rendered":"http:\/\/www.buscroatia.com\/it\/?page_id=14"},"modified":"2014-10-15T16:51:39","modified_gmt":"2014-10-15T16:51:39","slug":"stazione-bus-ragusa","status":"publish","type":"page","link":"https:\/\/www.buscroatia.com\/it\/stazione-bus-ragusa\/","title":{"rendered":"Stazione bus Ragusa"},"content":{"rendered":"<p><a href=\"https:\/\/www.buscroatia.com\/it\/wp-content\/uploads\/2012\/07\/Ragusa.jpg\" rel=\"lightbox[14]\"><img decoding=\"async\" loading=\"lazy\" class=\"alignright size-medium wp-image-31\" title=\"Ragusa\" src=\"https:\/\/www.buscroatia.com\/it\/wp-content\/uploads\/2012\/07\/Ragusa-300x225.jpg\" alt=\"Ragusa\" width=\"300\" height=\"225\" srcset=\"https:\/\/www.buscroatia.com\/it\/wp-content\/uploads\/2012\/07\/Ragusa-300x225.jpg 300w, https:\/\/www.buscroatia.com\/it\/wp-content\/uploads\/2012\/07\/Ragusa.jpg 1024w\" sizes=\"(max-width: 300px) 100vw, 300px\" \/><\/a>La stazione principale degli autobus di Ragusa \u00e8 situato a Gruz ed \u00e8 a 2 km dal centro storico, che \u00e8 il centro di Ragusa. \u00c8 stata costruita recentemente, in prossimit\u00e0 del porto. Tranne le linee internazionali, ci sono linee degli autobus interurbani tra Ragusa e tutte le principali citt\u00e0 in Croazia ogni giorno. Tutte le parti della citt\u00e0 sono molto ben collegate con linee regolari di autobus. Vi consigliamo di acquistare un biglietto dell&#8217;autobus in tempo, soprattutto durante l&#8217;estate.<\/p>\n<p><strong><span style=\"text-decoration: underline;\">Servizi offerti da <\/span><\/strong><strong><span style=\"text-decoration: underline;\">stazione autobus Ragusa<br \/>\n<\/span><\/strong><\/p>\n<p>Tra i servizi di informazione e di vendita, i passeggeri sono dotati di un deposito bagagli, taxi ed edicola. Nelle vicinanze della stazione autobus si trova uno degli uffici di informazione dell&#8217;Ente per il Turismo Ragusa.<br \/>\n<script>\/\/ <![CDATA[\ngoogle_ad_client = \"\"; \/* Bus728-it *\/ google_ad_slot = \"7714325818\"; google_ad_width = 728; google_ad_height = 90;\n\/\/ ]]><\/script><br \/>\n<script src=\"https:\/\/pagead2.googlesyndication.com\/pagead\/show_ads.js\">\/\/ <![CDATA[\n\n\n\/\/ ]]><\/script><\/p>\n<p>Alla stazione degli autobus si trova l&#8217;unico deposito bagagli a Ragusa in cui \u00e8 possibile lasciare i bagagli e ci sono sempre i servizi vicini di taxi a vostra disposizione.<\/p>\n<p><b><span style=\"text-decoration: underline;\">Alloggio vicino alla stazione bus Ragusa<\/span><\/b><\/p>\n<p>Come gi\u00e0 detto, la stazione degli autobus non si trova direttamente nel centro storico. Tuttavia, \u00e8 possibile <b>trovare<\/b><b> ostelli, appartamenti, bed &amp; breakfast o alberghi<\/b> a pochi passi dalla stazione degli autobus, ma ovviamente avrete pi\u00f9 opzioni vicino al centro storico o nelle parti Lapad e Babin Kuk dove la <b>maggioranza<\/b><b> degli alberghi<\/b> si possono trovare. Qui potete vedere vari tipi di alloggi a Ragusa.<\/p>\n<table border=\"0\" width=\"720\" cellspacing=\"2\" cellpadding=\"2\">\n<tbody>\n<tr>\n<td align=\"center\" width=\"240\">\n<p align=\"center\"><a href=\"https:\/\/www.buscroatia.com\/it\/appartament-dubrovnik\"><img decoding=\"async\" style=\"margin: 0px 1px 1px;\" src=\"https:\/\/www.buscroatia.com\/wp-content\/uploads\/info\/Appartamenti.jpg\" alt=\"\" \/><\/a><\/p>\n<p align=\"center\"><strong><span style=\"color: #000000; font-size: large;\">Ragusa<\/span><\/strong><\/p>\n<\/td>\n<td align=\"center\" width=\"240\">\n<p align=\"center\"><a href=\"https:\/\/www.buscroatia.com\/it\/hotel-dubrovnik\" target=\"_blank\"><img decoding=\"async\" style=\"margin: 0px 1px 1px;\" src=\"https:\/\/www.buscroatia.com\/wp-content\/uploads\/2012\/08\/Icon-hotel.jpg\" alt=\"\" \/><\/a><\/p>\n<p align=\"center\"><strong><span style=\"color: #000000; font-size: large;\"><strong><strong>Ragusa<\/strong><\/strong><\/span><\/strong><\/p>\n<\/td>\n<td align=\"center\" width=\"240\">\n<p align=\"center\"><a href=\"https:\/\/www.buscroatia.com\/it\/ostelli-dubrovnik\" target=\"_blank\"><img decoding=\"async\" style=\"margin: 0px 1px 1px;\" src=\"https:\/\/www.buscroatia.com\/wp-content\/uploads\/2012\/08\/Icon-hostel.jpg\" alt=\"\" \/><\/a><\/p>\n<p align=\"center\"><strong><span style=\"color: #000000; font-size: large;\"><strong><strong>Ragusa<\/strong><\/strong><\/span><\/strong><\/p>\n<\/td>\n<\/tr>\n<\/tbody>\n<\/table>\n<p><b><span style=\"text-decoration: underline;\">Autonoleggio \u2013 stazione bus Ragusa<\/span><\/b><\/p>\n<p>Purtoppo, non esiste <b>nessun&#8217;agenzia autoneloggio presso la stazione bus<\/b>, e quindi se dovete noleggiare una macchina per il <b>vostro viaggio<\/b> dovrete concordare con l&#8217;agenzia di portarvi la macchina alla stazione bus al vostro arrivo o, come alternativa, prendere un bus urbano per il centro dove si trovano gli uffici di diverse agenzie autonoleggio. Una <b>vasta selezione di<\/b><b> offerte autonoleggio<\/b> da Ragusa si <a title=\"Autonoleggio Ragusa\" href=\"https:\/\/www.buscroatia.com\/it\/ricerca-auto\" target=\"_blank\"><span style=\"color: #ff0000;\"><strong>possono trovare qui<\/strong><\/span><\/a>.<\/p>\n<p>Da Ragusa si pu\u00f2 viaggiare per la <b>maggior parte delle<\/b><b> destinazioni in Croazia<\/b>. Inoltre, ci sono collegamenti internazionali a <b>paesi come<\/b><b> il Montenegro, la Bosnia e la Germania<\/b>. Se si viaggia verso destinazioni <b>a nord di<\/b><b> Spalato<\/b>, nella maggior parte dei casi avrete <b>pi\u00f9 opzioni di viaggio<\/b> trovate un autobus da Ragusa a Spalato e poi da Spalato fino alla destinazione finale. Le destinazioni pi\u00f9 famose da Ragusa:<\/p>\n<table border=\"1\" width=\"700\" cellspacing=\"1\" cellpadding=\"1\">\n<tbody>\n<tr>\n<td style=\"text-align: center;\" valign=\"top\" width=\"233\"><span style=\"text-decoration: underline; color: #0000ff;\">Bus Nazionali<\/span><\/td>\n<td style=\"text-align: center;\" valign=\"top\" width=\"233\"><span style=\"text-decoration: underline; color: #0000ff;\">Bus Regionali<\/span><\/td>\n<td style=\"text-align: center;\" valign=\"top\" width=\"233\"><span style=\"text-decoration: underline;\"><span style=\"color: #0000ff; text-decoration: underline;\">Bus Internazionali<\/span><\/span><\/td>\n<\/tr>\n<tr>\n<td style=\"text-align: center;\" valign=\"top\" width=\"233\"><a title=\"Ragusa \u2013 Zagabria\" href=\"https:\/\/www.buscroatia.com\/it\/ragusa-zagabria\/\" target=\"_blank\">Ragusa &#8211; Zagabria<\/a><\/td>\n<td style=\"text-align: center;\" valign=\"top\" width=\"233\"><a title=\"Da Ragusa all\u2019aeroporto di Ragusa\" href=\"https:\/\/www.buscroatia.com\/it\/da-ragusa-allaeroporto-di-ragusa\/\">Aeroporto Ragusa<\/a><\/td>\n<td style=\"text-align: center;\" valign=\"top\" width=\"233\"><a title=\"Ragusa \u2013 Mostar\" href=\"https:\/\/www.buscroatia.com\/it\/ragusa-mostar\/\" target=\"_blank\">Ragusa &#8211; Mostar<\/a><\/td>\n<\/tr>\n<tr>\n<td style=\"text-align: center;\" valign=\"top\" width=\"233\"><a title=\"Ragusa \u2013 Zara\" href=\"https:\/\/www.buscroatia.com\/it\/ragusa-zara\/\" target=\"_blank\">Ragusa &#8211; Zara<\/a><\/td>\n<td style=\"text-align: center;\" valign=\"top\" width=\"233\"><a title=\"Trasporto pubblico a Ragusa\" href=\"https:\/\/www.buscroatia.com\/it\/trasporto-pubblico-a-ragusa\/\">Trasporto pubblico Ragusa<\/a><\/td>\n<td style=\"text-align: center;\" valign=\"top\" width=\"233\"><a title=\"Ragusa \u2013 Medjugorje\" href=\"https:\/\/www.buscroatia.com\/it\/ragusa-medjugorje\/\" target=\"_blank\">Ragusa &#8211; Medjugorje<\/a><\/td>\n<\/tr>\n<tr>\n<td style=\"text-align: center;\" valign=\"top\" width=\"233\"><a title=\"Ragusa -Spalato\" href=\"https:\/\/www.buscroatia.com\/it\/ragusa-spalato\/\" target=\"_blank\">Ragusa &#8211; Spalato<\/a><\/td>\n<td style=\"text-align: center;\" valign=\"top\" width=\"233\"><\/td>\n<td style=\"text-align: center;\" valign=\"top\" width=\"233\"><a href=\"https:\/\/www.buscroatia.com\/it\/ricerca-percorsi\/?dS=Dubrovnik&amp;aS=Belgrade+&amp;d=&amp;t=\" target=\"_blank\">Ragusa &#8211; Belgrade<\/a><\/td>\n<\/tr>\n<tr>\n<td style=\"text-align: center;\" valign=\"top\" width=\"233\"><a title=\"Ragusa \u2013 Plitvice\" href=\"https:\/\/www.buscroatia.com\/it\/ragusa-plitvice\/\" target=\"_blank\">Ragusa &#8211; Plitvice<\/a><\/td>\n<td style=\"text-align: center;\" valign=\"top\" width=\"233\"><\/td>\n<td style=\"text-align: center;\" valign=\"top\" width=\"233\"><a title=\"Ragusa \u2013 Sarajevo\" href=\"https:\/\/www.buscroatia.com\/it\/ragusa-sarajevo\/\" target=\"_blank\">Ragusa &#8211; Sarajevo<\/a><\/td>\n<\/tr>\n<tr>\n<td style=\"text-align: center;\" valign=\"top\" width=\"233\">\u00a0<a title=\"Ragusa \u2013 Makarska\" href=\"https:\/\/www.buscroatia.com\/it\/ragusa-makarska\/\">Ragusa &#8211; Makarska<\/a><\/td>\n<td style=\"text-align: center;\" valign=\"top\" width=\"233\"><\/td>\n<td style=\"text-align: center;\" valign=\"top\" width=\"233\"><a title=\"Ragusa \u2013 Kotor (Montenegro)\" href=\"https:\/\/www.buscroatia.com\/it\/ragusa-kotor-montenegro\/\" target=\"_blank\">Ragusa &#8211; Kotor<\/a><\/td>\n<\/tr>\n<tr>\n<td style=\"text-align: center;\" valign=\"top\" width=\"233\">\u00a0<a title=\"Ragusa \u2013 Brela\" href=\"https:\/\/www.buscroatia.com\/it\/ragusa-brela\/\">Ragusa &#8211; Brela<\/a><\/td>\n<td style=\"text-align: center;\" valign=\"top\" width=\"233\"><\/td>\n<td style=\"text-align: center;\" valign=\"top\" width=\"233\">\u00a0<a title=\"Ragusa -Budva (Montenegro)\" href=\"https:\/\/www.buscroatia.com\/it\/ragusa-budva-montenegro\/\" target=\"_blank\">Ragusa &#8211; Budva<\/a><\/td>\n<\/tr>\n<tr>\n<td style=\"text-align: center;\" valign=\"top\" width=\"233\"><\/td>\n<td style=\"text-align: center;\" valign=\"top\" width=\"233\"><\/td>\n<td style=\"text-align: center;\" valign=\"top\" width=\"233\"><a title=\"Ragusa \u2013 Podgorica (Montenegro)\" href=\"https:\/\/www.buscroatia.com\/it\/ragusa-podgorica-montenegro\/\" target=\"_blank\">Ragusa &#8211; Podgorica<\/a><\/td>\n<\/tr>\n<\/tbody>\n<\/table>\n<p><strong><span style=\"text-decoration: underline;\">Localit\u00e0 della stazione autobus<\/span><\/strong><\/p>\n<p><iframe loading=\"lazy\" src=\"https:\/\/maps.google.co.uk\/maps\/ms?msid=208501521610253693382.0004b7eec1d90431054dc&amp;msa=0&amp;ie=UTF8&amp;t=h&amp;ll=42.664009,18.081951&amp;spn=0.056803,0.119991&amp;z=13&amp;output=embed\" width=\"700\" height=\"450\" frameborder=\"0\" marginwidth=\"0\" marginheight=\"0\" scrolling=\"no\"><\/iframe><br \/>\n<small>View <a style=\"color: #0000ff; text-align: left;\" href=\"https:\/\/maps.google.co.uk\/maps\/ms?msid=208501521610253693382.0004b7eec1d90431054dc&amp;msa=0&amp;ie=UTF8&amp;t=h&amp;ll=42.664009,18.081951&amp;spn=0.056803,0.119991&amp;z=13&amp;source=embed\">Bus Station Dubrovnik<\/a> in a larger map<\/small><\/p>\n<p><strong><span style=\"text-decoration: underline;\">Indirizzo della stazione autobus<\/span><\/strong><\/p>\n<p>Dubrovnik Bus Terminal<br \/>\nObala pape Ivana Pavla II 44 A<br \/>\nTel: +385 20 356 004<br \/>\nInfo: 060 305 070<\/p>\n","protected":false},"excerpt":{"rendered":"<p>La stazione principale degli autobus di Ragusa \u00e8 situato a Gruz ed \u00e8 a 2 km dal centro storico, che \u00e8 il centro di Ragusa. \u00c8 stata costruita recentemente, in prossimit\u00e0 del porto. Tranne le linee internazionali, ci sono linee degli autobus interurbani tra Ragusa e tutte le principali citt\u00e0 in Croazia ogni giorno. Tutte [&hellip;]<\/p>\n","protected":false},"author":1,"featured_media":0,"parent":0,"menu_order":0,"comment_status":"open","ping_status":"open","template":"pages-templates\/bus-station.php","meta":[],"aioseo_notices":[],"_links":{"self":[{"href":"https:\/\/www.buscroatia.com\/it\/wp-json\/wp\/v2\/pages\/14"}],"collection":[{"href":"https:\/\/www.buscroatia.com\/it\/wp-json\/wp\/v2\/pages"}],"about":[{"href":"https:\/\/www.buscroatia.com\/it\/wp-json\/wp\/v2\/types\/page"}],"author":[{"embeddable":true,"href":"https:\/\/www.buscroatia.com\/it\/wp-json\/wp\/v2\/users\/1"}],"replies":[{"embeddable":true,"href":"https:\/\/www.buscroatia.com\/it\/wp-json\/wp\/v2\/comments?post=14"}],"version-history":[{"count":37,"href":"https:\/\/www.buscroatia.com\/it\/wp-json\/wp\/v2\/pages\/14\/revisions"}],"predecessor-version":[{"id":3057,"href":"https:\/\/www.buscroatia.com\/it\/wp-json\/wp\/v2\/pages\/14\/revisions\/3057"}],"wp:attachment":[{"href":"https:\/\/www.buscroatia.com\/it\/wp-json\/wp\/v2\/media?parent=14"}],"curies":[{"name":"wp","href":"https:\/\/api.w.org\/{rel}","templated":true}]}}