{"id":137,"date":"2012-07-23T21:44:20","date_gmt":"2012-07-23T21:44:20","guid":{"rendered":"http:\/\/www.buscroatia.com\/it\/?page_id=137"},"modified":"2024-03-08T09:57:01","modified_gmt":"2024-03-08T09:57:01","slug":"stazione-bus-zagabria","status":"publish","type":"page","link":"https:\/\/www.buscroatia.com\/it\/stazione-bus-zagabria\/","title":{"rendered":"Zagabria"},"content":{"rendered":"\n<div class=\"wp-block-image\"><figure class=\"alignright\"><a href=\"https:\/\/www.buscroatia.com\/it\/wp-content\/uploads\/2012\/07\/Zagabria.jpg\" rel=\"lightbox[137]\"><img decoding=\"async\" loading=\"lazy\" width=\"300\" height=\"225\" src=\"https:\/\/www.buscroatia.com\/it\/wp-content\/uploads\/2012\/07\/Zagabria-300x225.jpg\" alt=\"Zagabria\" class=\"wp-image-157\" title=\"Zagabria\" srcset=\"https:\/\/www.buscroatia.com\/it\/wp-content\/uploads\/2012\/07\/Zagabria-300x225.jpg 300w, https:\/\/www.buscroatia.com\/it\/wp-content\/uploads\/2012\/07\/Zagabria.jpg 1024w\" sizes=\"(max-width: 300px) 100vw, 300px\" \/><\/a><\/figure><\/div>\n\n\n\n<p>La stazione autobus a Zagabria \u00e8 stata fondata nel 1961 e assunse l&#8217;aspetto attuale nel 1987, quando un nuovo edificio della stazione autobus \u00e8 stato costruito con i terminali associati. Il terminal degli autobus di Zagabria \u00e8 il pi\u00f9 grande e il pi\u00f9 moderno terminal di questa parte d&#8217;Europa. Esso offre ai suoi passeggeri un trasporto veloce e sicuro per tutte le destinazioni in Croazia come anche per tutte le citt\u00e0 europee pi\u00f9 grandi.<\/p>\n\n\n\n<p>Situato vicino alla piazza centrale della citt\u00e0, le strade principali della citt\u00e0, con un parcheggio ampio e custodito, offre ai suoi clienti molti posti per il riposo e ristoro, shopping e divertimento.<\/p>\n\n\n\n<p><strong><span style=\"text-decoration: underline;\">Servizi offerti&nbsp;<\/span><\/strong><strong><span style=\"text-decoration: underline;\">da&nbsp;<\/span><\/strong><strong><span style=\"text-decoration: underline;\">stazione&nbsp;<\/span><\/strong><strong><span style=\"text-decoration: underline;\">autobus&nbsp;<\/span><\/strong><strong><span style=\"text-decoration: underline;\">Zagabria<br><\/span><\/strong><\/p>\n\n\n\n<p>Servizio Informazioni fornir\u00e0 tutte le informazioni su arrivi e partenze di autobus dalla stazione di Zagabria e di altre citt\u00e0 croate ed europee da cui arrivano a Zagabria. Quindici biglietterie situate nel salone centrale dell&#8217;edificio, un personale accogliente vi dar\u00e0 un biglietto in pochi secondi. Arrivi sicuri e regolari e le partenze degli autobus a 44 piattaforme sono curati dai professionisti dei Servizi di trasporto.<\/p>\n\n\n\n<p>Il deposito bagagli della stazione autobus si trova vicino alla piattaforma di arrivo 106 I. C&#8217;\u00e8 anche un servizio Cargo nel deposito bagagli in cui sono ricevute e inviate le spedizioni.<br><script>\/\/ <![CDATA[\ngoogle_ad_client = \"\"; \/* Bus728-it *\/ google_ad_slot = \"7714325818\"; google_ad_width = 728; google_ad_height = 90;\n\/\/ ]]><\/script><br><script src=\"https:\/\/pagead2.googlesyndication.com\/pagead\/show_ads.js\">\/\/ <![CDATA[\n\n\/\/ ]]><\/script><br>Parcheggio per automobili si trova nella parte nord della stazione autobus (ingresso dalla strada Drzic) ed ha un numero sufficiente di posti auto anche durante le visite aumentate.<\/p>\n\n\n\n<p>Chiamando 060 313 333 (1,71 \u20ac \/ min. per le chiamate provenienti da telefoni fissi o 2,92 \u20ac \/ min. per le chiamate da rete mobile, IVA inclusa) \u00e8 possibile prenotare il biglietto e chiedere la consegna dei biglietti al vostro indirizzo.<\/p>\n\n\n\n<p><strong><span style=\"text-decoration: underline;\">Linee di bus pi\u00f9 richieste dalla stazione bus Zagabria<br><\/span><\/strong><\/p>\n\n\n\n<p>Come una capitale, Zagabria fornisce il trasporto verso tutte le destinazioni croate, nonch\u00e9 grandi capitali europee.<\/p>\n\n\n\n<p>I percorsi pi\u00f9 famosi sono:<\/p>\n\n\n\n<figure class=\"wp-block-table\"><table><tbody><tr><td><span style=\"text-decoration: underline; color: #0000ff;\">Bus Nazionali<\/span><\/td><td><span style=\"text-decoration: underline; color: #0000ff;\">Bus Regionali<\/span><\/td><td><span style=\"text-decoration: underline;\"><span style=\"color: #0000ff; text-decoration: underline;\">Bus Internazionali<\/span><\/span><\/td><\/tr><tr><td><a href=\"https:\/\/www.buscroatia.com\/it\/zagabria-spalato\/\" target=\"_blank\" rel=\"noopener\">Zagabria &#8211; Spalato<\/a><\/td><td>&nbsp;<a title=\"Trasporto dall\u2019aeroporto di Zagabria\" href=\"https:\/\/www.buscroatia.com\/it\/trasporto-dallaeroporto-di-zagabria\/\">Aeroporto Zagabria<\/a><\/td><td><a href=\"https:\/\/www.buscroatia.com\/it\/zagabria-belgrado\/\" target=\"_blank\" rel=\"noopener\">Zagabria&nbsp;&#8211; Belgrade<\/a><\/td><\/tr><tr><td><a href=\"https:\/\/www.buscroatia.com\/it\/zagabria-zara\/\" target=\"_blank\" rel=\"noopener\">Zagabria&nbsp;&#8211; Zara<\/a><\/td><td>&nbsp;<\/td><td><a href=\"https:\/\/www.buscroatia.com\/it\/zagabria-medjugorje\/\" target=\"_blank\" rel=\"noopener\">Zagabria &#8211; Medjugorje<\/a><\/td><\/tr><tr><td><a href=\"https:\/\/www.buscroatia.com\/it\/zagabria-ragusa\/\" target=\"_blank\" rel=\"noopener\">Zagabria&nbsp;&#8211; Ragusa<\/a><\/td><td>&nbsp;<\/td><td>&nbsp;<a href=\"https:\/\/www.buscroatia.com\/it\/zagabria-lubiana\/\">Zagabria &#8211; Lubiana<\/a><\/td><\/tr><tr><td><a href=\"https:\/\/www.buscroatia.com\/it\/zagabria-fiume\/\" target=\"_blank\" rel=\"noopener\">Zagabria&nbsp;&#8211; Fiume<\/a><\/td><td>&nbsp;<\/td><td>&nbsp;<a href=\"https:\/\/www.buscroatia.com\/it\/zagabria-vienna\/\" target=\"_blank\" rel=\"noopener\">Zagabria &#8211; Vienna<\/a><\/td><\/tr><tr><td><a title=\"Zagabria \u2013 Novalja\" href=\"https:\/\/www.buscroatia.com\/it\/zagabria-novalja\/\" target=\"_blank\" rel=\"noopener\">Zagabria &#8211; Novalja<\/a><\/td><td>&nbsp;<\/td><td>&nbsp;<a href=\"https:\/\/www.buscroatia.com\/it\/zagabria-mostar\/\" target=\"_blank\" rel=\"noopener\">Zagabria &#8211; Mostar<\/a><\/td><\/tr><\/tbody><\/table><\/figure>\n\n\n\n<p><strong><span style=\"text-decoration: underline;\">Stazione autobus\u00a0Zagabria video<\/span><\/strong><\/p>\n\n\n\n<iframe loading=\"lazy\" width=\"560\" height=\"315\" src=\"https:\/\/www.youtube.com\/embed\/f6LeCCjx_nQ?si=FI0Il9bk00PhI08J\" title=\"YouTube video player\" frameborder=\"0\" allow=\"accelerometer; autoplay; clipboard-write; encrypted-media; gyroscope; picture-in-picture; web-share\" allowfullscreen><\/iframe>\n\n\n\n<p><strong><span style=\"text-decoration: underline;\">Localit\u00e0 della stazione autobus<\/span><\/strong><\/p>\n\n\n\n<p><iframe loading=\"lazy\" src=\"https:\/\/maps.google.co.uk\/maps\/ms?msa=0&amp;msid=208501521610253693382.0004b80249fb6e9020687&amp;ie=UTF8&amp;t=h&amp;ll=45.804318,15.992897&amp;spn=0.003366,0.006427&amp;z=17&amp;output=embed\" width=\"700\" height=\"450\" frameborder=\"0\" marginwidth=\"0\" marginheight=\"0\" scrolling=\"no\"><\/iframe><br><small>View <a style=\"color: #0000ff; text-align: left;\" href=\"https:\/\/maps.google.co.uk\/maps\/ms?msa=0&amp;msid=208501521610253693382.0004b80249fb6e9020687&amp;ie=UTF8&amp;t=h&amp;ll=45.804318,15.992897&amp;spn=0.003366,0.006427&amp;z=17&amp;source=embed\">Bus Station Zagreb<\/a> in a larger map<\/small><\/p>\n\n\n\n<p><strong><span style=\"text-decoration: underline;\">Indirizzo della stazione autobus<br><\/span><\/strong><\/p>\n\n\n\n<p>ZAGREBA\u010cKI HOLDING d.o.o<br><strong>Podru\u017enica Autobusni kolodvor Zagreb<\/strong><strong><br><\/strong>Avenija Marina Dr\u017ei\u0107a 4<br>10000 Zagreb<br>Tel:&nbsp;&nbsp; +385 1 6008 600<br>Fax:&nbsp; +385 1 6008 616<strong><span style=\"text-decoration: underline;\"><br><\/span><\/strong><\/p>\n\n\n\n<p>Info su orari e prenotazione dei biglietti<\/p>\n\n\n\n<p>Tel:&nbsp; &nbsp;+385 1 6112 789<br>Tel:&nbsp;&nbsp;&nbsp;&nbsp; 060 313 333<\/p>\n\n\n\n<p>(1,71 kn \/ min per le chiamate da rete fissa,<br>2,92 kn \/ min per chiamate da reti mobili,<br>IVA inclusa)<br><a href=\"mailto:promet@akz.hr\">promet@akz.hr<\/a><\/p>\n","protected":false},"excerpt":{"rendered":"<p>La stazione autobus a Zagabria \u00e8 stata fondata nel 1961 e assunse l&#8217;aspetto attuale nel 1987, quando un nuovo edificio della stazione autobus \u00e8 stato costruito con i terminali associati. Il terminal degli autobus di Zagabria \u00e8 il pi\u00f9 grande e il pi\u00f9 moderno terminal di questa parte d&#8217;Europa. Esso offre ai suoi passeggeri un [&hellip;]<\/p>\n","protected":false},"author":1,"featured_media":0,"parent":0,"menu_order":0,"comment_status":"open","ping_status":"open","template":"pages-templates\/bus-station.php","meta":[],"aioseo_notices":[],"_links":{"self":[{"href":"https:\/\/www.buscroatia.com\/it\/wp-json\/wp\/v2\/pages\/137"}],"collection":[{"href":"https:\/\/www.buscroatia.com\/it\/wp-json\/wp\/v2\/pages"}],"about":[{"href":"https:\/\/www.buscroatia.com\/it\/wp-json\/wp\/v2\/types\/page"}],"author":[{"embeddable":true,"href":"https:\/\/www.buscroatia.com\/it\/wp-json\/wp\/v2\/users\/1"}],"replies":[{"embeddable":true,"href":"https:\/\/www.buscroatia.com\/it\/wp-json\/wp\/v2\/comments?post=137"}],"version-history":[{"count":30,"href":"https:\/\/www.buscroatia.com\/it\/wp-json\/wp\/v2\/pages\/137\/revisions"}],"predecessor-version":[{"id":188632,"href":"https:\/\/www.buscroatia.com\/it\/wp-json\/wp\/v2\/pages\/137\/revisions\/188632"}],"wp:attachment":[{"href":"https:\/\/www.buscroatia.com\/it\/wp-json\/wp\/v2\/media?parent=137"}],"curies":[{"name":"wp","href":"https:\/\/api.w.org\/{rel}","templated":true}]}}