{"id":120,"date":"2012-07-23T21:30:47","date_gmt":"2012-07-23T21:30:47","guid":{"rendered":"http:\/\/www.buscroatia.com\/it\/?page_id=120"},"modified":"2014-10-14T10:56:34","modified_gmt":"2014-10-14T10:56:34","slug":"stazione-bus-zara","status":"publish","type":"page","link":"https:\/\/www.buscroatia.com\/it\/stazione-bus-zara\/","title":{"rendered":"Zara"},"content":{"rendered":"<p><a href=\"https:\/\/www.buscroatia.com\/it\/wp-content\/uploads\/2012\/07\/Zara.jpg\" rel=\"lightbox[120]\"><img decoding=\"async\" loading=\"lazy\" class=\"alignright size-medium wp-image-126\" title=\"Zara\" src=\"https:\/\/www.buscroatia.com\/it\/wp-content\/uploads\/2012\/07\/Zara-300x200.jpg\" alt=\"Zara\" width=\"300\" height=\"200\" srcset=\"https:\/\/www.buscroatia.com\/it\/wp-content\/uploads\/2012\/07\/Zara-300x200.jpg 300w, https:\/\/www.buscroatia.com\/it\/wp-content\/uploads\/2012\/07\/Zara.jpg 1024w\" sizes=\"(max-width: 300px) 100vw, 300px\" \/><\/a>La stazione autobus a Zara \u00e8 situata accanto alla stazione ferroviaria, all&#8217;incrocio della strada Bregdetti e Ante Starcevica. Tutte le informazioni sulle partenze e gli arrivi sono disponibili dalle 6.00 alle 22.00. La vendita dei biglietti \u00e8 organizzata in cinque biglietterie computerizzate. I biglietti possono essere acquistati dalle 6,00 alle 22,00. La stazione autobus a Zara \u00e8 propriet\u00e0 della societ\u00e0 &#8220;Liburnia&#8221; ed \u00e8 una stazione di categoria B.<\/p>\n<p><strong><span style=\"text-decoration: underline;\">Servizi offerti alla\u00a0<\/span><\/strong><strong><span style=\"text-decoration: underline;\">stazione autobus Zara<\/span><\/strong><\/p>\n<p>Il servizio del traffico \u00e8 responsabile per il corretto funzionamento della stazione (arrivo e partenza regolare di autobus, l&#8217;ordine sulle piattaforme e il coordinamento di tutti i servizi della stazione degli autobus).<\/p>\n<p><script>\/\/ <![CDATA[\ngoogle_ad_client = \"\"; \/* Bus728-it *\/ google_ad_slot = \"7714325818\"; google_ad_width = 728; google_ad_height = 90;\n\/\/ ]]><\/script><br \/>\n<script src=\"https:\/\/pagead2.googlesyndication.com\/pagead\/show_ads.js\">\/\/ <![CDATA[\n\n\n\/\/ ]]><\/script><\/p>\n<p><b><span style=\"text-decoration: underline;\">Alloggio vicino alla stazione bus Zara<\/span><\/b><\/p>\n<p>Se siete alla ricerca di <b>alloggio<\/b><b> vicino alla stazione degli autobus di Zara<\/b>, \u00e8 possibile scegliere tra un numero di alberghi e appartamenti che potete trovare <span style=\"color: #ff0000;\"><strong><a title=\"Alloggi Zara\" href=\"http:\/\/www.booking.com\/searchresults.html?aid=346630;label=bus-zad-en;sid=9fbcf2dd0fbbf5b299b80e18916ac963;dcid=1;city=-101499;class_interval=1;csflt={};inac=0;offset=0;order=price;redirected_from_city=0;redirected_from_landmark=0;review_score_group=empty;score_min=0;ss_all=0;ssb=empty&amp;lang=it\"><span style=\"color: #ff0000;\">qui<\/span><\/a><\/strong><\/span>. Se non vi dispiace camminare dal centro storico vi possiamo consigliare di cecare B &amp; B o ostello che si pu\u00f2 fare <span style=\"color: #ff0000;\"><strong><a title=\"Ostelli Zara\" href=\"http:\/\/www.hostelbookers.com\/hostels\/croatia\/zadar\/\"><span style=\"color: #ff0000;\">qui<\/span><\/a><\/strong><\/span>.<\/p>\n<table border=\"0\" width=\"720\" cellspacing=\"2\" cellpadding=\"2\">\n<tbody>\n<tr>\n<td align=\"center\" width=\"240\">\n<p align=\"center\"><a href=\"https:\/\/www.buscroatia.com\/it\/appartamenti-zadar\"><img decoding=\"async\" style=\"margin: 0px 1px 1px;\" src=\"https:\/\/www.buscroatia.com\/wp-content\/uploads\/info\/Appartamenti.jpg\" alt=\"\" \/><\/a><\/p>\n<p align=\"center\"><strong><span style=\"color: #000000; font-size: large;\">Zara<\/span><\/strong><\/p>\n<\/td>\n<td align=\"center\" width=\"240\">\n<p align=\"center\"><a href=\"https:\/\/www.buscroatia.com\/it\/hotel-zara\" target=\"_blank\"><img decoding=\"async\" style=\"margin: 0px 1px 1px;\" src=\"https:\/\/www.buscroatia.com\/wp-content\/uploads\/2012\/08\/Icon-hotel.jpg\" alt=\"\" \/><\/a><\/p>\n<p align=\"center\"><strong><span style=\"color: #000000; font-size: large;\"><strong><strong>Zara<\/strong><\/strong><\/span><\/strong><\/p>\n<\/td>\n<td align=\"center\" width=\"240\">\n<p align=\"center\"><a href=\"https:\/\/www.buscroatia.com\/it\/ostelli-zara\" target=\"_blank\"><img decoding=\"async\" style=\"margin: 0px 1px 1px;\" src=\"https:\/\/www.buscroatia.com\/wp-content\/uploads\/2012\/08\/Icon-hostel.jpg\" alt=\"\" \/><\/a><\/p>\n<p align=\"center\"><strong><span style=\"color: #000000; font-size: large;\"><strong><strong>Zara<\/strong><\/strong><\/span><\/strong><\/p>\n<\/td>\n<\/tr>\n<\/tbody>\n<\/table>\n<p><b><span style=\"text-decoration: underline;\">Autonoleggio \u2013 stazione bus Zara<\/span><\/b><\/p>\n<p>Purtoppo, non esiste nessun&#8217;agenzia autoneloggio presso la stazione bus, ma alcune <b>agenzie autonoleggio<\/b> porterebbero la macchina alla stazione bus al vostro arrivo. Questo lo dovrete organizzare al momento della prenotazione. Nel <b>centro<\/b><b> della citt\u00e0<\/b> si possono trovare tutte le agenzie autonoleggio come <b>Sixt<\/b><b>, Hertz<\/b> ecc; un&#8217;offerta aggregata di <b>tutte le<\/b><b> agenzie autonoleggio<\/b> nella zona si possono <span style=\"color: #ff0000;\"><a title=\"Autonoleggio Zara\" href=\"https:\/\/www.buscroatia.com\/it\/ricerca-auto\"><span style=\"color: #ff0000;\"><strong>trovare qui<\/strong><\/span><\/a><\/span>. <b>NOTA<\/b>: se si viaggia per grandi citt\u00e0 come ad esempio Zagabria, Spalato, Ragusa potreste prendere in considerazione autonoleggio in una direzione come alternativa a viaggiare con il bus.<\/p>\n<p><b>SUGGERIMENTO<\/b>: se siete alla ricerca di autobus per le destinazioni pi\u00f9 lontane ad esempio Ragusa, il numero di autobus diretti \u00e8 spesso limitato; in tal caso si avr\u00e0 pi\u00f9 opzioni di viaggio se si cerca per il collegamento del bus in due fasi. <b>Esempio<\/b>: per andare da Zara a destinazioni situate a sud di Spalato, avrete maggior parte dei casi pi\u00f9 opzioni se prima andate da Zara a Spalato e poi da Spalato fino alla destinazione finale. Per i collegamenti con l&#8217;Istria, il <b>centro principale<\/b> \u00e8 Fiume.<\/p>\n<p>Alla stazione autobus ci sono diversi impianti: negozi, ristorante, bar, fioreria, scommesse sportive, negozio di mobili, ufficio cambio, agenzia per la vendita di biglietti internazionali e altre strutture.<\/p>\n<p><strong><span style=\"text-decoration: underline;\">Linee di bus pi\u00f9 richieste dalla stazione bus Zara<\/span><\/strong><\/p>\n<table border=\"1\" width=\"700\" cellspacing=\"1\" cellpadding=\"1\">\n<tbody>\n<tr>\n<td style=\"text-align: center;\" valign=\"top\" width=\"233\"><span style=\"text-decoration: underline; color: #0000ff;\">Bus Nazionali<\/span><\/td>\n<td style=\"text-align: center;\" valign=\"top\" width=\"233\"><span style=\"text-decoration: underline; color: #0000ff;\">Bus Regionali<\/span><\/td>\n<td style=\"text-align: center;\" valign=\"top\" width=\"233\"><span style=\"text-decoration: underline;\"><span style=\"color: #0000ff; text-decoration: underline;\">Bus Internazionali<\/span><\/span><\/td>\n<\/tr>\n<tr>\n<td style=\"text-align: center;\" valign=\"top\" width=\"233\"><a href=\"https:\/\/www.buscroatia.com\/it\/zara-zagabria\/\" target=\"_blank\">Zara &#8211; Zagabria<\/a><\/td>\n<td style=\"text-align: center;\" valign=\"top\" width=\"233\"><a title=\"Zara \u2013 Krka\" href=\"https:\/\/www.buscroatia.com\/it\/zara-parco-krka\/\" target=\"_blank\">Zara &#8211; Krka <\/a><\/td>\n<td style=\"text-align: center;\" valign=\"top\" width=\"233\"><a href=\"https:\/\/www.buscroatia.com\/it\/zara-mostar\/\" target=\"_blank\">Zara &#8211; Mostar<\/a><\/td>\n<\/tr>\n<tr>\n<td style=\"text-align: center;\" valign=\"top\" width=\"233\"><a title=\"Zara \u2013 Plitvice\" href=\"https:\/\/www.buscroatia.com\/it\/zara-plitvice\/\" target=\"_blank\">Zara &#8211; Plitvice<\/a><\/td>\n<td style=\"text-align: center;\" valign=\"top\" width=\"233\"><a title=\"Zara -Novalja\" href=\"https:\/\/www.buscroatia.com\/it\/zara-novalja\/\" target=\"_blank\">Zara &#8211; Novalja <\/a><\/td>\n<td style=\"text-align: center;\" valign=\"top\" width=\"233\"><a href=\"https:\/\/www.buscroatia.com\/it\/zara-medjugorje\/\" target=\"_blank\">Zara &#8211; Medjugorje<\/a><\/td>\n<\/tr>\n<tr>\n<td style=\"text-align: center;\" valign=\"top\" width=\"233\"><a title=\"Zara \u2013 Spalato\" href=\"https:\/\/www.buscroatia.com\/it\/zara-spalato\/\" target=\"_blank\">Zara &#8211; Spalato<\/a><\/td>\n<td style=\"text-align: center;\" valign=\"top\" width=\"233\"><a title=\"Trasporto dall\u2019aeroporto di Zara\" href=\"https:\/\/www.buscroatia.com\/it\/trasporto-dallaeroporto-di-zara\/\" target=\"_blank\">Aeroporto Zara <\/a><\/td>\n<td style=\"text-align: center;\" valign=\"top\" width=\"233\"><\/td>\n<\/tr>\n<tr>\n<td style=\"text-align: center;\" valign=\"top\" width=\"233\"><a href=\"https:\/\/www.buscroatia.com\/it\/zara-ragusa\/\" target=\"_blank\">Zara &#8211; Ragusa<\/a><\/td>\n<td style=\"text-align: center;\" valign=\"top\" width=\"233\">\u00a0<a title=\"Trasporto pubblico Zara\" href=\"https:\/\/www.buscroatia.com\/it\/trasporto-pubblico-zara\/\" target=\"_blank\">Trasporto pubblico Zara<\/a><\/td>\n<td style=\"text-align: center;\" valign=\"top\" width=\"233\"><\/td>\n<\/tr>\n<\/tbody>\n<\/table>\n<p>&nbsp;<\/p>\n<p><span style=\"text-decoration: underline;\"><strong>Localit\u00e0 della stazione autobus<\/strong><\/span><br \/>\n<iframe loading=\"lazy\" src=\"https:\/\/maps.google.co.uk\/maps\/ms?msid=208501521610253693382.0004b7ef0395fa5a5e9fa&amp;msa=0&amp;ie=UTF8&amp;t=h&amp;ll=44.1111,15.233703&amp;spn=0.021569,0.029998&amp;z=15&amp;output=embed\" width=\"700\" height=\"700\" frameborder=\"0\" marginwidth=\"0\" marginheight=\"0\" scrolling=\"no\"><\/iframe><br \/>\n<small>View <a style=\"color: #0000ff; text-align: left;\" href=\"https:\/\/maps.google.co.uk\/maps\/ms?msid=208501521610253693382.0004b7ef0395fa5a5e9fa&amp;msa=0&amp;ie=UTF8&amp;t=h&amp;ll=44.1111,15.233703&amp;spn=0.021569,0.029998&amp;z=15&amp;source=embed\">Bus Station Zadar<\/a>in a larger map<\/small><\/p>\n<p><strong><span style=\"text-decoration: underline;\">Indirizzo della stazione autobus<br \/>\n<\/span><\/strong><\/p>\n<p>Ante Starcevica 1<br \/>\n23 000 Zadar<br \/>\nTel: +385(0)23211 555<br \/>\nFax: 023\/311-086<\/p>\n","protected":false},"excerpt":{"rendered":"<p>La stazione autobus a Zara \u00e8 situata accanto alla stazione ferroviaria, all&#8217;incrocio della strada Bregdetti e Ante Starcevica. Tutte le informazioni sulle partenze e gli arrivi sono disponibili dalle 6.00 alle 22.00. La vendita dei biglietti \u00e8 organizzata in cinque biglietterie computerizzate. I biglietti possono essere acquistati dalle 6,00 alle 22,00. La stazione autobus a [&hellip;]<\/p>\n","protected":false},"author":1,"featured_media":0,"parent":0,"menu_order":0,"comment_status":"open","ping_status":"open","template":"pages-templates\/bus-station.php","meta":[],"aioseo_notices":[],"_links":{"self":[{"href":"https:\/\/www.buscroatia.com\/it\/wp-json\/wp\/v2\/pages\/120"}],"collection":[{"href":"https:\/\/www.buscroatia.com\/it\/wp-json\/wp\/v2\/pages"}],"about":[{"href":"https:\/\/www.buscroatia.com\/it\/wp-json\/wp\/v2\/types\/page"}],"author":[{"embeddable":true,"href":"https:\/\/www.buscroatia.com\/it\/wp-json\/wp\/v2\/users\/1"}],"replies":[{"embeddable":true,"href":"https:\/\/www.buscroatia.com\/it\/wp-json\/wp\/v2\/comments?post=120"}],"version-history":[{"count":32,"href":"https:\/\/www.buscroatia.com\/it\/wp-json\/wp\/v2\/pages\/120\/revisions"}],"predecessor-version":[{"id":2978,"href":"https:\/\/www.buscroatia.com\/it\/wp-json\/wp\/v2\/pages\/120\/revisions\/2978"}],"wp:attachment":[{"href":"https:\/\/www.buscroatia.com\/it\/wp-json\/wp\/v2\/media?parent=120"}],"curies":[{"name":"wp","href":"https:\/\/api.w.org\/{rel}","templated":true}]}}