{"id":1072,"date":"2013-10-24T11:36:36","date_gmt":"2013-10-24T11:36:36","guid":{"rendered":"http:\/\/www.buscroatia.com\/it\/?page_id=1072"},"modified":"2013-10-31T15:14:31","modified_gmt":"2013-10-31T15:14:31","slug":"cittanova","status":"publish","type":"page","link":"https:\/\/www.buscroatia.com\/it\/cittanova\/","title":{"rendered":"Stazione bus Cittanova"},"content":{"rendered":"<p>La <b>stazione degli autobus a Cittanova<\/b> \u00e8 situata nella periferia della citt\u00e0, vicino alla strada costiera istriana. Il centro della citt\u00e0 dista <b>1 km dalla stazione bus<\/b> mentre l&#8217;ACI Marina dista 400 m dalla stazione bus. Poich\u00e9 non vi sono autobus urbani a Cittanova, si dovr\u00e0 raggiungere la destinazione finale a piedi o con il taxi dalla stazione degli autobus (<b>vedi sotto la mappa delle stazioni bus<\/b>)<\/p>\n<p style=\"text-align: center;\"><a href=\"https:\/\/www.buscroatia.com\/it\/wp-content\/uploads\/2013\/10\/Stazione-bus-Cittanova.jpg\" rel=\"lightbox[1072]\"><img decoding=\"async\" class=\".aligncenter\" title=\"Stazione bus Cittanova\" alt=\"Stazione bus Cittanova\" src=\"https:\/\/www.buscroatia.com\/it\/wp-content\/uploads\/2013\/10\/Stazione-bus-Cittanova.jpg\" width=\"100%\" \/><\/a><\/p>\n<p><b><span style=\"text-decoration: underline;\">Servizi della stazione bus a Cittanova<\/span><\/b><\/p>\n<p>Al terminal della stazione degli autobus vi \u00e8 una <b>biglietteria e una sala d&#8217;attesa<\/b> in cui il deposito bagagli \u00e8 disponibile. Nella parte restante del terminal, c&#8217;\u00e8 una banca con un bancomat, un panificio, un&#8217;edicola e un bar.<\/p>\n<p>I taxi si trovano di solito nel parcheggio, dietro l&#8217;edificio della stazione bus.<\/p>\n<p><script type=\"mce-text\/javascript\">\/\/ <![CDATA[\ngoogle_ad_client = \"\"; \/* Bus728-it *\/ google_ad_slot = \"7714325818\"; google_ad_width = 728; google_ad_height = 90;\n\/\/ ]]><\/script><br \/>\n<script type=\"mce-text\/javascript\" src=\"https:\/\/pagead2.googlesyndication.com\/pagead\/show_ads.js\">\/\/ <![CDATA[\n\n\n\/\/ ]]><\/script><\/p>\n<p><b><span style=\"text-decoration: underline;\">Alloggio vicino alla stazione bus a Cittanova<\/span><\/b><\/p>\n<p>La maggior parte delle persone soggiornano a Cittanova presso i campeggi o alberghi che si trovano a nord e sud della citt\u00e0. La principale area degli appartamento \u00e8 situata a nord della citt\u00e0 (app a 1 km dalla stazione degli autobus), ma \u00e8 anche possibile <b>trovare appartamenti e ostelli nella e attorno alla citt\u00e0 vecchia<\/b>. \u00c8 possibile vedere qui la disponibilit\u00e0 di vari tipi di alloggi.<\/p>\n<p><b><span style=\"text-decoration: underline;\">Gite di un giorno da Cittanova<\/span><\/b><\/p>\n<p>Da Cittanova \u00e8 possibile fare <b>gite di un giorno in autobus<\/b> alle <b>citt\u00e0 istriane come ad esempio, Pola, Parenzo, Rovigno, Umago<\/b> e Trieste in Italia. Mete famose come Grotte di Postumia in Slovenia, Venezia e il Parco Nazionale dei Laghi di Plitvice sono raggiungibili solo in auto o aderendo ad una delle escursioni offerte dalle agenzie di viaggio locali. Una lista delle escursioni disponibili da Cittanova si pu\u00f2 <a title=\"Gite Cittanova\" href=\"https:\/\/www.buscroatia.com\/it\/escursioni-novigrad\/\"><strong><span style=\"color: #ff0000;\">trovare qui<\/span><\/strong><\/a>.<\/p>\n<p><b><span style=\"text-decoration: underline;\">Pi\u00f9 popolari linee di autobus da Cittanova<\/span><\/b><\/p>\n<p>Da Cittanova ci sono <b>autobus giornalieri per tutte le citt\u00e0 pi\u00f9 grandi in Istria<\/b> e anche alcuni autobus per e da Fiume e Zagabria. Clicca sulle citt\u00e0 nella tabella qui sotto per trovare le opzioni di viaggio da Cittanova.<\/p>\n<table width=\"700\" border=\"1\" cellspacing=\"1\" cellpadding=\"1\">\n<tbody>\n<tr>\n<td style=\"text-align: center;\" valign=\"top\" width=\"233\"><span style=\"color: #0000ff; text-decoration: underline;\">Bus nazionali<\/span><\/td>\n<td style=\"text-align: center;\" valign=\"top\" width=\"233\"><span style=\"color: #0000ff; text-decoration: underline;\">Bus regionali<\/span><\/td>\n<td style=\"text-align: center;\" valign=\"top\" width=\"233\"><span style=\"text-decoration: underline;\"><span style=\"color: #0000ff; text-decoration: underline;\">Bus internazionali<\/span><\/span><\/td>\n<\/tr>\n<tr>\n<td style=\"text-align: center;\" valign=\"top\" width=\"233\">\u00a0<a href=\"https:\/\/www.buscroatia.com\/it\/ricerca-percorsi\/?dS=Cittanova&amp;aS=Zagabria&amp;d=&amp;t=\"><strong><span style=\"color: #ff0000;\">Cittanova &#8211; Zagabria<\/span><\/strong><\/a><\/td>\n<td style=\"text-align: center;\" valign=\"top\" width=\"233\">\u00a0<a href=\"https:\/\/www.buscroatia.com\/it\/ricerca-percorsi\/?dS=Cittanova&amp;aS=Umago&amp;d=&amp;t=\"><strong><span style=\"color: #ff0000;\">Cittanova &#8211; Umago<\/span><\/strong><\/a><\/td>\n<td style=\"text-align: center;\" valign=\"top\" width=\"233\"><span style=\"color: #ff0000;\"><strong>\u00a0<\/strong><strong><a href=\"https:\/\/www.buscroatia.com\/it\/ricerca-percorsi\/?dS=Cittanova&amp;aS=Trieste&amp;d=&amp;t=\"><span style=\"color: #ff0000;\">Cittanova &#8211; Trieste<\/span><\/a><\/strong><\/span><\/td>\n<\/tr>\n<tr>\n<td style=\"text-align: center;\" valign=\"top\" width=\"233\">\u00a0<a href=\"https:\/\/www.buscroatia.com\/it\/ricerca-percorsi\/?dS=Cittanova&amp;aS=Fiume&amp;d=&amp;t=\"><strong><span style=\"color: #ff0000;\">Cittanova &#8211; Fiume<\/span><\/strong><\/a><\/td>\n<td style=\"text-align: center;\" valign=\"top\" width=\"233\">\u00a0<a href=\"https:\/\/www.buscroatia.com\/it\/ricerca-percorsi\/?dS=Cittanova&amp;aS=Parenzo&amp;d=&amp;t=\"><strong><span style=\"color: #ff0000;\">Cittanova &#8211; Parenzo<\/span><\/strong><\/a><\/td>\n<td style=\"text-align: center;\" valign=\"top\" width=\"233\"><\/td>\n<\/tr>\n<tr>\n<td style=\"text-align: center;\" valign=\"top\" width=\"233\"><\/td>\n<td style=\"text-align: center;\" valign=\"top\" width=\"233\">\u00a0<a href=\"https:\/\/www.buscroatia.com\/it\/ricerca-percorsi\/?dS=Cittanova&amp;aS=Rovigno&amp;d=&amp;t=\"><strong><span style=\"color: #ff0000;\">Cittanova &#8211; Rovigno<\/span><\/strong><\/a><\/td>\n<td style=\"text-align: center;\" valign=\"top\" width=\"233\"><\/td>\n<\/tr>\n<tr>\n<td style=\"text-align: center;\" valign=\"top\" width=\"233\"><\/td>\n<td style=\"text-align: center;\" valign=\"top\" width=\"233\">\u00a0<a href=\"https:\/\/www.buscroatia.com\/it\/ricerca-percorsi\/?dS=Cittanova&amp;aS=Pola&amp;d=&amp;t=\"><strong><span style=\"color: #ff0000;\">Cittanova &#8211; Pola<\/span><\/strong><\/a><\/td>\n<td style=\"text-align: center;\" valign=\"top\" width=\"233\"><\/td>\n<\/tr>\n<tr>\n<td style=\"text-align: center;\" valign=\"top\" width=\"233\"><\/td>\n<td style=\"text-align: center;\" valign=\"top\" width=\"233\"><\/td>\n<td style=\"text-align: center;\" valign=\"top\" width=\"233\"><\/td>\n<\/tr>\n<tr>\n<td style=\"text-align: center;\" valign=\"top\" width=\"233\"><\/td>\n<td style=\"text-align: center;\" valign=\"top\" width=\"233\"><\/td>\n<td style=\"text-align: center;\" valign=\"top\" width=\"233\"><\/td>\n<\/tr>\n<tr>\n<td style=\"text-align: center;\" valign=\"top\" width=\"233\"><\/td>\n<td style=\"text-align: center;\" valign=\"top\" width=\"233\"><\/td>\n<td style=\"text-align: center;\" valign=\"top\" width=\"233\"><\/td>\n<\/tr>\n<\/tbody>\n<\/table>\n<p><span style=\"text-decoration: underline;\"><span style=\"color: #000000;\"><strong>Mappa della stazione bus Cittanova<\/strong><\/span><\/span><\/p>\n<p><span style=\"color: #000000;\"><b><span style=\"text-decoration: underline;\">Indirizzo della stazione bus a Cittanova<\/span><\/b><\/span><\/p>\n<p>Murve 15<br \/>\n52466 Novigrad<br \/>\nTel: +385 52 757 660\u00a0\u200e<\/p>\n","protected":false},"excerpt":{"rendered":"<p>La stazione degli autobus a Cittanova \u00e8 situata nella periferia della citt\u00e0, vicino alla strada costiera istriana. Il centro della citt\u00e0 dista 1 km dalla stazione bus mentre l&#8217;ACI Marina dista 400 m dalla stazione bus. Poich\u00e9 non vi sono autobus urbani a Cittanova, si dovr\u00e0 raggiungere la destinazione finale a piedi o con il [&hellip;]<\/p>\n","protected":false},"author":2,"featured_media":0,"parent":0,"menu_order":0,"comment_status":"open","ping_status":"open","template":"","meta":[],"aioseo_notices":[],"_links":{"self":[{"href":"https:\/\/www.buscroatia.com\/it\/wp-json\/wp\/v2\/pages\/1072"}],"collection":[{"href":"https:\/\/www.buscroatia.com\/it\/wp-json\/wp\/v2\/pages"}],"about":[{"href":"https:\/\/www.buscroatia.com\/it\/wp-json\/wp\/v2\/types\/page"}],"author":[{"embeddable":true,"href":"https:\/\/www.buscroatia.com\/it\/wp-json\/wp\/v2\/users\/2"}],"replies":[{"embeddable":true,"href":"https:\/\/www.buscroatia.com\/it\/wp-json\/wp\/v2\/comments?post=1072"}],"version-history":[{"count":4,"href":"https:\/\/www.buscroatia.com\/it\/wp-json\/wp\/v2\/pages\/1072\/revisions"}],"predecessor-version":[{"id":1093,"href":"https:\/\/www.buscroatia.com\/it\/wp-json\/wp\/v2\/pages\/1072\/revisions\/1093"}],"wp:attachment":[{"href":"https:\/\/www.buscroatia.com\/it\/wp-json\/wp\/v2\/media?parent=1072"}],"curies":[{"name":"wp","href":"https:\/\/api.w.org\/{rel}","templated":true}]}}