{"id":103,"date":"2012-07-23T21:09:43","date_gmt":"2012-07-23T21:09:43","guid":{"rendered":"http:\/\/www.buscroatia.com\/it\/?page_id=103"},"modified":"2014-10-09T15:22:39","modified_gmt":"2014-10-09T15:22:39","slug":"stazione-bus-trogir","status":"publish","type":"page","link":"https:\/\/www.buscroatia.com\/it\/stazione-bus-trogir\/","title":{"rendered":"Trogir"},"content":{"rendered":"<p><a href=\"https:\/\/www.buscroatia.com\/it\/wp-content\/uploads\/2012\/07\/Trogir.jpg\" rel=\"lightbox[103]\"><img decoding=\"async\" loading=\"lazy\" class=\"alignright size-medium wp-image-107\" title=\"Trogir\" src=\"https:\/\/www.buscroatia.com\/it\/wp-content\/uploads\/2012\/07\/Trogir-300x225.jpg\" alt=\"Trogir\" width=\"300\" height=\"225\" srcset=\"https:\/\/www.buscroatia.com\/it\/wp-content\/uploads\/2012\/07\/Trogir-300x225.jpg 300w, https:\/\/www.buscroatia.com\/it\/wp-content\/uploads\/2012\/07\/Trogir.jpg 1024w\" sizes=\"(max-width: 300px) 100vw, 300px\" \/><\/a>La stazione autobus a Trogir si trova all&#8217;ingresso della citt\u00e0, accanto a un ponte di pietra, ed dista circa 500 metri dal centro della citt\u00e0.<\/p>\n<p>Alla stazione autobus si possono acquistare i biglietti per le linee di autobus locali (Spalato, Solin, Kastela, Marina ecc), linee interurbane (Ragusa, Zagabria, ecc) o linee internazionali (Austria, Germania ecc).<\/p>\n<p>Tutti gli autobus che collegano la Dalmazia e non usano l&#8217;autostrada, attraversano Trogir.<\/p>\n<p><strong><span style=\"text-decoration: underline;\">Servizi offerti da<\/span><\/strong><strong><span style=\"text-decoration: underline;\">stazione autobus Trogir<\/span><\/strong><\/p>\n<p>Fuori dell&#8217;edificio della stazione ci sono dei bancomat (ricordatevi di avere qualche spicciolo se avete bagagli che si paga dal conduttore). Ci sono anche molti bar e ristoranti nelle vicinanze e il centro della citt\u00e0 che si deve visitare.<\/p>\n<p><b><span style=\"text-decoration: underline;\">Alloggio vicino alla stazione bus Trogir<\/span><\/b><\/p>\n<p>Trovare alloggio a pochi passi dalla stazione autobus di Trogir non \u00e8 un problema. Sul lato <b>terraferma<\/b><b> di Trogir<\/b> come anche nel <b>centro storico insulare<\/b> o la parte di <b>Ciovo<\/b> che appartiene a Trogir, ci sono <span style=\"color: #0000ff;\"><b>molti<\/b><b> appartamenti, camere, ostelli e piccoli alberghi<\/b><\/span>. Alloggi vicino alla spiaggia si possono trovare sulla Ciovo in citt\u00e0 come Slatine, Arbanija o Okrug Gornji. Se si sceglie di soggiornare in una di quelle citt\u00e0, si dispone di <b>autobus<\/b><b> e barche a Ciovo<\/b> come opzione di trasporto da Trogir. Una vasta selezione di alloggi nella zona di Trogir si possono trovare qui:<\/p>\n<table border=\"0\" width=\"720\" cellspacing=\"2\" cellpadding=\"2\">\n<tbody>\n<tr>\n<td align=\"center\" width=\"240\">\n<p align=\"center\"><a href=\"https:\/\/www.buscroatia.com\/it\/appartamenti-trogir\"><img decoding=\"async\" style=\"margin: 0px 1px 1px;\" src=\"https:\/\/www.buscroatia.com\/wp-content\/uploads\/info\/Appartamenti.jpg\" alt=\"\" \/><\/a><\/p>\n<p align=\"center\"><strong><span style=\"color: #000000; font-size: large;\">Trogir<\/span><\/strong><\/p>\n<\/td>\n<td align=\"center\" width=\"240\">\n<p align=\"center\"><a href=\"https:\/\/www.buscroatia.com\/it\/hotel-trau\" target=\"_blank\"><img decoding=\"async\" style=\"margin: 0px 1px 1px;\" src=\"https:\/\/www.buscroatia.com\/wp-content\/uploads\/2012\/08\/Icon-hotel.jpg\" alt=\"\" \/><\/a><\/p>\n<p align=\"center\"><strong><span style=\"color: #000000; font-size: large;\"><strong><strong>Trogir<\/strong><\/strong><\/span><\/strong><\/p>\n<\/td>\n<td align=\"center\" width=\"240\">\n<p align=\"center\"><a href=\"https:\/\/www.buscroatia.com\/it\/ostelli-trau\" target=\"_blank\"><img decoding=\"async\" style=\"margin: 0px 1px 1px;\" src=\"https:\/\/www.buscroatia.com\/wp-content\/uploads\/2012\/08\/Icon-hostel.jpg\" alt=\"\" \/><\/a><\/p>\n<p align=\"center\"><strong><span style=\"color: #000000; font-size: large;\"><strong><strong>Trogir<\/strong><\/strong><\/span><\/strong><\/p>\n<\/td>\n<\/tr>\n<\/tbody>\n<\/table>\n<p><b><span style=\"text-decoration: underline;\">Autonoleggio Trogir<\/span><\/b><\/p>\n<p>Non vi \u00e8 nessun possibilit\u00e0 di <b>noleggiare un&#8217;auto<\/b><b> direttamente alla stazione<\/b> autobus a Trogir, ma intorno alla zona della citt\u00e0 vecchia ci sono diverse agenzie di viaggio che affittano le auto. In alternativa alle imprese locali, potrebbe essere una <b>buona idea<\/b><b> di prendere in considerazione noleggiare<\/b> un&#8217;auto dall&#8217;aeroporto di Spalato che dista solo 4-5 km da Trogir ed \u00e8 facilmente raggiungibile con l&#8217;autobus locale. All&#8217;aeroporto l&#8217;autonoleggio \u00e8 pi\u00f9 competitivo siccome tutte le principali agenzie di autonoleggio sono presenti; \u00e8 possibile vedere <b>l&#8217;offerta autonoleggio dall&#8217;aeroporto di Spalato<\/b> <a title=\"Autonoleggio Trogir\" href=\"https:\/\/www.buscroatia.com\/it\/ricerca-auto\" target=\"_blank\"><strong><span style=\"color: #ff0000;\">qui<\/span><\/strong><\/a>.<br \/>\n<script>\/\/ <![CDATA[\ngoogle_ad_client = \"\"; \/* Bus728-it *\/ google_ad_slot = \"7714325818\"; google_ad_width = 728; google_ad_height = 90;\n\/\/ ]]><\/script><br \/>\n<script src=\"https:\/\/pagead2.googlesyndication.com\/pagead\/show_ads.js\">\/\/ <![CDATA[\n\n\n\/\/ ]]><\/script><\/p>\n<p>Qui di seguito abbiamo elencato alcune delle destinazioni pi\u00f9 famose da Trogir. Se avete intenzione di viaggiare verso <span style=\"color: #0000ff;\"><b>destinazioni<\/b><b> pi\u00f9 distante di Spalato o Zara<\/b><\/span>, avrete pi\u00f9 opzioni di viaggio se lo dividete in due tappe: ad esempio, se viaggiate da Trogir a Ragusa avete pi\u00f9 opzioni se viaggiate prima da Trogir a Spalato e poi prendete un bus da Spalato a Ragusa.<\/p>\n<p><strong><span style=\"text-decoration: underline;\">Linee di bus pi\u00f9 richieste dalla stazione bus Trogir<\/span><\/strong><\/p>\n<table border=\"1\" width=\"700\" cellspacing=\"1\" cellpadding=\"1\">\n<tbody>\n<tr>\n<td style=\"text-align: center;\" valign=\"top\" width=\"233\"><span style=\"text-decoration: underline; color: #0000ff;\">Bus Nazionali<\/span><\/td>\n<td style=\"text-align: center;\" valign=\"top\" width=\"233\"><span style=\"text-decoration: underline; color: #0000ff;\">Bus Regionali<\/span><\/td>\n<td style=\"text-align: center;\" valign=\"top\" width=\"233\"><span style=\"text-decoration: underline;\"><span style=\"color: #0000ff; text-decoration: underline;\">Bus Internazionali<\/span><\/span><\/td>\n<\/tr>\n<tr>\n<td style=\"text-align: center;\" valign=\"top\" width=\"233\"><a href=\"https:\/\/www.buscroatia.com\/it\/ricerca-percorsi\/?dS=trogir&amp;aS=zagreb&amp;d=&amp;t=\" target=\"_blank\">Trogir &#8211; Zagabria<\/a><\/td>\n<td style=\"text-align: center;\" valign=\"top\" width=\"233\"><a href=\"https:\/\/www.buscroatia.com\/it\/trogir-spalato\/\" target=\"_blank\">Trogir &#8211; Spalato<\/a><\/td>\n<td style=\"text-align: center;\" valign=\"top\" width=\"233\"><\/td>\n<\/tr>\n<tr>\n<td style=\"text-align: center;\" valign=\"top\" width=\"233\"><a href=\"https:\/\/www.buscroatia.com\/it\/ricerca-percorsi\/?dS=trogir&amp;aS=zadar&amp;d=&amp;t=\" target=\"_blank\">Trogir &#8211; Zara<\/a><\/td>\n<td style=\"text-align: center;\" valign=\"top\" width=\"233\"><a href=\"https:\/\/www.buscroatia.com\/it\/ricerca-percorsi\/?dS=trogir&amp;aS=Primosten&amp;d=&amp;t=\" target=\"_blank\">Trogir &#8211; Primosten<\/a><\/td>\n<td style=\"text-align: center;\" valign=\"top\" width=\"233\"><\/td>\n<\/tr>\n<tr>\n<td style=\"text-align: center;\" valign=\"top\" width=\"233\"><a href=\"https:\/\/www.buscroatia.com\/it\/ricerca-percorsi\/?dS=trogir&amp;aS=Sibenik&amp;d=&amp;t=\" target=\"_blank\">Trogir &#8211; Sebenico<\/a><\/td>\n<td style=\"text-align: center;\" valign=\"top\" width=\"233\"><\/td>\n<td style=\"text-align: center;\" valign=\"top\" width=\"233\"><\/td>\n<\/tr>\n<tr>\n<td style=\"text-align: center;\" valign=\"top\" width=\"233\"><\/td>\n<td style=\"text-align: center;\" valign=\"top\" width=\"233\"><\/td>\n<td style=\"text-align: center;\" valign=\"top\" width=\"233\"><\/td>\n<\/tr>\n<\/tbody>\n<\/table>\n<p><strong><span style=\"text-decoration: underline;\">Localit\u00e0 della stazione autobus<\/span><\/strong><\/p>\n<p><iframe loading=\"lazy\" src=\"https:\/\/maps.google.co.uk\/maps\/ms?msid=208501521610253693382.0004b802f8e6bfe222b53&amp;msa=0&amp;ie=UTF8&amp;t=h&amp;ll=43.51563,16.250882&amp;spn=0.010893,0.015042&amp;z=16&amp;output=embed\" width=\"700\" height=\"700\" frameborder=\"0\" marginwidth=\"0\" marginheight=\"0\" scrolling=\"no\"><\/iframe><br \/>\n<small>View <a style=\"color: #0000ff; text-align: left;\" href=\"https:\/\/maps.google.co.uk\/maps\/ms?msid=208501521610253693382.0004b802f8e6bfe222b53&amp;msa=0&amp;ie=UTF8&amp;t=h&amp;ll=43.51563,16.250882&amp;spn=0.010893,0.015042&amp;z=16&amp;source=embed\">Bus station Trogir<\/a>in a larger map<\/small><strong><br \/>\n<span style=\"text-decoration: underline;\">Indirizzo della stazione autobus<\/span><\/strong><br \/>\nKneza Trpimira 2, Trogir<br \/>\n21220 Trogir<br \/>\nTel: 021 882947<\/p>\n","protected":false},"excerpt":{"rendered":"<p>La stazione autobus a Trogir si trova all&#8217;ingresso della citt\u00e0, accanto a un ponte di pietra, ed dista circa 500 metri dal centro della citt\u00e0. Alla stazione autobus si possono acquistare i biglietti per le linee di autobus locali (Spalato, Solin, Kastela, Marina ecc), linee interurbane (Ragusa, Zagabria, ecc) o linee internazionali (Austria, Germania ecc). [&hellip;]<\/p>\n","protected":false},"author":1,"featured_media":0,"parent":0,"menu_order":0,"comment_status":"open","ping_status":"open","template":"pages-templates\/bus-station.php","meta":[],"aioseo_notices":[],"_links":{"self":[{"href":"https:\/\/www.buscroatia.com\/it\/wp-json\/wp\/v2\/pages\/103"}],"collection":[{"href":"https:\/\/www.buscroatia.com\/it\/wp-json\/wp\/v2\/pages"}],"about":[{"href":"https:\/\/www.buscroatia.com\/it\/wp-json\/wp\/v2\/types\/page"}],"author":[{"embeddable":true,"href":"https:\/\/www.buscroatia.com\/it\/wp-json\/wp\/v2\/users\/1"}],"replies":[{"embeddable":true,"href":"https:\/\/www.buscroatia.com\/it\/wp-json\/wp\/v2\/comments?post=103"}],"version-history":[{"count":23,"href":"https:\/\/www.buscroatia.com\/it\/wp-json\/wp\/v2\/pages\/103\/revisions"}],"predecessor-version":[{"id":2902,"href":"https:\/\/www.buscroatia.com\/it\/wp-json\/wp\/v2\/pages\/103\/revisions\/2902"}],"wp:attachment":[{"href":"https:\/\/www.buscroatia.com\/it\/wp-json\/wp\/v2\/media?parent=103"}],"curies":[{"name":"wp","href":"https:\/\/api.w.org\/{rel}","templated":true}]}}