{"id":896,"date":"2012-09-04T09:27:25","date_gmt":"2012-09-04T09:27:25","guid":{"rendered":"http:\/\/www.buscroatia.com\/hr\/?page_id=896"},"modified":"2014-02-19T12:40:51","modified_gmt":"2014-02-19T12:40:51","slug":"autobus-aerodrom-zagreb","status":"publish","type":"page","link":"https:\/\/www.buscroatia.com\/hr\/autobus-aerodrom-zagreb\/","title":{"rendered":"Autobus Aerodrom Zagreb"},"content":{"rendered":"<p><a href=\"https:\/\/www.buscroatia.com\/hr\/wp-content\/uploads\/2012\/09\/Aerodrom-Zagreb.jpg\" rel=\"lightbox[896]\"><img decoding=\"async\" loading=\"lazy\" class=\"alignright size-medium wp-image-901\" title=\"Aerodrom Zagreb\" alt=\"Aerodrom Zagreb\" src=\"https:\/\/www.buscroatia.com\/hr\/wp-content\/uploads\/2012\/09\/Aerodrom-Zagreb-300x225.jpg\" width=\"300\" height=\"225\" srcset=\"https:\/\/www.buscroatia.com\/hr\/wp-content\/uploads\/2012\/09\/Aerodrom-Zagreb-300x225.jpg 300w, https:\/\/www.buscroatia.com\/hr\/wp-content\/uploads\/2012\/09\/Aerodrom-Zagreb.jpg 1024w\" sizes=\"(max-width: 300px) 100vw, 300px\" \/><\/a>Zra\u010dna luka Zagreb &#8211; Pleso udaljena je 12 km od centra grada Zagreba. Pleso je ujedno i <strong>najve\u0107a zra\u010dna luka u Hrvatskoj<\/strong>, s me\u0111unarodnim vezama za ve\u0107i dio Europe, te doma\u0107im zra\u010dnim prijevozom do ve\u0107ih gradova u Hrvatskoj.<strong><span style=\"text-decoration: underline;\"><br \/>\n<\/span><\/strong><\/p>\n<p><strong><span style=\"text-decoration: underline;\">Kako do\u0107i do i od Zra\u010dne luke Zagreb:<\/span><\/strong><\/p>\n<p><strong>Unaprijed rezervirani privatni ili zajedni\u010dki transfer:<\/strong> najlak\u0161i oblik prijevoza izme\u0111u Zra\u010dne luke Pleso i centra grada je unaprijed rezervirani transfer. Cijena prijevoza od 1 do 3 osobe iznosi oko 35 eura, dok za grupe do 8 osoba iznosi oko 50 eura.<\/p>\n<p><strong><span style=\"text-decoration: underline;\">Rent a Car:<\/span><\/strong> U zagreba\u010dkoj zra\u010dnoj luci Pleso imate mogu\u0107nost iznajmljivanja automobila od lokalnih kao i me\u0111unarodnih rent a car, a ponudu za <strong>najam vozila u zagreba\u010dkoj zra\u010dnoj luci<\/strong> mo\u017eete prona\u0107i <a href=\"https:\/\/www.buscroatia.com\/hr\/najam-auta\">ovdje<\/a>.<\/p>\n<p><strong><span style=\"text-decoration: underline;\">Smje\u0161taj u Zagrebu:<\/span><\/strong> ponuda smje\u0161taja u Zagrebu kre\u0107e se od jeftinijih hostela do hotela od 5 zvjezdica. Ukoliko jo\u0161 niste prona\u0161li smje\u0161taj u Zagrebu, veliki izbor hostela i no\u0107enja sa doru\u010dkom mo\u017eete prona\u0107i klikom na linkove ispod:<\/p>\n<table width=\"720\" border=\"0\" cellspacing=\"2\" cellpadding=\"2\">\n<tbody>\n<tr>\n<td align=\"center\" width=\"240\">\n<p align=\"center\"><a href=\"https:\/\/www.buscroatia.com\/hr\/apartmani-zagreb\"><img decoding=\"async\" style=\"margin: 0px 1px 1px;\" alt=\"\" src=\"https:\/\/www.buscroatia.com\/wp-content\/uploads\/info\/apartmani.png\" \/><\/a><\/p>\n<p align=\"center\"><strong><span style=\"color: #000000; font-size: large;\">Zagreb<\/span><\/strong><\/p>\n<\/td>\n<td align=\"center\" width=\"240\">\n<p align=\"center\"><a href=\"https:\/\/www.buscroatia.com\/hr\/hotel-zagreb\" target=\"_blank\"><img decoding=\"async\" style=\"margin: 0px 1px 1px;\" alt=\"\" src=\"https:\/\/www.buscroatia.com\/wp-content\/uploads\/info\/hoteli.png\" \/><\/a><\/p>\n<p align=\"center\"><strong><span style=\"color: #000000; font-size: large;\">Zagreb<\/span><\/strong><\/p>\n<\/td>\n<td align=\"center\" width=\"240\">\n<p align=\"center\"><a href=\"https:\/\/www.buscroatia.com\/hr\/hostel-zagreb\" target=\"_blank\"><img decoding=\"async\" style=\"margin: 0px 1px 1px;\" alt=\"\" src=\"https:\/\/www.buscroatia.com\/wp-content\/uploads\/info\/HOSTELI.png\" \/><\/a><\/p>\n<p align=\"center\"><strong><span style=\"color: #000000; font-size: large;\">Zagreb<\/span><\/strong><\/p>\n<\/td>\n<\/tr>\n<\/tbody>\n<\/table>\n<p><strong><span style=\"text-decoration: underline;\">Autobus Zra\u010dne luke Zagreb:<\/span><\/strong> autobus je parkiran izvan glavne zgrade . Put iz zra\u010dne luke autobusom do glavnog autobusnog kolodvora, traje oko 30 minuta. Na glavnom autobusnom kolodvoru, postoji tramvajska veza sa sredi\u0161tem grada i \u017eeljezni\u010dkom stanicom. Mo\u017eete vidjeti raspored vo\u017enje iz zra\u010dne luke do centra grada <a href=\"https:\/\/www.buscroatia.com\/hr\/pretraga-ruta\/?dS=Zagreb+%28zra%C4%8Dna+luka%29+&amp;aS=Zagreb&amp;d=&amp;t=\">ovdje<\/a>. <span style=\"color: #0000ff;\"><strong>Imajte na umu da nakon 8 sati<\/strong><\/span> autobusi polaze ubrzo nakon dolaska letova. Ukoliko putujete od glavnog autobusnog kolodvora do zra\u010dne luke <a href=\"https:\/\/www.buscroatia.com\/hr\/pretraga-ruta\/?dS=Zagreb&amp;aS=Zagreb+%28zra%C4%8Dna+luka%29+&amp;d=&amp;t=\"><span style=\"text-decoration: underline;\">ovdje<\/span><\/a> mo\u017eete prona\u0107i raspored. Cijena za jedan smjer s autobusom zra\u010dne luke iznosi 35 kuna.<br \/>\n<script type=\"text\/javascript\">\/\/ <![CDATA[\ngoogle_ad_client = \"\"; \/* Bus728-hr *\/ google_ad_slot = \"4900460214\"; google_ad_width = 728; google_ad_height = 90;\n\/\/ ]]><\/script><br \/>\n<script type=\"text\/javascript\" src=\"https:\/\/pagead2.googlesyndication.com\/pagead\/show_ads.js\">\/\/ <![CDATA[\n\n\/\/ ]]><\/script><\/p>\n<p>Od glavnog autobusnog kolodvora u Zagrebu imate autobuse koji voze do gotovo svih gradova u Hrvatskoj, uz brojne me\u0111unarodne linije. Vi\u0161e informacija o glavnom autobusnom kolodvoru u Zagrebu mo\u017eete prona\u0107i <a title=\"Kolodvor Zagreb\" href=\"https:\/\/www.buscroatia.com\/hr\/kolodvor-zagreb-autobusi\/\"><span style=\"text-decoration: underline;\">ovdje<\/span><\/a>.<\/p>\n<p><span style=\"text-decoration: underline;\"><strong>Taxi:<\/strong><\/span> Tijekom radnog vremena zra\u010dne luke, obi\u010dno se nalazi dosta taksiji izvan terminala, a cijena putovanja do centra grada iznosi 150-200 kuna, ovisno o va\u0161em kona\u010dnom odredi\u0161tu u Zagrebu. Pobrinite se oko dogovora o cijeni prije po\u010detka vo\u017enje.<\/p>\n<p><iframe loading=\"lazy\" src=\"https:\/\/maps.google.com\/maps\/ms?msa=0&amp;msid=208501521610253693382.0004cb9d14d7b278253c4&amp;ie=UTF8&amp;t=h&amp;ll=45.772792,16.020126&amp;spn=0.215523,0.479965&amp;z=11&amp;output=embed\" height=\"450\" width=\"700\" frameborder=\"0\" marginwidth=\"0\" marginheight=\"0\" scrolling=\"no\"><\/iframe><br \/>\n<small>Prika\u017ei <a style=\"color: #0000ff; text-align: left;\" href=\"https:\/\/maps.google.com\/maps\/ms?msa=0&amp;msid=208501521610253693382.0004cb9d14d7b278253c4&amp;ie=UTF8&amp;t=h&amp;ll=45.772792,16.020126&amp;spn=0.215523,0.479965&amp;z=11&amp;source=embed\">Bus Zagreb Airport to Zagreb<\/a> na ve\u0107oj karti<\/small><\/p>\n","protected":false},"excerpt":{"rendered":"<p>Zra\u010dna luka Zagreb &#8211; Pleso udaljena je 12 km od centra grada Zagreba. Pleso je ujedno i najve\u0107a zra\u010dna luka u Hrvatskoj, s me\u0111unarodnim vezama za ve\u0107i dio Europe, te doma\u0107im zra\u010dnim prijevozom do ve\u0107ih gradova u Hrvatskoj. Kako do\u0107i do i od Zra\u010dne luke Zagreb: Unaprijed rezervirani privatni ili zajedni\u010dki transfer: najlak\u0161i oblik prijevoza [&hellip;]<\/p>\n","protected":false},"author":1,"featured_media":3995,"parent":0,"menu_order":0,"comment_status":"open","ping_status":"open","template":"","meta":[],"aioseo_notices":[],"_links":{"self":[{"href":"https:\/\/www.buscroatia.com\/hr\/wp-json\/wp\/v2\/pages\/896"}],"collection":[{"href":"https:\/\/www.buscroatia.com\/hr\/wp-json\/wp\/v2\/pages"}],"about":[{"href":"https:\/\/www.buscroatia.com\/hr\/wp-json\/wp\/v2\/types\/page"}],"author":[{"embeddable":true,"href":"https:\/\/www.buscroatia.com\/hr\/wp-json\/wp\/v2\/users\/1"}],"replies":[{"embeddable":true,"href":"https:\/\/www.buscroatia.com\/hr\/wp-json\/wp\/v2\/comments?post=896"}],"version-history":[{"count":16,"href":"https:\/\/www.buscroatia.com\/hr\/wp-json\/wp\/v2\/pages\/896\/revisions"}],"predecessor-version":[{"id":2133,"href":"https:\/\/www.buscroatia.com\/hr\/wp-json\/wp\/v2\/pages\/896\/revisions\/2133"}],"wp:featuredmedia":[{"embeddable":true,"href":"https:\/\/www.buscroatia.com\/hr\/wp-json\/wp\/v2\/media\/3995"}],"wp:attachment":[{"href":"https:\/\/www.buscroatia.com\/hr\/wp-json\/wp\/v2\/media?parent=896"}],"curies":[{"name":"wp","href":"https:\/\/api.w.org\/{rel}","templated":true}]}}