{"id":886,"date":"2012-09-04T09:21:50","date_gmt":"2012-09-04T09:21:50","guid":{"rendered":"http:\/\/www.buscroatia.com\/hr\/?page_id=886"},"modified":"2014-09-25T08:35:15","modified_gmt":"2014-09-25T08:35:15","slug":"autobus-aerodrom-zadar","status":"publish","type":"page","link":"https:\/\/www.buscroatia.com\/hr\/autobus-aerodrom-zadar\/","title":{"rendered":"Autobus Aerodrom Zadar"},"content":{"rendered":"<p><a href=\"https:\/\/www.buscroatia.com\/hr\/wp-content\/uploads\/2012\/09\/Aerodrom-Zadar.jpg\" rel=\"lightbox[886]\"><img decoding=\"async\" loading=\"lazy\" class=\"alignright size-medium wp-image-892\" title=\"Aerodrom Zadar\" src=\"https:\/\/www.buscroatia.com\/hr\/wp-content\/uploads\/2012\/09\/Aerodrom-Zadar-300x225.jpg\" alt=\"Aerodrom Zadar\" width=\"300\" height=\"225\" srcset=\"https:\/\/www.buscroatia.com\/hr\/wp-content\/uploads\/2012\/09\/Aerodrom-Zadar-300x225.jpg 300w, https:\/\/www.buscroatia.com\/hr\/wp-content\/uploads\/2012\/09\/Aerodrom-Zadar.jpg 1024w\" sizes=\"(max-width: 300px) 100vw, 300px\" \/><\/a>Zra\u010dna luka Zadar &#8211; Zemunik, nalazi se oko 12 km od centra grada Zadra i oko 10 km od glavnog autobusnog kolodvora u Zadru.<\/p>\n<p><strong><span style=\"text-decoration: underline;\">Kako do\u0107i do i od Zra\u010dne luke Zadar:<\/span><\/strong><\/p>\n<p><strong><span style=\"text-decoration: underline;\">Privatnim ili zajedni\u010dkim transferom:<\/span><\/strong> Ukoliko vam je krajnja destinacija zvan Zadra, onda je unaprijed rezervirani prijevoz je najjednostavnije rje\u0161enje. Do destinacija poput <a title=\"Autobus Zadar Novalja\" href=\"https:\/\/www.buscroatia.com\/hr\/autobus-zadar-novalja\/\" target=\"_blank\">Novalje<\/a>, <a title=\"Autobus Zadar Tisno\" href=\"https:\/\/www.buscroatia.com\/hr\/autobus-zadar-tisno\/\" target=\"_blank\">Tisna<\/a>, Biograd na moru, Pako\u0161tana, itd. privatni transfer se mo\u017ee ugovoriti s vozilima za 1 -3 osobe ili vozilima do 8 osoba. Cijena po kilometru za unaprijed rezervirani transfer iznosi oko 1,2 do 1,5 Eura po prije\u0111enom kilometru.<strong><span style=\"text-decoration: underline;\"><br \/>\n<\/span><\/strong><\/p>\n<p><strong><span style=\"text-decoration: underline;\">Najam automobila :<\/span><\/strong> U Zra\u010dnoj luci Zadar imate mogu\u0107nost iznajmljivanja automobila od lokalnih kao i me\u0111unarodnih rent a car tvrtki, a rent a car ponude za Zra\u010dnu luku Zadar mo\u017eete prona\u0107i <a href=\"https:\/\/www.buscroatia.com\/hr\/najam-auta\" target=\"_blank\">ovdje<\/a>.<br \/>\n<script>\/\/ <![CDATA[\ngoogle_ad_client = \"\"; \/* Bus728-hr *\/ google_ad_slot = \"4900460214\"; google_ad_width = 728; google_ad_height = 90;\n\/\/ ]]><\/script><br \/>\n<script src=\"https:\/\/pagead2.googlesyndication.com\/pagead\/show_ads.js\">\/\/ <![CDATA[\n\n\n\/\/ ]]><\/script><\/p>\n<p><strong><span style=\"text-decoration: underline;\">Smje\u0161taj u Zadru:<\/span><\/strong> ponuda smje\u0161taja u Zadru kre\u0107e se od relativno jeftinih hostela do luksuznih hotela s 5 zvjezdica. Ukoliko trebate ponudu za smje\u0161taj u Zadru, kliknite na ikone ispod:<\/p>\n<table border=\"0\" width=\"720\" cellspacing=\"2\" cellpadding=\"2\">\n<tbody>\n<tr>\n<td align=\"center\" width=\"240\">\n<p align=\"center\"><a href=\"https:\/\/www.buscroatia.com\/hr\/apartmani-zadar\"><img decoding=\"async\" style=\"margin: 0px 1px 1px;\" src=\"https:\/\/www.buscroatia.com\/wp-content\/uploads\/info\/apartmani.png\" alt=\"\" \/><\/a><\/p>\n<p align=\"center\"><strong><span style=\"color: #000000; font-size: large;\">Zadar<\/span><\/strong><\/p>\n<\/td>\n<td align=\"center\" width=\"240\">\n<p align=\"center\"><a href=\"https:\/\/www.buscroatia.com\/hr\/hotel-zadar\" target=\"_blank\"><img decoding=\"async\" style=\"margin: 0px 1px 1px;\" src=\"https:\/\/www.buscroatia.com\/wp-content\/uploads\/info\/hoteli.png\" alt=\"\" \/><\/a><\/p>\n<p align=\"center\"><strong><span style=\"color: #000000; font-size: large;\">Zadar<\/span><\/strong><\/p>\n<\/td>\n<td align=\"center\" width=\"240\">\n<p align=\"center\"><a href=\"https:\/\/www.buscroatia.com\/hr\/hostel-zadar\" target=\"_blank\"><img decoding=\"async\" style=\"margin: 0px 1px 1px;\" src=\"https:\/\/www.buscroatia.com\/wp-content\/uploads\/info\/HOSTELI.png\" alt=\"\" \/><\/a><\/p>\n<p align=\"center\"><strong><span style=\"color: #000000; font-size: large;\">Zadar<\/span><\/strong><\/p>\n<\/td>\n<\/tr>\n<\/tbody>\n<\/table>\n<p><strong><span style=\"text-decoration: underline;\">Airport bus:<\/span> <\/strong>Autobus zra\u010dne luke polazi ispred me\u0111unarodnog terminala. Vo\u017enja do centra Zadra traje oko 20 minuta. Autobus se zaustavlja na glavnom autobusnom kolodvoru, a zatim nastavlja do centra grada. Ako putujete u suprotnom imate mogu\u0107nost polaska od staroga grada i 5 minuta kasnije s glavnog autobusnog kolodvora. Raspored vo\u017enje u oba smjera mo\u017eete prona\u0107i <a href=\"http:\/\/www.zadar-airport.hr\/kako-do-nas\" target=\"_blank\">ovdje<\/a>. Cijena karte u<strong> jednom smjeru s autobusom zra\u010dne luke iznosi 25 kuna<\/strong>, a karta se mo\u017ee kupiti u autobusu.<\/p>\n<p>Od <a title=\"Kolodvor Zadar\" href=\"https:\/\/www.buscroatia.com\/hr\/kolodvor-zadar-autobusi\/\" target=\"_blank\"><span style=\"text-decoration: underline;\">glavnog autobusnog kolodvora u Zadru<\/span><\/a> imate autobusnu povezanost sa svim ve\u0107im gradovima u Hrvatskoj.<\/p>\n<p><strong><span style=\"text-decoration: underline;\">Taxi:<\/span><\/strong> Taxi tako\u0111er nije lo\u0161a opcija za transfer iz zra\u010dne luke, a cijena prijevoza do centra iznosi oko 20 eura. Ako ste ve\u0107 rezervirali smje\u0161taj u gradskim dijelovima kao \u0161to su Borik ili Diklo, mo\u017eete si u\u0161tedjeti puno komplikacija uzimaju\u0107i taksi umjesto da prvo idete do glavnog autobusnog kolodvora, a zatim presjedate na lokalni autobus.<\/p>\n","protected":false},"excerpt":{"rendered":"<p>Zra\u010dna luka Zadar &#8211; Zemunik, nalazi se oko 12 km od centra grada Zadra i oko 10 km od glavnog autobusnog kolodvora u Zadru. Kako do\u0107i do i od Zra\u010dne luke Zadar: Privatnim ili zajedni\u010dkim transferom: Ukoliko vam je krajnja destinacija zvan Zadra, onda je unaprijed rezervirani prijevoz je najjednostavnije rje\u0161enje. Do destinacija poput Novalje, [&hellip;]<\/p>\n","protected":false},"author":1,"featured_media":3994,"parent":0,"menu_order":0,"comment_status":"open","ping_status":"open","template":"","meta":[],"aioseo_notices":[],"_links":{"self":[{"href":"https:\/\/www.buscroatia.com\/hr\/wp-json\/wp\/v2\/pages\/886"}],"collection":[{"href":"https:\/\/www.buscroatia.com\/hr\/wp-json\/wp\/v2\/pages"}],"about":[{"href":"https:\/\/www.buscroatia.com\/hr\/wp-json\/wp\/v2\/types\/page"}],"author":[{"embeddable":true,"href":"https:\/\/www.buscroatia.com\/hr\/wp-json\/wp\/v2\/users\/1"}],"replies":[{"embeddable":true,"href":"https:\/\/www.buscroatia.com\/hr\/wp-json\/wp\/v2\/comments?post=886"}],"version-history":[{"count":17,"href":"https:\/\/www.buscroatia.com\/hr\/wp-json\/wp\/v2\/pages\/886\/revisions"}],"predecessor-version":[{"id":6666,"href":"https:\/\/www.buscroatia.com\/hr\/wp-json\/wp\/v2\/pages\/886\/revisions\/6666"}],"wp:featuredmedia":[{"embeddable":true,"href":"https:\/\/www.buscroatia.com\/hr\/wp-json\/wp\/v2\/media\/3994"}],"wp:attachment":[{"href":"https:\/\/www.buscroatia.com\/hr\/wp-json\/wp\/v2\/media?parent=886"}],"curies":[{"name":"wp","href":"https:\/\/api.w.org\/{rel}","templated":true}]}}