{"id":864,"date":"2012-09-04T08:27:29","date_gmt":"2012-09-04T08:27:29","guid":{"rendered":"http:\/\/www.buscroatia.com\/hr\/?page_id=864"},"modified":"2015-05-25T13:49:54","modified_gmt":"2015-05-25T13:49:54","slug":"autobus-pula-aerodrom","status":"publish","type":"page","link":"https:\/\/www.buscroatia.com\/hr\/autobus-pula-aerodrom\/","title":{"rendered":"Autobus Pula Aerodrom"},"content":{"rendered":"<p><a href=\"\/hr\/wp-content\/uploads\/2012\/09\/Pula-Airport.jpg\" rel=\"lightbox[864]\"><img decoding=\"async\" loading=\"lazy\" class=\" size-full wp-image-26217 alignleft\" src=\"\/hr\/wp-content\/uploads\/2012\/09\/Pula-Airport.jpg\" alt=\"Pula-Airport\" width=\"300\" height=\"225\" \/><\/a>Zra\u010dna luka Pula je udaljena otprilike 7 km od centra Pule. Udaljenost izme\u0111u zra\u010dne luke i Medulina iznosi oko 13 km. Turisti\u010dka odredi\u0161ta koja se nalaze blizu zra\u010dne luke uklju\u010duju Banjole, Prematuru, Li\u017enjan i Fa\u017eanu.<\/p>\n<p><strong>Do i od zra\u010dne luke Pula<\/strong><\/p>\n<p><span style=\"text-decoration: underline;\">Autobus zra\u010dne luke<\/span><\/p>\n<p>Od zra\u010dne luke Pula prometuje shuttle bus do Umaga, Rovinja, Pore\u010da, Novigrada, Rapca, Medulina i Fa\u017eane, <a href=\"https:\/\/www.buscroatia.com\/hr\/kolodvor-pula-autobusi\/\" target=\"_blank\">glavnog kolodvora u Puli<\/a> kao i do Pule Verudele i Puntizele. Ovaj autobus polazi 30 minuta nakon slijetanja zrakoplova kompanija Germanwings, Ryanair, Norwegian and Jet2.com. Mjesto polaska je ispred zgrade zra\u010dne luke; <a href=\"https:\/\/getbybus.com\/hr\/\" target=\"_blank\">ovdje<\/a> mo\u017eete prona\u0107i vozni red i kupiti kartu za shuttle bus. Ako putujete prema glavnom kolodvoru, do va\u0161eg krajnjeg odredi\u0161ta mo\u017eete do\u0107i taksijem ili gradskim autobusima koji prometuju do gotovo svih dijelova grada. Vozni red gradskih autobusa je dostupan <a href=\"http:\/\/www.pulapromet.hr\/dokumenti\/grad.pdf\" target=\"_blank\">ovdje<\/a>. Od glavnog kolodvora prometuju i linije prema drugim gradovima u Istri kao o prema Zagrebu, Rijeci i Splitu.<\/p>\n<p><span style=\"text-decoration: underline;\">Rent-a-car<\/span><\/p>\n<p>U zra\u010dnoj luci Pula je mogu\u0107e iznajmiti automobil, kako od lokalnih tako od me\u0111unarodnih agencija. Ponudu automobila za iznajmljivanje u zra\u010dnoj luci Pula mo\u017eete vidjeti ovdje.<\/p>\n<p><span style=\"text-decoration: underline;\">Smje\u0161taj u Puli<\/span><\/p>\n<p>Ponuda smje\u0161taja u Puli kre\u0107e se od povoljnih hostela do hotela sa 4 zvjezdice. Ako jo\u0161 niste prona\u0161li smje\u0161taj u Puli, veliku ponudu apartmana, hotela, hostela, B&amp;B smje\u0161taja mo\u017eete prona\u0107i klikom na ikone ispod.<\/p>\n<table border=\"0\" width=\"720\" cellspacing=\"2\" cellpadding=\"2\">\n<tbody>\n<tr>\n<td align=\"center\" width=\"240\">\n<p align=\"center\"><a href=\"https:\/\/www.buscroatia.com\/hr\/apartmani-pula\"><img decoding=\"async\" style=\"margin: 0px 1px 1px;\" src=\"https:\/\/www.buscroatia.com\/wp-content\/uploads\/info\/apartmani.png\" alt=\"\" \/><\/a><\/p>\n<p align=\"center\"><strong><span style=\"color: #000000; font-size: large;\">Pula<\/span><\/strong><\/p>\n<\/td>\n<td align=\"center\" width=\"240\">\n<p align=\"center\"><a href=\"https:\/\/www.buscroatia.com\/hr\/hotel-pula\" target=\"_blank\"><img decoding=\"async\" style=\"margin: 0px 1px 1px;\" src=\"https:\/\/www.buscroatia.com\/wp-content\/uploads\/info\/hoteli.png\" alt=\"\" \/><\/a><\/p>\n<p align=\"center\"><strong><span style=\"color: #000000; font-size: large;\">Pula<\/span><\/strong><\/p>\n<\/td>\n<td align=\"center\" width=\"240\">\n<p align=\"center\"><a href=\"https:\/\/www.buscroatia.com\/hr\/hostel-pula\" target=\"_blank\"><img decoding=\"async\" style=\"margin: 0px 1px 1px;\" src=\"https:\/\/www.buscroatia.com\/wp-content\/uploads\/info\/HOSTELI.png\" alt=\"\" \/><\/a><\/p>\n<p align=\"center\"><strong><span style=\"color: #000000; font-size: large;\">Pula<\/span><\/strong><\/p>\n<\/td>\n<\/tr>\n<\/tbody>\n<\/table>\n<p><span style=\"text-decoration: underline;\">Rezervacija privatnog ili zajedni\u010dkog transfera<\/span><\/p>\n<p>Privatni transfer od zra\u010dne luke Pula do Pule se isplati ukoliko nosite puno prtljage. Ponudu transfera mo\u017eete vidjeti <a href=\"http:\/\/www.cheaptransfercroatia.com\/transfer-taxi-booking\/?term=12&amp;dest=117&amp;tname=Pula%20Airport%20&amp;rid=274&amp;dname=Pula&amp;view=booking\" target=\"_blank\">ovdje<\/a>. Ako putujete prema odredi\u0161tima u Istri kao \u0161to su Rovinj, Porec, Vrsar i Umag, rezervacija privatnog transfera se isplati; iako nije najpovoljnija, privatni transfer je najjednostavnija opcija. <a href=\"http:\/\/www.cheaptransfercroatia.com\/transfer-taxi-booking\/?term=12&amp;tname=Pula%20Airport&amp;view=destinations\" target=\"_blank\">Ovdje<\/a> mo\u017eete prona\u0107i ponudu transfera od zra\u010dne luke Pula.<br \/>\nCijena jednosmjerne karte za shuttle bus iznosi 15 kuna.<\/p>\n<p><script type=\"text\/javascript\">\/\/ <![CDATA[\ngoogle_ad_client = \"\"; \/* Bus728-hr *\/ google_ad_slot = \"4900460214\"; google_ad_width = 728; google_ad_height = 90;\n\/\/ ]]><\/script><br \/>\n<script src=\"https:\/\/pagead2.googlesyndication.com\/pagead\/show_ads.js\" type=\"text\/javascript\">\/\/ <![CDATA[\n\n \n\/\/ ]]><\/script><\/p>\n<p><span style=\"text-decoration: underline;\">Taksi<\/span><\/p>\n<p>Taksi stajali\u0161te se nalazi ispred zgrade zra\u010dne luke; cijena prijevoza taksijem do centra grada iznosi oko 15 eura, ali ne zaboravite se dogovoriti oko cijene prije nego \u0161to napustite zra\u010dnu luku.<\/p>\n<p><strong>Ruta zra\u010dna luka Pula &#8211; Pula<\/strong><\/p>\n<p><iframe loading=\"lazy\" src=\"https:\/\/maps.google.com\/maps\/ms?msa=0&amp;msid=208501521610253693382.0004cc1e6bd97998124cd&amp;ie=UTF8&amp;t=h&amp;ll=44.881418,13.903885&amp;spn=0.085144,0.240326&amp;z=12&amp;output=embed\" width=\"700\" height=\"350\" frameborder=\"0\" marginwidth=\"0\" marginheight=\"0\" scrolling=\"no\"><\/iframe><br \/>\n<small>Prika\u017ei <a style=\"color: #0000ff; text-align: left;\" href=\"https:\/\/maps.google.com\/maps\/ms?msa=0&amp;msid=208501521610253693382.0004cc1e6bd97998124cd&amp;ie=UTF8&amp;t=h&amp;ll=44.881418,13.903885&amp;spn=0.085144,0.240326&amp;z=12&amp;source=embed\">Travelling from Pula Airport<\/a> na ve\u0107oj karti<\/small><\/p>\n","protected":false},"excerpt":{"rendered":"<p>Zra\u010dna luka Pula je udaljena otprilike 7 km od centra Pule. Udaljenost izme\u0111u zra\u010dne luke i Medulina iznosi oko 13 km. Turisti\u010dka odredi\u0161ta koja se nalaze blizu zra\u010dne luke uklju\u010duju Banjole, Prematuru, Li\u017enjan i Fa\u017eanu. Do i od zra\u010dne luke Pula Autobus zra\u010dne luke Od zra\u010dne luke Pula prometuje shuttle bus do Umaga, Rovinja, Pore\u010da, [&hellip;]<\/p>\n","protected":false},"author":1,"featured_media":4131,"parent":0,"menu_order":0,"comment_status":"open","ping_status":"open","template":"","meta":[],"aioseo_notices":[],"_links":{"self":[{"href":"https:\/\/www.buscroatia.com\/hr\/wp-json\/wp\/v2\/pages\/864"}],"collection":[{"href":"https:\/\/www.buscroatia.com\/hr\/wp-json\/wp\/v2\/pages"}],"about":[{"href":"https:\/\/www.buscroatia.com\/hr\/wp-json\/wp\/v2\/types\/page"}],"author":[{"embeddable":true,"href":"https:\/\/www.buscroatia.com\/hr\/wp-json\/wp\/v2\/users\/1"}],"replies":[{"embeddable":true,"href":"https:\/\/www.buscroatia.com\/hr\/wp-json\/wp\/v2\/comments?post=864"}],"version-history":[{"count":18,"href":"https:\/\/www.buscroatia.com\/hr\/wp-json\/wp\/v2\/pages\/864\/revisions"}],"predecessor-version":[{"id":26219,"href":"https:\/\/www.buscroatia.com\/hr\/wp-json\/wp\/v2\/pages\/864\/revisions\/26219"}],"wp:featuredmedia":[{"embeddable":true,"href":"https:\/\/www.buscroatia.com\/hr\/wp-json\/wp\/v2\/media\/4131"}],"wp:attachment":[{"href":"https:\/\/www.buscroatia.com\/hr\/wp-json\/wp\/v2\/media?parent=864"}],"curies":[{"name":"wp","href":"https:\/\/api.w.org\/{rel}","templated":true}]}}