{"id":6327,"date":"2014-09-10T12:43:48","date_gmt":"2014-09-10T12:43:48","guid":{"rendered":"http:\/\/www.buscroatia.com\/hr\/?page_id=6327"},"modified":"2014-09-23T12:37:13","modified_gmt":"2014-09-23T12:37:13","slug":"autobusni-kolodvori-kontinentalna-hrvatska","status":"publish","type":"page","link":"https:\/\/www.buscroatia.com\/hr\/autobusni-kolodvori-kontinentalna-hrvatska\/","title":{"rendered":"Autobusni kolodvori kontinentalna Hrvatska"},"content":{"rendered":"<p>O\u010dito je kako, kada ka\u017eemo <strong>kontinentalna Hrvatska<\/strong>, mislimo na &#8220;ne obalno&#8221; podru\u010dje Hrvatske, dio zemlje koji je ujedno i najnaseljeniji dio Hrvatske, a time i jedan od <strong>najva\u017enijih podru\u010dja<\/strong>, kada je u pitanju<strong> autobusni prijevoz<\/strong>.<\/p>\n<p>Ako putujete kontinentalnom Hrvatskom i htjeli bi ste saznati <strong>lokacije svih kolodvora<\/strong> u razli\u010ditim dijelovima regije, na\u0161 popis autobusnih kolodvora vam mo\u017ee biti od koristi &#8211; jedino \u0161to trebate napraviti je odabrati \u017eeljeni kolodvor i jednim klikom mi\u0161a saznati informacije poput adrese, to\u010dne lokacije kolodvora te druge korisne informacije vezane uz odabrani kolodvor:<\/p>\n<table border=\"0\" width=\"700\" cellspacing=\"1\" cellpadding=\"1\">\n<tbody>\n<tr>\n<td valign=\"top\" width=\"175\"><a title=\"Kolodvor Beli Manastir\" href=\"https:\/\/www.buscroatia.com\/hr\/autobusni-kolodvor-beli-manastir\/\" target=\"_blank\">Beli Manastir<\/a><\/td>\n<td valign=\"top\" width=\"175\"><a title=\"Kolodvor Ivani\u0107-Grad\" href=\"https:\/\/www.buscroatia.com\/hr\/kolodvor-ivanic-grad\/\" target=\"_blank\">Ivani\u0107 Grad<\/a><\/td>\n<td valign=\"top\" width=\"175\"><a title=\"Kolodvor Pakrac\" href=\"https:\/\/www.buscroatia.com\/hr\/kolodvor-pakrac\/\" target=\"_blank\">Pakrac<\/a><\/td>\n<td valign=\"top\" width=\"175\">Vara\u017edinski Toplice<\/td>\n<\/tr>\n<tr>\n<td valign=\"top\" width=\"175\"><a title=\"Kolodvor Beli\u0161\u0107e\" href=\"https:\/\/www.buscroatia.com\/hr\/autobusni-kolodvor-belisce\/\" target=\"_blank\">Beli\u0161\u0107e<\/a><\/td>\n<td valign=\"top\" width=\"175\"><a title=\"Kolodvor Karlovac\" href=\"https:\/\/www.buscroatia.com\/hr\/kolodvor-karlovac\/\" target=\"_blank\"><span style=\"color: #0000ff;\"><span style=\"color: #0000ff;\">Karlovac<\/span><\/span><\/a><\/td>\n<td valign=\"top\" width=\"175\"><a title=\"Kolodvor Petrinja\" href=\"https:\/\/www.buscroatia.com\/hr\/kolodvor-petrinja\/\" target=\"_blank\">Petrinja<\/a><\/td>\n<td valign=\"top\" width=\"175\"><a title=\"Kolodvor Vinkovci\" href=\"https:\/\/www.buscroatia.com\/hr\/kolodvor-vinkovci\/\" target=\"_blank\">Vinkovci<\/a><\/td>\n<\/tr>\n<tr>\n<td valign=\"top\" width=\"175\"><a title=\"Kolodvor Bjelovar\" href=\"https:\/\/www.buscroatia.com\/hr\/autobusni-kolodvor-bjelovar\/\" target=\"_blank\"><span style=\"color: #0000ff;\"><span style=\"color: #0000ff;\">Bjelovar<\/span><\/span><\/a><\/td>\n<td valign=\"top\" width=\"175\"><a title=\"Kolodvor Koprivnica\" href=\"https:\/\/www.buscroatia.com\/hr\/autobusni-kolodvor-koprivnica\/\" target=\"_blank\">Koprivnica<\/a><\/td>\n<td valign=\"top\" width=\"175\"><span style=\"color: #0000ff;\"><span style=\"color: #0000ff;\"><a title=\"Kolodvor Plitvice\" href=\"https:\/\/www.buscroatia.com\/hr\/autobusni-kolodvor-plitvice\/\" target=\"_blank\">Plitvi\u010dka jezera<\/a><br \/>\n<\/span><\/span><\/td>\n<td valign=\"top\" width=\"175\"><a title=\"Kolodvor Virovitica\" href=\"https:\/\/www.buscroatia.com\/hr\/kolodvor-virovitica\/\" target=\"_blank\">Virovitica<\/a><\/td>\n<\/tr>\n<tr>\n<td valign=\"top\" width=\"175\"><a title=\"Kolodvor \u010cakovec\" href=\"https:\/\/www.buscroatia.com\/hr\/autobusni-kolodvor-cakovec\/\" target=\"_blank\">\u010cakovec<\/a><\/td>\n<td valign=\"top\" width=\"175\"><a title=\"Kolodvor Krapina\" href=\"https:\/\/www.buscroatia.com\/hr\/autobusni-kolodvor-krapina\/\" target=\"_blank\">Krapina<\/a><\/td>\n<td valign=\"top\" width=\"175\"><a title=\"Kolodvor Po\u017eega\" href=\"https:\/\/www.buscroatia.com\/hr\/kolodvor-pozega\/\" target=\"_blank\">Po\u017eega<\/a><\/td>\n<td valign=\"top\" width=\"175\"><a title=\"Kolodvor Vojni\u0107\" href=\"https:\/\/www.buscroatia.com\/hr\/kolodvor-vojnic\/\" target=\"_blank\">Vojni\u0107<\/a><\/td>\n<\/tr>\n<tr>\n<td valign=\"top\" width=\"175\"><a title=\"Kolodvor \u010cazma\" href=\"https:\/\/www.buscroatia.com\/hr\/autobusni-kolodvor-cazma\/\" target=\"_blank\"><span style=\"color: #0000ff;\"><span style=\"color: #0000ff;\">\u010cazma<\/span><\/span><\/a><\/td>\n<td valign=\"top\" width=\"175\"><a title=\"Kolodvor Kri\u017eevci\" href=\"https:\/\/www.buscroatia.com\/hr\/autobusni-kolodvor-krizevci\/\" target=\"_blank\">Kri\u017eevci<\/a><\/td>\n<td valign=\"top\" width=\"175\"><a title=\"Kolodvor Pregrada\" href=\"https:\/\/www.buscroatia.com\/hr\/kolodvor-pregrada\/\" target=\"_blank\">Pregrada<\/a><\/td>\n<td valign=\"top\" width=\"175\"><a title=\"Kolodvor Vrbovec\" href=\"https:\/\/www.buscroatia.com\/hr\/kolodvor-vrbovec\/\" target=\"_blank\">Vrbovec<\/a><\/td>\n<\/tr>\n<tr>\n<td valign=\"top\" width=\"175\"><a title=\"Kolodvor \u0110akovo\" href=\"https:\/\/www.buscroatia.com\/hr\/autobusni-kolodvor-dakovo\/\" target=\"_blank\">\u0110akovo<\/a><\/td>\n<td valign=\"top\" width=\"175\"><a title=\"Kolodvor Kutina\" href=\"https:\/\/www.buscroatia.com\/hr\/autobusni-kolodvor-kutina\/\" target=\"_blank\">Kutina<\/a><\/td>\n<td valign=\"top\" width=\"175\"><a title=\"Kolodvor Samobor\" href=\"https:\/\/www.buscroatia.com\/hr\/kolodvor-samobor\/\" target=\"_blank\"><span style=\"color: #0000ff;\"><span style=\"color: #0000ff;\">Samobor<\/span><\/span><\/a><\/td>\n<td valign=\"top\" width=\"175\"><a title=\"Kolodvor Vukovar\" href=\"https:\/\/www.buscroatia.com\/hr\/kolodvor-vukovar\/\" target=\"_blank\"><span style=\"color: #0000ff;\"><span style=\"color: #0000ff;\">Vukovar<\/span><\/span><\/a><\/td>\n<\/tr>\n<tr>\n<td valign=\"top\" width=\"175\"><a title=\"Kolodvor Daruvar\" href=\"https:\/\/www.buscroatia.com\/hr\/autobusni-kolodvor-daruvar\/\" target=\"_blank\">Daruvar<\/a><\/td>\n<td valign=\"top\" width=\"175\"><a title=\"Kolodvor Ludbreg\" href=\"https:\/\/www.buscroatia.com\/hr\/kolodvor-ludbreg\/\" target=\"_blank\">Ludbreg<\/a><\/td>\n<td valign=\"top\" width=\"175\"><a title=\"Kolodvor Sisak\" href=\"https:\/\/www.buscroatia.com\/hr\/kolodvor-sisak\/\" target=\"_blank\">Sisak<\/a><\/td>\n<td valign=\"top\" width=\"175\"><a title=\"Kolodvor Zabok\" href=\"https:\/\/www.buscroatia.com\/hr\/kolodvor-zabok\/\" target=\"_blank\">Zabok<\/a><\/td>\n<\/tr>\n<tr>\n<td valign=\"top\" width=\"175\"><a title=\"Kolodvor Donji Miholjac\" href=\"https:\/\/www.buscroatia.com\/hr\/kolodvor-donji-miholjac\/\" target=\"_blank\">Donji Miholjac<\/a><\/td>\n<td valign=\"top\" width=\"175\"><a title=\"Kolodvor Na\u0161ice\" href=\"https:\/\/www.buscroatia.com\/hr\/kolodvor-nasice\/\" target=\"_blank\">Na\u0161ice<\/a><\/td>\n<td valign=\"top\" width=\"175\"><a title=\"Kolodvor Slatina\" href=\"https:\/\/www.buscroatia.com\/hr\/kolodvor-slatina\/\" target=\"_blank\">Slatina<\/a><\/td>\n<td valign=\"top\" width=\"175\"><a title=\"Kolodvor Zagreb\" href=\"https:\/\/www.buscroatia.com\/hr\/kolodvor-zagreb-autobusi\/\" target=\"_blank\"><span style=\"color: #0000ff;\"><span style=\"color: #0000ff;\">Zagreb<\/span><\/span><\/a><\/td>\n<\/tr>\n<tr>\n<td valign=\"top\" width=\"175\">Dugo Selo<\/td>\n<td valign=\"top\" width=\"175\"><a title=\"Kolodvor Nova Gradi\u0161ka\" href=\"https:\/\/www.buscroatia.com\/hr\/autobusni-kolodvor-nova-gradiska\/\" target=\"_blank\">Nova Gradi\u0161ka<\/a><\/td>\n<td valign=\"top\" width=\"175\"><a title=\"Kolodvor Slavonski Brod\" href=\"https:\/\/www.buscroatia.com\/hr\/autobusni-kolodvor-slavonski-brod\/\" target=\"_blank\"><span style=\"color: #0000ff;\"><span style=\"color: #0000ff;\">Slavonski Brod<\/span><\/span><\/a><\/td>\n<td valign=\"top\" width=\"175\"><a title=\"Kolodvor Zlatar\" href=\"https:\/\/www.buscroatia.com\/hr\/kolodvor-zlatar\/\" target=\"_blank\">Zlatar<\/a><\/td>\n<\/tr>\n<tr>\n<td valign=\"top\" width=\"175\"><a title=\"Kolodvor \u0110ur\u0111evac\" href=\"https:\/\/www.buscroatia.com\/hr\/autobusni-kolodvor-durdevac\/\" target=\"_blank\">\u0110ur\u0111evac<\/a><\/td>\n<td valign=\"top\" width=\"175\"><a title=\"Kolodvor Novi Marof\" href=\"https:\/\/www.buscroatia.com\/hr\/kolodvor-novi-marof\/\" target=\"_blank\">Novi Marof<\/a><\/td>\n<td valign=\"top\" width=\"175\">Stubi\u010dke Toplice<\/td>\n<td valign=\"top\" width=\"175\"><a title=\"Kolodovor \u017dupanja\" href=\"https:\/\/www.buscroatia.com\/hr\/kolodovor-zupanja\/\" target=\"_blank\">\u017dupanja<\/a><\/td>\n<\/tr>\n<tr>\n<td valign=\"top\" width=\"175\"><a title=\"Kolodvor Gare\u0161nica\" href=\"https:\/\/www.buscroatia.com\/hr\/autobusni-kolodvor-garesnica\/\" target=\"_blank\">Gare\u0161nica<\/a><\/td>\n<td valign=\"top\" width=\"175\"><a title=\"Kolodvor Novska\" href=\"https:\/\/www.buscroatia.com\/hr\/kolodvor-novska\/\" target=\"_blank\">Novska<\/a><\/td>\n<td valign=\"top\" width=\"175\">Sveti Ivan Zelina<\/td>\n<td valign=\"top\" width=\"175\"><a title=\"Kolodvor Ogulin\" href=\"https:\/\/www.buscroatia.com\/hr\/kolodvor-ogulin\/\" target=\"_blank\">Ogulin<\/a><\/td>\n<\/tr>\n<tr>\n<td valign=\"top\" width=\"175\"><a title=\"Kolodvor Glina\" href=\"https:\/\/www.buscroatia.com\/hr\/autobusni-kolodvor-glina\/\" target=\"_blank\">Glina<\/a><\/td>\n<td valign=\"top\" width=\"175\"><a title=\"Kolodvor Orahovica\" href=\"https:\/\/www.buscroatia.com\/hr\/kolodvor-orahovica\/\" target=\"_blank\">Orahovica<\/a><\/td>\n<td valign=\"top\" width=\"175\"><a title=\"Kolodvor Valpovo\" href=\"https:\/\/www.buscroatia.com\/hr\/kolodvor-valpovo\/\" target=\"_blank\">Valpovo<\/a><\/td>\n<td valign=\"top\" width=\"175\">Jastrebarsko<\/td>\n<\/tr>\n<tr>\n<td valign=\"top\" width=\"175\"><a title=\"Kolodvor Grubi\u0161no Polje\" href=\"https:\/\/www.buscroatia.com\/hr\/autobusni-kolodvor-grubisno-polje\/\" target=\"_blank\">Grubi\u0161no Polje<\/a><\/td>\n<td valign=\"top\" width=\"175\"><a title=\"Kolodvor Osijek\" href=\"https:\/\/www.buscroatia.com\/hr\/kolodvor-osijek\/\" target=\"_blank\"><span style=\"color: #0000ff;\"><span style=\"color: #0000ff;\">Osijek<\/span><\/span><\/a><\/td>\n<td valign=\"top\" width=\"175\"><a title=\"Kolodvor Vara\u017edin\" href=\"https:\/\/www.buscroatia.com\/hr\/autobusni-kolodvor-varazdin\/\" target=\"_blank\"><span style=\"color: #0000ff;\"><span style=\"color: #0000ff;\">Vara\u017edin<\/span><\/span><\/a><\/td>\n<td valign=\"top\" width=\"175\"><\/td>\n<\/tr>\n<\/tbody>\n<\/table>\n<p><script>\/\/ <![CDATA[\ngoogle_ad_client = \"\"; \/* Bus728-hr *\/ google_ad_slot = \"4900460214\"; google_ad_width = 728; google_ad_height = 90;\n\/\/ ]]><\/script><br \/>\n<script src=\"https:\/\/pagead2.googlesyndication.com\/pagead\/show_ads.js\">\/\/ <![CDATA[\n\n\/\/ ]]><\/script><\/p>\n","protected":false},"excerpt":{"rendered":"<p>O\u010dito je kako, kada ka\u017eemo kontinentalna Hrvatska, mislimo na &#8220;ne obalno&#8221; podru\u010dje Hrvatske, dio zemlje koji je ujedno i najnaseljeniji dio Hrvatske, a time i jedan od najva\u017enijih podru\u010dja, kada je u pitanju autobusni prijevoz. Ako putujete kontinentalnom Hrvatskom i htjeli bi ste saznati lokacije svih kolodvora u razli\u010ditim dijelovima regije, na\u0161 popis autobusnih kolodvora [&hellip;]<\/p>\n","protected":false},"author":2,"featured_media":0,"parent":0,"menu_order":0,"comment_status":"open","ping_status":"open","template":"pages-templates\/bus-station.php","meta":[],"aioseo_notices":[],"_links":{"self":[{"href":"https:\/\/www.buscroatia.com\/hr\/wp-json\/wp\/v2\/pages\/6327"}],"collection":[{"href":"https:\/\/www.buscroatia.com\/hr\/wp-json\/wp\/v2\/pages"}],"about":[{"href":"https:\/\/www.buscroatia.com\/hr\/wp-json\/wp\/v2\/types\/page"}],"author":[{"embeddable":true,"href":"https:\/\/www.buscroatia.com\/hr\/wp-json\/wp\/v2\/users\/2"}],"replies":[{"embeddable":true,"href":"https:\/\/www.buscroatia.com\/hr\/wp-json\/wp\/v2\/comments?post=6327"}],"version-history":[{"count":6,"href":"https:\/\/www.buscroatia.com\/hr\/wp-json\/wp\/v2\/pages\/6327\/revisions"}],"predecessor-version":[{"id":6626,"href":"https:\/\/www.buscroatia.com\/hr\/wp-json\/wp\/v2\/pages\/6327\/revisions\/6626"}],"wp:attachment":[{"href":"https:\/\/www.buscroatia.com\/hr\/wp-json\/wp\/v2\/media?parent=6327"}],"curies":[{"name":"wp","href":"https:\/\/api.w.org\/{rel}","templated":true}]}}