{"id":6325,"date":"2014-09-10T12:43:23","date_gmt":"2014-09-10T12:43:23","guid":{"rendered":"http:\/\/www.buscroatia.com\/hr\/?page_id=6325"},"modified":"2014-09-23T12:19:46","modified_gmt":"2014-09-23T12:19:46","slug":"autobusni-kolodvori-dalmacija","status":"publish","type":"page","link":"https:\/\/www.buscroatia.com\/hr\/autobusni-kolodvori-dalmacija\/","title":{"rendered":"Autobusni kolodvori Dalmacija"},"content":{"rendered":"<p>Ovdje mo\u017eete vidjeti popis najva\u017enijih <strong>autobusnih kolodvora u Dalmaciji<\/strong>, ako grad koji tra\u017eite nije na ovom popisu, to je vjerojatno zbog toga \u0161to tra\u017eeni grad nema &#8220;pravi&#8221; autobusni kolodvor, ve\u0107 jednu ili vi\u0161e autobusnih stanica.<\/p>\n<p>Klikom na ime grada prona\u0107i \u0107ete informacije poput adrese, to\u010dne lokacije kolodvora te druge korisne informacije vezane uz odabrani kolodvor.<\/p>\n<p>(Popis je slo\u017een alfabetski!)<\/p>\n<table border=\"0\" width=\"700\" cellspacing=\"1\" cellpadding=\"1\">\n<tbody>\n<tr>\n<td valign=\"top\" width=\"175\"><a title=\"Kolodvor Biograd na moru\" href=\"https:\/\/www.buscroatia.com\/hr\/autobusni-kolodvor-biograd-na-moru\/\" target=\"_blank\">Biograd na Moru<\/a><\/td>\n<td valign=\"top\" width=\"175\"><a title=\"Kolodvor Metkovi\u0107\" href=\"https:\/\/www.buscroatia.com\/hr\/kolodvor-metkovic\/\" target=\"_blank\">Metkovi\u0107<\/a><\/td>\n<td valign=\"top\" width=\"175\"><a title=\"Kolodvor Split\" href=\"https:\/\/www.buscroatia.com\/hr\/kolodvor-split-autobusi\/\" target=\"_blank\"><span style=\"color: #0000ff;\"><span style=\"color: #0000ff;\">Split<\/span><\/span><\/a><\/td>\n<td valign=\"top\" width=\"175\"><a title=\"Kolodvor Supetar\" href=\"https:\/\/www.buscroatia.com\/hr\/kolodvor-supetar\/\" target=\"_blank\">Supetar (Bra\u010d)<\/a><\/td>\n<\/tr>\n<tr>\n<td valign=\"top\" width=\"175\"><a title=\"Kolodvor Drni\u0161\" href=\"https:\/\/www.buscroatia.com\/hr\/autobusni-kolodvor-drnis\/\" target=\"_blank\">Drni\u0161<\/a><\/td>\n<td valign=\"top\" width=\"175\"><a title=\"Kolodvor Novalja\" href=\"https:\/\/www.buscroatia.com\/hr\/autobusni-kolodvor-novalja\/\" target=\"_blank\"><span style=\"color: #0000ff;\"><span style=\"color: #0000ff;\">Novalja<\/span><\/span><\/a><\/td>\n<td valign=\"top\" width=\"175\"><a title=\"Kolodvor Stari Grad\" href=\"https:\/\/www.buscroatia.com\/hr\/kolodvor-stari-grad\/\" target=\"_blank\">Stari Grad (Hvar)<\/a><\/td>\n<td valign=\"top\" width=\"175\">Gra\u010dac (Zadar)<\/td>\n<\/tr>\n<tr>\n<td valign=\"top\" width=\"175\"><a title=\"Kolodvor Dubrovnik\" href=\"https:\/\/www.buscroatia.com\/hr\/kolodvor-dubrovnik-autobusi\/\" target=\"_blank\"><span style=\"color: #0000ff;\"><span style=\"color: #0000ff;\">Dubrovnik<\/span><\/span><\/a><\/td>\n<td valign=\"top\" width=\"175\"><a title=\"Kolodvor Omi\u0161\" href=\"https:\/\/www.buscroatia.com\/hr\/kolodvor-omis\/\" target=\"_blank\">Omi\u0161<\/a><\/td>\n<td valign=\"top\" width=\"175\">Suku\u0161an<\/td>\n<td valign=\"top\" width=\"175\"><a title=\"Kolodvor Preko\" href=\"https:\/\/www.buscroatia.com\/hr\/kolodvor-preko\/\" target=\"_blank\">Preko (Ugljan)<\/a><\/td>\n<\/tr>\n<tr>\n<td valign=\"top\" width=\"175\"><a title=\"Kolodvor Imotski\" href=\"https:\/\/www.buscroatia.com\/hr\/autobusni-kolodvor-imotski\/\" target=\"_blank\">Imotski<\/a><\/td>\n<td valign=\"top\" width=\"175\">Pag (grad)<\/td>\n<td valign=\"top\" width=\"175\"><a title=\"Kolodvor Trogir\" href=\"https:\/\/www.buscroatia.com\/hr\/kolodvor-trogir-autobusi\/\" target=\"_blank\"><span style=\"color: #0000ff;\"><span style=\"color: #0000ff;\">Trogir<\/span><\/span><\/a><\/td>\n<td valign=\"top\" width=\"175\"><a title=\"Kolodvor Vrgorac\" href=\"https:\/\/www.buscroatia.com\/hr\/autobusni-kolodvor-vrgorac\/\" target=\"_blank\">Vrgorac<\/a><\/td>\n<\/tr>\n<tr>\n<td valign=\"top\" width=\"175\"><a title=\"Kolodvor Knin\" href=\"https:\/\/www.buscroatia.com\/hr\/autobusni-kolodvor-knin\/\" target=\"_blank\">Knin<\/a><\/td>\n<td valign=\"top\" width=\"175\"><a title=\"Kolodvor Plo\u010de\" href=\"https:\/\/www.buscroatia.com\/hr\/kolodvor-ploce\/\" target=\"_blank\">Plo\u010de<\/a><\/td>\n<td valign=\"top\" width=\"175\"><a title=\"Kolodvor Vir\" href=\"https:\/\/www.buscroatia.com\/hr\/kolodvor-vir\/\" target=\"_blank\">Vir<\/a><\/td>\n<td valign=\"top\" width=\"175\"><\/td>\n<\/tr>\n<tr>\n<td valign=\"top\" width=\"175\"><a title=\"Kolodvor Kor\u010dula\" href=\"https:\/\/www.buscroatia.com\/hr\/autobusni-kolodvor-korcula\/\" target=\"_blank\">Kor\u010dula<\/a><\/td>\n<td valign=\"top\" width=\"175\"><a title=\"Kolodvor \u0160ibenik\" href=\"https:\/\/www.buscroatia.com\/hr\/kolodvor-sibenik-autobusi\/\" target=\"_blank\"><span style=\"color: #0000ff;\"><span style=\"color: #0000ff;\">\u0160ibenik<\/span><\/span><\/a><\/td>\n<td valign=\"top\" width=\"175\"><a title=\"Kolodvor Vodice\" href=\"https:\/\/www.buscroatia.com\/hr\/kolodvor-vodice\/\" target=\"_blank\">Vodice<\/a><\/td>\n<td valign=\"top\" width=\"175\"><\/td>\n<\/tr>\n<tr>\n<td valign=\"top\" width=\"175\"><a title=\"Kolodvor Makarska\" href=\"https:\/\/www.buscroatia.com\/hr\/kolodvor-makarska-autobusi\/\" target=\"_blank\"><span style=\"color: #0000ff;\"><span style=\"color: #0000ff;\">Makarska<\/span><\/span><\/a><\/td>\n<td valign=\"top\" width=\"175\"><a title=\"Kolodvor Sinj\" href=\"https:\/\/www.buscroatia.com\/hr\/kolodvor-sinj\/\" target=\"_blank\">Sinj<\/a><\/td>\n<td valign=\"top\" width=\"175\"><a title=\"Kolodvor Zadar\" href=\"https:\/\/www.buscroatia.com\/hr\/kolodvor-zadar-autobusi\/\" target=\"_blank\"><span style=\"color: #0000ff;\"><span style=\"color: #0000ff;\">Zadar<\/span><\/span><\/a><\/td>\n<td valign=\"top\" width=\"175\"><\/td>\n<\/tr>\n<\/tbody>\n<\/table>\n<p><script>\/\/ <![CDATA[\ngoogle_ad_client = \"\"; \/* Bus728-hr *\/ google_ad_slot = \"4900460214\"; google_ad_width = 728; google_ad_height = 90;\n\/\/ ]]><\/script><br \/>\n<script src=\"https:\/\/pagead2.googlesyndication.com\/pagead\/show_ads.js\">\/\/ <![CDATA[\n\n\/\/ ]]><\/script><\/p>\n","protected":false},"excerpt":{"rendered":"<p>Ovdje mo\u017eete vidjeti popis najva\u017enijih autobusnih kolodvora u Dalmaciji, ako grad koji tra\u017eite nije na ovom popisu, to je vjerojatno zbog toga \u0161to tra\u017eeni grad nema &#8220;pravi&#8221; autobusni kolodvor, ve\u0107 jednu ili vi\u0161e autobusnih stanica. Klikom na ime grada prona\u0107i \u0107ete informacije poput adrese, to\u010dne lokacije kolodvora te druge korisne informacije vezane uz odabrani kolodvor. [&hellip;]<\/p>\n","protected":false},"author":2,"featured_media":0,"parent":0,"menu_order":0,"comment_status":"open","ping_status":"open","template":"pages-templates\/bus-station.php","meta":[],"aioseo_notices":[],"_links":{"self":[{"href":"https:\/\/www.buscroatia.com\/hr\/wp-json\/wp\/v2\/pages\/6325"}],"collection":[{"href":"https:\/\/www.buscroatia.com\/hr\/wp-json\/wp\/v2\/pages"}],"about":[{"href":"https:\/\/www.buscroatia.com\/hr\/wp-json\/wp\/v2\/types\/page"}],"author":[{"embeddable":true,"href":"https:\/\/www.buscroatia.com\/hr\/wp-json\/wp\/v2\/users\/2"}],"replies":[{"embeddable":true,"href":"https:\/\/www.buscroatia.com\/hr\/wp-json\/wp\/v2\/comments?post=6325"}],"version-history":[{"count":7,"href":"https:\/\/www.buscroatia.com\/hr\/wp-json\/wp\/v2\/pages\/6325\/revisions"}],"predecessor-version":[{"id":6622,"href":"https:\/\/www.buscroatia.com\/hr\/wp-json\/wp\/v2\/pages\/6325\/revisions\/6622"}],"wp:attachment":[{"href":"https:\/\/www.buscroatia.com\/hr\/wp-json\/wp\/v2\/media?parent=6325"}],"curies":[{"name":"wp","href":"https:\/\/api.w.org\/{rel}","templated":true}]}}