{"id":6323,"date":"2014-09-10T12:43:00","date_gmt":"2014-09-10T12:43:00","guid":{"rendered":"http:\/\/www.buscroatia.com\/hr\/?page_id=6323"},"modified":"2014-09-23T10:43:00","modified_gmt":"2014-09-23T10:43:00","slug":"autobusni-kolodvori-kvarner","status":"publish","type":"page","link":"https:\/\/www.buscroatia.com\/hr\/autobusni-kolodvori-kvarner\/","title":{"rendered":"Autobusni kolodvori Kvarner"},"content":{"rendered":"<p>Ako putujete po Kvarneru i htjeli bi ste saznati lokacije svih kolodvora u razli\u010ditim dijelovima regije, na\u0161 popis <strong>autobusnih kolodvora na Kvarneru<\/strong> vam mo\u017ee biti od koristi &#8211; jedino \u0161to trebate napraviti je odabrati \u017eeljeni kolodvor i jednim klikom mi\u0161a saznati informacije poput adrese, to\u010dne lokacije kolodvora te druge korisne informacije vezane uz odabrani kolodvor:<\/p>\n<table border=\"0\" width=\"700\" cellspacing=\"1\" cellpadding=\"1\">\n<tbody>\n<tr>\n<td valign=\"top\" width=\"175\"><a title=\"Kolodvor Cres\" href=\"https:\/\/www.buscroatia.com\/hr\/autobusni-kolodvor-cres\/\" target=\"_blank\">Cres (grad)<\/a><\/td>\n<td valign=\"top\" width=\"175\"><a title=\"Kolodvor Krk\" href=\"https:\/\/www.buscroatia.com\/hr\/autobusni-kolodvor-krk\/\" target=\"_blank\">Krk (grad)<\/a><\/td>\n<td valign=\"top\" width=\"175\"><a title=\"Kolodvor Oto\u010dac\" href=\"https:\/\/www.buscroatia.com\/hr\/kolodvor-otocac\/\" target=\"_blank\">Oto\u010dac<\/a><\/td>\n<td valign=\"top\" width=\"175\">Palit<\/td>\n<\/tr>\n<tr>\n<td valign=\"top\" width=\"175\"><a title=\"Kolodvor Crikvenica\" href=\"https:\/\/www.buscroatia.com\/hr\/autobusni-kolodvor-crikvenica\/\" target=\"_blank\">Crikvenica<\/a><\/td>\n<td valign=\"top\" width=\"175\"><a title=\"Kolodvor Mali Lo\u0161inj\" href=\"https:\/\/www.buscroatia.com\/hr\/autobusni-kolodvor-mali-losinj\/\" target=\"_blank\">Mali Lo\u0161inj<\/a><\/td>\n<td valign=\"top\" width=\"175\"><a title=\"Kolodvor Rijeka\" href=\"https:\/\/www.buscroatia.com\/hr\/kolodvor-rijeka-autobusi\/\" target=\"_blank\">Rijeka<\/a><\/td>\n<td valign=\"top\" width=\"175\"><a title=\"Kolodovor Rab\" href=\"https:\/\/www.buscroatia.com\/hr\/kolodovor-rab\/\" target=\"_blank\">Rab<\/a><\/td>\n<\/tr>\n<tr>\n<td valign=\"top\" width=\"175\"><a title=\"Kolodvor Delnice\" href=\"https:\/\/www.buscroatia.com\/hr\/autobusni-kolodvor-delnice\/\" target=\"_blank\">Delnice<\/a><\/td>\n<td valign=\"top\" width=\"175\"><a title=\"Kolodvor Novi Vinodolski\" href=\"https:\/\/www.buscroatia.com\/hr\/kolodvor-novi-vinodolski\/\" target=\"_blank\">Novi Vinodolski<\/a><\/td>\n<td valign=\"top\" width=\"175\"><a title=\"Kolodvor Senj\" href=\"https:\/\/www.buscroatia.com\/hr\/kolodvor-senj\/\" target=\"_blank\">Senj<\/a><\/td>\n<td valign=\"top\" width=\"175\"><\/td>\n<\/tr>\n<tr>\n<td valign=\"top\" width=\"175\"><a title=\"Kolodvor Gospi\u0107\" href=\"https:\/\/www.buscroatia.com\/hr\/autobusni-kolodvor-gospic\/\" target=\"_blank\">Gospi\u0107<\/a><\/td>\n<td valign=\"top\" width=\"175\"><a title=\"Kolodvor Opatija\" href=\"https:\/\/www.buscroatia.com\/hr\/kolodvor-opatija\/\" target=\"_blank\">Opatija<\/a><\/td>\n<td valign=\"top\" width=\"175\"><a title=\"Kolodvor Vrbovsko\" href=\"https:\/\/www.buscroatia.com\/hr\/kolodvor-vrbovsko\/\" target=\"_blank\">Vrbovsko<\/a><\/td>\n<td valign=\"top\" width=\"175\"><\/td>\n<\/tr>\n<\/tbody>\n<\/table>\n<p><script>\/\/ <![CDATA[\ngoogle_ad_client = \"\"; \/* Bus728-hr *\/ google_ad_slot = \"4900460214\"; google_ad_width = 728; google_ad_height = 90;\n\/\/ ]]><\/script><br \/>\n<script src=\"https:\/\/pagead2.googlesyndication.com\/pagead\/show_ads.js\">\/\/ <![CDATA[\n\n\n\/\/ ]]><\/script><\/p>\n","protected":false},"excerpt":{"rendered":"<p>Ako putujete po Kvarneru i htjeli bi ste saznati lokacije svih kolodvora u razli\u010ditim dijelovima regije, na\u0161 popis autobusnih kolodvora na Kvarneru vam mo\u017ee biti od koristi &#8211; jedino \u0161to trebate napraviti je odabrati \u017eeljeni kolodvor i jednim klikom mi\u0161a saznati informacije poput adrese, to\u010dne lokacije kolodvora te druge korisne informacije vezane uz odabrani kolodvor: [&hellip;]<\/p>\n","protected":false},"author":2,"featured_media":0,"parent":0,"menu_order":0,"comment_status":"open","ping_status":"open","template":"pages-templates\/bus-station.php","meta":[],"aioseo_notices":[],"_links":{"self":[{"href":"https:\/\/www.buscroatia.com\/hr\/wp-json\/wp\/v2\/pages\/6323"}],"collection":[{"href":"https:\/\/www.buscroatia.com\/hr\/wp-json\/wp\/v2\/pages"}],"about":[{"href":"https:\/\/www.buscroatia.com\/hr\/wp-json\/wp\/v2\/types\/page"}],"author":[{"embeddable":true,"href":"https:\/\/www.buscroatia.com\/hr\/wp-json\/wp\/v2\/users\/2"}],"replies":[{"embeddable":true,"href":"https:\/\/www.buscroatia.com\/hr\/wp-json\/wp\/v2\/comments?post=6323"}],"version-history":[{"count":6,"href":"https:\/\/www.buscroatia.com\/hr\/wp-json\/wp\/v2\/pages\/6323\/revisions"}],"predecessor-version":[{"id":6605,"href":"https:\/\/www.buscroatia.com\/hr\/wp-json\/wp\/v2\/pages\/6323\/revisions\/6605"}],"wp:attachment":[{"href":"https:\/\/www.buscroatia.com\/hr\/wp-json\/wp\/v2\/media?parent=6323"}],"curies":[{"name":"wp","href":"https:\/\/api.w.org\/{rel}","templated":true}]}}