{"id":6318,"date":"2014-09-10T12:41:52","date_gmt":"2014-09-10T12:41:52","guid":{"rendered":"http:\/\/www.buscroatia.com\/hr\/?page_id=6318"},"modified":"2014-09-23T12:41:27","modified_gmt":"2014-09-23T12:41:27","slug":"autobusni-kolodvori-istra","status":"publish","type":"page","link":"https:\/\/www.buscroatia.com\/hr\/autobusni-kolodvori-istra\/","title":{"rendered":"Autobusni kolodvori Istra"},"content":{"rendered":"<p>Ovdje mo\u017eete vidjeti popis najva\u017enijih <strong>autobusnih kolodvora u Istri.<\/strong> Ako grad koji tra\u017eite nije na ovom popisu, to je vjerojatno zbog toga \u0161to tra\u017eeni grad nema &#8220;pravi&#8221; autobusni kolodvor, ve\u0107 jednu ili vi\u0161e autobusnih stanica.<\/p>\n<p>Klikom na ime grada prona\u0107i \u0107ete informacije poput adrese, to\u010dne lokacije kolodvora te druge korisne informacije vezane uz odabrani kolodvor.<\/p>\n<table border=\"0\" width=\"700\" cellspacing=\"1\" cellpadding=\"1\">\n<tbody>\n<tr>\n<td valign=\"top\" width=\"175\"><a title=\"Kolodvor Buzet\" href=\"https:\/\/www.buscroatia.com\/hr\/autobusni-kolodvor-buzet\/\" target=\"_blank\">Buzet<\/a><\/td>\n<td valign=\"top\" width=\"175\"><a title=\"Kolodvor Pazin\" href=\"https:\/\/www.buscroatia.com\/hr\/autobusni-kolodvor-pazin\/\" target=\"_blank\">Pazin<\/a><\/td>\n<td valign=\"top\" width=\"175\"><a title=\"Kolodvor Pula\" href=\"https:\/\/www.buscroatia.com\/hr\/kolodvor-pula-autobusi\/\" target=\"_blank\">Pula<\/a><\/td>\n<td valign=\"top\" width=\"175\"><a title=\"Kolodvor Umag\" href=\"https:\/\/www.buscroatia.com\/hr\/autobusni-kolodvor-umag\/\" target=\"_blank\">Umag<\/a><\/td>\n<\/tr>\n<tr>\n<td valign=\"top\" width=\"175\"><a title=\"Kolodvor Labin\" href=\"https:\/\/www.buscroatia.com\/hr\/autobusni-kolodvor-labin\/\" target=\"_blank\">Labin<\/a><\/td>\n<td valign=\"top\" width=\"175\"><a title=\"Kolodvor Pore\u010d\" href=\"https:\/\/www.buscroatia.com\/hr\/kolodvor-porec-autobusi\/\" target=\"_blank\">Pore\u010d<\/a><\/td>\n<td valign=\"top\" width=\"175\"><a title=\"Kolodvor Rovinj\" href=\"https:\/\/www.buscroatia.com\/hr\/autobusni-kolodvor-rovinj\/\" target=\"_blank\">Rovinj<\/a><\/td>\n<td valign=\"top\" width=\"175\"><a title=\"Kolodvor Vrsar\" href=\"https:\/\/www.buscroatia.com\/hr\/autobusni-kolodvor-vrsar\/\" target=\"_blank\">Vrsar<\/a><\/td>\n<\/tr>\n<tr>\n<td valign=\"top\" width=\"175\"><a title=\"Kolodvor Novigrad\" href=\"https:\/\/www.buscroatia.com\/hr\/autobusni-kolodvor-novigrad\/\" target=\"_blank\">Novigrad<\/a><\/td>\n<td valign=\"top\" width=\"175\"><\/td>\n<td valign=\"top\" width=\"175\"><\/td>\n<td valign=\"top\" width=\"175\"><\/td>\n<\/tr>\n<\/tbody>\n<\/table>\n<p><script>\/\/ <![CDATA[\ngoogle_ad_client = \"\"; \/* Bus728-hr *\/ google_ad_slot = \"4900460214\"; google_ad_width = 728; google_ad_height = 90;\n\/\/ ]]><\/script><br \/>\n<script src=\"https:\/\/pagead2.googlesyndication.com\/pagead\/show_ads.js\">\/\/ <![CDATA[\n\n\/\/ ]]><\/script><\/p>\n","protected":false},"excerpt":{"rendered":"<p>Ovdje mo\u017eete vidjeti popis najva\u017enijih autobusnih kolodvora u Istri. Ako grad koji tra\u017eite nije na ovom popisu, to je vjerojatno zbog toga \u0161to tra\u017eeni grad nema &#8220;pravi&#8221; autobusni kolodvor, ve\u0107 jednu ili vi\u0161e autobusnih stanica. Klikom na ime grada prona\u0107i \u0107ete informacije poput adrese, to\u010dne lokacije kolodvora te druge korisne informacije vezane uz odabrani kolodvor. [&hellip;]<\/p>\n","protected":false},"author":2,"featured_media":0,"parent":0,"menu_order":0,"comment_status":"open","ping_status":"open","template":"pages-templates\/bus-station.php","meta":[],"aioseo_notices":[],"_links":{"self":[{"href":"https:\/\/www.buscroatia.com\/hr\/wp-json\/wp\/v2\/pages\/6318"}],"collection":[{"href":"https:\/\/www.buscroatia.com\/hr\/wp-json\/wp\/v2\/pages"}],"about":[{"href":"https:\/\/www.buscroatia.com\/hr\/wp-json\/wp\/v2\/types\/page"}],"author":[{"embeddable":true,"href":"https:\/\/www.buscroatia.com\/hr\/wp-json\/wp\/v2\/users\/2"}],"replies":[{"embeddable":true,"href":"https:\/\/www.buscroatia.com\/hr\/wp-json\/wp\/v2\/comments?post=6318"}],"version-history":[{"count":5,"href":"https:\/\/www.buscroatia.com\/hr\/wp-json\/wp\/v2\/pages\/6318\/revisions"}],"predecessor-version":[{"id":6629,"href":"https:\/\/www.buscroatia.com\/hr\/wp-json\/wp\/v2\/pages\/6318\/revisions\/6629"}],"wp:attachment":[{"href":"https:\/\/www.buscroatia.com\/hr\/wp-json\/wp\/v2\/media?parent=6318"}],"curies":[{"name":"wp","href":"https:\/\/api.w.org\/{rel}","templated":true}]}}