{"id":49,"date":"2012-01-05T14:10:38","date_gmt":"2012-01-05T14:10:38","guid":{"rendered":"http:\/\/www.buscroatia.com\/hr\/?page_id=49"},"modified":"2021-08-02T06:46:53","modified_gmt":"2021-08-02T06:46:53","slug":"kolodvor-porec-autobusi","status":"publish","type":"page","link":"https:\/\/www.buscroatia.com\/hr\/kolodvor-porec-autobusi\/","title":{"rendered":"Kolodvor Pore\u010d"},"content":{"rendered":"<p><strong><a href=\"https:\/\/www.buscroatia.com\/hr\/wp-content\/uploads\/2012\/01\/Porec.jpg\" rel=\"lightbox[49]\"><img decoding=\"async\" loading=\"lazy\" class=\"alignright size-medium wp-image-1107\" title=\"Porec\" src=\"https:\/\/www.buscroatia.com\/hr\/wp-content\/uploads\/2012\/01\/Porec-300x225.jpg\" alt=\"Porec\" width=\"300\" height=\"225\" srcset=\"https:\/\/www.buscroatia.com\/hr\/wp-content\/uploads\/2012\/01\/Porec-300x225.jpg 300w, https:\/\/www.buscroatia.com\/hr\/wp-content\/uploads\/2012\/01\/Porec.jpg 1024w\" sizes=\"(max-width: 300px) 100vw, 300px\" \/><\/a>Autobusni kolodvor u Pore\u010du<\/strong> nalazi se 500 m od centra grada i na samom je moru.\u00a0 Grad Pore\u010d je dobro povezan s ostatkom Istre i svim ve\u0107im gradovima u okolici, kao \u0161to su <strong>Trst, Rijeka, Ljubljana i Zagreb<\/strong>.<\/p>\n<h3><strong><span style=\"text-decoration: underline;\">Sadr\u017eaj autobusnog kolodvora Pula:<\/span><\/strong><\/h3>\n<p>Uz obavezi informativni i prodajni ured kolodvor sadr\u017ei\u00a0 caffe bar, kiosk, restoran, fast food i bankomat. U blizini kolodvora se nalazi hotel Pore\u010d u kojem imate mogu\u010dnost kori\u0161tenja interneta kao i mjenja\u010dnice.<\/p>\n<h3><b><span style=\"text-decoration: underline;\">Smje\u0161taj u blizini autobusnog kolodvora Porec<\/span><\/b><\/h3>\n<p>Kao \u0161to smo ve\u0107 spomenuli <strong>autobusni kolodvor u Pore\u010du je smje\u0161ten relativno blizu centra Pore\u010da<\/strong>, tako da je ima veliki izbor smje\u0161taja u samoj blizini u nekom od apartmana ili hostela. Osim Hotela Pore\u010d i jo\u0161 nekoliko manjih hotela, ve\u0107ina hotelskih kapaciteta je smje\u0161tena nekoliko kilometara ju\u017eno od centra Pore\u010da. <strong>Slobodni smje\u0161taj u nekom od hotela, hostela ili apartman<\/strong>a mo\u017eete prona\u0107i ovdje:<\/p>\n<table border=\"0\" width=\"720\" cellspacing=\"2\" cellpadding=\"2\">\n<tbody>\n<tr>\n<td align=\"center\" width=\"240\">\n<p align=\"center\"><a href=\"https:\/\/www.buscroatia.com\/hr\/apartmani-porec\"><img decoding=\"async\" style=\"margin: 0px 1px 1px;\" src=\"https:\/\/www.buscroatia.com\/wp-content\/uploads\/info\/apartmani.png\" alt=\"\" \/><\/a><\/p>\n<p align=\"center\"><strong><span style=\"color: #000000; font-size: large;\">Pore\u010d<\/span><\/strong><\/p>\n<\/td>\n<td align=\"center\" width=\"240\">\n<p align=\"center\"><a href=\"https:\/\/www.buscroatia.com\/hr\/hotel-porec\" target=\"_blank\" rel=\"noopener\"><img decoding=\"async\" style=\"margin: 0px 1px 1px;\" src=\"https:\/\/www.buscroatia.com\/wp-content\/uploads\/info\/hoteli.png\" alt=\"\" \/><\/a><\/p>\n<p align=\"center\"><strong><span style=\"color: #000000; font-size: large;\">Pore\u010d<br \/>\n<\/span><\/strong><\/p>\n<\/td>\n<td align=\"center\" width=\"240\">\n<p align=\"center\"><a href=\"https:\/\/www.buscroatia.com\/hr\/hostel-porec\" target=\"_blank\" rel=\"noopener\"><img decoding=\"async\" style=\"margin: 0px 1px 1px;\" src=\"https:\/\/www.buscroatia.com\/wp-content\/uploads\/info\/HOSTELI.png\" alt=\"\" \/><\/a><\/p>\n<p align=\"center\"><strong><span style=\"color: #000000; font-size: large;\">Pore\u010d<\/span><\/strong><\/p>\n<\/td>\n<\/tr>\n<\/tbody>\n<\/table>\n<h3><b><span style=\"text-decoration: underline;\">Rent a car Porec:<\/span><\/b><\/h3>\n<p>Ukoliko trebate <strong>najam automobila u Pore\u010du<\/strong>, mo\u017eete bez problema unajmiti u nekoj od agencija u samom centru grada. Tako\u0111er u nekim ve\u0107im hotelima postoje rent a car poslovnice.\u00a0 Trenutnu ponudu za rent a rac u Pore\u010du mo\u017eete pogledati <a href=\"https:\/\/www.buscroatia.com\/hr\/najam-auta\" target=\"_blank\" rel=\"noopener\">ovdje<\/a>:<br \/>\n<script type=\"text\/javascript\">\/\/ <![CDATA[\ngoogle_ad_client = \"\"; \/* Bus728-hr *\/ google_ad_slot = \"4900460214\"; google_ad_width = 728; google_ad_height = 90;\n\/\/ ]]><\/script><br \/>\n<script type=\"text\/javascript\" src=\"https:\/\/pagead2.googlesyndication.com\/pagead\/show_ads.js\">\/\/ <![CDATA[\n\n\n\/\/ ]]><\/script><\/p>\n<h3><strong><span style=\"text-decoration: underline;\">Najpopularnije rute su:<\/span><\/strong><\/h3>\n<p>Pore\u010d je manji grad, tako da<strong> direktne veze prema ve\u0107im sredi\u0161tima u Hrvatskoj<\/strong> je te\u017ee prona\u0107i. Stoga ukoliko ste se odlu\u010dili iz Pore\u010da na <strong>putovanje prema Splitu,<\/strong> preporuka je putovanje podijeliti u dvije etape, tako da se prvo putuje prema <strong>Rijeci, koja je glavno autobusno sredi\u0161te<\/strong>, te onda prema Splitu, odnosno krajnjoj destinaciji.<\/p>\n<table border=\"1\" width=\"700\" cellspacing=\"1\" cellpadding=\"1\">\n<tbody>\n<tr>\n<td style=\"text-align: center;\" valign=\"top\" width=\"233\"><span style=\"color: #0000ff; text-decoration: underline;\">Me\u0111u\u017eupanijska linija<\/span><\/td>\n<td style=\"text-align: center;\" valign=\"top\" width=\"233\"><span style=\"color: #0000ff; text-decoration: underline;\">\u017dupanijska linija<\/span><\/td>\n<td style=\"text-align: center;\" valign=\"top\" width=\"233\"><span style=\"text-decoration: underline;\"><span style=\"color: #0000ff; text-decoration: underline;\">Me\u0111udr\u017eavna linija<\/span><\/span><\/td>\n<\/tr>\n<tr>\n<td style=\"text-align: center;\" valign=\"top\" width=\"233\"><a title=\"Autobus Pore\u010d Zagreb\" href=\"https:\/\/www.buscroatia.com\/hr\/autobus-porec-zagreb\/\">Pore\u010d &#8211; Zagreb<\/a><\/td>\n<td style=\"text-align: center;\" valign=\"top\" width=\"233\"><a title=\"Putovanje Pore\u010d \u2013 Rovinj\" href=\"https:\/\/www.buscroatia.com\/hr\/putovanje-porec-rovinj\/\">Pore\u010d &#8211; Rovinj<\/a><\/td>\n<td style=\"text-align: center;\" valign=\"top\" width=\"233\"><a title=\"Putovanje Pore\u010d \u2013 Trst\" href=\"https:\/\/www.buscroatia.com\/hr\/putovanje-porec-trst\/\">Pore\u010d &#8211; Trst<\/a><\/td>\n<\/tr>\n<tr>\n<td style=\"text-align: center;\" valign=\"top\" width=\"233\"><a title=\"Autobus Pore\u010d Zadar\" href=\"https:\/\/www.buscroatia.com\/hr\/autobus-porec-zadar\/\">Pore\u010d &#8211; Zadar<\/a><\/td>\n<td style=\"text-align: center;\" valign=\"top\" width=\"233\"><a title=\"Putovanje Pore\u010d \u2013 Pula\" href=\"https:\/\/www.buscroatia.com\/hr\/putovanje-porec-pula\/\">Pore\u010d &#8211; Pula<\/a><\/td>\n<td style=\"text-align: center;\" valign=\"top\" width=\"233\"><a title=\"Putovanje Pore\u010d \u2013 Venecija\" href=\"https:\/\/www.buscroatia.com\/hr\/putovanje-porec-venecija\/\">Pore\u010d &#8211; Venecija<\/a><\/td>\n<\/tr>\n<tr>\n<td style=\"text-align: center;\" valign=\"top\" width=\"233\"><a title=\"Autobus Pore\u010d Dubrovnik\" href=\"https:\/\/www.buscroatia.com\/hr\/autobus-porec-dubrovnik\/\">Pore\u010d &#8211; Dubrovnik<\/a><\/td>\n<td style=\"text-align: center;\" valign=\"top\" width=\"233\"><a title=\"Putovanje Pore\u010d \u2013 Umag\" href=\"https:\/\/www.buscroatia.com\/hr\/putovanje-porec-umag\/\">Pore\u010d &#8211; Umag<\/a><\/td>\n<td style=\"text-align: center;\" valign=\"top\" width=\"233\"><a title=\"Autobus Pore\u010d Ljubljana\" href=\"https:\/\/www.buscroatia.com\/hr\/autobus-porec-ljubljana\/\">Pore\u010d &#8211; Ljubjana<\/a><\/td>\n<\/tr>\n<tr>\n<td style=\"text-align: center;\" valign=\"top\" width=\"233\"><a title=\"Autobus Pore\u010d Rijeka\" href=\"https:\/\/www.buscroatia.com\/hr\/autobus-porec-rijeka\/\">Pore\u010d &#8211; Rijeka<\/a><\/td>\n<td style=\"text-align: center;\" valign=\"top\" width=\"233\"><a title=\"Autobus Pula Aerodrom\" href=\"https:\/\/www.buscroatia.com\/hr\/autobus-pula-aerodrom\/\">Pore\u010d &#8211; Aerodrom Pula<\/a><\/td>\n<td style=\"text-align: center;\" valign=\"top\" width=\"233\"><\/td>\n<\/tr>\n<tr>\n<td style=\"text-align: center;\" valign=\"top\" width=\"233\"><a title=\"Autobus Pore\u010d Split\" href=\"https:\/\/www.buscroatia.com\/hr\/autobus-porec-split\/\">Pore\u010d &#8211; Split<\/a><\/td>\n<td style=\"text-align: center;\" valign=\"top\" width=\"233\"><\/td>\n<td style=\"text-align: center;\" valign=\"top\" width=\"233\"><\/td>\n<\/tr>\n<tr>\n<td style=\"text-align: center;\" valign=\"top\" width=\"233\"><\/td>\n<td style=\"text-align: center;\" valign=\"top\" width=\"233\"><\/td>\n<td style=\"text-align: center;\" valign=\"top\" width=\"233\"><\/td>\n<\/tr>\n<tr>\n<td style=\"text-align: center;\" valign=\"top\" width=\"233\"><\/td>\n<td style=\"text-align: center;\" valign=\"top\" width=\"233\"><\/td>\n<td style=\"text-align: center;\" valign=\"top\" width=\"233\"><\/td>\n<\/tr>\n<\/tbody>\n<\/table>\n<h3><span style=\"text-decoration: underline;\"><strong>Lokacija autobusnog kolodvora:<\/strong><\/span><\/h3>\n<p><iframe loading=\"lazy\" src=\"https:\/\/maps.google.com\/maps\/ms?msa=0&amp;msid=217628426599368218480.0004b91b2b6fc9062b031&amp;ie=UTF8&amp;t=h&amp;ll=45.224597,13.597705&amp;spn=0.0034,0.006427&amp;z=17&amp;output=embed\" width=\"100%\" height=\"450\" frameborder=\"0\" marginwidth=\"0\" marginheight=\"0\" scrolling=\"no\"><\/iframe><br \/>\n<small>View <a style=\"color: #0000ff; text-align: left;\" href=\"https:\/\/maps.google.com\/maps\/ms?msa=0&amp;msid=217628426599368218480.0004b91b2b6fc9062b031&amp;ie=UTF8&amp;t=h&amp;ll=45.224597,13.597705&amp;spn=0.0034,0.006427&amp;z=17&amp;source=embed\">Autobusni kolodvor Pore\u0107<\/a> in a larger map<\/small><\/p>\n<h3><span style=\"text-decoration: underline;\"><strong>Adresa autobusnog kolodvora<\/strong><\/span><\/h3>\n<p>Huguesa 2,<br \/>\n52440 Pore\u010d<br \/>\nTelefon: +385 60 333111 za lokalne i me\u0111ugradske linije.<br \/>\nRadno vrijeme svakodnevno od 5.20 do 22 sata<\/p>\n","protected":false},"excerpt":{"rendered":"<p>Autobusni kolodvor u Pore\u010du nalazi se 500 m od centra grada i na samom je moru.\u00a0 Grad Pore\u010d je dobro povezan s ostatkom Istre i svim ve\u0107im gradovima u okolici, kao \u0161to su Trst, Rijeka, Ljubljana i Zagreb. Sadr\u017eaj autobusnog kolodvora Pula: Uz obavezi informativni i prodajni ured kolodvor sadr\u017ei\u00a0 caffe bar, kiosk, restoran, fast [&hellip;]<\/p>\n","protected":false},"author":1,"featured_media":3041,"parent":0,"menu_order":0,"comment_status":"open","ping_status":"open","template":"","meta":[],"aioseo_notices":[],"_links":{"self":[{"href":"https:\/\/www.buscroatia.com\/hr\/wp-json\/wp\/v2\/pages\/49"}],"collection":[{"href":"https:\/\/www.buscroatia.com\/hr\/wp-json\/wp\/v2\/pages"}],"about":[{"href":"https:\/\/www.buscroatia.com\/hr\/wp-json\/wp\/v2\/types\/page"}],"author":[{"embeddable":true,"href":"https:\/\/www.buscroatia.com\/hr\/wp-json\/wp\/v2\/users\/1"}],"replies":[{"embeddable":true,"href":"https:\/\/www.buscroatia.com\/hr\/wp-json\/wp\/v2\/comments?post=49"}],"version-history":[{"count":39,"href":"https:\/\/www.buscroatia.com\/hr\/wp-json\/wp\/v2\/pages\/49\/revisions"}],"predecessor-version":[{"id":202562,"href":"https:\/\/www.buscroatia.com\/hr\/wp-json\/wp\/v2\/pages\/49\/revisions\/202562"}],"wp:featuredmedia":[{"embeddable":true,"href":"https:\/\/www.buscroatia.com\/hr\/wp-json\/wp\/v2\/media\/3041"}],"wp:attachment":[{"href":"https:\/\/www.buscroatia.com\/hr\/wp-json\/wp\/v2\/media?parent=49"}],"curies":[{"name":"wp","href":"https:\/\/api.w.org\/{rel}","templated":true}]}}