{"id":46,"date":"2012-01-05T14:10:02","date_gmt":"2012-01-05T14:10:02","guid":{"rendered":"http:\/\/www.buscroatia.com\/hr\/?page_id=46"},"modified":"2021-08-02T06:44:59","modified_gmt":"2021-08-02T06:44:59","slug":"kolodvor-pula-autobusi","status":"publish","type":"page","link":"https:\/\/www.buscroatia.com\/hr\/kolodvor-pula-autobusi\/","title":{"rendered":"Kolodvor Pula"},"content":{"rendered":"<p><strong><a href=\"https:\/\/www.buscroatia.com\/hr\/wp-content\/uploads\/2012\/09\/Pula.jpg\" rel=\"lightbox[46]\"><img decoding=\"async\" loading=\"lazy\" class=\"alignright size-medium wp-image-871\" title=\"Pula\" src=\"https:\/\/www.buscroatia.com\/hr\/wp-content\/uploads\/2012\/09\/Pula-300x225.jpg\" alt=\"Pula\" width=\"300\" height=\"225\" srcset=\"https:\/\/www.buscroatia.com\/hr\/wp-content\/uploads\/2012\/09\/Pula-300x225.jpg 300w, https:\/\/www.buscroatia.com\/hr\/wp-content\/uploads\/2012\/09\/Pula.jpg 1024w\" sizes=\"(max-width: 300px) 100vw, 300px\" \/><\/a>Pula je autobusima<\/strong> povezana velikim brojem mjesnih, <strong>doma\u0107ih i me\u0111unarodnih linija<\/strong> koje kre\u0107u s glavnog autobusnog kolodvora. Kolodvor je smje\u0161ten u kvartu \u0160ijana, cca 1km od centra grada i 800 m od Arene a samo 500 m od kolodvora je pristani\u0161te za brodove koji vode za obli\u017enje otoke a u blizini na adresi Kolodvorska 5\u00a0 se nalazi i \u017eelje\u017eni\u010dka stanica.<\/p>\n<h3><strong><span style=\"text-decoration: underline;\">Sadr\u017eaj autobusnog kolodvora Pula<\/span><\/strong>:<\/h3>\n<p>Putnicima uz informativni i prodajni ured, nudi prodajni kiosk, caffe bar i bankomat. Najbli\u017ei hotel je udaljen 500 m od autobusnog kolodvora.<br \/>\n<script>\/\/ <![CDATA[\ngoogle_ad_client = \"\"; \/* Bus728-hr *\/ google_ad_slot = \"4900460214\"; google_ad_width = 728; google_ad_height = 90;\n\/\/ ]]><\/script><br \/>\n<script src=\"https:\/\/pagead2.googlesyndication.com\/pagead\/show_ads.js\">\/\/ <![CDATA[\n\n\/\/ ]]><\/script><\/p>\n<h3><b><span style=\"text-decoration: underline;\">Smje\u0161taj u blizini autobusnog kolodvora Pula:<\/span><\/b><\/h3>\n<p>Kao \u0161to smo spomenuli <strong>autobusni kolodvor u Puli je malo vi\u0161e od kilometra udaljen od samog centra grada<\/strong>, ali s obzirom na jako velike<strong> smje\u0161tajne kapacitete koji postoje u Puli (apartmani, hosteli i hoteli)<\/strong>, zaista smje\u0161taj u samoj blizini autobusnog kolodvora nije problem prona\u0107i. Ponudu za ve\u0107inu apartmana, hostela i hotela u Puli mo\u017eete prona\u0107i ovdje:<\/p>\n<table border=\"0\" width=\"720\" cellspacing=\"2\" cellpadding=\"2\">\n<tbody>\n<tr>\n<td align=\"center\" width=\"240\">\n<p align=\"center\"><a href=\"https:\/\/www.buscroatia.com\/hr\/apartmani-pula\"><img decoding=\"async\" style=\"margin: 0px 1px 1px;\" src=\"https:\/\/www.buscroatia.com\/wp-content\/uploads\/info\/apartmani.png\" alt=\"\" \/><\/a><\/p>\n<p align=\"center\"><strong><span style=\"color: #000000; font-size: large;\">Pula<\/span><\/strong><\/p>\n<\/td>\n<td align=\"center\" width=\"240\">\n<p align=\"center\"><a href=\"https:\/\/www.buscroatia.com\/hr\/hotel-pula\" target=\"_blank\" rel=\"noopener\"><img decoding=\"async\" style=\"margin: 0px 1px 1px;\" src=\"https:\/\/www.buscroatia.com\/wp-content\/uploads\/info\/hoteli.png\" alt=\"\" \/><\/a><\/p>\n<p align=\"center\"><strong><span style=\"color: #000000; font-size: large;\">Pula<\/span><\/strong><\/p>\n<\/td>\n<td align=\"center\" width=\"240\">\n<p align=\"center\"><a href=\"https:\/\/www.buscroatia.com\/hr\/hostel-pula\" target=\"_blank\" rel=\"noopener\"><img decoding=\"async\" style=\"margin: 0px 1px 1px;\" src=\"https:\/\/www.buscroatia.com\/wp-content\/uploads\/info\/HOSTELI.png\" alt=\"\" \/><\/a><\/p>\n<p align=\"center\"><strong><span style=\"color: #000000; font-size: large;\">Pula<\/span><\/strong><\/p>\n<\/td>\n<\/tr>\n<\/tbody>\n<\/table>\n<h3><b><span style=\"text-decoration: underline;\">Rent a car Pula:<\/span><\/b><\/h3>\n<p>Na samom autobusnom kolodvoru u Puli nema Rent a car agencije, me\u0111utim u <strong>samom centru Pule bez problema se mo\u017ee unajmiti automobil<\/strong>. Ukoliko putujete prema aerodromu Pula, vjerojatno mo\u017eete tamo i prona\u0107i bolju ponudu za najam automobila, zbog ve\u0107e konkurencije. Trenutnu <strong>najpovoljniju ponudu za najam automobila u Puli<\/strong> mo\u017eete pogledati <a href=\"https:\/\/www.buscroatia.com\/hr\/najam-auta\" target=\"_blank\" rel=\"noopener\">ovdje<\/a>:<\/p>\n<h3><strong><span style=\"text-decoration: underline;\">Najpopularnije rute su:<\/span><\/strong><\/h3>\n<p>Ukoliko iz Pule putujete u druge destinacije u Hrvatskoj, vi\u0161e mogu\u0107nosti i ve\u0107i izbor autobusnih linija \u0107ete imati ukoliko prvo putujete prema Rijeci, pa tek onda prema krajnjoj destinaciji.<\/p>\n<table border=\"1\" width=\"700\" cellspacing=\"1\" cellpadding=\"1\">\n<tbody>\n<tr>\n<td style=\"text-align: center;\" valign=\"top\" width=\"233\"><span style=\"color: #0000ff; text-decoration: underline;\">Me\u0111u\u017eupanijska linija<\/span><\/td>\n<td style=\"text-align: center;\" valign=\"top\" width=\"233\"><span style=\"color: #0000ff; text-decoration: underline;\">\u017dupanijska linija<\/span><\/td>\n<td style=\"text-align: center;\" valign=\"top\" width=\"233\"><span style=\"text-decoration: underline;\"><span style=\"color: #0000ff; text-decoration: underline;\">Me\u0111udr\u017eavna linija<\/span><\/span><\/td>\n<\/tr>\n<tr>\n<td style=\"text-align: center;\" valign=\"top\" width=\"233\"><a title=\"Autobus Pula Zagreb\" href=\"https:\/\/www.buscroatia.com\/hr\/autobus-pula-zagreb\/\">Pula &#8211; Zagreb<\/a><\/td>\n<td style=\"text-align: center;\" valign=\"top\" width=\"233\"><a title=\"Putovanje Pula \u2013 Rovinj\" href=\"https:\/\/www.buscroatia.com\/hr\/putovanje-pula-rovinj\/\">Pula &#8211; Rovinj<\/a><\/td>\n<td style=\"text-align: center;\" valign=\"top\" width=\"233\"><a title=\"Putovanje Pula Trst\" href=\"https:\/\/www.buscroatia.com\/hr\/putovanje-pula-trst\/\">Pula &#8211; Trst<\/a><\/td>\n<\/tr>\n<tr>\n<td style=\"text-align: center;\" valign=\"top\" width=\"233\"><a title=\"Autobus Pula Zadar\" href=\"https:\/\/www.buscroatia.com\/hr\/autobus-pula-zadar\/\">Pula &#8211; Zadar<\/a><\/td>\n<td style=\"text-align: center;\" valign=\"top\" width=\"233\"><a title=\"Putovanje Pula \u2013 Pore\u010d\" href=\"https:\/\/www.buscroatia.com\/hr\/putovanje-pula-porec\/\">Pula &#8211; Porec<\/a><\/td>\n<td style=\"text-align: center;\" valign=\"top\" width=\"233\"><a title=\"Putovanje Pula \u2013 Venecija\" href=\"https:\/\/www.buscroatia.com\/hr\/putovanje-pula-venecija\/\">Pula &#8211; Venecija<\/a><\/td>\n<\/tr>\n<tr>\n<td style=\"text-align: center;\" valign=\"top\" width=\"233\"><a title=\"Autobus Pula Split\" href=\"https:\/\/www.buscroatia.com\/hr\/autobus-pula-split\/\">Pula &#8211; Split<\/a><\/td>\n<td style=\"text-align: center;\" valign=\"top\" width=\"233\"><a title=\"Autobus Pula Aerodrom\" href=\"https:\/\/www.buscroatia.com\/hr\/autobus-pula-aerodrom\/\">Pula &#8211; Aerodrom<\/a><\/td>\n<td style=\"text-align: center;\" valign=\"top\" width=\"233\"><\/td>\n<\/tr>\n<tr>\n<td style=\"text-align: center;\" valign=\"top\" width=\"233\"><a title=\"Autobus Pula Dubrovnik\" href=\"https:\/\/www.buscroatia.com\/hr\/autobus-pula-dubrovnik\/\">Pula &#8211; Dubrovnik<\/a><\/td>\n<td style=\"text-align: center;\" valign=\"top\" width=\"233\"><a title=\"Gradski prijevoz u Puli\" href=\"https:\/\/www.buscroatia.com\/hr\/gradski-prijevoz-u-puli\/\">Gradski prijevoz <\/a><\/td>\n<td style=\"text-align: center;\" valign=\"top\" width=\"233\"><\/td>\n<\/tr>\n<tr>\n<td style=\"text-align: center;\" valign=\"top\" width=\"233\"><a title=\"Autobus Pula Plitvice\" href=\"https:\/\/www.buscroatia.com\/hr\/autobus-pula-plitvice\/\">Pula &#8211; Plitvi\u010dka jezera<\/a><\/td>\n<td style=\"text-align: center;\" valign=\"top\" width=\"233\"><\/td>\n<td style=\"text-align: center;\" valign=\"top\" width=\"233\"><\/td>\n<\/tr>\n<tr>\n<td style=\"text-align: center;\" valign=\"top\" width=\"233\"><a title=\"Autobus Pula Rijeka\" href=\"https:\/\/www.buscroatia.com\/hr\/autobus-pula-rijeka\/\">Pula &#8211; Rijeka<\/a><\/td>\n<td style=\"text-align: center;\" valign=\"top\" width=\"233\"><\/td>\n<td style=\"text-align: center;\" valign=\"top\" width=\"233\"><\/td>\n<\/tr>\n<tr>\n<td style=\"text-align: center;\" valign=\"top\" width=\"233\"><\/td>\n<td style=\"text-align: center;\" valign=\"top\" width=\"233\"><\/td>\n<td style=\"text-align: center;\" valign=\"top\" width=\"233\"><\/td>\n<\/tr>\n<\/tbody>\n<\/table>\n<p>Javni gradski prijevoz odr\u017eava Pulapromet, svakim danom od 05:00 do 23:00 sata, na 11 gradskih i 12 prigradskih linija.<\/p>\n<p><iframe loading=\"lazy\" src=\"https:\/\/maps.google.com\/maps\/ms?msa=0&amp;msid=217628426599368218480.0004b91af40b4a6a10298&amp;ie=UTF8&amp;t=h&amp;ll=44.876719,13.854522&amp;spn=0.003421,0.006427&amp;z=17&amp;output=embed\" width=\"100%\" height=\"450\" frameborder=\"0\" marginwidth=\"0\" marginheight=\"0\" scrolling=\"no\"><\/iframe><br \/>\n<small>View <a style=\"color: #0000ff; text-align: left;\" href=\"https:\/\/maps.google.com\/maps\/ms?msa=0&amp;msid=217628426599368218480.0004b91af40b4a6a10298&amp;ie=UTF8&amp;t=h&amp;ll=44.876719,13.854522&amp;spn=0.003421,0.006427&amp;z=17&amp;source=embed\">Autobusni kolodvor Pula<\/a> in a larger map<\/small><\/p>\n<h3><span style=\"text-decoration: underline;\"><strong>Adresa autobusnog kolodvora:<\/strong><\/span><\/h3>\n<p>Trg 1. istarske brigade 1<br \/>\n52100 Pula<br \/>\ntel.: 060 304 090 (1,70kn iz fiksne mre\u017ee, 2,24kn iz mobilne)<\/p>\n","protected":false},"excerpt":{"rendered":"<p>Pula je autobusima povezana velikim brojem mjesnih, doma\u0107ih i me\u0111unarodnih linija koje kre\u0107u s glavnog autobusnog kolodvora. Kolodvor je smje\u0161ten u kvartu \u0160ijana, cca 1km od centra grada i 800 m od Arene a samo 500 m od kolodvora je pristani\u0161te za brodove koji vode za obli\u017enje otoke a u blizini na adresi Kolodvorska 5\u00a0 [&hellip;]<\/p>\n","protected":false},"author":1,"featured_media":2984,"parent":0,"menu_order":0,"comment_status":"open","ping_status":"open","template":"","meta":[],"aioseo_notices":[],"_links":{"self":[{"href":"https:\/\/www.buscroatia.com\/hr\/wp-json\/wp\/v2\/pages\/46"}],"collection":[{"href":"https:\/\/www.buscroatia.com\/hr\/wp-json\/wp\/v2\/pages"}],"about":[{"href":"https:\/\/www.buscroatia.com\/hr\/wp-json\/wp\/v2\/types\/page"}],"author":[{"embeddable":true,"href":"https:\/\/www.buscroatia.com\/hr\/wp-json\/wp\/v2\/users\/1"}],"replies":[{"embeddable":true,"href":"https:\/\/www.buscroatia.com\/hr\/wp-json\/wp\/v2\/comments?post=46"}],"version-history":[{"count":31,"href":"https:\/\/www.buscroatia.com\/hr\/wp-json\/wp\/v2\/pages\/46\/revisions"}],"predecessor-version":[{"id":202560,"href":"https:\/\/www.buscroatia.com\/hr\/wp-json\/wp\/v2\/pages\/46\/revisions\/202560"}],"wp:featuredmedia":[{"embeddable":true,"href":"https:\/\/www.buscroatia.com\/hr\/wp-json\/wp\/v2\/media\/2984"}],"wp:attachment":[{"href":"https:\/\/www.buscroatia.com\/hr\/wp-json\/wp\/v2\/media?parent=46"}],"curies":[{"name":"wp","href":"https:\/\/api.w.org\/{rel}","templated":true}]}}