{"id":40,"date":"2012-01-05T14:08:50","date_gmt":"2012-01-05T14:08:50","guid":{"rendered":"http:\/\/www.buscroatia.com\/hr\/?page_id=40"},"modified":"2024-05-08T08:04:58","modified_gmt":"2024-05-08T08:04:58","slug":"kolodvor-zagreb-autobusi","status":"publish","type":"page","link":"https:\/\/www.buscroatia.com\/hr\/kolodvor-zagreb-autobusi\/","title":{"rendered":""},"content":{"rendered":"\n<h1>Autobusni kolodvor Zagreb<\/h1>\n\n\n\n<figure class=\"wp-block-image size-large\"><a href=\"https:\/\/www.buscroatia.com\/hr\/wp-content\/uploads\/2024\/04\/Autobusni-kolodvor-Zagreb.jpeg\" rel=\"lightbox[40]\"><img decoding=\"async\" loading=\"lazy\" width=\"1024\" height=\"768\" src=\"https:\/\/www.buscroatia.com\/hr\/wp-content\/uploads\/2024\/04\/Autobusni-kolodvor-Zagreb-1024x768.jpeg\" alt=\"Autobusni kolodvor Zagreb\" class=\"wp-image-202948\" srcset=\"https:\/\/www.buscroatia.com\/hr\/wp-content\/uploads\/2024\/04\/Autobusni-kolodvor-Zagreb-1024x768.jpeg 1024w, https:\/\/www.buscroatia.com\/hr\/wp-content\/uploads\/2024\/04\/Autobusni-kolodvor-Zagreb-300x225.jpeg 300w, https:\/\/www.buscroatia.com\/hr\/wp-content\/uploads\/2024\/04\/Autobusni-kolodvor-Zagreb-768x576.jpeg 768w, https:\/\/www.buscroatia.com\/hr\/wp-content\/uploads\/2024\/04\/Autobusni-kolodvor-Zagreb-1536x1152.jpeg 1536w, https:\/\/www.buscroatia.com\/hr\/wp-content\/uploads\/2024\/04\/Autobusni-kolodvor-Zagreb.jpeg 1842w\" sizes=\"(max-width: 1024px) 100vw, 1024px\" \/><\/a><figcaption class=\"wp-element-caption\">Autobusni kolodvor Zagreb<\/figcaption><\/figure>\n\n\n\n<p><strong>Autobusni kolodvor Zagreb<\/strong> je utemeljen je 1961. godine, a sada\u0161nji izgled poprimio je 1987. godine kada je izgra\u0111ena nova kolodvorska zgrada s pripadaju\u0107im terminalima. <\/p>\n\n\n\n<p>Zagreba\u010dki autobusni kolodvor najve\u0107i je i <strong>najmoderniji kolodvor u ovom dijelu Europe<\/strong>, koji svojim korisnicima omogu\u0107uje brz i siguran prijevoz, kako do svih odredi\u0161ta u Republici Hrvatskoj tako i do svih ve\u0107ih europskih metropola.<\/p>\n\n\n\n<p>Smje\u0161ten nadomak sredi\u0161njeg zagreba\u010dkog trga, uz najve\u0107e gradske prometnice, s velikim i \u010duvanim parkingom, svojim korisnicima nudi veliki broj mjesta za odmor i okrepu, kupovinu i zabavu.<\/p>\n\n\n\n<h2>Sadr\u017eaj autobusnog kolodvora Zagreb<\/h2>\n\n\n\n<p>Informativna slu\u017eba pru\u017eit \u0107e Vam <strong>sve informacije o polascima i dolascima autobusa sa zagreba\u010dkog kolodvora<\/strong>, te ostalih gradova Hrvatske i Europe koji pristaju na AKZ.&nbsp; <\/p>\n\n\n\n<p>Na petnaest prodajnih mjesta smje\u0161tenih u centralnom holu zgrade, ljubazno osoblje izdat \u0107e Vam putnu kartu za svega nekoliko sekundi.&nbsp; Za siguran i redovit polazak i dolazak autobusa sa 44 perona brine se stru\u010dno osoblje Prometne slu\u017ebe.<br>Garderoba na Autobusnom kolodvoru smje\u0161tena je kod <strong>dolaznog perona 106 I u <\/strong>prostorima garderobe nalazi se i&nbsp; Cargo servis &nbsp;za prijem i otpremu po\u0161iljki<\/p>\n\n\n\n<p>Parkirali\u0161te za osobne automobile nalazi se na sjevernom dijelu autobusnog kolodvora ( Ulaz iz Dr\u017ei\u0107eve ulice ), a raspola\u017ee sa dovoljnim brojem parkirnih mjesta i u uvjetima poja\u010danog posjeta.<\/p>\n\n\n\n<h3>Najpopularnije rute Autobusnog kolodvora Zagreb<\/h3>\n\n\n\n<p>Zagreb, kao glavni grad, pru\u017ea prijevoz do svih odredi\u0161ta u Republici Hrvatskoj tako i do svih ve\u0107ih europskih metropola. Najpopularnije rute su:<\/p>\n\n\n\n<figure class=\"wp-block-table\"><table><tbody><tr><td><span style=\"color: #0000ff; text-decoration: underline;\">Me\u0111u\u017eupanijska linija<\/span><\/td><td><span style=\"color: #0000ff; text-decoration: underline;\">\u017dupanijska linija<\/span><\/td><td><span style=\"text-decoration: underline;\"><span style=\"color: #0000ff; text-decoration: underline;\">Me\u0111udr\u017eavna linija<\/span><\/span><\/td><\/tr><tr><td><a href=\"https:\/\/www.buscroatia.com\/hr\/autobus-zagreb-split\/\">Zagreb &#8211; Split<\/a><\/td><td><a href=\"https:\/\/www.buscroatia.com\/hr\/autobus-aerodrom-zagreb\/\">Zagreb &#8211; Aerodrom<\/a><\/td><td><a href=\"https:\/\/www.buscroatia.com\/hr\/autobus-zagreb-beograd\/\">Zagreb &#8211; Beograd<\/a><\/td><\/tr><tr><td><a href=\"https:\/\/www.buscroatia.com\/hr\/autobus-zagreb-zadar\/\">Zagreb &#8211; Zadar<\/a><\/td><td><a href=\"https:\/\/www.buscroatia.com\/hr\/autobus-zagreb-sisak\/\">Zagreb &#8211; Sisak<\/a><\/td><td><a href=\"https:\/\/www.buscroatia.com\/hr\/autobus-zagreb-budimpesta\/\">Zagreb &#8211; Budimpesta<\/a><\/td><\/tr><tr><td><a href=\"https:\/\/www.buscroatia.com\/hr\/autobus-zagreb-rijeka\/\">Zagreb &#8211; Rijeka<\/a><\/td><td><a href=\"https:\/\/www.buscroatia.com\/hr\/autobus-zagreb-karlovac\/\">Zagreb &#8211; Karlova\u0107<\/a><\/td><td><a href=\"https:\/\/www.buscroatia.com\/hr\/autobus-zagreb-ljubijana\/\">Zagreb &#8211; Ljubljana<\/a><\/td><\/tr><tr><td><a href=\"https:\/\/www.buscroatia.com\/hr\/autobus-zagreb-dubrovnik\/\">Zagreb &#8211; Dubrovnik<\/a><\/td><td>&nbsp;<\/td><td><a href=\"https:\/\/www.buscroatia.com\/hr\/autobus-zagreb-bec\/\">Zagreb &#8211; Be\u0107<\/a><\/td><\/tr><tr><td><a href=\"https:\/\/www.buscroatia.com\/hr\/autobus-zagreb-plitvice\/\">Zagreb &#8211; Plitvi\u010dka jezera<\/a><\/td><td>&nbsp;<\/td><td>&nbsp;<a href=\"https:\/\/www.buscroatia.com\/hr\/autobus-zagreb-maribor\/\">Zagreb &#8211; Maribor<\/a><\/td><\/tr><tr><td><a title=\"Autobus Zagreb Novalja\" href=\"https:\/\/www.buscroatia.com\/hr\/autobus-zagreb-novalja\/\">Zagreb &#8211; Novalja<\/a><\/td><td>&nbsp;<\/td><td><a href=\"https:\/\/www.buscroatia.com\/hr\/autobus-zagreb-sarajevo\/\">&nbsp;Zagreb &#8211; Sarajevo<\/a><\/td><\/tr><tr><td><a href=\"https:\/\/www.buscroatia.com\/hr\/autobus-zagreb-pula\/\">Zagreb &#8211; Pula<\/a><\/td><td>&nbsp;<\/td><td>&nbsp;<\/td><\/tr><\/tbody><\/table><\/figure>\n\n\n\n<h2>Video Autobusni kolodvor Zagreb<\/h2>\n\n\n\n<div style=\"position: relative; overflow: hidden; padding-top: 56.25%; width: 100%;\">\n    <iframe src=\"https:\/\/www.youtube.com\/embed\/pP06d2sRaoQ?si=AjLqEFw1pZ59o3lZ\" title=\"YouTube video player\" frameborder=\"0\" style=\"position: absolute; top: 0; left: 0; width: 100%; height: 100%;\" allow=\"accelerometer; autoplay; clipboard-write; encrypted-media; gyroscope; picture-in-picture; web-share\" referrerpolicy=\"strict-origin-when-cross-origin\" allowfullscreen=\"\"><\/iframe>\n<\/div>\n\n\n\n\n<h2>\u010cesto postavljana pitanja (FAQ) &#8211; Autobusni kolodvor Zagreb<\/h2>\n\n\n\n<h2>Gdje se nalazi Autobusni kolodvor Zagreb?<\/h2>\n\n\n\n<p>Autobusni kolodvor Zagreb nalazi se 3 km isto\u010dno od glavnog trga Bana Jela\u010di\u0107a na adresi Avenija Marina Dr\u017ei\u0107a 4. To je glavni kolodvor za me\u0111ugradske i me\u0111unarodne autobusne linije te je jako dobro povezan s ostalim dijelovima grada tramvajskim i autobusnim linijama. S obzirom na blizinu centra grada, do kolodvora je lako do\u0107i javnim prijevozom, uklju\u010duju\u0107i tramvajske linije, kao i brojne autobusne linije. Osim toga, kolodvor je udaljen samo nekoliko kilometara od glavnog \u017eeljezni\u010dkog kolodvora, \u0161to dodatno olak\u0161ava kombinaciju razli\u010ditih oblika prijevoza.<\/p>\n\n\n\n<h2>Postoji li autobus za zra\u010dnu luku s autobusnog kolodvora?<\/h2>\n\n\n\n<p>Da, postoji autobus za zra\u010dnu luku Franjo Tu\u0111man koji polazi s Autobusnog kolodvora u Zagrebu. Rasporedi vo\u017enje shuttle autobusa prilago\u0111eni su vremenima letova tako da putnici na vrijeme mogu sti\u0107i u zra\u010dnu luku. Ovo je jedna od najpovoljnijih i najpouzdanijih opcija za prijevoz do zra\u010dne luke s obzirom da putovanje traje oko 30 minuta, a cijena je pristupa\u010dnija od drugih oblika prijevoza. Informacije o to\u010dnom rasporedu i cijenama karata mo\u017eete prona\u0107i na slu\u017ebenim stranicama kolodvora ili direktno na \u0161alterima na kolodvoru.<\/p>\n\n\n\n<h2>Postoji li skladi\u0161te prtljage na Autobusnom kolodvoru Zagreb?<\/h2>\n\n\n\n<p>Da, na Autobusnom kolodvoru Zagreb postoji skladi\u0161te prtljage, \u0161to je izuzetno korisno za putnike koji \u017eele pro\u0161etati gradom bez te\u0161kih torbi ili \u010dekaju na svoj sljede\u0107i prijevoz. Skladi\u0161te prtljage otvoreno je tijekom radnog vremena kolodvora i napla\u0107uje se po torbi, ovisno o veli\u010dini i te\u017eini prtljage. Za kori\u0161tenje ove usluge preporu\u010damo da imate sitnog novca pri ruci. <\/p>\n\n\n\n<h2>Kako do\u0107i od Autobusnog kolodvora Zagreb do glavnog trga?<\/h2>\n\n\n\n<p>Da biste do\u0161li od Autobusnog kolodvora Zagreb do glavnog trga, Trga bana Josipa Jela\u010di\u0107a, imate nekoliko opcija. Najbr\u017ei i najekonomi\u010dniji na\u010din je tramvaj. Stanica tramvaja nalazi se izravno ispred autobusnog kolodvora. Tramvaj broj 6 ide direktno do Trga bana Jela\u010di\u0107a, a tramvaj broj 2 prolazi centrom grada. Vo\u017enja tramvajem do trga traje oko 10-15 minuta. Ako \u017eelite pro\u0161etati, mo\u017eete sti\u0107i do glavnog trga za otprilike 20 minuta. Pje\u0161a\u010dka ruta je jednostavna i vodi kroz nekoliko zanimljivih dijelova grada, uklju\u010duju\u0107i Vla\u0161ku ulicu koja je bogata kafi\u0107ima i trgovinama. Ispred autobusnog kolodvora nalazi se i taxi stajali\u0161te. Vo\u017enja taksijem do glavnog trga je brza opcija, posebice ako nosite prtljagu ili putujete u grupi. Cijena taxi vo\u017enje mo\u017ee varirati ovisno o prometu i doba dana. Sve tri opcije su pristupa\u010dne i prakti\u010dne, ovisno o va\u0161im osobnim preferencijama i potrebama.<\/p>\n\n\n\n<h3>Autobusni kolodvor Zagreb adresa:<\/h3>\n\n\n\n<p>ZAGREBA\u010cKI HOLDING d.o.o<br><strong>Podru\u017enica Autobusni kolodvor Zagreb<br><\/strong>Avenija Marina Dr\u017ei\u0107a 4<br>10000 Zagreb<br>Tel:&nbsp;&nbsp; +385 1 6008 600<br>Fax:&nbsp; +385 1 6008 616<\/p>\n\n\n\n<h2>Autobusni kolodvor Zagreb mapa<\/h2>\n\n\n\n<p><iframe loading=\"lazy\" src=\"https:\/\/maps.google.com\/maps\/ms?msa=0&amp;msid=217628426599368218480.0004b91a79cc206c8167c&amp;ie=UTF8&amp;t=h&amp;ll=45.804572,15.992961&amp;spn=0.003366,0.006427&amp;z=17&amp;output=embed\" width=\"700\" height=\"450\" frameborder=\"0\" marginwidth=\"0\" marginheight=\"0\" scrolling=\"no\"><br><small>View <a style=\"color: #0000ff; text-align: left;\" href=\"https:\/\/maps.google.com\/maps\/ms?msa=0&amp;msid=217628426599368218480.0004b91a79cc206c8167c&amp;ie=UTF8&amp;t=h&amp;ll=45.804572,15.992961&amp;spn=0.003366,0.006427&amp;z=17&amp;source=embed\">Autobusni kolodvor Zagreb<\/a> in a larger map<\/small><\/p>\n","protected":false},"excerpt":{"rendered":"<p>Autobusni kolodvor Zagreb Autobusni kolodvor Zagreb je utemeljen je 1961. godine, a sada\u0161nji izgled poprimio je 1987. godine kada je izgra\u0111ena nova kolodvorska zgrada s pripadaju\u0107im terminalima. Zagreba\u010dki autobusni kolodvor najve\u0107i je i najmoderniji kolodvor u ovom dijelu Europe, koji svojim korisnicima omogu\u0107uje brz i siguran prijevoz, kako do svih odredi\u0161ta u Republici Hrvatskoj tako [&hellip;]<\/p>\n","protected":false},"author":1,"featured_media":2991,"parent":0,"menu_order":0,"comment_status":"open","ping_status":"open","template":"","meta":[],"aioseo_notices":[],"_links":{"self":[{"href":"https:\/\/www.buscroatia.com\/hr\/wp-json\/wp\/v2\/pages\/40"}],"collection":[{"href":"https:\/\/www.buscroatia.com\/hr\/wp-json\/wp\/v2\/pages"}],"about":[{"href":"https:\/\/www.buscroatia.com\/hr\/wp-json\/wp\/v2\/types\/page"}],"author":[{"embeddable":true,"href":"https:\/\/www.buscroatia.com\/hr\/wp-json\/wp\/v2\/users\/1"}],"replies":[{"embeddable":true,"href":"https:\/\/www.buscroatia.com\/hr\/wp-json\/wp\/v2\/comments?post=40"}],"version-history":[{"count":30,"href":"https:\/\/www.buscroatia.com\/hr\/wp-json\/wp\/v2\/pages\/40\/revisions"}],"predecessor-version":[{"id":203063,"href":"https:\/\/www.buscroatia.com\/hr\/wp-json\/wp\/v2\/pages\/40\/revisions\/203063"}],"wp:featuredmedia":[{"embeddable":true,"href":"https:\/\/www.buscroatia.com\/hr\/wp-json\/wp\/v2\/media\/2991"}],"wp:attachment":[{"href":"https:\/\/www.buscroatia.com\/hr\/wp-json\/wp\/v2\/media?parent=40"}],"curies":[{"name":"wp","href":"https:\/\/api.w.org\/{rel}","templated":true}]}}