{"id":37,"date":"2012-01-05T14:08:11","date_gmt":"2012-01-05T14:08:11","guid":{"rendered":"http:\/\/www.buscroatia.com\/hr\/?page_id=37"},"modified":"2021-08-02T06:58:00","modified_gmt":"2021-08-02T06:58:00","slug":"kolodvor-zadar-autobusi","status":"publish","type":"page","link":"https:\/\/www.buscroatia.com\/hr\/kolodvor-zadar-autobusi\/","title":{"rendered":"Kolodvor Zadar"},"content":{"rendered":"<p><strong><a href=\"https:\/\/www.buscroatia.com\/hr\/wp-content\/uploads\/2012\/01\/Zadar.jpg\" rel=\"lightbox[37]\"><img decoding=\"async\" loading=\"lazy\" class=\"alignright size-medium wp-image-847\" title=\"Zadar\" src=\"https:\/\/www.buscroatia.com\/hr\/wp-content\/uploads\/2012\/01\/Zadar-300x200.jpg\" alt=\"Zadar\" width=\"300\" height=\"200\" srcset=\"https:\/\/www.buscroatia.com\/hr\/wp-content\/uploads\/2012\/01\/Zadar-300x200.jpg 300w, https:\/\/www.buscroatia.com\/hr\/wp-content\/uploads\/2012\/01\/Zadar.jpg 1024w\" sizes=\"(max-width: 300px) 100vw, 300px\" \/><\/a>Autobusni kolodvor Zadar<\/strong> smje\u0161ten je uz \u017eeljezni\u010dki kolodvor na kri\u017eanju ulica Bregdetti i Ante Star\u010devi\u0107a. <strong>Sve informacije o polascima i dolascima autobusa<\/strong> mogu se dobiti u vremenu od 6,00 \u2013 22,00 sata. Prodaja putnih karata organizirana je na pet prodajnih kompjuteriziranih mjesta. Iste je mogu\u0107e kupiti od 6,00 \u2013 22,00 sata. Autobusni kolodvor Zadar je u vlasni\u0161tvu &#8220;Liburnije&#8221; i svrstan je u &#8220;B&#8221; kategoriju kolodvora.<\/p>\n<h3><strong><span style=\"text-decoration: underline;\">Sadr\u017eaj autobusnog kolodvora Zadar<\/span><\/strong><\/h3>\n<p>Prometna slu\u017eba zadu\u017eena je za <strong>pravilno funkcioniranje kolodvora<\/strong> (redovan dolazak i odlazak autobusa, red na peronima, koordinacija svih slu\u017ebi autobusnog kolodvora).<\/p>\n<p>Na samom kolodvoru smje\u0161teno je vi\u0161e razli\u010ditih sadr\u017eaja: trgovine, restoran, caffe barovi, cvje\u0107arnica, sportske kladionice, salon namje\u0161taja, mjenja\u010dnica, agencija za prodaju me\u0111unarodnih karata i ostali sadr\u017eaji.<br \/>\n<script type=\"text\/javascript\">\/\/ <![CDATA[\ngoogle_ad_client = \"\"; \/* Bus728-hr *\/ google_ad_slot = \"4900460214\"; google_ad_width = 728; google_ad_height = 90;\n\/\/ ]]><\/script><br \/>\n<script type=\"text\/javascript\" src=\"https:\/\/pagead2.googlesyndication.com\/pagead\/show_ads.js\">\/\/ <![CDATA[\n\/\/ ]]<br \/>\n\/\/ ]]><\/script><\/p>\n<h3><b><span style=\"text-decoration: underline;\">Smje\u0161taj u blizini autobusnog kolodvora Zadar<\/span><\/b><\/h3>\n<p>Ukoliko tra\u017eite<strong> smje\u0161taj u blizini autobusnog kolodvora Zadar<\/strong> imate mogu\u0107nost izbora izme\u0111u nekoliko <strong>hotela<\/strong> i<strong> apartmana<\/strong> koje mo\u017eete prona\u0107i ovdje. Ukoliko vam \u0161etnja ne predstavlja problem, u tom slu\u010daju preporu\u010dujemo smje\u0161taj u centru <strong>Zadra u nekom od hotela ili hostela<\/strong>.<\/p>\n<table border=\"0\" width=\"720\" cellspacing=\"2\" cellpadding=\"2\">\n<tbody>\n<tr>\n<td align=\"center\" width=\"240\">\n<p align=\"center\"><a href=\"https:\/\/www.buscroatia.com\/hr\/apartmani-zadar\"><img decoding=\"async\" style=\"margin: 0px 1px 1px;\" src=\"https:\/\/www.buscroatia.com\/wp-content\/uploads\/info\/apartmani.png\" alt=\"\" \/><\/a><\/p>\n<p align=\"center\"><strong><span style=\"color: #000000; font-size: large;\">Zadar<\/span><\/strong><\/p>\n<\/td>\n<td align=\"center\" width=\"240\">\n<p align=\"center\"><a href=\"https:\/\/www.buscroatia.com\/hr\/hotel-zadar\" target=\"_blank\" rel=\"noopener\"><img decoding=\"async\" style=\"margin: 0px 1px 1px;\" src=\"https:\/\/www.buscroatia.com\/wp-content\/uploads\/info\/hoteli.png\" alt=\"\" \/><\/a><\/p>\n<p align=\"center\"><strong><span style=\"color: #000000; font-size: large;\">Zadar<\/span><\/strong><\/p>\n<\/td>\n<td align=\"center\" width=\"240\">\n<p align=\"center\"><a href=\"https:\/\/www.buscroatia.com\/hr\/hostel-zadar\" target=\"_blank\" rel=\"noopener\"><img decoding=\"async\" style=\"margin: 0px 1px 1px;\" src=\"https:\/\/www.buscroatia.com\/wp-content\/uploads\/info\/HOSTELI.png\" alt=\"\" \/><\/a><\/p>\n<p align=\"center\"><strong><span style=\"color: #000000; font-size: large;\">Zadar<\/span><\/strong><\/p>\n<\/td>\n<\/tr>\n<\/tbody>\n<\/table>\n<h3><b><span style=\"text-decoration: underline;\">Rent a car na autobusnom kolodvoru Zadar<\/span><\/b><\/h3>\n<p>Na\u017ealost na autobusnom kolodvoru Zadar nema<strong> rent a car poslovnica<\/strong>, ali neki iznajmljiva\u010di automobila uz prethodan dogovor mogu dovesti automobil na autobusni kolodvor bez problema. U centru Zadra se mogu prona\u0107i rent a car poslovnice poput <b>Economy, Sixt, Hertz, <\/b>itd. Ponudu za trenutno najpovoljniji najam automobila <a href=\"https:\/\/www.buscroatia.com\/hr\/najam-auta\" target=\"_blank\" rel=\"noopener\">mo\u017eete prona\u0107i ovdje<\/a>.<\/p>\n<p><span style=\"color: #0000ff;\"><b>Napomena<\/b>:<\/span> Ukoliko putujete u ve\u0107e gradove poput Zagreba, Splita, Dubrovnika, mo\u017eete i razmisliti o opciji najma automobila u jednom smjeru kao alternativi putovanja autobusom.<\/p>\n<h3><strong><span style=\"text-decoration: underline;\">Najpopularnije rute Autobusnog kolodvora ZADAR<\/span><\/strong><\/h3>\n<p><span style=\"color: #0000ff;\"><b>Savjet:<\/b> <\/span>ukoliko pretra\u017eujete autobusne veze za malo <strong>udaljenije destinacije, poput npr. Dubrovnika<\/strong> ponuda mo\u017ee biti ograni\u010dena. U tom slu\u010daju preporu\u010dujemo da potra\u017eite prijevoz u dvije faze, tako da ukoliko <strong>putujete iz Zadra prema Dubrovniku<\/strong> vi\u0161e mogu\u0107nosti \u0107e biti ako prvo<strong> odaberete autobusnu vezu Zadar- Split<\/strong>, a potom iz Splita prema krajnjoj destinaciji. Za autobusne veze prema Istri, glavno <strong>autobusno \u010dvori\u0161te je Rijeka<\/strong>.<\/p>\n<table border=\"1\" width=\"700\" cellspacing=\"1\" cellpadding=\"1\">\n<tbody>\n<tr>\n<td style=\"text-align: center;\" valign=\"top\" width=\"233\"><span style=\"color: #0000ff; text-decoration: underline;\">Me\u0111u\u017eupanijska linija<\/span><\/td>\n<td style=\"text-align: center;\" valign=\"top\" width=\"233\"><span style=\"color: #0000ff; text-decoration: underline;\">\u017dupanijska linija<\/span><\/td>\n<td style=\"text-align: center;\" valign=\"top\" width=\"233\"><span style=\"text-decoration: underline;\"><span style=\"color: #0000ff; text-decoration: underline;\">Me\u0111udr\u017eavna linija<\/span><\/span><\/td>\n<\/tr>\n<tr>\n<td style=\"text-align: center;\" valign=\"top\" width=\"233\"><a href=\"https:\/\/www.buscroatia.com\/hr\/autobus-zadar-zagreb\/\">Zadar &#8211; Zagreb<\/a><\/td>\n<td style=\"text-align: center;\" valign=\"top\" width=\"233\"><a href=\"https:\/\/www.buscroatia.com\/hr\/autobus-aerodrom-zadar\/\">Zadar &#8211; Aerodrom<\/a><\/td>\n<td style=\"text-align: center;\" valign=\"top\" width=\"233\"><a title=\"Autobus Zadar Mostar\" href=\"https:\/\/www.buscroatia.com\/hr\/autobus-zadar-mostar\/\">Zadar\u00a0&#8211; Mostar<\/a><\/td>\n<\/tr>\n<tr>\n<td style=\"text-align: center;\" valign=\"top\" width=\"233\"><a href=\"https:\/\/www.buscroatia.com\/hr\/autobus-zadar-split\/\">Zadar &#8211; Split<\/a><\/td>\n<td style=\"text-align: center;\" valign=\"top\" width=\"233\">\u00a0<a href=\"https:\/\/www.buscroatia.com\/hr\/autobus-zadar-biograd\/\">Zadar &#8211; Biograd na moru<\/a><\/td>\n<td style=\"text-align: center;\" valign=\"top\" width=\"233\"><a title=\"Autobus Zadar Me\u0111ugorje\" href=\"https:\/\/www.buscroatia.com\/hr\/autobus-zadar-medugorje\/\">Zadar\u00a0&#8211; Me\u0111ugorje<\/a><\/td>\n<\/tr>\n<tr>\n<td style=\"text-align: center;\" valign=\"top\" width=\"233\"><a href=\"https:\/\/www.buscroatia.com\/hr\/autobus-zadar-dubrovnik\/\">Zadar &#8211; Dubrovnik<\/a><\/td>\n<td style=\"text-align: center;\" valign=\"top\" width=\"233\"><a title=\"Autobus Zadar Novalja\" href=\"https:\/\/www.buscroatia.com\/hr\/autobus-zadar-novalja\/\">Zadar &#8211; Novalja <\/a><\/td>\n<td style=\"text-align: center;\" valign=\"top\" width=\"233\"><a href=\"https:\/\/www.buscroatia.com\/hr\/autobus-zadar-trst\/\">Zadar\u00a0&#8211; Trst<\/a><\/td>\n<\/tr>\n<tr>\n<td style=\"text-align: center;\" valign=\"top\" width=\"233\"><a href=\"https:\/\/www.buscroatia.com\/hr\/autobus-zadar-plitvice\/\">Zadar &#8211; Plitvi\u010dka jezera<\/a><\/td>\n<td style=\"text-align: center;\" valign=\"top\" width=\"233\"><a title=\"Autobus Zadar Tisno\" href=\"https:\/\/www.buscroatia.com\/hr\/autobus-zadar-tisno\/\">Zadar &#8211; Tisno<\/a><\/td>\n<td style=\"text-align: center;\" valign=\"top\" width=\"233\"><a href=\"https:\/\/www.buscroatia.com\/hr\/autobus-zadar-bec\/\">Zadar\u00a0&#8211; Be\u010d<\/a><\/td>\n<\/tr>\n<tr>\n<td style=\"text-align: center;\" valign=\"top\" width=\"233\"><a href=\"https:\/\/www.buscroatia.com\/hr\/autobus-zadar-rijeka\/\">Zadar &#8211; Rijeka<\/a><\/td>\n<td style=\"text-align: center;\" valign=\"top\" width=\"233\"><a title=\"Gradski prijevoz u gradu Zadru\" href=\"https:\/\/www.buscroatia.com\/hr\/gradski-prijevoz-u-gradu-zadru\/\">Gradski prijevoz\u00a0<\/a><\/td>\n<td style=\"text-align: center;\" valign=\"top\" width=\"233\"><\/td>\n<\/tr>\n<tr>\n<td style=\"text-align: center;\" valign=\"top\" width=\"233\"><a href=\"https:\/\/www.buscroatia.com\/hr\/autobus-zadar-pula\/\">Zadar &#8211; Pula<\/a><\/td>\n<td style=\"text-align: center;\" valign=\"top\" width=\"233\"><\/td>\n<td style=\"text-align: center;\" valign=\"top\" width=\"233\"><\/td>\n<\/tr>\n<tr>\n<td style=\"text-align: center;\" valign=\"top\" width=\"233\"><\/td>\n<td style=\"text-align: center;\" valign=\"top\" width=\"233\"><\/td>\n<td style=\"text-align: center;\" valign=\"top\" width=\"233\"><\/td>\n<\/tr>\n<\/tbody>\n<\/table>\n<h3><strong><span style=\"text-decoration: underline;\">Lokacija autobusnog kolodvora:<\/span><\/strong><\/h3>\n<p><iframe loading=\"lazy\" src=\"https:\/\/maps.google.com\/maps\/ms?msa=0&amp;msid=217628426599368218480.0004b91ac0b99989367b7&amp;ie=UTF8&amp;t=h&amp;ll=44.106408,15.24102&amp;spn=0.003467,0.006427&amp;z=17&amp;output=embed\" width=\"700\" height=\"450\" frameborder=\"0\" marginwidth=\"0\" marginheight=\"0\" scrolling=\"no\"><\/iframe><br \/>\n<small>View <a style=\"color: #0000ff; text-align: left;\" href=\"https:\/\/maps.google.com\/maps\/ms?msa=0&amp;msid=217628426599368218480.0004b91ac0b99989367b7&amp;ie=UTF8&amp;t=h&amp;ll=44.106408,15.24102&amp;spn=0.003467,0.006427&amp;z=17&amp;source=embed\">Autobusni kolodvor Zadar<\/a> in a larger map<\/small><\/p>\n<h3><strong><span style=\"text-decoration: underline;\">Adresa autobusnog kolodvora:<\/span><\/strong><\/h3>\n<p>Ante Star\u010devi\u0107a 1<br \/>\n23000 Zadar<br \/>\nTelefon +385(0)23211 555<br \/>\nFax: 023\/311-086<\/p>\n","protected":false},"excerpt":{"rendered":"<p>Autobusni kolodvor Zadar smje\u0161ten je uz \u017eeljezni\u010dki kolodvor na kri\u017eanju ulica Bregdetti i Ante Star\u010devi\u0107a. Sve informacije o polascima i dolascima autobusa mogu se dobiti u vremenu od 6,00 \u2013 22,00 sata. Prodaja putnih karata organizirana je na pet prodajnih kompjuteriziranih mjesta. Iste je mogu\u0107e kupiti od 6,00 \u2013 22,00 sata. Autobusni kolodvor Zadar je [&hellip;]<\/p>\n","protected":false},"author":1,"featured_media":2992,"parent":0,"menu_order":0,"comment_status":"open","ping_status":"open","template":"","meta":[],"aioseo_notices":[],"_links":{"self":[{"href":"https:\/\/www.buscroatia.com\/hr\/wp-json\/wp\/v2\/pages\/37"}],"collection":[{"href":"https:\/\/www.buscroatia.com\/hr\/wp-json\/wp\/v2\/pages"}],"about":[{"href":"https:\/\/www.buscroatia.com\/hr\/wp-json\/wp\/v2\/types\/page"}],"author":[{"embeddable":true,"href":"https:\/\/www.buscroatia.com\/hr\/wp-json\/wp\/v2\/users\/1"}],"replies":[{"embeddable":true,"href":"https:\/\/www.buscroatia.com\/hr\/wp-json\/wp\/v2\/comments?post=37"}],"version-history":[{"count":31,"href":"https:\/\/www.buscroatia.com\/hr\/wp-json\/wp\/v2\/pages\/37\/revisions"}],"predecessor-version":[{"id":202575,"href":"https:\/\/www.buscroatia.com\/hr\/wp-json\/wp\/v2\/pages\/37\/revisions\/202575"}],"wp:featuredmedia":[{"embeddable":true,"href":"https:\/\/www.buscroatia.com\/hr\/wp-json\/wp\/v2\/media\/2992"}],"wp:attachment":[{"href":"https:\/\/www.buscroatia.com\/hr\/wp-json\/wp\/v2\/media?parent=37"}],"curies":[{"name":"wp","href":"https:\/\/api.w.org\/{rel}","templated":true}]}}