{"id":31,"date":"2012-01-05T14:07:13","date_gmt":"2012-01-05T14:07:13","guid":{"rendered":"http:\/\/www.buscroatia.com\/hr\/?page_id=31"},"modified":"2021-08-02T06:59:42","modified_gmt":"2021-08-02T06:59:42","slug":"kolodvor-trogir-autobusi","status":"publish","type":"page","link":"https:\/\/www.buscroatia.com\/hr\/kolodvor-trogir-autobusi\/","title":{"rendered":"Kolodvor Trogir"},"content":{"rendered":"<p><a href=\"https:\/\/www.buscroatia.com\/hr\/wp-content\/uploads\/2012\/01\/Kolodvor-Trogir.jpg\" rel=\"lightbox[31]\"><img decoding=\"async\" loading=\"lazy\" class=\"alignright size-medium wp-image-1098\" title=\"Kolodvor Trogir\" src=\"https:\/\/www.buscroatia.com\/hr\/wp-content\/uploads\/2012\/01\/Kolodvor-Trogir-300x225.jpg\" alt=\"Kolodvor Trogir\" width=\"300\" height=\"225\" srcset=\"https:\/\/www.buscroatia.com\/hr\/wp-content\/uploads\/2012\/01\/Kolodvor-Trogir-300x225.jpg 300w, https:\/\/www.buscroatia.com\/hr\/wp-content\/uploads\/2012\/01\/Kolodvor-Trogir.jpg 1024w\" sizes=\"(max-width: 300px) 100vw, 300px\" \/><\/a>Autobusni kolodvor u Trogiru nalazi se na ulazu u grad, pokraj kamenog mosta, a udaljen je 500 m od starog grada. Mo\u017eete kupiti autobusne karte za lokalne linije (Split, Solin, Kastela, Marina, etc.), me\u0111ugradske linije (Dubrovnik, Zagreb, etc.) ili \u00a0za me\u0111unarodne (Austria, Germany, etc.). Svi autobusi koji povezuju Dalmaciju a neidu autoputem prolaze kroz Trogir.<\/p>\n<h3><strong><span style=\"text-decoration: underline;\">Sadr\u017eaj autobusnog kolodvora Trogir<\/span><\/strong><\/h3>\n<p>Izvan zgrade autobusnog kolodvora nalazi se nekoliko bankomata ( pripremite sitni novac ako imate dodatnu prtljagu, jer se napla\u0107uje extra od strane konduktera)<\/p>\n<p>Tako\u0111er u blizini su mnogobrojni kafi\u0107i restorani stara jezgra grada koju je \u0161teta propustiti vidjeti.<br \/>\n<script type=\"text\/javascript\">\/\/ <![CDATA[\ngoogle_ad_client = \"\"; \/* Bus728-hr *\/ google_ad_slot = \"4900460214\"; google_ad_width = 728; google_ad_height = 90;\n\/\/ ]]><\/script><br \/>\n<script type=\"text\/javascript\" src=\"https:\/\/pagead2.googlesyndication.com\/pagead\/show_ads.js\">\/\/ <![CDATA[\n\n\n\/\/ ]]><\/script><\/p>\n<h3><b><span style=\"text-decoration: underline;\">Smje\u0161taj u blizini autobusnog kolodvora Trogir<\/span><\/b><\/h3>\n<p>Prona\u0107i <strong>smje\u0161taj u blizini autobusnog kolodvora Trogir<\/strong> zaista i nije neki problem. U \u0161irem centru Trogira, u starom centru, na strani \u010ciova zaista ima veliki izbor <strong>hotela, hostela, apartmana i ku\u0107a za najam<\/strong>. Smje\u0161taj koji je u blizini pla\u017ee mo\u017ee se prona\u0107i u malim mjestima poput Slatina, Arbanije ili Okruga Gornjeg. Veliki izbor smje\u0161taja u Trogiru i okolici mo\u017eete pogledati ovdje:<\/p>\n<table border=\"0\" width=\"720\" cellspacing=\"2\" cellpadding=\"2\">\n<tbody>\n<tr>\n<td align=\"center\" width=\"240\">\n<p align=\"center\"><a href=\"https:\/\/www.buscroatia.com\/hr\/apartmani-trogir\"><img decoding=\"async\" style=\"margin: 0px 1px 1px;\" src=\"https:\/\/www.buscroatia.com\/wp-content\/uploads\/info\/apartmani.png\" alt=\"\" \/><\/a><\/p>\n<p align=\"center\"><strong><span style=\"color: #000000; font-size: large;\">Trogir<\/span><\/strong><\/p>\n<\/td>\n<td align=\"center\" width=\"240\">\n<p align=\"center\"><a href=\"https:\/\/www.buscroatia.com\/hr\/hotel-trogir\" target=\"_blank\" rel=\"noopener\"><img decoding=\"async\" style=\"margin: 0px 1px 1px;\" src=\"https:\/\/www.buscroatia.com\/wp-content\/uploads\/info\/hoteli.png\" alt=\"\" \/><\/a><\/p>\n<p align=\"center\"><strong><span style=\"color: #000000; font-size: large;\">Trogir<\/span><\/strong><\/p>\n<\/td>\n<td align=\"center\" width=\"240\">\n<p align=\"center\"><a href=\"https:\/\/www.buscroatia.com\/hr\/hostel-trogir\" target=\"_blank\" rel=\"noopener\"><img decoding=\"async\" style=\"margin: 0px 1px 1px;\" src=\"https:\/\/www.buscroatia.com\/wp-content\/uploads\/info\/HOSTELI.png\" alt=\"\" \/><\/a><\/p>\n<p align=\"center\"><strong><span style=\"color: #000000; font-size: large;\">Trogir<\/span><\/strong><\/p>\n<\/td>\n<\/tr>\n<\/tbody>\n<\/table>\n<h3><b><span style=\"text-decoration: underline;\">Rent a car Trogir:<\/span><\/b><\/h3>\n<p>Na <strong>autobusnom kolodvoru u Trogiru nema mogu\u0107nosti najma automobila<\/strong>, ali u starom dijelu grada ima nekoliko turisti\u010dkih agencija koje tako\u0111er nude rent a car. Kao alternativa lokalnim agencijama koje nude najam nije lo\u0161e razmisliti o mogu\u0107nosti <strong>najma automobila na splitskom aerodromu<\/strong> koji je od Trogira udaljen samo 5 kilometara i do kojeg se bez problema mo\u017ee do\u0107i lokalnim gradskim autobusom. na aerodromu se mogu prona\u0107i sve glavne rent a car poslovnice, a trenutno <strong>najpovoljniju ponudu za rent a car<\/strong> mo\u017eete pogledati <a href=\"https:\/\/www.buscroatia.com\/hr\/najam-auta\" target=\"_blank\" rel=\"noopener\">ovdje<\/a>:<\/p>\n<h3><strong><span style=\"text-decoration: underline;\">Najpopularnije rute Autobusnog kolodvora Trogir<\/span><\/strong><\/h3>\n<p>U nastavku smo napravili pregled<strong> najpopularnijih destinacija iz Trogira<\/strong>. Ukoliko putujete prema odredi\u0161tima koje su udaljenije od Splita ili Zadra preporuka je da ga podijelite na dvije etape, pa tako npr. ukoliko vam je krajnja destinacija Dubrovnik mnogo bolju autobusnu povezanost \u0107ete imati ukoliko prvo putujete za Split, pa onda sa splitskog autobusnog kolodvora prema Dubrovniku.<\/p>\n<table border=\"1\" width=\"700\" cellspacing=\"1\" cellpadding=\"1\">\n<tbody>\n<tr>\n<td style=\"text-align: center;\" valign=\"top\" width=\"233\"><span style=\"color: #0000ff; text-decoration: underline;\">Me\u0111u\u017eupanijska linija<\/span><\/td>\n<td style=\"text-align: center;\" valign=\"top\" width=\"233\"><span style=\"color: #0000ff; text-decoration: underline;\">\u017dupanijska linija<\/span><\/td>\n<td style=\"text-align: center;\" valign=\"top\" width=\"233\"><span style=\"text-decoration: underline;\"><span style=\"color: #0000ff; text-decoration: underline;\">Me\u0111unarodna linija<\/span><\/span><\/td>\n<\/tr>\n<tr>\n<td style=\"text-align: center;\" valign=\"top\" width=\"233\"><a title=\"Autobus Trogir Zagreb\" href=\"https:\/\/www.buscroatia.com\/hr\/autobus-trogir-zagreb\/\">Trogir &#8211; Zagreb<\/a><\/td>\n<td style=\"text-align: center;\" valign=\"top\" width=\"233\"><a title=\"Autobus Trogir Split\" href=\"https:\/\/www.buscroatia.com\/hr\/autobus-trogir-split\/\">Trogir &#8211; Split<\/a><\/td>\n<td style=\"text-align: center;\" valign=\"top\" width=\"233\"><\/td>\n<\/tr>\n<tr>\n<td style=\"text-align: center;\" valign=\"top\" width=\"233\"><a title=\"Autobus Trogir Zadar\" href=\"https:\/\/www.buscroatia.com\/hr\/autobus-trogir-zadar\/\">Trogir\u00a0&#8211; Zadar<\/a><\/td>\n<td style=\"text-align: center;\" valign=\"top\" width=\"233\"><a title=\"Autobus Trogir \u0160ibenik\" href=\"https:\/\/www.buscroatia.com\/hr\/autobus-trogir-sibenik\/\">Trogir &#8211; \u0160ibenik<\/a><\/td>\n<td style=\"text-align: center;\" valign=\"top\" width=\"233\"><\/td>\n<\/tr>\n<tr>\n<td style=\"text-align: center;\" valign=\"top\" width=\"233\"><a title=\"Autobus Trogir Dubrovnik\" href=\"https:\/\/www.buscroatia.com\/hr\/autobus-trogir-dubrovnik\/\">Trogir\u00a0&#8211; Dubrovnik<\/a><\/td>\n<td style=\"text-align: center;\" valign=\"top\" width=\"233\"><a title=\"Autobus Trogir Zadar\" href=\"https:\/\/www.buscroatia.com\/hr\/autobus-trogir-zadar\/\">Trogir- Zadar<\/a><\/td>\n<td style=\"text-align: center;\" valign=\"top\" width=\"233\"><\/td>\n<\/tr>\n<tr>\n<td style=\"text-align: center;\" valign=\"top\" width=\"233\"><a title=\"Autobus Trogir Pula\" href=\"https:\/\/www.buscroatia.com\/hr\/autobus-trogir-pula\/\">Trogir\u00a0&#8211; Pula<\/a><\/td>\n<td style=\"text-align: center;\" valign=\"top\" width=\"233\"><\/td>\n<td style=\"text-align: center;\" valign=\"top\" width=\"233\"><\/td>\n<\/tr>\n<tr>\n<td style=\"text-align: center;\" valign=\"top\" width=\"233\"><a title=\"Autobus Trogir Plitvice\" href=\"https:\/\/www.buscroatia.com\/hr\/autobus-trogir-plitvice\/\">Trogir\u00a0&#8211; Plitvi\u010dka jezera<\/a><\/td>\n<td style=\"text-align: center;\" valign=\"top\" width=\"233\"><\/td>\n<td style=\"text-align: center;\" valign=\"top\" width=\"233\"><\/td>\n<\/tr>\n<tr>\n<td style=\"text-align: center;\" valign=\"top\" width=\"233\"><a title=\"Autobus Trogir Rijeka\" href=\"https:\/\/www.buscroatia.com\/hr\/autobus-trogir-rijeka\/\">Trogir\u00a0&#8211; Rijeka<\/a><\/td>\n<td style=\"text-align: center;\" valign=\"top\" width=\"233\"><\/td>\n<td style=\"text-align: center;\" valign=\"top\" width=\"233\"><\/td>\n<\/tr>\n<tr>\n<td style=\"text-align: center;\" valign=\"top\" width=\"233\"><\/td>\n<td style=\"text-align: center;\" valign=\"top\" width=\"233\"><\/td>\n<td style=\"text-align: center;\" valign=\"top\" width=\"233\"><\/td>\n<\/tr>\n<\/tbody>\n<\/table>\n<h3>.<br \/>\n<strong><span style=\"text-decoration: underline;\">Lokacija autobusnog kolodvora:<\/span><\/strong><\/h3>\n<p><iframe loading=\"lazy\" src=\"https:\/\/maps.google.com\/maps\/ms?msa=0&amp;msid=217628426599368218480.0004b91ab639605899188&amp;ie=UTF8&amp;t=h&amp;ll=43.518478,16.251408&amp;spn=0.003501,0.006427&amp;z=17&amp;output=embed\" width=\"700\" height=\"450\" frameborder=\"0\" marginwidth=\"0\" marginheight=\"0\" scrolling=\"no\"><\/iframe><br \/>\n<small>View <a style=\"color: #0000ff; text-align: left;\" href=\"https:\/\/maps.google.com\/maps\/ms?msa=0&amp;msid=217628426599368218480.0004b91ab639605899188&amp;ie=UTF8&amp;t=h&amp;ll=43.518478,16.251408&amp;spn=0.003501,0.006427&amp;z=17&amp;source=embed\">Autobusni kolodvor Trogir<\/a> in a larger map<\/small><\/p>\n<h3><strong><span style=\"text-decoration: underline;\">Adresa autobusnog kolodvora:<\/span><\/strong><\/h3>\n<p>Kneza Trpimira 2, Trogir<br \/>\n21220 Trogir<br \/>\nTelefon: 021 882947<\/p>\n","protected":false},"excerpt":{"rendered":"<p>Autobusni kolodvor u Trogiru nalazi se na ulazu u grad, pokraj kamenog mosta, a udaljen je 500 m od starog grada. Mo\u017eete kupiti autobusne karte za lokalne linije (Split, Solin, Kastela, Marina, etc.), me\u0111ugradske linije (Dubrovnik, Zagreb, etc.) ili \u00a0za me\u0111unarodne (Austria, Germany, etc.). Svi autobusi koji povezuju Dalmaciju a neidu autoputem prolaze kroz Trogir. [&hellip;]<\/p>\n","protected":false},"author":1,"featured_media":3006,"parent":0,"menu_order":0,"comment_status":"open","ping_status":"open","template":"","meta":[],"aioseo_notices":[],"_links":{"self":[{"href":"https:\/\/www.buscroatia.com\/hr\/wp-json\/wp\/v2\/pages\/31"}],"collection":[{"href":"https:\/\/www.buscroatia.com\/hr\/wp-json\/wp\/v2\/pages"}],"about":[{"href":"https:\/\/www.buscroatia.com\/hr\/wp-json\/wp\/v2\/types\/page"}],"author":[{"embeddable":true,"href":"https:\/\/www.buscroatia.com\/hr\/wp-json\/wp\/v2\/users\/1"}],"replies":[{"embeddable":true,"href":"https:\/\/www.buscroatia.com\/hr\/wp-json\/wp\/v2\/comments?post=31"}],"version-history":[{"count":27,"href":"https:\/\/www.buscroatia.com\/hr\/wp-json\/wp\/v2\/pages\/31\/revisions"}],"predecessor-version":[{"id":202577,"href":"https:\/\/www.buscroatia.com\/hr\/wp-json\/wp\/v2\/pages\/31\/revisions\/202577"}],"wp:featuredmedia":[{"embeddable":true,"href":"https:\/\/www.buscroatia.com\/hr\/wp-json\/wp\/v2\/media\/3006"}],"wp:attachment":[{"href":"https:\/\/www.buscroatia.com\/hr\/wp-json\/wp\/v2\/media?parent=31"}],"curies":[{"name":"wp","href":"https:\/\/api.w.org\/{rel}","templated":true}]}}