{"id":285,"date":"2012-02-15T14:19:38","date_gmt":"2012-02-15T14:19:38","guid":{"rendered":"http:\/\/www.buscroatia.com\/hr\/?page_id=285"},"modified":"2014-09-10T12:59:13","modified_gmt":"2014-09-10T12:59:13","slug":"bus-dubrovnik-aerodrom","status":"publish","type":"page","link":"https:\/\/www.buscroatia.com\/hr\/bus-dubrovnik-aerodrom\/","title":{"rendered":"Autobus Dubrovnik Aerodrom"},"content":{"rendered":"<p><a href=\"https:\/\/www.buscroatia.com\/hr\/wp-content\/uploads\/2012\/02\/Zracna-luka-Dubrovnik.jpg\" rel=\"lightbox[285]\"><img decoding=\"async\" loading=\"lazy\" class=\"alignright size-medium wp-image-854\" title=\"Zracna luka Dubrovnik\" src=\"https:\/\/www.buscroatia.com\/hr\/wp-content\/uploads\/2012\/02\/Zracna-luka-Dubrovnik-300x225.jpg\" alt=\"Zracna luka Dubrovnik\" width=\"300\" height=\"225\" srcset=\"https:\/\/www.buscroatia.com\/hr\/wp-content\/uploads\/2012\/02\/Zracna-luka-Dubrovnik-300x225.jpg 300w, https:\/\/www.buscroatia.com\/hr\/wp-content\/uploads\/2012\/02\/Zracna-luka-Dubrovnik.jpg 800w\" sizes=\"(max-width: 300px) 100vw, 300px\" \/><\/a><\/p>\n<p>Dubrova\u010dka zra\u010dna luka je udaljena oko 20 km ju\u017eno od starog grada u Dubrovniku i 6 km od Cavtata.<\/p>\n<p><strong>Kako do\u0107i do i od zra\u010dne luke Dubrovnik:<\/strong><\/p>\n<p><strong>Unaprijed rezervirani <\/strong>privatni ili zajedni\u010dki transfer<strong>:<\/strong>\u00a0 ukoliko \u017eelite \u0161to prije do\u0107i do va\u0161e krajnje destinacije bez prevelikog gubitka vremena u Zra\u010dnoj luci onda je unaprijed <a title=\"Privatni transfer Dubrovnik zra\u010dna luka - Dubrovnik\" href=\"https:\/\/www.buscroatia.com\/hr\/prijevoz-hrvatska\/\" target=\"_blank\"><strong>rezervirati transfer<\/strong><\/a> najbolja opcija. Cijena transfera je oko 40 eura za 1-3 osobe , ovisno o tome u koji dio grada idete. Ukoliko trebate transfer minibusom (8 osoba), cijena bi bila nekih 10 eura vi\u0161a. Unaprijed rezervirani transfer uzmite u obzir i ako putujete do odredi\u0161ta poput Kor\u010dule, Pelje\u0161ca ili nekih drugih gradova.<\/p>\n<p><strong>Rent a car:<\/strong> u dubrova\u010dkoj zra\u010dnoj luci imate <strong>mogu\u0107nost iznajmljivanja automobila<\/strong> &#8211; lokalnih kao i me\u0111unarodnih rent a car tvrtki, a rent a car ponude za Zra\u010dnu luku Dubrovnik mo\u017eete prona\u0107i <a href=\"https:\/\/www.buscroatia.com\/hr\/najam-auta\" target=\"_blank\">ovdje<\/a>.<br \/>\n<script>\/\/ <![CDATA[\ngoogle_ad_client = \"\"; \/* Bus728-hr *\/ google_ad_slot = \"4900460214\"; google_ad_width = 728; google_ad_height = 90;\n\/\/ ]]><\/script><br \/>\n<script src=\"https:\/\/pagead2.googlesyndication.com\/pagead\/show_ads.js\">\/\/ <![CDATA[\n\n\n\/\/ ]]><\/script><\/p>\n<p><strong>Smje\u0161taj u Dubrovniku:<\/strong> ponuda smje\u0161taja u Dubrovniku je raznovrsna te mo\u017eete prona\u0107i odgovaraju\u0107i smje\u0161taj od relativno jeftinih hostela do luksuznih hotela sa 5 zvjezdica. Ako jo\u0161 niste prona\u0161li smje\u0161taj u Dubrovniku, ovdje mo\u017eete prona\u0107i veliki izbor hotela, hostela za no\u0107enje s doru\u010dkom ovdje.<\/p>\n<table border=\"0\" width=\"720\" cellspacing=\"2\" cellpadding=\"2\">\n<tbody>\n<tr>\n<td align=\"center\" width=\"240\">\n<p align=\"center\"><a href=\"https:\/\/www.buscroatia.com\/hr\/apartmani-dubronvik\"><img decoding=\"async\" style=\"margin: 0px 1px 1px;\" src=\"https:\/\/www.buscroatia.com\/wp-content\/uploads\/info\/apartmani.png\" alt=\"\" \/><\/a><\/p>\n<p align=\"center\"><strong><span style=\"color: #000000; font-size: large;\">Dubrovnik<\/span><\/strong><\/p>\n<\/td>\n<td align=\"center\" width=\"240\">\n<p align=\"center\"><a href=\"https:\/\/www.buscroatia.com\/hr\/hotel-dubrovnik\" target=\"_blank\"><img decoding=\"async\" style=\"margin: 0px 1px 1px;\" src=\"https:\/\/www.buscroatia.com\/wp-content\/uploads\/info\/hoteli.png\" alt=\"\" \/><\/a><\/p>\n<p align=\"center\"><strong><span style=\"color: #000000; font-size: large;\">Dubrovnik<\/span><\/strong><\/p>\n<\/td>\n<td align=\"center\" width=\"240\">\n<p align=\"center\"><a href=\"https:\/\/www.buscroatia.com\/hr\/hostel-dubrovnik\" target=\"_blank\"><img decoding=\"async\" style=\"margin: 0px 1px 1px;\" src=\"https:\/\/www.buscroatia.com\/wp-content\/uploads\/info\/HOSTELI.png\" alt=\"\" \/><\/a><\/p>\n<p align=\"center\"><strong><span style=\"color: #000000; font-size: large;\">Dubrovnik<\/span><\/strong><\/p>\n<\/td>\n<\/tr>\n<\/tbody>\n<\/table>\n<p><strong>Autobus iz Zra\u010dna luke Dubrovnik:<\/strong> Autobus zra\u010dne luke polazi nakon slijetanja zrakoplova. Vrijeme putovanja je oko 25-30 minuta, a dolaskom u Dubrovnik autobus se zaustavlja na Pilama, vrata (ulaz Stari grad) i kraj glavnog autobusnog kolodvora u Gru\u017eu . Od Pila i glavnog autobusnog kolodvora polaze autobusi za ve\u0107inu gradskih dijelova u Dubrovniku, a raspored vo\u017enje gradskim autobusima mo\u017eete pogledati <a href=\"http:\/\/www.libertasdubrovnik.com\/gradski.pdf\" target=\"_blank\">ovdje<\/a>. Autobusi od glavnog autobusnog kolodvora, do zra\u010dne luke polaze 1,5 sata prije termina leta. Cijena karte u jednom smjeru za autobus zra\u010dne luke iznosi 35 kuna (cca 5 eura), a karte se mogu kupiti u autobusu.<\/p>\n<p><strong>Ostali bus-prijevozi:<\/strong> Neki od lokalnih autobusa iz Dubrovnika za obli\u017enje gradove zaustavljaju se\u00a0 na cesti koja prolazi uz zra\u010dnu luku. Raspored i rute lokalnih autobusa mo\u017eete na\u0107i <a href=\"http:\/\/www.libertasdubrovnik.com\/prigradski.pdf\" target=\"_blank\">ovdje<\/a>.<\/p>\n<p><strong>Taxi:<\/strong> Cijena taksija od zra\u010dne luke do centra grada je oko od 200 kuna (30 eura). Pobrinite se oko dogovora o cijeni prije po\u010detka vo\u017enje.<\/p>\n<p><strong>Mapa rute Dubrovnik &#8211; aerodrom:<\/strong><br \/>\n<iframe loading=\"lazy\" src=\"https:\/\/maps.google.com\/maps?f=d&amp;source=s_d&amp;saddr=Dubrovnik,+Croatia&amp;daddr=DUBROVNIK+AIRLINE+d.o.o.,+%C4%8Cilipi,+Hrvatska&amp;hl=en&amp;geocode=Fe2pigIddUgUASl96DUIootLEzEA1SuGUK0ABA%3BFZtpiQIdmqsWASHZUcWREyE4JQ&amp;aq=0&amp;oq=dubro&amp;sll=44.186855,16.67697&amp;sspn=4.994272,11.634521&amp;t=h&amp;mra=ls&amp;ie=UTF8&amp;ll=42.603389,18.17894&amp;spn=0.113717,0.20565&amp;z=12&amp;output=embed\" width=\"700\" height=\"450\" frameborder=\"0\" marginwidth=\"0\" marginheight=\"0\" scrolling=\"no\"><\/iframe><br \/>\n<small><a style=\"color: #0000ff; text-align: left;\" href=\"https:\/\/maps.google.com\/maps?f=d&amp;source=embed&amp;saddr=Dubrovnik,+Croatia&amp;daddr=DUBROVNIK+AIRLINE+d.o.o.,+%C4%8Cilipi,+Hrvatska&amp;hl=en&amp;geocode=Fe2pigIddUgUASl96DUIootLEzEA1SuGUK0ABA%3BFZtpiQIdmqsWASHZUcWREyE4JQ&amp;aq=0&amp;oq=dubro&amp;sll=44.186855,16.67697&amp;sspn=4.994272,11.634521&amp;t=h&amp;mra=ls&amp;ie=UTF8&amp;ll=42.603389,18.17894&amp;spn=0.113717,0.20565&amp;z=12\">View Larger Map<\/a><\/small><\/p>\n","protected":false},"excerpt":{"rendered":"<p>Dubrova\u010dka zra\u010dna luka je udaljena oko 20 km ju\u017eno od starog grada u Dubrovniku i 6 km od Cavtata. Kako do\u0107i do i od zra\u010dne luke Dubrovnik: Unaprijed rezervirani privatni ili zajedni\u010dki transfer:\u00a0 ukoliko \u017eelite \u0161to prije do\u0107i do va\u0161e krajnje destinacije bez prevelikog gubitka vremena u Zra\u010dnoj luci onda je unaprijed rezervirati transfer najbolja [&hellip;]<\/p>\n","protected":false},"author":1,"featured_media":4022,"parent":0,"menu_order":0,"comment_status":"open","ping_status":"open","template":"","meta":[],"aioseo_notices":[],"_links":{"self":[{"href":"https:\/\/www.buscroatia.com\/hr\/wp-json\/wp\/v2\/pages\/285"}],"collection":[{"href":"https:\/\/www.buscroatia.com\/hr\/wp-json\/wp\/v2\/pages"}],"about":[{"href":"https:\/\/www.buscroatia.com\/hr\/wp-json\/wp\/v2\/types\/page"}],"author":[{"embeddable":true,"href":"https:\/\/www.buscroatia.com\/hr\/wp-json\/wp\/v2\/users\/1"}],"replies":[{"embeddable":true,"href":"https:\/\/www.buscroatia.com\/hr\/wp-json\/wp\/v2\/comments?post=285"}],"version-history":[{"count":20,"href":"https:\/\/www.buscroatia.com\/hr\/wp-json\/wp\/v2\/pages\/285\/revisions"}],"predecessor-version":[{"id":6345,"href":"https:\/\/www.buscroatia.com\/hr\/wp-json\/wp\/v2\/pages\/285\/revisions\/6345"}],"wp:featuredmedia":[{"embeddable":true,"href":"https:\/\/www.buscroatia.com\/hr\/wp-json\/wp\/v2\/media\/4022"}],"wp:attachment":[{"href":"https:\/\/www.buscroatia.com\/hr\/wp-json\/wp\/v2\/media?parent=285"}],"curies":[{"name":"wp","href":"https:\/\/api.w.org\/{rel}","templated":true}]}}