{"id":28,"date":"2012-01-05T14:06:33","date_gmt":"2012-01-05T14:06:33","guid":{"rendered":"http:\/\/www.buscroatia.com\/hr\/?page_id=28"},"modified":"2024-05-13T14:29:34","modified_gmt":"2024-05-13T14:29:34","slug":"kolodvor-split-autobusi","status":"publish","type":"page","link":"https:\/\/www.buscroatia.com\/hr\/kolodvor-split-autobusi\/","title":{"rendered":""},"content":{"rendered":"\n<h1>Autobusni kolodvor Split<\/h1>\n\n\n<div class=\"wp-block-image\">\n<figure class=\"aligncenter is-resized\"><a class=\"img-wrap full-width\" href=\"\/hr\/wp-content\/uploads\/2012\/01\/Autobusni-Kolodvor-Split.jpg\" rel=\"lightbox[28]\"><img decoding=\"async\" loading=\"lazy\" src=\"\/hr\/wp-content\/uploads\/2012\/01\/Autobusni-Kolodvor-Split.jpg\" alt=\"Autobusni Kolodvor Split\" class=\"wp-image-826\" width=\"768\" height=\"576\" title=\"Autobusni Kolodvor Split\" srcset=\"https:\/\/www.buscroatia.com\/hr\/wp-content\/uploads\/2012\/01\/Autobusni-Kolodvor-Split.jpg 1024w, https:\/\/www.buscroatia.com\/hr\/wp-content\/uploads\/2012\/01\/Autobusni-Kolodvor-Split-300x225.jpg 300w\" sizes=\"(max-width: 768px) 100vw, 768px\" \/><\/a><figcaption class=\"wp-element-caption\">Autobusni Kolodvor Split<\/figcaption><\/figure><\/div>\n\n\n<p>Autobusni kolodvor Split lociran je u centru grada, pokraj<a href=\"https:\/\/www.ferrycroatia.com\/hr\/trajektna-luka-split\/\">&nbsp;trajektne luke&nbsp;<\/a>i&nbsp;<a href=\"https:\/\/www.traincroatia.com\/en\/split-train-station\/\">\u017eeljezni\u010dkog kolodvora<\/a>, \u0161to uvelike olak\u0161ava putnicima transfer izme\u0111u razli\u0107itih vrsta prijevoza. Zbog veli\u010dine grada Splita I prometne va\u017enosti, autobusni kolodvor zna biti prili\u010dno prometan ,pa je po\u017eeljno ostaviti dodatnog vremena za kupnju autobusne karte.<\/p>\n\n\n\n<h2>Kako do\u0107i od autobusnog kolodvora u Splitu do centra grada?<\/h2>\n\n\n\n<p>Autobusni kolodvor Split nalazi se jako blizu centra grada. Ispod su neke od opcija kako do\u0107i do centra grada od autobusnog kolodvora u Splitu:<\/p>\n\n\n\n<ol>\n<li><strong>Pje\u0161a\u010denje<\/strong>: Mo\u017eete pje\u0161a\u010diti otprilike 15 minuta kako biste stigli do Dioklecijanove pala\u010de i Rive.<\/li>\n\n\n\n<li><strong>Gradski autobus<\/strong>: Mo\u017eete koristiti gradski autobus koji ide od autobusnog kolodvora do raznih dijelova grada. Linije koje prolaze blizu ili kroz centar grada su brojne, pa je dobro provjeriti specifi\u010dne linije i njihove rute na trenutak putovanja.<\/li>\n\n\n\n<li><strong>Taxi ili Uber<\/strong>: Ako preferirate br\u017ei i privatniji prijevoz, uvijek mo\u017eete uzeti taxi ili Uber od kolodvora do centra.<\/li>\n<\/ol>\n\n\n\n<p>Gradski autobusi voze do sljede\u0107ih podru\u010dja:<\/p>\n\n\n\n<ul>\n<li>Linija 2a, vozi do Ka\u0161tel Su\u0107urca (Strinje)<\/li>\n\n\n\n<li>Linija 9, vozi do Ravne Njive<\/li>\n\n\n\n<li>Linija 10, vozi do Bilica i Japirka<\/li>\n\n\n\n<li>Linija 15, Duilovo i \u017dnjan<\/li>\n<\/ul>\n\n\n\n<p>Pored Starog Pazara (500 metara od centralnog autobusnog kolodvora), nalazi se autobusno stajali\u0161te gdje prolazi ve\u0107ina gradskih autobusnih linija Splita.<\/p>\n\n\n\n<h3>Sadr\u017eaj autobusnog kolodvora Split<\/h3>\n\n\n\n<p>\u010cekaonica se nalazi unutar zgrade autobusnog kolodvora, ali zbog velikog kapaciteta putnika katkad je te\u0161lo prona\u0107i slobodno mjesto, a kao alternative tu su mnogi kafi\u0107i u susjedstvu. <\/p>\n\n\n\n<p>Izvan zgrade autobusnog kolodvora nalazi se nekoliko bankomata (pripremite sitni novac ako imate dodatnu prtljagu, jer se napla\u0107uje extra od strane konduktera). <\/p>\n\n\n\n<p>U blizini su nekoliko fast food restorana, s ponudom sendvi\u010da, pizzeta i sli\u010dno, isto tako tu je i nekoliko trafika gdje mo\u017eete kupiti vodu za put. Najbli\u017ei internet caf\u00e9 je 200 m udaljen od autobusnog kolodvora.<\/p>\n\n\n\n<h3>Najpopularnije rute Autobusnog kolodvora Split<\/h3>\n\n\n\n<p>Split je autobusno povezan s ve\u0107inom destinacija u Hrvatskoj, a ovo su najpopularnije rute:<\/p>\n\n\n\n<figure class=\"wp-block-table\"><table><tbody><tr><td><span style=\"color: #0000ff; text-decoration: underline;\">Me\u0111u\u017eupanijska linija<\/span><\/td><td><span style=\"color: #0000ff; text-decoration: underline;\">\u017dupanijska linija<\/span><\/td><td><span style=\"text-decoration: underline;\"><span style=\"color: #0000ff; text-decoration: underline;\">Me\u0111unarodna linija<\/span><\/span><\/td><\/tr><tr><td><a href=\"https:\/\/www.buscroatia.com\/hr\/autobus-split-zagreb\/\">Split &#8211; Zagreb<\/a><\/td><td><a href=\"https:\/\/www.buscroatia.com\/hr\/autobus-split-trogir\/\">Split &#8211; Trogir<\/a><\/td><td><a href=\"https:\/\/www.buscroatia.com\/hr\/autobus-split-mostar\/\">Split &#8211; Mostar<\/a><\/td><\/tr><tr><td><a href=\"https:\/\/www.buscroatia.com\/hr\/autobus-split-zadar\/\">Split &#8211; Zadar<\/a><\/td><td><a href=\"https:\/\/www.buscroatia.com\/hr\/autobus-split-omis\/\">Split &#8211; Omi\u0161<\/a><\/td><td><a href=\"https:\/\/www.buscroatia.com\/hr\/autobus-split-medugorje\/\">Split &#8211; Me\u0111ugorje<\/a><\/td><\/tr><tr><td><a href=\"https:\/\/www.buscroatia.com\/hr\/autobus-split-dubrovnik\/\">Split &#8211; Dubrovnik<\/a><\/td><td><a href=\"https:\/\/www.buscroatia.com\/hr\/autobus-split-makarska\/\">Split &#8211; Makarska<\/a><\/td><td><a href=\"https:\/\/www.buscroatia.com\/hr\/autobus-split-livno\/\">Split &#8211; Livno<\/a><\/td><\/tr><tr><td><a href=\"https:\/\/www.buscroatia.com\/hr\/autobus-split-pula\/\">Split &#8211; Pula<\/a><\/td><td><a href=\"https:\/\/www.buscroatia.com\/hr\/autobus-split-knin\/\">Split &#8211; Knin<\/a><\/td><td><a href=\"https:\/\/www.buscroatia.com\/hr\/autobus-split-sarajevo\/\">Split &#8211; Sarajevo<\/a><\/td><\/tr><tr><td><a href=\"https:\/\/www.buscroatia.com\/hr\/autobus-split-plitvice\/\">Split &#8211; Plitvi\u010dka Jezera<\/a><\/td><td><a href=\"https:\/\/www.buscroatia.com\/hr\/autobus-split-aerodrom\/\">Split &#8211; Aerodrom<\/a><\/td><td>&nbsp;<\/td><\/tr><tr><td><a href=\"https:\/\/www.buscroatia.com\/hr\/autobus-split-krka\/\">Split &#8211; Krka<\/a><\/td><td><a href=\"https:\/\/www.buscroatia.com\/hr\/prijevoz-split-hvar\/\">Split &#8211; Hvar<\/a><\/td><td>&nbsp;<\/td><\/tr><tr><td><a href=\"https:\/\/www.buscroatia.com\/hr\/autobus-split-novalja\/\">Split &#8211; Novalja<\/a><\/td><td><a href=\"https:\/\/www.buscroatia.com\/hr\/gradski-prijevoz-u-gradu-splitu\/\">Gradski prijevoz<\/a><\/td><td><\/td><\/tr><\/tbody><\/table><\/figure>\n\n\n\n<h2>\u010cesto postavljana pitanja (FAQ) &#8211; Autobusni kolodvor Split<\/h2>\n\n\n\n<h2>Gdje se nalazi Autobusni kolodvor Split?<\/h2>\n\n\n\n<p>Glavni autobusni kolodvor u Splitu nalazi se u centru grada, pokraj&nbsp;trajektne luke&nbsp;i&nbsp;\u017eeljezni\u010dkog kolodvora. Imajte na umu da ovaj autobusni kolodvor nije isto \u0161to i autobusni terminal Sukoi\u0161an, koji se nalazi 1,5 km od glavnog autobusnog kolodvora.<\/p>\n\n\n\n<h2>Postoji li autobus za zra\u010dnu luku s autobusnog kolodvora?<\/h2>\n\n\n\n<p>Da, slu\u017ebeni autobus za zra\u010dnu luku polazi sa kolodvora. Obi\u010dno autobus za zra\u010dnu luku polazi s perona broj 1, ali to svakako provjerite kada do\u0111ete na kolodvor. <\/p>\n\n\n\n<p>Kao <strong>alternativu <\/strong>autobusu za zra\u010dnu luku, mo\u017eete uzeti<strong> gradski autobus broj 37 <\/strong>s Autobusnog terminala Suko\u0161an. Me\u0111utim, trebate imati na umu da autobus broj 37 nije najbolja opcija ako nosite velike komade prtljage.<\/p>\n\n\n\n<h2>Je li trajektna luka blizu autobusnog kolodvora u Splitu?<\/h2>\n\n\n\n<p>Da, trajektna luka u Splitu i autobusni kolodvor su prili\u010dno blizu (2 minute hoda). Ako iz Splita idete <a href=\"https:\/\/getbyferry.com\/en\/split-hvar-town\">katamaranom za Hvar<\/a>, trebali biste i\u0107i desno od kolodvora. Ako putujete trajektom za automobile, na primjer za Bra\u010d, Vis ili Kor\u010dulu, trebali biste i\u0107i do glavne zgrade trajektnog terminala (vjerujte mi, ne mo\u017eete je proma\u0161iti!).<\/p>\n\n\n\n<h2>Kako do\u0107i od Autobusnog kolodvora do centra grada u Splitu?<\/h2>\n\n\n\n<p>Autobusni kolodvor Split nalazi se jako blizu centra grada. Do centra grada mo\u017ee se do\u0107i vrlo brzo pje\u0161ice, javnim prijevozom ili taxijem.<\/p>\n\n\n\n<h2>Na\u0161 video o autobusnom kolodvoru Split <\/h2>\n\n\n\n<iframe loading=\"lazy\" width=\"315\" height=\"560\" src=\"https:\/\/www.youtube.com\/embed\/VAHa7NvWSZk\" title=\"YouTube video player\" frameborder=\"0\" allow=\"accelerometer; autoplay; clipboard-write; encrypted-media; gyroscope; picture-in-picture; web-share\" allowfullscreen=\"\"><\/iframe>\n\n\n\n<h2>Autobusni kolodvor Split adresa<\/h2>\n\n\n\n<div class=\"bus-station-contact-details-wrap\"><span class=\"address\">Obala Kneza Domagoja br.12, 21000 Split, Republika Hrvatska<\/span>\n<p>&nbsp;<\/p>\n<div class=\"p\"><span class=\"label red\">Telefon (Glavni ured):<\/span><span class=\"value\">+385 (0)21 329-180<\/span><\/div>\n<div class=\"p\"><span class=\"label red\">Fax:<\/span><span class=\"value\">+385 (0)21 329-182<\/span><\/div>\n<div class=\"p\"><span class=\"label red\">Info telefon (doma\u0107i prijevoz):<\/span><span class=\"value\">+385 (0)60 327-777 (Premium number)<\/span><\/div>\n<div class=\"p\"><span class=\"label red\">Info telefon (me\u0111unarodni prijevoz):<\/span><span class=\"value\">+385 (0)21 329-199<\/span><\/div>\n<div class=\"p\"><span class=\"label red\">E-mail (informacije):<\/span><span class=\"value\">info@ak-split.hr<\/span><\/div>\n<\/div>\n\n\n\n<h2>Autobusni kolodvor Split mapa<\/h2>\n\n\n\n<p><iframe loading=\"lazy\" src=\"https:\/\/maps.google.com\/maps\/ms?msa=0&amp;msid=217628426599368218480.0004b91a694a5e7867533&amp;ie=UTF8&amp;t=h&amp;ll=43.504301,16.442757&amp;spn=0.003502,0.006427&amp;z=17&amp;output=embed\" width=\"100%\" height=\"450\" frameborder=\"0\" marginwidth=\"0\" marginheight=\"0\" scrolling=\"no\"><br><small>View <a style=\"color: #0000ff; text-align: left;\" href=\"https:\/\/maps.google.com\/maps\/ms?msa=0&amp;msid=217628426599368218480.0004b91a694a5e7867533&amp;ie=UTF8&amp;t=h&amp;ll=43.504301,16.442757&amp;spn=0.003502,0.006427&amp;z=17&amp;source=embed\">Autobusni kolodvor Split<\/a> in a larger map<\/small><\/p>\n","protected":false},"excerpt":{"rendered":"<p>Autobusni kolodvor Split Autobusni kolodvor Split lociran je u centru grada, pokraj&nbsp;trajektne luke&nbsp;i&nbsp;\u017eeljezni\u010dkog kolodvora, \u0161to uvelike olak\u0161ava putnicima transfer izme\u0111u razli\u0107itih vrsta prijevoza. Zbog veli\u010dine grada Splita I prometne va\u017enosti, autobusni kolodvor zna biti prili\u010dno prometan ,pa je po\u017eeljno ostaviti dodatnog vremena za kupnju autobusne karte. Kako do\u0107i od autobusnog kolodvora u Splitu do centra [&hellip;]<\/p>\n","protected":false},"author":1,"featured_media":3009,"parent":0,"menu_order":0,"comment_status":"open","ping_status":"open","template":"pages-templates\/bus-station.php","meta":[],"aioseo_notices":[],"_links":{"self":[{"href":"https:\/\/www.buscroatia.com\/hr\/wp-json\/wp\/v2\/pages\/28"}],"collection":[{"href":"https:\/\/www.buscroatia.com\/hr\/wp-json\/wp\/v2\/pages"}],"about":[{"href":"https:\/\/www.buscroatia.com\/hr\/wp-json\/wp\/v2\/types\/page"}],"author":[{"embeddable":true,"href":"https:\/\/www.buscroatia.com\/hr\/wp-json\/wp\/v2\/users\/1"}],"replies":[{"embeddable":true,"href":"https:\/\/www.buscroatia.com\/hr\/wp-json\/wp\/v2\/comments?post=28"}],"version-history":[{"count":33,"href":"https:\/\/www.buscroatia.com\/hr\/wp-json\/wp\/v2\/pages\/28\/revisions"}],"predecessor-version":[{"id":203173,"href":"https:\/\/www.buscroatia.com\/hr\/wp-json\/wp\/v2\/pages\/28\/revisions\/203173"}],"wp:featuredmedia":[{"embeddable":true,"href":"https:\/\/www.buscroatia.com\/hr\/wp-json\/wp\/v2\/media\/3009"}],"wp:attachment":[{"href":"https:\/\/www.buscroatia.com\/hr\/wp-json\/wp\/v2\/media?parent=28"}],"curies":[{"name":"wp","href":"https:\/\/api.w.org\/{rel}","templated":true}]}}