{"id":2545,"date":"2013-10-31T14:21:00","date_gmt":"2013-10-31T14:21:00","guid":{"rendered":"http:\/\/www.buscroatia.com\/hr\/?page_id=2545"},"modified":"2014-02-11T13:38:59","modified_gmt":"2014-02-11T13:38:59","slug":"kolodovor-rab","status":"publish","type":"page","link":"https:\/\/www.buscroatia.com\/hr\/kolodovor-rab\/","title":{"rendered":"Kolodovor Rab"},"content":{"rendered":"<p><b>Autobusni kolodvor Palit na otoku Rabu<\/b> udaljen je 200 metara od rive i 600 metara od starog grada Raba. Na autobusnom kolodvoru na\u0107i \u0107ete \u010dekaonicu, kiosk i kafi\u0107.<\/p>\n<p>Iz Palita voze autobusi prema ostalim mjestima na otoku, a postoji i izravan autobus prema Rijeci odakle mo\u017eete putovati prema gotovo svim gradovima u Hrvatskoj. Tijekom ljeta se pove\u0107ava broj linija prema kopnu.<\/p>\n<p><script type=\"text\/javascript\">\/\/ <![CDATA[\ngoogle_ad_client = \"\"; \/* Bus728-hr *\/ google_ad_slot = \"4900460214\"; google_ad_width = 728; google_ad_height = 90;\n\/\/ ]]><\/script><br \/>\n<script type=\"text\/javascript\" src=\"https:\/\/pagead2.googlesyndication.com\/pagead\/show_ads.js\">\/\/ <![CDATA[\n\n\n\/\/ ]]><\/script><\/p>\n<p><b><span style=\"text-decoration: underline;\">Adresa autobusnog kolodvora Rab (Palit)<\/span><\/b><\/p>\n<p>Palit BB<br \/>\n51280 Rab<br \/>\nTel: +385 60 306080<\/p>\n<p>&nbsp;<\/p>\n","protected":false},"excerpt":{"rendered":"<p>Autobusni kolodvor Palit na otoku Rabu udaljen je 200 metara od rive i 600 metara od starog grada Raba. Na autobusnom kolodvoru na\u0107i \u0107ete \u010dekaonicu, kiosk i kafi\u0107. Iz Palita voze autobusi prema ostalim mjestima na otoku, a postoji i izravan autobus prema Rijeci odakle mo\u017eete putovati prema gotovo svim gradovima u Hrvatskoj. Tijekom ljeta [&hellip;]<\/p>\n","protected":false},"author":2,"featured_media":3805,"parent":0,"menu_order":0,"comment_status":"open","ping_status":"open","template":"","meta":[],"aioseo_notices":[],"_links":{"self":[{"href":"https:\/\/www.buscroatia.com\/hr\/wp-json\/wp\/v2\/pages\/2545"}],"collection":[{"href":"https:\/\/www.buscroatia.com\/hr\/wp-json\/wp\/v2\/pages"}],"about":[{"href":"https:\/\/www.buscroatia.com\/hr\/wp-json\/wp\/v2\/types\/page"}],"author":[{"embeddable":true,"href":"https:\/\/www.buscroatia.com\/hr\/wp-json\/wp\/v2\/users\/2"}],"replies":[{"embeddable":true,"href":"https:\/\/www.buscroatia.com\/hr\/wp-json\/wp\/v2\/comments?post=2545"}],"version-history":[{"count":2,"href":"https:\/\/www.buscroatia.com\/hr\/wp-json\/wp\/v2\/pages\/2545\/revisions"}],"predecessor-version":[{"id":3806,"href":"https:\/\/www.buscroatia.com\/hr\/wp-json\/wp\/v2\/pages\/2545\/revisions\/3806"}],"wp:featuredmedia":[{"embeddable":true,"href":"https:\/\/www.buscroatia.com\/hr\/wp-json\/wp\/v2\/media\/3805"}],"wp:attachment":[{"href":"https:\/\/www.buscroatia.com\/hr\/wp-json\/wp\/v2\/media?parent=2545"}],"curies":[{"name":"wp","href":"https:\/\/api.w.org\/{rel}","templated":true}]}}