{"id":2542,"date":"2013-10-31T14:18:57","date_gmt":"2013-10-31T14:18:57","guid":{"rendered":"http:\/\/www.buscroatia.com\/hr\/?page_id=2542"},"modified":"2014-01-10T11:08:27","modified_gmt":"2014-01-10T11:08:27","slug":"kolodvor-ogulin","status":"publish","type":"page","link":"https:\/\/www.buscroatia.com\/hr\/kolodvor-ogulin\/","title":{"rendered":"Kolodvor Ogulin"},"content":{"rendered":"<p><b>Autobusni kolodvor u Ogulinu<\/b> se nalazi pored \u017eeljezni\u010dke stanice, smo nekoliko stotina metara od centra grada. Na autobusnom kolodvoru prona\u0107i \u0107ete \u010dekaonicu i kafi\u0107.<\/p>\n<p>Iz Ogulina voze autobusi prema gradovima u okolici kao \u0161to su Kuselj i Josipdol.<\/p>\n<p><script type=\"text\/javascript\">\/\/ <![CDATA[\ngoogle_ad_client = \"\"; \/* Bus728-hr *\/ google_ad_slot = \"4900460214\"; google_ad_width = 728; google_ad_height = 90;\n\/\/ ]]><\/script><br \/>\n<script type=\"text\/javascript\" src=\"https:\/\/pagead2.googlesyndication.com\/pagead\/show_ads.js\">\/\/ <![CDATA[\n\n\n\/\/ ]]><\/script><\/p>\n<p><b><span style=\"text-decoration: underline;\">Adresa autobusnog kolodvora Ogulin<\/span><\/b><\/p>\n<p>Trg Franje Tu\u0111mana 2<br \/>\n47300 Ogulin<br \/>\nTel: +385 60 315060<\/p>\n<p>&nbsp;<\/p>\n","protected":false},"excerpt":{"rendered":"<p>Autobusni kolodvor u Ogulinu se nalazi pored \u017eeljezni\u010dke stanice, smo nekoliko stotina metara od centra grada. Na autobusnom kolodvoru prona\u0107i \u0107ete \u010dekaonicu i kafi\u0107. Iz Ogulina voze autobusi prema gradovima u okolici kao \u0161to su Kuselj i Josipdol. Adresa autobusnog kolodvora Ogulin Trg Franje Tu\u0111mana 2 47300 Ogulin Tel: +385 60 315060 &nbsp;<\/p>\n","protected":false},"author":2,"featured_media":3076,"parent":0,"menu_order":0,"comment_status":"open","ping_status":"open","template":"","meta":[],"aioseo_notices":[],"_links":{"self":[{"href":"https:\/\/www.buscroatia.com\/hr\/wp-json\/wp\/v2\/pages\/2542"}],"collection":[{"href":"https:\/\/www.buscroatia.com\/hr\/wp-json\/wp\/v2\/pages"}],"about":[{"href":"https:\/\/www.buscroatia.com\/hr\/wp-json\/wp\/v2\/types\/page"}],"author":[{"embeddable":true,"href":"https:\/\/www.buscroatia.com\/hr\/wp-json\/wp\/v2\/users\/2"}],"replies":[{"embeddable":true,"href":"https:\/\/www.buscroatia.com\/hr\/wp-json\/wp\/v2\/comments?post=2542"}],"version-history":[{"count":2,"href":"https:\/\/www.buscroatia.com\/hr\/wp-json\/wp\/v2\/pages\/2542\/revisions"}],"predecessor-version":[{"id":3075,"href":"https:\/\/www.buscroatia.com\/hr\/wp-json\/wp\/v2\/pages\/2542\/revisions\/3075"}],"wp:featuredmedia":[{"embeddable":true,"href":"https:\/\/www.buscroatia.com\/hr\/wp-json\/wp\/v2\/media\/3076"}],"wp:attachment":[{"href":"https:\/\/www.buscroatia.com\/hr\/wp-json\/wp\/v2\/media?parent=2542"}],"curies":[{"name":"wp","href":"https:\/\/api.w.org\/{rel}","templated":true}]}}