{"id":2536,"date":"2013-10-31T14:14:13","date_gmt":"2013-10-31T14:14:13","guid":{"rendered":"http:\/\/www.buscroatia.com\/hr\/?page_id=2536"},"modified":"2014-02-11T13:37:49","modified_gmt":"2014-02-11T13:37:49","slug":"kolodovor-zupanja","status":"publish","type":"page","link":"https:\/\/www.buscroatia.com\/hr\/kolodovor-zupanja\/","title":{"rendered":"Kolodovor \u017dupanja"},"content":{"rendered":"<p><b>Autobusni kolodvor \u017dupanja<\/b> udaljen je 800 metara od sredi\u0161ta grada i 600 metara od \u017eeljezni\u010dke stanice. Granica sa Bosnom i Hercegovinom udaljena je samo nekoliko stotina metara od grada.<\/p>\n<p>Iz \u017dupanje voze autobusi prema manjm gradovima u regiji kao i autobusi prema Slavonskom Brodu i ve\u0107im gradovima.<\/p>\n<p><script type=\"text\/javascript\">\/\/ <![CDATA[\ngoogle_ad_client = \"\"; \/* Bus728-hr *\/ google_ad_slot = \"4900460214\"; google_ad_width = 728; google_ad_height = 90;\n\/\/ ]]><\/script><br \/>\n<script type=\"text\/javascript\" src=\"https:\/\/pagead2.googlesyndication.com\/pagead\/show_ads.js\">\/\/ <![CDATA[\n\n\n\/\/ ]]><\/script><\/p>\n<p><b><span style=\"text-decoration: underline;\">Adresa autobusnog kolodvora \u017dupanja<\/span><\/b><\/p>\n<p>Zagreba\u010dka 14<br \/>\n32270 \u017dupanja<br \/>\nTel: +385 60 305030<\/p>\n","protected":false},"excerpt":{"rendered":"<p>Autobusni kolodvor \u017dupanja udaljen je 800 metara od sredi\u0161ta grada i 600 metara od \u017eeljezni\u010dke stanice. Granica sa Bosnom i Hercegovinom udaljena je samo nekoliko stotina metara od grada. Iz \u017dupanje voze autobusi prema manjm gradovima u regiji kao i autobusi prema Slavonskom Brodu i ve\u0107im gradovima. Adresa autobusnog kolodvora \u017dupanja Zagreba\u010dka 14 32270 \u017dupanja [&hellip;]<\/p>\n","protected":false},"author":2,"featured_media":3804,"parent":0,"menu_order":0,"comment_status":"open","ping_status":"open","template":"","meta":[],"aioseo_notices":[],"_links":{"self":[{"href":"https:\/\/www.buscroatia.com\/hr\/wp-json\/wp\/v2\/pages\/2536"}],"collection":[{"href":"https:\/\/www.buscroatia.com\/hr\/wp-json\/wp\/v2\/pages"}],"about":[{"href":"https:\/\/www.buscroatia.com\/hr\/wp-json\/wp\/v2\/types\/page"}],"author":[{"embeddable":true,"href":"https:\/\/www.buscroatia.com\/hr\/wp-json\/wp\/v2\/users\/2"}],"replies":[{"embeddable":true,"href":"https:\/\/www.buscroatia.com\/hr\/wp-json\/wp\/v2\/comments?post=2536"}],"version-history":[{"count":2,"href":"https:\/\/www.buscroatia.com\/hr\/wp-json\/wp\/v2\/pages\/2536\/revisions"}],"predecessor-version":[{"id":3803,"href":"https:\/\/www.buscroatia.com\/hr\/wp-json\/wp\/v2\/pages\/2536\/revisions\/3803"}],"wp:featuredmedia":[{"embeddable":true,"href":"https:\/\/www.buscroatia.com\/hr\/wp-json\/wp\/v2\/media\/3804"}],"wp:attachment":[{"href":"https:\/\/www.buscroatia.com\/hr\/wp-json\/wp\/v2\/media?parent=2536"}],"curies":[{"name":"wp","href":"https:\/\/api.w.org\/{rel}","templated":true}]}}