{"id":2531,"date":"2013-10-31T14:08:56","date_gmt":"2013-10-31T14:08:56","guid":{"rendered":"http:\/\/www.buscroatia.com\/hr\/?page_id=2531"},"modified":"2014-03-04T11:43:39","modified_gmt":"2014-03-04T11:43:39","slug":"kolodvor-zabok","status":"publish","type":"page","link":"https:\/\/www.buscroatia.com\/hr\/kolodvor-zabok\/","title":{"rendered":"Kolodvor Zabok"},"content":{"rendered":"<p><b>Autobusni kolodvor Zabok<\/b> se nalazi blizu centra i \u017eeljezni\u010dke stanice u gradu.<\/p>\n<p>Iz Zaboka voze autobusi prema gradovima u obli\u017enjim regijama, a isto tako nekoliko puta dnevno voze autobusi iz i prema Zagrebu.<\/p>\n<p><script type=\"text\/javascript\">\/\/ <![CDATA[\ngoogle_ad_client = \"\"; \/* Bus728-hr *\/ google_ad_slot = \"4900460214\"; google_ad_width = 728; google_ad_height = 90;\n\/\/ ]]><\/script><br \/>\n<script type=\"text\/javascript\" src=\"https:\/\/pagead2.googlesyndication.com\/pagead\/show_ads.js\">\/\/ <![CDATA[\n\n\/\/ ]]><\/script><\/p>\n<p><b><span style=\"text-decoration: underline;\">Adresa autobusnog kolodvora Zabok<\/span><\/b><\/p>\n<p>Matije Gupca 67<br \/>\n49210 Zabok<br \/>\nTel: +385 49 221-077<\/p>\n","protected":false},"excerpt":{"rendered":"<p>Autobusni kolodvor Zabok se nalazi blizu centra i \u017eeljezni\u010dke stanice u gradu. Iz Zaboka voze autobusi prema gradovima u obli\u017enjim regijama, a isto tako nekoliko puta dnevno voze autobusi iz i prema Zagrebu. Adresa autobusnog kolodvora Zabok Matije Gupca 67 49210 Zabok Tel: +385 49 221-077<\/p>\n","protected":false},"author":2,"featured_media":4211,"parent":0,"menu_order":0,"comment_status":"open","ping_status":"open","template":"","meta":[],"aioseo_notices":[],"_links":{"self":[{"href":"https:\/\/www.buscroatia.com\/hr\/wp-json\/wp\/v2\/pages\/2531"}],"collection":[{"href":"https:\/\/www.buscroatia.com\/hr\/wp-json\/wp\/v2\/pages"}],"about":[{"href":"https:\/\/www.buscroatia.com\/hr\/wp-json\/wp\/v2\/types\/page"}],"author":[{"embeddable":true,"href":"https:\/\/www.buscroatia.com\/hr\/wp-json\/wp\/v2\/users\/2"}],"replies":[{"embeddable":true,"href":"https:\/\/www.buscroatia.com\/hr\/wp-json\/wp\/v2\/comments?post=2531"}],"version-history":[{"count":1,"href":"https:\/\/www.buscroatia.com\/hr\/wp-json\/wp\/v2\/pages\/2531\/revisions"}],"predecessor-version":[{"id":2532,"href":"https:\/\/www.buscroatia.com\/hr\/wp-json\/wp\/v2\/pages\/2531\/revisions\/2532"}],"wp:featuredmedia":[{"embeddable":true,"href":"https:\/\/www.buscroatia.com\/hr\/wp-json\/wp\/v2\/media\/4211"}],"wp:attachment":[{"href":"https:\/\/www.buscroatia.com\/hr\/wp-json\/wp\/v2\/media?parent=2531"}],"curies":[{"name":"wp","href":"https:\/\/api.w.org\/{rel}","templated":true}]}}